{"id":3653,"date":"2024-01-27T17:16:07","date_gmt":"2024-01-27T17:16:07","guid":{"rendered":"https:\/\/agropic.it\/prodotto\/100-reiner-bergamotte-saft-200-ml-24-stuck\/"},"modified":"2025-06-12T08:52:51","modified_gmt":"2025-06-12T08:52:51","slug":"100-reiner-bio-bergamotte-saft-200-ml-12-stuck","status":"publish","type":"product","link":"https:\/\/agropic.it\/de\/produkt\/100-reiner-bio-bergamotte-saft-200-ml-12-stuck\/","title":{"rendered":"Bio Bergamotte-Saft 100% 200 ml &#8211; (12 St\u00fcck)"},"content":{"rendered":"<h5>Bio Bergamotte-Saft 100% 200 ml &#8211; (12 St\u00fcck)<\/h5>\n<p>Ohne Zuckerzusatz und ohne Konservierungsstoffe<\/p>\n<ul>\n<li><strong>Zutaten:<\/strong> 100% Bio Bergamottensaft<\/li>\n<li id=\"tw-target-text\" class=\"tw-data-text tw-text-large tw-ta\" dir=\"ltr\" data-placeholder=\"Traduzione\" data-ved=\"2ahUKEwjS8YeLkI2EAxXlgP0HHSBoBOMQ3ewLegQIBRAQ\"><span class=\"Y2IQFc\" lang=\"de\"><strong>Format:<\/strong> 200ml <\/span><\/li>\n<li class=\"tw-data-text tw-text-large tw-ta\" dir=\"ltr\" data-placeholder=\"Traduzione\" data-ved=\"2ahUKEwjS8YeLkI2EAxXlgP0HHSBoBOMQ3ewLegQIBRAQ\"><span class=\"Y2IQFc\" lang=\"de\"><strong>Herkunft der Bergamotte:<\/strong> Italien (Kalabrien)<\/span><\/li>\n<li><strong>Lagerungsmethode:<\/strong> An einem trockenen und k\u00fchlen Ort, fern von Licht- und W\u00e4rmequellen lagern. Nach dem \u00d6ffnen in den K\u00fchlschrank stellen und innerhalb weniger Tage verzehren.<\/li>\n<li><strong>Anwendung:<\/strong> Vor Gebrauch gut sch\u00fctteln. Trinken Sie es pur oder verd\u00fcnnen Sie es mit Wasser. Eventuelle R\u00fcckst\u00e4nde oder Ausscheidungen beeintr\u00e4chtigen die Qualit\u00e4t des Produktes nicht.<\/li>\n<\/ul>\n<h6>Bergamotte wird in der Region Jonico-Reggina in Kalabrien angebaut, das Mikroklima dieser kleinen Gegend ist besonders g\u00fcnstig f\u00fcr die Produktion dieser Zitrusfrucht. Es gilt als Frucht der Gesundheit, da ihm in einigen k\u00fcrzlich durchgef\u00fchrten wissenschaftlichen Studien zahlreiche positive Wirkungen zugeschrieben werden.<\/h6>\n<p>Tats\u00e4chlich hilft es bei der Bek\u00e4mpfung von Problemen mit schlechtem LDL-Cholesterin, beugt so Herz-Kreislauf-Erkrankungen vor und normalisiert den Transaminase-, CPK- und Blutzuckerspiegel.<br \/>\nEs ist reich an Mineralsalzen und Vitaminen, die Knochenerkrankungen vorbeugen und das Immunsystem st\u00e4rken k\u00f6nnen, sowie an Antioxidantien, die den Alterungsprozess verlangsamen.<br \/>\nAuch wirksam bei Verdauungsproblemen und gegen Mundgeruch.<\/p>\n<p>Tats\u00e4chlich hilft es bei der Bek\u00e4mpfung von Problemen mit schlechtem LDL-Cholesterin, beugt so Herz-Kreislauf-Erkrankungen vor und normalisiert den Transaminase-, CPK- und Blutzuckerspiegel.<br \/>\nEs ist reich an Mineralsalzen und Vitaminen, die Knochenerkrankungen vorbeugen und das Immunsystem st\u00e4rken k\u00f6nnen, sowie an Antioxidantien, die den Alterungsprozess verlangsamen.<br \/>\nAuch wirksam bei Verdauungsproblemen und gegen Mundgeruch.<\/p>\n<p>Die Verwendung von Bergamottensaft sollte keine medikament\u00f6se Therapie ersetzen.<\/p>\n<p>Bio Bergamotte-Saft 100%<\/p>\n","protected":false},"excerpt":{"rendered":"<p>Bio Bergamotte-Saft 100% (200 ml) &#8211; 12 St\u00fcck<\/p>\n<p>Ohne Zuckerzusatz und ohne Konservierungsstoffe<\/p>\n<ul>\n<li><strong>Zutaten:<\/strong> 100% Bio Bergamottensaft<\/li>\n<li id=\"tw-target-text\" class=\"tw-data-text tw-text-large tw-ta\" dir=\"ltr\" data-placeholder=\"Traduzione\" data-ved=\"2ahUKEwjS8YeLkI2EAxXlgP0HHSBoBOMQ3ewLegQIBRAQ\"><span class=\"Y2IQFc\" lang=\"de\"><strong>Format:<\/strong> 200ml <\/span><\/li>\n<li class=\"tw-data-text tw-text-large tw-ta\" dir=\"ltr\" data-placeholder=\"Traduzione\" data-ved=\"2ahUKEwjS8YeLkI2EAxXlgP0HHSBoBOMQ3ewLegQIBRAQ\"><span class=\"Y2IQFc\" lang=\"de\"><strong>Herkunft der Bergamotte:<\/strong> Italien (Kalabrien)<\/span><\/li>\n<\/ul>\n<p>Lesen Sie die vollst\u00e4ndige Beschreibung unten, um alle Anwendungstipps, vorteilhaften Eigenschaften und wissenschaftlichen Studien zu Bergamotte zu entdecken.<\/p>\n<p>&nbsp;<\/p>\n<p><strong>Kaufen Sie es jetzt und erhalten Sie es innerhalb von 5 Tagen bei Ihnen zu Hause.<\/strong>&hellip; <a class=\"kt-excerpt-readmore more-link\" href=\"https:\/\/agropic.it\/de\/produkt\/100-reiner-bio-bergamotte-saft-200-ml-12-stuck\/\" aria-label=\"Bio Bergamotte-Saft 100% 200 ml &#8211; (12 St\u00fcck)\">Read More<\/a><\/p>\n","protected":false},"featured_media":12848,"comment_status":"open","ping_status":"closed","template":"","meta":{"kt_blocks_editor_width":"","_kad_blocks_custom_css":"","_kad_blocks_head_custom_js":"","_kad_blocks_body_custom_js":"","_kad_blocks_footer_custom_js":""},"product_brand":[],"product_cat":[319],"product_tag":[434,413,522,365,765,766],"class_list":{"0":"post-3653","1":"product","2":"type-product","3":"status-publish","4":"has-post-thumbnail","6":"product_cat-bergamotte-saft","7":"product_tag-bergamotte-de-2","8":"product_tag-bergamotte-de","9":"product_tag-bergamottesaft-de","10":"product_tag-bergamottesaft","11":"product_tag-cholesterin","12":"product_tag-kalabrische-bergamotte","14":"first","15":"instock","16":"sale","17":"featured","18":"shipping-taxable","19":"purchasable","20":"product-type-simple"},"taxonomy_info":{"product_cat":[{"value":319,"label":"Bergamotte-Saft"}],"product_tag":[{"value":434,"label":"Bergamotte"},{"value":413,"label":"Bergamotte"},{"value":522,"label":"Bergamottesaft"},{"value":365,"label":"Bergamottesaft"},{"value":765,"label":"Cholesterin"},{"value":766,"label":"Kalabrische Bergamotte"}]},"featured_image_src_large":["https:\/\/agropic.it\/wp-content\/uploads\/2024\/01\/B0F5BT4X8R.MAIN_-960x960.jpg",960,960,true],"author_info":[],"comment_info":0,"_links":{"self":[{"href":"https:\/\/agropic.it\/de\/wp-json\/wp\/v2\/product\/3653","targetHints":{"allow":["GET"]}}],"collection":[{"href":"https:\/\/agropic.it\/de\/wp-json\/wp\/v2\/product"}],"about":[{"href":"https:\/\/agropic.it\/de\/wp-json\/wp\/v2\/types\/product"}],"replies":[{"embeddable":true,"href":"https:\/\/agropic.it\/de\/wp-json\/wp\/v2\/comments?post=3653"}],"wp:featuredmedia":[{"embeddable":true,"href":"https:\/\/agropic.it\/de\/wp-json\/wp\/v2\/media\/12848"}],"wp:attachment":[{"href":"https:\/\/agropic.it\/de\/wp-json\/wp\/v2\/media?parent=3653"}],"wp:term":[{"taxonomy":"product_brand","embeddable":true,"href":"https:\/\/agropic.it\/de\/wp-json\/wp\/v2\/product_brand?post=3653"},{"taxonomy":"product_cat","embeddable":true,"href":"https:\/\/agropic.it\/de\/wp-json\/wp\/v2\/product_cat?post=3653"},{"taxonomy":"product_tag","embeddable":true,"href":"https:\/\/agropic.it\/de\/wp-json\/wp\/v2\/product_tag?post=3653"}],"curies":[{"name":"wp","href":"https:\/\/api.w.org\/{rel}","templated":true}]}}