{"id":3652,"date":"2024-01-30T17:22:06","date_gmt":"2024-01-30T17:22:06","guid":{"rendered":"https:\/\/agropic.it\/prodotto\/100-bergamotte-saft-720-ml-12-stuck\/"},"modified":"2025-05-13T09:06:20","modified_gmt":"2025-05-13T09:06:20","slug":"100-bergamotte-saft-720-ml-6-stuck","status":"publish","type":"product","link":"https:\/\/agropic.it\/de\/produkt\/100-bergamotte-saft-720-ml-6-stuck\/","title":{"rendered":"100% Bio Bergamottensaft (720ml) &#8211; 6 St\u00fcck"},"content":{"rendered":"<h5 id=\"tw-target-text\" class=\"tw-data-text tw-text-large tw-ta\" dir=\"ltr\" data-placeholder=\"Traduzione\" data-ved=\"2ahUKEwjS8YeLkI2EAxXlgP0HHSBoBOMQ3ewLegQIBRAQ\"><span class=\"Y2IQFc\" lang=\"de\">Packung mit 6 Flaschen mit 720ml 100% reinem 100% Bio Bergamottensaft <\/span><\/h5>\n<p class=\"tw-data-text tw-text-large tw-ta\" dir=\"ltr\" data-placeholder=\"Traduzione\" data-ved=\"2ahUKEwjS8YeLkI2EAxXlgP0HHSBoBOMQ3ewLegQIBRAQ\"><span class=\"Y2IQFc\" lang=\"de\">Ohne Zuckerzusatz und ohne Konservierungsstoffe<\/span><\/p>\n<ul>\n<li><strong>Zutaten:<\/strong> 100% Bio Bergamottensaft<\/li>\n<li id=\"tw-target-text\" class=\"tw-data-text tw-text-large tw-ta\" dir=\"ltr\" data-placeholder=\"Traduzione\" data-ved=\"2ahUKEwjS8YeLkI2EAxXlgP0HHSBoBOMQ3ewLegQIBRAQ\"><span class=\"Y2IQFc\" lang=\"de\"><strong>Format:<\/strong> 720ml <\/span><\/li>\n<li class=\"tw-data-text tw-text-large tw-ta\" dir=\"ltr\" data-placeholder=\"Traduzione\" data-ved=\"2ahUKEwjS8YeLkI2EAxXlgP0HHSBoBOMQ3ewLegQIBRAQ\"><span class=\"Y2IQFc\" lang=\"de\"><strong>Herkunft der Bergamotte:<\/strong> Italien (Kalabrien)<\/span><\/li>\n<li><strong>Lagerungsmethode:<\/strong> An einem trockenen und k\u00fchlen Ort, fern von Licht- und W\u00e4rmequellen lagern. Nach dem \u00d6ffnen in den K\u00fchlschrank stellen und innerhalb weniger Tage verzehren.<\/li>\n<li><strong>Anwendung:<\/strong> Vor Gebrauch gut sch\u00fctteln. Trinken Sie es pur oder verd\u00fcnnen Sie es mit Wasser. Eventuelle R\u00fcckst\u00e4nde oder Ausscheidungen beeintr\u00e4chtigen die Qualit\u00e4t des Produktes nicht.<\/li>\n<\/ul>\n<h6>Bergamotte wird in der Region Jonico-Reggina in Kalabrien angebaut, das Mikroklima dieser kleinen Gegend ist besonders g\u00fcnstig f\u00fcr die Produktion dieser Zitrusfrucht. Es gilt als Frucht der Gesundheit, da ihm in einigen k\u00fcrzlich durchgef\u00fchrten wissenschaftlichen Studien zahlreiche positive Wirkungen zugeschrieben werden.<\/h6>\n<p>Tats\u00e4chlich hilft es bei der Bek\u00e4mpfung von Problemen mit schlechtem LDL-Cholesterin, beugt so Herz-Kreislauf-Erkrankungen vor und normalisiert den Transaminase-, CPK- und Blutzuckerspiegel.<br \/>\nEs ist reich an Mineralsalzen und Vitaminen, die Knochenerkrankungen vorbeugen und das Immunsystem st\u00e4rken k\u00f6nnen, sowie an Antioxidantien, die den Alterungsprozess verlangsamen.<br \/>\nAuch wirksam bei Verdauungsproblemen und gegen Mundgeruch.<\/p>\n<p>Tats\u00e4chlich hilft es bei der Bek\u00e4mpfung von Problemen mit schlechtem LDL-Cholesterin, beugt so Herz-Kreislauf-Erkrankungen vor und normalisiert den Transaminase-, CPK- und Blutzuckerspiegel.<br \/>\nEs ist reich an Mineralsalzen und Vitaminen, die Knochenerkrankungen vorbeugen und das Immunsystem st\u00e4rken k\u00f6nnen, sowie an Antioxidantien, die den Alterungsprozess verlangsamen.<br \/>\nAuch wirksam bei Verdauungsproblemen und gegen Mundgeruch.<\/p>\n<p>Die Verwendung von Bergamottensaft sollte keine medikament\u00f6se Therapie ersetzen.<\/p>\n","protected":false},"excerpt":{"rendered":"<p>Packung mit 6 Flaschen mit 720ml 100% reinem Bio Bergamottensaft<br \/>\nOhne Zuckerzusatz und ohne Konservierungsstoffe<\/p>\n<p>&nbsp;<\/p>\n<p><strong>Zutaten:<\/strong> 100% Bio Bergamottensaft. <strong>Format:<\/strong> 720 ml<\/p>\n<p><strong>Herkunft der Bergamotte:<\/strong> Italien (Kalabrien)<\/p>\n<p>Lesen Sie die vollst\u00e4ndige Beschreibung unten, um alle Anwendungstipps, vorteilhaften Eigenschaften und wissenschaftlichen Studien zu Bergamotte zu entdecken.<\/p>\n<p>&nbsp;<\/p>\n<p><strong>Kaufen Sie es jetzt und erhalten Sie es innerhalb von 5 Tagen bei Ihnen zu Hause.<\/strong>&hellip; <a class=\"kt-excerpt-readmore more-link\" href=\"https:\/\/agropic.it\/de\/produkt\/100-bergamotte-saft-720-ml-6-stuck\/\" aria-label=\"100% Bio Bergamottensaft (720ml) &#8211; 6 St\u00fcck\">Read More<\/a><\/p>\n","protected":false},"featured_media":12842,"comment_status":"open","ping_status":"closed","template":"","meta":{"kt_blocks_editor_width":"","_kad_blocks_custom_css":"","_kad_blocks_head_custom_js":"","_kad_blocks_body_custom_js":"","_kad_blocks_footer_custom_js":""},"product_brand":[],"product_cat":[319],"product_tag":[1174,1175,1172,1173],"class_list":{"0":"post-3652","1":"product","2":"type-product","3":"status-publish","4":"has-post-thumbnail","6":"product_cat-bergamotte-saft","7":"product_tag-100-bergamottesaft","8":"product_tag-bergamotte-aus-kalabrien","9":"product_tag-bergamottensaft","10":"product_tag-reiner-bergamottensaft","12":"first","13":"instock","14":"sale","15":"shipping-taxable","16":"purchasable","17":"product-type-simple"},"taxonomy_info":{"product_cat":[{"value":319,"label":"Bergamotte-Saft"}],"product_tag":[{"value":1174,"label":"100% Bergamottesaft"},{"value":1175,"label":"Bergamotte aus Kalabrien"},{"value":1172,"label":"Bergamottensaft"},{"value":1173,"label":"reiner Bergamottensaft"}]},"featured_image_src_large":["https:\/\/agropic.it\/wp-content\/uploads\/2024\/01\/B0F5BX6YJR.MAIN_-960x960.jpg",960,960,true],"author_info":[],"comment_info":0,"_links":{"self":[{"href":"https:\/\/agropic.it\/de\/wp-json\/wp\/v2\/product\/3652","targetHints":{"allow":["GET"]}}],"collection":[{"href":"https:\/\/agropic.it\/de\/wp-json\/wp\/v2\/product"}],"about":[{"href":"https:\/\/agropic.it\/de\/wp-json\/wp\/v2\/types\/product"}],"replies":[{"embeddable":true,"href":"https:\/\/agropic.it\/de\/wp-json\/wp\/v2\/comments?post=3652"}],"wp:featuredmedia":[{"embeddable":true,"href":"https:\/\/agropic.it\/de\/wp-json\/wp\/v2\/media\/12842"}],"wp:attachment":[{"href":"https:\/\/agropic.it\/de\/wp-json\/wp\/v2\/media?parent=3652"}],"wp:term":[{"taxonomy":"product_brand","embeddable":true,"href":"https:\/\/agropic.it\/de\/wp-json\/wp\/v2\/product_brand?post=3652"},{"taxonomy":"product_cat","embeddable":true,"href":"https:\/\/agropic.it\/de\/wp-json\/wp\/v2\/product_cat?post=3652"},{"taxonomy":"product_tag","embeddable":true,"href":"https:\/\/agropic.it\/de\/wp-json\/wp\/v2\/product_tag?post=3652"}],"curies":[{"name":"wp","href":"https:\/\/api.w.org\/{rel}","templated":true}]}}