{"id":3651,"date":"2024-01-31T09:18:40","date_gmt":"2017-10-09T15:18:40","guid":{"rendered":"https:\/\/agropic.it\/prodotto\/grune-olivenpastete-200-g\/"},"modified":"2025-04-29T09:18:33","modified_gmt":"2025-04-29T09:18:33","slug":"grune-olivenpastete-200-g","status":"publish","type":"product","link":"https:\/\/agropic.it\/de\/produkt\/grune-olivenpastete-200-g\/","title":{"rendered":"Gr\u00fcne Olivenpastete 200g"},"content":{"rendered":"<h4>Gr\u00fcne Olivenpastete<\/h4>\n<p>Intensiver und lebendiger Geschmack, ideal f\u00fcr rustikale Gerichte und Aperitifs, hervorragend auch als Brotaufstrich f\u00fcr leckere Snacks.<\/p>\n<p>F\u00fcr die Herstellung der gr\u00fcnen Olivenpastete von Agro Pic werden die besten 100 % kalabrischen Oliven ausgew\u00e4hlt, frisch vom Land des Bauernhofs geerntet und nach der sorgf\u00e4ltigen und alten Zubereitung mit Wasser und Salz verarbeitet. Um sie noch spezieller und schmackhafter zu machen, f\u00fcgen wir Chili, Oregano und Knoblauch hinzu.<\/p>\n<p><strong>Zutaten:<\/strong> Gr\u00fcne Oliven, natives Oliven\u00f6l extra, Sonnenblumenkern\u00f6l, Oregano, Knoblauch, Chilischote, Salz, S\u00e4ureregulator: Zitronens\u00e4ure<\/p>\n<p>Produkt ohne Konservierungsstoffe oder Konservierungsstoffe!<\/p>\n<p><strong>Olivenherkunft:<\/strong> Italien<\/p>\n<p><strong>Format:<\/strong> 200g<\/p>\n<p>Oliven stellen eines der wichtigsten Lebensmittel der typischen mediterranen Ern\u00e4hrung dar und haben zahlreiche positive Eigenschaften, darunter:<br \/>\nSie senken den Spiegel des schlechten LDL-Cholesterins und erh\u00f6hen die Produktion des guten HDL-Cholesterins, da sie reich an einfach unges\u00e4ttigten Fetten sind und daher sehr wirksam zur Vorbeugung von Herz-Kreislauf-Erkrankungen wie Schlaganfall und Herzinfarkt sind.<br \/>\nReich an Vitaminen, insbesondere Vitamin E.<br \/>\nReich an Mineralsalzen wie Kalzium, Magnesium und Natrium.<br \/>\nSie haben eine starke antioxidative und entz\u00fcndungshemmende Wirkung.<br \/>\nSie haben einen guten Gehalt an Kupfer und Eisen. Diese Substanzen verbessern tats\u00e4chlich die Produktion roter Blutk\u00f6rperchen und verbessern somit die Durchblutung.<br \/>\nSie werden h\u00e4ufig zur Aufrechterhaltung einer guten k\u00f6rperlichen Verfassung, in der mediterranen Ern\u00e4hrung und zur Linderung von Verdauungsproblemen empfohlen.<\/p>\n<h6>Familienbetrieb und Auswahl der besten Rohstoffe, die auf den fruchtbaren B\u00f6den des Unternehmens angebaut und unter Ber\u00fccksichtigung der alten Tradition verarbeitet werden. Dies ist der Personalausweis von Agro Pic, einem Unternehmen, das auf die Herstellung von Marmeladen, S\u00e4ften, So\u00dfen und Gurken spezialisiert ist.<\/h6>\n<h6>Das Hauptziel der Aktivit\u00e4t ist die Aufwertung der Aromen und Fr\u00fcchte Kalabriens, insbesondere der besonderen und meist weniger bekannten, wie Bergamotte, eine Frucht mit zahlreichen wohltuenden Eigenschaften, einzigartig und s\u00e4uerlich wie das gesamte kalabrische Gebiet.<\/h6>\n<h6>Natur, Tradition und hohe Qualit\u00e4t sind die Zutaten f\u00fcr den Erfolg von Agro Pic.<\/h6>\n<h6>F\u00fcr weitere Informationen zu unseren Produkten z\u00f6gern Sie nicht, uns zu kontaktieren:<\/h6>\n<ul>\n<li>Mobil: +39 3495651669<\/li>\n<li>Festnetz +39 09641955229<\/li>\n<li>info@agropic.it<\/li>\n<\/ul>\n","protected":false},"excerpt":{"rendered":"<p>Gr\u00fcne Olivenpastete hat einen intensiven und lebendigen Geschmack, ideal f\u00fcr rustikale Gerichte und Aperitifs, hervorragend auch als Brotaufstrich f\u00fcr leckere Snacks.<\/p>\n<p>F\u00fcr die Herstellung der gr\u00fcnen Olivenpastete von Agro Pic werden die besten 100 % kalabrischen Oliven ausgew\u00e4hlt, frisch auf dem Gel\u00e4nde des Unternehmens geerntet und nach der sorgf\u00e4ltigen und alten Zubereitung mit Wasser und Salz verarbeitet. Um sie noch spezieller und schmackhafter zu machen, f\u00fcgen wir Chili, Oregano und Knoblauch hinzu.<\/p>\n<p><strong>Zutaten<\/strong>: Gr\u00fcne Oliven, natives Oliven\u00f6l extra, Sonnenblumenkern\u00f6l, Oregano, Knoblauch, Chilischote, Salz, S\u00e4ureregulator: Zitronens\u00e4ure<\/p>\n<p>Produkt ohne Konservierungsstoffe.<\/p>\n<p><strong>Format<\/strong>: 200g<\/p>\n<p>Olivenherkunft: Italien<\/p>\n<p>Kaufen Sie es jetzt und erhalten Sie es in 4-5 Tagen bei Ihnen zu Hause.<\/p>\n<p>Lesen Sie die vollst\u00e4ndige Beschreibung unten&hellip; <a class=\"kt-excerpt-readmore more-link\" href=\"https:\/\/agropic.it\/de\/produkt\/grune-olivenpastete-200-g\/\" aria-label=\"Gr\u00fcne Olivenpastete 200g\">Read More<\/a><\/p>\n","protected":false},"featured_media":7160,"comment_status":"closed","ping_status":"closed","template":"","meta":{"kt_blocks_editor_width":"","_kad_blocks_custom_css":"","_kad_blocks_head_custom_js":"","_kad_blocks_body_custom_js":"","_kad_blocks_footer_custom_js":""},"product_brand":[],"product_cat":[248],"product_tag":[557],"class_list":{"0":"post-3651","1":"product","2":"type-product","3":"status-publish","4":"has-post-thumbnail","6":"product_cat-pasteten-und-brotaufstriche","7":"product_tag-pastete-von-oliven","9":"first","10":"instock","11":"shipping-taxable","12":"purchasable","13":"product-type-simple"},"taxonomy_info":{"product_cat":[{"value":248,"label":"Pasteten und Brotaufstriche"}],"product_tag":[{"value":557,"label":"Pastete von Oliven"}]},"featured_image_src_large":["https:\/\/agropic.it\/wp-content\/uploads\/2023\/03\/Pate-di-olive-verdi-960x960.webp",960,960,true],"author_info":[],"comment_info":0,"_links":{"self":[{"href":"https:\/\/agropic.it\/de\/wp-json\/wp\/v2\/product\/3651","targetHints":{"allow":["GET"]}}],"collection":[{"href":"https:\/\/agropic.it\/de\/wp-json\/wp\/v2\/product"}],"about":[{"href":"https:\/\/agropic.it\/de\/wp-json\/wp\/v2\/types\/product"}],"replies":[{"embeddable":true,"href":"https:\/\/agropic.it\/de\/wp-json\/wp\/v2\/comments?post=3651"}],"wp:featuredmedia":[{"embeddable":true,"href":"https:\/\/agropic.it\/de\/wp-json\/wp\/v2\/media\/7160"}],"wp:attachment":[{"href":"https:\/\/agropic.it\/de\/wp-json\/wp\/v2\/media?parent=3651"}],"wp:term":[{"taxonomy":"product_brand","embeddable":true,"href":"https:\/\/agropic.it\/de\/wp-json\/wp\/v2\/product_brand?post=3651"},{"taxonomy":"product_cat","embeddable":true,"href":"https:\/\/agropic.it\/de\/wp-json\/wp\/v2\/product_cat?post=3651"},{"taxonomy":"product_tag","embeddable":true,"href":"https:\/\/agropic.it\/de\/wp-json\/wp\/v2\/product_tag?post=3651"}],"curies":[{"name":"wp","href":"https:\/\/api.w.org\/{rel}","templated":true}]}}