{"id":3649,"date":"2024-01-27T15:32:14","date_gmt":"2017-10-09T15:32:14","guid":{"rendered":"https:\/\/agropic.it\/prodotto\/paprika-extrakt-500-g\/"},"modified":"2025-06-12T09:06:32","modified_gmt":"2025-06-12T09:06:32","slug":"paprika-extrakt-500-g","status":"publish","type":"product","link":"https:\/\/agropic.it\/de\/produkt\/paprika-extrakt-500-g\/","title":{"rendered":"Paprikaextrakt 500g"},"content":{"rendered":"<h5>Agro Pic Paprikaextrakt.<\/h5>\n<p>500 g-Format<\/p>\n<p>Der Paprikaextrakt wird zu 100 % aus kalabrischen Paprika hergestellt, die in voller Reife direkt von unserem Land geerntet werden. Es ist eine Grundzutat der typischen kalabrischen K\u00fcche, die heute f\u00fcr ihre wohltuenden Eigenschaften bekannt ist. Aufgrund der enthaltenen Flavonoide verf\u00fcgt sie \u00fcber eine gro\u00dfe antioxidative Kraft, sie ist reich an Vitamin C und Mineralien, andere Studien empfehlen ihre Verwendung zur Vorbeugung von Herz-Kreislauf-Erkrankungen , zur Steigerung des Stoffwechsels und zur Gewichtsreduktion, aber auch gegen Halsschmerzen.<\/p>\n<p>Anwendung: S\u00fc\u00dfer Chili-Pfeffer-Extrakt wird verwendet, um Vorspeisen, Aperitifs sowie erste und zweite G\u00e4nge zuzubereiten und ihnen einen einzigartigen Geschmack zu verleihen.\u00a0 In Kalabrien wird es h\u00e4ufig zum W\u00fcrzen und W\u00fcrzen von W\u00fcrstchen verwendet.<\/p>\n<p>Lagerungsmethode: Lagern Sie das Produkt an einem k\u00fchlen, trockenen Ort, fern von W\u00e4rmequellen und Sonnenlicht. Innerhalb des Verfallsdatums des Produkts verbrauchen, nach dem \u00d6ffnen in den K\u00fchlschrank stellen.<\/p>\n<p>500 g-Format<\/p>\n<p>(auch scharf und 1 kg erh\u00e4ltlich)<\/p>\n<p>Ohne Konservierungsstoffe und ohne Farbstoffe<\/p>\n<p>Zutaten: Paprika und Salz.<\/p>\n<p><strong>Chilischote wird seit der Antike verwendet und ist ein Gew\u00fcrz, das nicht nur Gerichten Sch\u00e4rfe verleiht, sondern auch eine Reihe positiver Wirkungen auf die menschliche Gesundheit hat. Tats\u00e4chlich, Chilischote:<\/strong><\/p>\n<ul>\n<li><strong>es ist reich an Vitamin A, C und E.<\/strong><\/li>\n<li><strong>Es hat antibakterielle, antihistaminische und antioxidative Eigenschaften.<\/strong><\/li>\n<li><strong>Es hat eine bekannte aphrodisierende Wirkung.<\/strong><\/li>\n<li><strong>Es hat eine schmerzlindernde Wirkung auf Muskeln und Knochen.<\/strong><\/li>\n<li><strong>aktiviert den Stoffwechsel und hilft, das K\u00f6rpergewicht zu kontrollieren.<\/strong><\/li>\n<li><strong>Es senkt den Cholesterin-, Glukose- und Triglyceridspiegel.<\/strong><\/li>\n<li><strong>Verbessert die Durchblutung und beugt Herz-Kreislauf-Erkrankungen wie Schlaganfall und Herzinfarkt vor.<\/strong><\/li>\n<li><strong>hat eine Antitumorwirkung.<\/strong><\/li>\n<\/ul>\n<p><strong>Familienbetrieb und Auswahl der besten Rohstoffe<\/strong>, die auf den fruchtbaren B\u00f6den des Unternehmens angebaut und unter Ber\u00fccksichtigung der alten Tradition verarbeitet werden. Dies ist der Personalausweis von Agro Pic, einem Unternehmen, das auf die Herstellung von Marmeladen, S\u00e4ften, So\u00dfen und Gurken spezialisiert ist.<\/p>\n<p><strong>Das Hauptziel der Aktivit\u00e4t ist die Aufwertung der Aromen und Fr\u00fcchte Kalabriens, insbesondere der besonderen und meist weniger bekannten,<\/strong> wie Bergamotte, eine Frucht mit zahlreichen wohltuenden Eigenschaften, einzigartig und s\u00e4uerlich wie das gesamte kalabrische Gebiet.<\/p>\n<p>Natur, Tradition und hohe Qualit\u00e4t sind die Zutaten f\u00fcr den Erfolg von Agro Pic.<\/p>\n<p><strong>F\u00fcr weitere Informationen zu unseren Produkten z\u00f6gern Sie nicht, uns zu kontaktieren:<\/strong><\/p>\n<p>Zelle. 3495651669<\/p>\n<p>E-Mail-Adresse: info@agropic.it<\/p>\n","protected":false},"excerpt":{"rendered":"<p><strong>Paprika-Extrakt.<\/strong><\/p>\n<p>Der Agro Pic-Paprikaextrakt wird zu 100 % aus kalabresischen Paprikaschoten hergestellt, die in voller Reife direkt auf unserem Land geerntet werden. Es ist eine Grundzutat der typischen kalabrischen K\u00fcche, die heute f\u00fcr ihre wohltuenden Eigenschaften bekannt ist. Aufgrund der enthaltenen Flavonoide verf\u00fcgt sie \u00fcber eine gro\u00dfe antioxidative Kraft, sie ist reich an Vitamin C und Mineralien, andere Studien empfehlen ihre Verwendung zur Vorbeugung von Herz-Kreislauf-Erkrankungen , zur Steigerung des Stoffwechsels und zur Gewichtsreduktion, aber auch gegen Halsschmerzen.<\/p>\n<p>Anwendung: S\u00fc\u00dfer Chili-Pfeffer-Extrakt wird verwendet, um Vorspeisen, Aperitifs sowie erste und zweite G\u00e4nge zuzubereiten und ihnen einen einzigartigen Geschmack zu verleihen. In Kalabrien wird es h\u00e4ufig zum W\u00fcrzen und W\u00fcrzen von W\u00fcrstchen verwendet.<\/p>\n<p>500 g-Format<\/p>\n<p><strong>Kaufen Sie es jetzt und erhalten Sie es in 4-5 Tagen bei Ihnen zu Hause!<\/strong><\/p>\n<p>Weitere Informationen finden Sie in der vollst\u00e4ndigen Beschreibung&hellip; <a class=\"kt-excerpt-readmore more-link\" href=\"https:\/\/agropic.it\/de\/produkt\/paprika-extrakt-500-g\/\" aria-label=\"Paprikaextrakt 500g\">Read More<\/a><\/p>\n","protected":false},"featured_media":8142,"comment_status":"closed","ping_status":"closed","template":"","meta":{"kt_blocks_editor_width":"","_kad_blocks_custom_css":"","_kad_blocks_head_custom_js":"","_kad_blocks_body_custom_js":"","_kad_blocks_footer_custom_js":""},"product_brand":[],"product_cat":[306],"product_tag":[755,295,297],"class_list":{"0":"post-3649","1":"product","2":"type-product","3":"status-publish","4":"has-post-thumbnail","6":"product_cat-gewurze-aus-kalabrien-de","7":"product_tag-chili-extrakt","8":"product_tag-chili-pfeffer","9":"product_tag-kalabrien","11":"first","12":"instock","13":"shipping-taxable","14":"purchasable","15":"product-type-simple"},"taxonomy_info":{"product_cat":[{"value":306,"label":"Gew\u00fcrze aus Kalabrien"}],"product_tag":[{"value":755,"label":"Chili-Extrakt"},{"value":295,"label":"Chili-Pfeffer"},{"value":297,"label":"Kalabrien"}]},"featured_image_src_large":["https:\/\/agropic.it\/wp-content\/uploads\/2024\/01\/Estratto-di-Peperone-1-960x960.jpg",960,960,true],"author_info":[],"comment_info":0,"_links":{"self":[{"href":"https:\/\/agropic.it\/de\/wp-json\/wp\/v2\/product\/3649","targetHints":{"allow":["GET"]}}],"collection":[{"href":"https:\/\/agropic.it\/de\/wp-json\/wp\/v2\/product"}],"about":[{"href":"https:\/\/agropic.it\/de\/wp-json\/wp\/v2\/types\/product"}],"replies":[{"embeddable":true,"href":"https:\/\/agropic.it\/de\/wp-json\/wp\/v2\/comments?post=3649"}],"wp:featuredmedia":[{"embeddable":true,"href":"https:\/\/agropic.it\/de\/wp-json\/wp\/v2\/media\/8142"}],"wp:attachment":[{"href":"https:\/\/agropic.it\/de\/wp-json\/wp\/v2\/media?parent=3649"}],"wp:term":[{"taxonomy":"product_brand","embeddable":true,"href":"https:\/\/agropic.it\/de\/wp-json\/wp\/v2\/product_brand?post=3649"},{"taxonomy":"product_cat","embeddable":true,"href":"https:\/\/agropic.it\/de\/wp-json\/wp\/v2\/product_cat?post=3649"},{"taxonomy":"product_tag","embeddable":true,"href":"https:\/\/agropic.it\/de\/wp-json\/wp\/v2\/product_tag?post=3649"}],"curies":[{"name":"wp","href":"https:\/\/api.w.org\/{rel}","templated":true}]}}