{"id":3646,"date":"2024-01-31T05:38:13","date_gmt":"2024-01-31T05:38:13","guid":{"rendered":"https:\/\/agropic.it\/prodotto\/serbino-tomatensauce-340-g-1-stuck\/"},"modified":"2025-05-06T08:57:51","modified_gmt":"2025-05-06T08:57:51","slug":"serbino-kirschtomatenpueree-340-g-1-stuck","status":"publish","type":"product","link":"https:\/\/agropic.it\/de\/produkt\/serbino-kirschtomatenpueree-340-g-1-stuck\/","title":{"rendered":"1 Flasche &#8211; SERBINO Kirschtomatenp\u00fcree 340g"},"content":{"rendered":"<h4>Serbino Kirschtomatenp\u00fcree ist vollmundig, ohne Konservierungsstoffe und in wenigen Minuten fertig.<\/h4>\n<p>Das Serbino-Tomatenp\u00fcree wird ausschlie\u00dflich von Agro Pic aus den besten Serbo-Kirschtomaten (heimische Sorte Kalabrien) hergestellt, die auf unserem Bauernhof auf offenen Feldern und unter der Sonne angebaut werden.<\/p>\n<p>Die Tomaten werden ohne den Einsatz von Chemikalien angebaut, von Hand geerntet und nach alter kalabrischer Tradition verarbeitet.<\/p>\n<p>Zutaten: 100 % Tomate<\/p>\n<p>Anwendung: Eine 340-g-Flasche enth\u00e4lt 4 Portionen, ideal f\u00fcr italienische Spaghetti, auf Pizza und f\u00fcr zahlreiche Rezepte.<\/p>\n<p>Lagerungsmethode: An einem k\u00fchlen, trockenen Ort, fern von Sonnenlicht und W\u00e4rmequellen lagern.<\/p>\n<p>Produkt ohne Farbstoffe und Farbstoffe.<\/p>\n<p>Tomatenherkunft: ITALIEN (Kalabrien)<\/p>\n<p>Format: 340 g<\/p>\n<p>N\u00e4hrwertdeklaration (Durchschnittswerte pro 100 g Produkt):<\/p>\n<ul>\n<li>Energie: kcal 28 Kj 115<\/li>\n<li>Protein: 1,65 %<\/li>\n<li>Lipide: 0,21 %<\/li>\n<li>Kohlenhydrate: 8,98 %<\/li>\n<\/ul>\n<p>Hier sind die wohltuenden Eigenschaften von Tomaten:<\/p>\n<ul>\n<li>Verhindert Herz-Kreislauf-Erkrankungen<\/li>\n<li>Reich an Vitamin C<\/li>\n<li>Verhindert Darm- und Prostatakrebs<\/li>\n<li>Verhindert Osteoporose<\/li>\n<li>Es senkt das schlechte LDL-Cholesterin und erh\u00f6ht das gute HDL-Cholesterin<\/li>\n<li>Sch\u00fctzt Ihr Sehverm\u00f6gen<\/li>\n<li>Es hat harntreibende und verdauungsf\u00f6rdernde Eigenschaften<\/li>\n<\/ul>\n<p>Der t\u00e4gliche Verzehr von Tomaten und Tomatenderivaten tr\u00e4gt dazu bei, das Risiko von Krebserkrankungen im Magen-Darm-Trakt, in den Atemwegen, im Magen und in der Lunge zu verringern.<\/p>\n<h6>Familienbetrieb und Auswahl der besten Rohstoffe, die auf den fruchtbaren B\u00f6den des Unternehmens angebaut und unter Ber\u00fccksichtigung der alten Tradition verarbeitet werden. Dies ist der Personalausweis von Agro Pic, einem Unternehmen, das auf die Herstellung von Marmeladen, S\u00e4ften, So\u00dfen und Gurken spezialisiert ist.<\/h6>\n<h6>Natur, Tradition und hohe Qualit\u00e4t sind die Zutaten f\u00fcr den Erfolg von Agro Pic.<\/h6>\n<h6>F\u00fcr weitere Informationen zu unseren Produkten z\u00f6gern Sie nicht, uns zu kontaktieren:<\/h6>\n<h6>Zelle. 3495651669<\/h6>\n<p>Tel. 0964 1955229<\/p>\n<p>E-Mail-Adresse: info@agropic.it<\/p>\n","protected":false},"excerpt":{"rendered":"<p>Serbino-Kirschtomatenp\u00fcree ist vollmundig, ohne Konservierungsstoffe und in wenigen Minuten fertig.<\/p>\n<p>Das Serbino-Tomatenp\u00fcree wird ausschlie\u00dflich von Agro Pic aus den besten Serbo-Kirschtomaten (heimische Sorte Kalabrien) hergestellt, die auf unserem Bauernhof auf offenen Feldern und unter der Sonne angebaut werden.<\/p>\n<p>Die Tomaten werden ohne den Einsatz von Chemikalien angebaut, von Hand geerntet und nach alter kalabrischer Tradition verarbeitet.<\/p>\n<p>Anwendung: Eine 340g-Flasche enth\u00e4lt 3-4 Portionen, ideal f\u00fcr italienische Spaghetti, auf Pizza und f\u00fcr zahlreiche Rezepte.<\/p>\n<p>Produkt ohne Farb- und Konservierungsstoffe<\/p>\n<p><strong>Tomatenherkunft:<\/strong> ITALIEN (Kalabrien)<\/p>\n<p><strong>Format:<\/strong> 340 g<\/p>\n<p>Lesen Sie die vollst\u00e4ndige Beschreibung unten.<\/p>\n<p>&nbsp;<\/p>\n<p><strong>Kaufen Sie es jetzt und erhalten Sie es in 4-5 Tagen bei Ihnen zu Hause<\/strong>&hellip; <a class=\"kt-excerpt-readmore more-link\" href=\"https:\/\/agropic.it\/de\/produkt\/serbino-kirschtomatenpueree-340-g-1-stuck\/\" aria-label=\"1 Flasche &#8211; SERBINO Kirschtomatenp\u00fcree 340g\">Read More<\/a><\/p>\n","protected":false},"featured_media":7140,"comment_status":"closed","ping_status":"closed","template":"","meta":{"kt_blocks_editor_width":"","_kad_blocks_custom_css":"","_kad_blocks_head_custom_js":"","_kad_blocks_body_custom_js":"","_kad_blocks_footer_custom_js":""},"product_brand":[],"product_cat":[244],"product_tag":[747,746],"class_list":{"0":"post-3646","1":"product","2":"type-product","3":"status-publish","4":"has-post-thumbnail","6":"product_cat-tomatenpurees-und-saucen","7":"product_tag-italienische-tomate","8":"product_tag-tomatensauce","10":"first","11":"instock","12":"shipping-taxable","13":"purchasable","14":"product-type-simple"},"taxonomy_info":{"product_cat":[{"value":244,"label":"Tomatenp\u00fcrees und -saucen"}],"product_tag":[{"value":747,"label":"Italienische Tomate"},{"value":746,"label":"Tomatensauce"}]},"featured_image_src_large":["https:\/\/agropic.it\/wp-content\/uploads\/2023\/03\/passata-di-pomodoro-ciliegino-960x960.webp",960,960,true],"author_info":[],"comment_info":0,"_links":{"self":[{"href":"https:\/\/agropic.it\/de\/wp-json\/wp\/v2\/product\/3646","targetHints":{"allow":["GET"]}}],"collection":[{"href":"https:\/\/agropic.it\/de\/wp-json\/wp\/v2\/product"}],"about":[{"href":"https:\/\/agropic.it\/de\/wp-json\/wp\/v2\/types\/product"}],"replies":[{"embeddable":true,"href":"https:\/\/agropic.it\/de\/wp-json\/wp\/v2\/comments?post=3646"}],"wp:featuredmedia":[{"embeddable":true,"href":"https:\/\/agropic.it\/de\/wp-json\/wp\/v2\/media\/7140"}],"wp:attachment":[{"href":"https:\/\/agropic.it\/de\/wp-json\/wp\/v2\/media?parent=3646"}],"wp:term":[{"taxonomy":"product_brand","embeddable":true,"href":"https:\/\/agropic.it\/de\/wp-json\/wp\/v2\/product_brand?post=3646"},{"taxonomy":"product_cat","embeddable":true,"href":"https:\/\/agropic.it\/de\/wp-json\/wp\/v2\/product_cat?post=3646"},{"taxonomy":"product_tag","embeddable":true,"href":"https:\/\/agropic.it\/de\/wp-json\/wp\/v2\/product_tag?post=3646"}],"curies":[{"name":"wp","href":"https:\/\/api.w.org\/{rel}","templated":true}]}}