{"id":3615,"date":"2017-10-09T16:57:48","date_gmt":"2017-10-09T16:57:48","guid":{"rendered":"https:\/\/agropic.it\/prodotto\/atherisches-ol-bergamotte-100-rein-10-ml\/"},"modified":"2025-07-17T08:06:27","modified_gmt":"2025-07-17T08:06:27","slug":"atherisches-ol-bergamotte-100-rein-10-ml","status":"publish","type":"product","link":"https:\/\/agropic.it\/de\/produkt\/atherisches-ol-bergamotte-100-rein-10-ml\/","title":{"rendered":"\u00c4therisches Bergamotte\u00f6l (100% rein) 10 ml"},"content":{"rendered":"<h6>\u00c4therisches Bergamotte\u00f6l<\/h6>\n<p><strong>Das \u00e4therische Bergamotten\u00f6l wird kalt aus der Schale der Frucht extrahiert und wird seit Jahrzehnten in der Komposition wertvoller Parfums, Cremes und Seifen verwendet.<\/strong><\/p>\n<p><strong>Heute wird es h\u00e4ufig verwendet:<\/strong><\/p>\n<ul>\n<li><strong>In der Aromatherapie, um die Luft zu reinigen, die Stimmung zu heben und die Schlafqualit\u00e4t zu verbessern. Dank seiner entspannenden Eigenschaften kann \u00e4therisches Bergamotten\u00f6l au\u00dferdem Stress, Angstzust\u00e4nde und Depressionen bek\u00e4mpfen.<\/strong><\/li>\n<li><strong>In der Kosmetik wird es vor allem Shampoos gegen Schuppen und Hautpflegecremes zugesetzt. Es besitzt starke antibakterielle Eigenschaften, die auch Akne bek\u00e4mpfen und den physiologischen pH-Wert der Haut wiederherstellen k\u00f6nnen. Es ist auch ein wichtiger Bestandteil von Parfums, da es deren Aromen fixieren kann.<\/strong><\/li>\n<li><strong>In der Lebensmittelindustrie wird es haupts\u00e4chlich zum W\u00fcrzen von Gerichten sowie zur Herstellung von Desserts, Getr\u00e4nken und Brotaufstrichen verwendet.<\/strong><\/li>\n<li><strong>Bei innerer Anwendung verbessert es die Verdauung und bek\u00e4mpft Infektionen der Atemwege und des Mundraums.<\/strong><\/li>\n<\/ul>\n<p>Inhaltsstoffe: 100 % reines \u00e4therisches Bergamotte\u00f6l<\/p>\n<p>10-ml-Flasche<\/p>\n<p><strong>\u00c4THERISCHES BERGAMOTTEN\u00d6L wird kalt aus der Fruchtschale extrahiert.<\/strong><\/p>\n<p>Die Bergamotte, die in der Region Ionisches Meer-Reggio Calabria angebaut wird, gilt aufgrund ihrer zahlreichen wohltuenden Wirkungen als gesunde Frucht.<\/p>\n<p><strong>Als Familienbetrieb w\u00e4hlen wir die besten Rohstoffe aus<\/strong>, die auf unserem fruchtbaren Land angebaut und nach alter Tradition verarbeitet werden.<\/p>\n<p>Neben \u00e4therischem Bergamotten\u00f6l bieten wir eine breite Produktpalette an, die alle frisch nach handwerklichen Methoden hergestellt werden und einen unverwechselbaren Geschmack haben. Dazu geh\u00f6ren 100 % Fruchts\u00e4fte, saisonale Fruchtmarmeladen und -konfit\u00fcren, Tomatenp\u00fcrees, Cremes, Honig und \u00d6lkonfit\u00fcren.<\/p>\n<p><strong>Das Hauptziel unseres Unternehmens ist es, die Aromen und Fr\u00fcchte Kalabriens zu f\u00f6rdern, insbesondere die besonderen und weniger bekannten<\/strong>, wie die Bergamotte, eine Frucht mit zahlreichen wohltuenden Eigenschaften, einzigartig und herb, wie die gesamte Region Kalabrien.<\/p>\n<p>Wir bringen hochwertige, authentische Produkte auf Ihren Tisch. Unsere Rohstoffe stammen aus sorgf\u00e4ltiger und kontrollierter Auswahl. Viele unserer Produkte werden direkt von uns angebaut und ohne den Einsatz von Chemikalien hergestellt.<\/p>\n<p>Natur, Tradition und hohe Qualit\u00e4t sind die Zutaten f\u00fcr den Erfolg von Agro Pic.<\/p>\n<p>Folgen Sie uns auf Instagram und erfahren Sie alle Neuigkeiten von Agro Pic.<\/p>\n<p>https:\/\/www.instagram.com\/agropic\/<\/p>\n<p><strong>F\u00fcr weitere Informationen zu unseren Produkten kontaktieren Sie uns bitte:<\/strong><\/p>\n<p>Mobil: +39 3495651669<\/p>\n<p>E-Mail: info@agropic.it<\/p>\n<p>Tel.: +39 0964 1955229<\/p>\n","protected":false},"excerpt":{"rendered":"<h6><strong>Das \u00e4therische Bergamotte\u00f6l, allgemein als Bergamotte-Essenz bekannt, wird kalt aus der Fruchtschale extrahiert und seit Jahrzehnten in hochwertigen Parf\u00fcms, Cremes und Seifen sowie in der Medizin verwendet.<\/strong><\/h6>\n<h6><strong>Heute wird es h\u00e4ufig verwendet:<\/strong><\/h6>\n<p>\u2013 In der Aromatherapie zur Luftreinigung, Stimmungsaufhellung und Verbesserung der Schlafqualit\u00e4t.<\/p>\n<p>Dank seiner entspannenden Eigenschaften kann \u00e4therisches Bergamotte\u00f6l Stress, Nervosit\u00e4t, Angstzust\u00e4nde und Depressionen bek\u00e4mpfen.<\/p>\n<p>\u2013 In der Kosmetik wird es haupts\u00e4chlich in Shampoos zur Bek\u00e4mpfung von Schuppen und in Hautpflegecremes verwendet. Es ist auch ein wichtiger Bestandteil von Parf\u00fcms, da es deren Aromen einschlie\u00dft.<\/p>\n<p>Es ist reich an antioxidativen und heilenden Eigenschaften. Es wirkt antibakteriell und hemmt das Wachstum von Mikroorganismen, selbst solchen, die gegen Antibiotika resistent sind. Es kann mit anderen \u00d6len oder Cremes verd\u00fcnnt werden, um Akne zu bek\u00e4mpfen und den physiologischen pH-Wert der Haut wiederherzustellen.<\/p>\n<p>Hinweis: Vermeiden Sie nach dem Auftragen des \u00d6ls Sonneneinstrahlung.<\/p>\n<p>In der Lebensmittelindustrie wird es haupts\u00e4chlich zum W\u00fcrzen von Gerichten sowie zur Herstellung von Desserts, Lik\u00f6ren und Getr\u00e4nken verwendet.<\/p>\n<p>Bei innerer Anwendung verbessert es die Verdauung und lindert Darminfektionen und Kr\u00e4mpfe.<\/p>\n<p>\u00c4therisches Bergamotten\u00f6l ist au\u00dferdem hilfreich bei Mundgeruch sowie bei Infektionen der Atemwege und der Mundh\u00f6hle.<\/p>\n<p>10-ml-Format<\/p>\n<p>Lesen Sie die vollst\u00e4ndige Beschreibung f\u00fcr weitere Details.&hellip; <a class=\"kt-excerpt-readmore more-link\" href=\"https:\/\/agropic.it\/de\/produkt\/atherisches-ol-bergamotte-100-rein-10-ml\/\" aria-label=\"\u00c4therisches Bergamotte\u00f6l (100% rein) 10 ml\">Read More<\/a><\/p>\n","protected":false},"featured_media":7115,"comment_status":"closed","ping_status":"closed","template":"","meta":{"kt_blocks_editor_width":"","_kad_blocks_custom_css":"","_kad_blocks_head_custom_js":"","_kad_blocks_body_custom_js":"","_kad_blocks_footer_custom_js":""},"product_brand":[],"product_cat":[260],"product_tag":[695,692,691,413,694,693,696],"class_list":{"0":"post-3615","1":"product","2":"type-product","3":"status-publish","4":"has-post-thumbnail","6":"product_cat-gewurze-aus-kalabrien","7":"product_tag-atherisches-bergamotteol","8":"product_tag-atherisches-ol-de","9":"product_tag-atherisches-ol","10":"product_tag-bergamotte-de","11":"product_tag-bergamotte-parfum-de","12":"product_tag-bergamotte-parfum","13":"product_tag-essenz-der-bergamotte","15":"first","16":"instock","17":"sale","18":"shipping-taxable","19":"purchasable","20":"product-type-simple"},"taxonomy_info":{"product_cat":[{"value":260,"label":"Gew\u00fcrze aus Kalabrien"}],"product_tag":[{"value":695,"label":"\u00c4therisches Bergamotte\u00f6l"},{"value":692,"label":"\u00e4therisches \u00d6l"},{"value":691,"label":"\u00e4therisches \u00d6l"},{"value":413,"label":"Bergamotte"},{"value":694,"label":"Bergamotte Parf\u00fcm"},{"value":693,"label":"Bergamotte Parf\u00fcm"},{"value":696,"label":"Essenz der Bergamotte"}]},"featured_image_src_large":["https:\/\/agropic.it\/wp-content\/uploads\/2023\/03\/olio-essenziale-di-bergamotto-5-ml-960x960.webp",960,960,true],"author_info":[],"comment_info":0,"_links":{"self":[{"href":"https:\/\/agropic.it\/de\/wp-json\/wp\/v2\/product\/3615","targetHints":{"allow":["GET"]}}],"collection":[{"href":"https:\/\/agropic.it\/de\/wp-json\/wp\/v2\/product"}],"about":[{"href":"https:\/\/agropic.it\/de\/wp-json\/wp\/v2\/types\/product"}],"replies":[{"embeddable":true,"href":"https:\/\/agropic.it\/de\/wp-json\/wp\/v2\/comments?post=3615"}],"wp:featuredmedia":[{"embeddable":true,"href":"https:\/\/agropic.it\/de\/wp-json\/wp\/v2\/media\/7115"}],"wp:attachment":[{"href":"https:\/\/agropic.it\/de\/wp-json\/wp\/v2\/media?parent=3615"}],"wp:term":[{"taxonomy":"product_brand","embeddable":true,"href":"https:\/\/agropic.it\/de\/wp-json\/wp\/v2\/product_brand?post=3615"},{"taxonomy":"product_cat","embeddable":true,"href":"https:\/\/agropic.it\/de\/wp-json\/wp\/v2\/product_cat?post=3615"},{"taxonomy":"product_tag","embeddable":true,"href":"https:\/\/agropic.it\/de\/wp-json\/wp\/v2\/product_tag?post=3615"}],"curies":[{"name":"wp","href":"https:\/\/api.w.org\/{rel}","templated":true}]}}