{"id":3571,"date":"2024-01-24T17:24:08","date_gmt":"2024-01-24T17:24:08","guid":{"rendered":"https:\/\/agropic.it\/prodotto\/zwiebelkonfiture-220-g\/"},"modified":"2025-07-10T08:45:47","modified_gmt":"2025-07-10T08:45:47","slug":"zwiebelkonfiture-220-g","status":"publish","type":"product","link":"https:\/\/agropic.it\/de\/produkt\/zwiebelkonfiture-220-g\/","title":{"rendered":"Extra Zwiebelmarmelade 220g"},"content":{"rendered":"<h6>Extra Zwiebelmarmelade<\/h6>\n<p><strong>Agro Pic Extra Zwiebelmarmelade ist ein Produkt mit kr\u00e4ftigem, s\u00fc\u00df-saurer Geschmack, hergestellt aus 100 % kalabrischen roten Zwiebeln mit authentischen organoleptischen Eigenschaften. Dieses Produkt wurde ganz im Sinne der kalabrischen Tradition hergestellt.<\/strong><\/p>\n<p>Diese <strong>Zwiebelmarmelade<\/strong> zeichnet sich durch ihren s\u00fc\u00df-sauren Geschmack aus und passt perfekt zu K\u00e4se, gegrilltem oder gebratenem Fleisch sowie zum Verfeinern von Sandwiches oder Crostini. Sie ist eine interessante Alternative zu herk\u00f6mmlichen Fruchtmarmeladen.<\/p>\n<p><strong>Zutaten<\/strong>: Rote Zwiebeln 70 %, Wei\u00dfweinessig, Zucker, Verdickungsmittel: nat\u00fcrliches Pektin.<\/p>\n<p>Keine Konservierungsstoffe<\/p>\n<p><strong>Inhalt<\/strong>: 220 g<\/p>\n<p><strong>Herkunft der Zwiebeln<\/strong>: Italien (Kalabrien)<\/p>\n<p><strong>Aufbewahrungshinweise<\/strong>: K\u00fchl, trocken und lichtgesch\u00fctzt lagern. Nach dem \u00d6ffnen im K\u00fchlschrank aufbewahren und innerhalb weniger Tage verbrauchen.<\/p>\n<p><strong>Zwiebeln, insbesondere rote Zwiebeln, haben zahlreiche positive Eigenschaften. Studien belegen:<\/strong><\/p>\n<ul>\n<li>Sie sind reich an Vitaminen und Mineralstoffen.<\/li>\n<li>Sie senken Cholesterin, Blutzucker und Triglyceride.<\/li>\n<li>Sie verbessern die Durchblutung und beugen Herz-Kreislauf-Erkrankungen vor.<\/li>\n<li>Sie wirken antibakteriell und entz\u00fcndungshemmend.<\/li>\n<li>Sie unterst\u00fctzen die Entgiftung des K\u00f6rpers dank ihrer harntreibenden Wirkung.<\/li>\n<\/ul>\n<p><strong>Als Familienbetrieb w\u00e4hlen wir die besten Zutaten aus<\/strong>, die auf unserem fruchtbaren Land angebaut und nach alter Tradition verarbeitet werden.<\/p>\n<p>Neben unserer extra Zwiebelmarmelade bieten wir eine breite Produktpalette an, alle frisch nach handwerklichen Methoden hergestellt und mit unverwechselbarem Geschmack, darunter Fruchts\u00e4fte, saisonale Fruchtmarmeladen und -konfit\u00fcren, Tomatenp\u00fcrees, Cremes, Honig und \u00d6lkonserven.<\/p>\n<p><strong>Unser oberstes Ziel ist es, die Aromen und Fr\u00fcchte Kalabriens hervorzuheben, insbesondere die besonderen und weniger bekannten<\/strong>, wie zum Beispiel die Bergamotte, eine Frucht mit zahlreichen wohltuenden Eigenschaften, einzigartig und herb wie die gesamte Region Kalabrien.<\/p>\n<p>Wir bringen hochwertige, authentische Produkte auf Ihren Tisch, die aus einer sorgf\u00e4ltigen und kontrollierten Auswahl an Rohstoffen stammen, von denen viele direkt von uns angebaut und ohne den Einsatz von Chemikalien gewonnen werden.<\/p>\n<p>Natur, Tradition und hohe Qualit\u00e4t sind die Zutaten f\u00fcr den Erfolg von Agro Pic.<\/p>\n<p>Folgen Sie uns auf Instagram, um alle Neuigkeiten von Agro Pic zu erfahren.<\/p>\n<p>https:\/\/www.instagram.com\/agropic\/<\/p>\n<p><strong>F\u00fcr weitere Informationen zu unseren Produkten kontaktieren Sie uns bitte:<\/strong><\/p>\n<p>Mobil: +39 3495651669<\/p>\n<p>E-Mail: info@agropic.it<\/p>\n<p>Tel.: +39 0964 1955229<\/p>\n","protected":false},"excerpt":{"rendered":"<p><strong>Agro Pic Extra Zwiebelmarmelade ist ein Produkt mit kr\u00e4ftigem, s\u00fc\u00df-s\u00e4uerlichem Geschmack. Hergestellt aus 100 % kalabrischen roten Zwiebeln mit authentischen organoleptischen Eigenschaften. Dieses Produkt wurde ganz im Sinne der kalabrischen Tradition hergestellt.<\/strong><\/p>\n<p>Sie eignet sich als Vorspeise, in Vorspeisen und Salaten oder als Beilage zu Fleisch und Fisch. Diese Zwiebelmarmelade passt perfekt zu Wurstwaren und gereiftem K\u00e4se und unterstreicht deren Geschmack und Aroma.<\/p>\n<p><strong>Zutaten<\/strong>: 70 % rote Zwiebeln, Wei\u00dfweinessig, Zucker, Verdickungsmittel: nat\u00fcrliches Pektin.<\/p>\n<p><strong>Gr\u00f6\u00dfe<\/strong>: 220 g. Herkunft der Zwiebeln: Italien (Kalabrien).<\/p>\n<p>Lesen Sie die vollst\u00e4ndige Beschreibung unten.<\/p>\n<p><strong>Jetzt kaufen und innerhalb von\u00a0 4\/5 Tagen direkt nach Hause geliefert bekommen.<\/strong>&hellip; <a class=\"kt-excerpt-readmore more-link\" href=\"https:\/\/agropic.it\/de\/produkt\/zwiebelkonfiture-220-g\/\" aria-label=\"Extra Zwiebelmarmelade 220g\">Read More<\/a><\/p>\n","protected":false},"featured_media":12325,"comment_status":"closed","ping_status":"closed","template":"","meta":{"kt_blocks_editor_width":"","_kad_blocks_custom_css":"","_kad_blocks_head_custom_js":"","_kad_blocks_body_custom_js":"","_kad_blocks_footer_custom_js":""},"product_brand":[],"product_cat":[264],"product_tag":[641,640],"class_list":{"0":"post-3571","1":"product","2":"type-product","3":"status-publish","4":"has-post-thumbnail","6":"product_cat-konfituren-und-marmeladen","7":"product_tag-kompott-aus-zwiebeln","8":"product_tag-zwiebelmarmelade","10":"first","11":"instock","12":"shipping-taxable","13":"purchasable","14":"product-type-simple"},"taxonomy_info":{"product_cat":[{"value":264,"label":"Konfit\u00fcren und Marmeladen"}],"product_tag":[{"value":641,"label":"kompott aus zwiebeln"},{"value":640,"label":"Zwiebelmarmelade"}]},"featured_image_src_large":["https:\/\/agropic.it\/wp-content\/uploads\/2024\/01\/composta-di-cipolle-960x960.png",960,960,true],"author_info":[],"comment_info":0,"_links":{"self":[{"href":"https:\/\/agropic.it\/de\/wp-json\/wp\/v2\/product\/3571","targetHints":{"allow":["GET"]}}],"collection":[{"href":"https:\/\/agropic.it\/de\/wp-json\/wp\/v2\/product"}],"about":[{"href":"https:\/\/agropic.it\/de\/wp-json\/wp\/v2\/types\/product"}],"replies":[{"embeddable":true,"href":"https:\/\/agropic.it\/de\/wp-json\/wp\/v2\/comments?post=3571"}],"wp:featuredmedia":[{"embeddable":true,"href":"https:\/\/agropic.it\/de\/wp-json\/wp\/v2\/media\/12325"}],"wp:attachment":[{"href":"https:\/\/agropic.it\/de\/wp-json\/wp\/v2\/media?parent=3571"}],"wp:term":[{"taxonomy":"product_brand","embeddable":true,"href":"https:\/\/agropic.it\/de\/wp-json\/wp\/v2\/product_brand?post=3571"},{"taxonomy":"product_cat","embeddable":true,"href":"https:\/\/agropic.it\/de\/wp-json\/wp\/v2\/product_cat?post=3571"},{"taxonomy":"product_tag","embeddable":true,"href":"https:\/\/agropic.it\/de\/wp-json\/wp\/v2\/product_tag?post=3571"}],"curies":[{"name":"wp","href":"https:\/\/api.w.org\/{rel}","templated":true}]}}