{"id":3568,"date":"2024-01-22T17:25:05","date_gmt":"2024-01-22T17:25:05","guid":{"rendered":"https:\/\/agropic.it\/prodotto\/extra-chili-konfiture-150-g\/"},"modified":"2025-07-15T08:32:10","modified_gmt":"2025-07-15T08:32:10","slug":"extra-chili-konfiture-150-g","status":"publish","type":"product","link":"https:\/\/agropic.it\/de\/produkt\/extra-chili-konfiture-150-g\/","title":{"rendered":"Extra Chili-Marmelade 150g"},"content":{"rendered":"<h6>Extra Chili-Marmelade<\/h6>\n<p><strong>Agro Pic Extra Chili-Marmelade wird aus den besten kalabrischen Chilisorten hergestellt, die auf unseren Feldern angebaut und geerntet werden. Die Kombination aus Sch\u00e4rfe und S\u00fc\u00dfe macht unsere Marmelade so einzigartig! Ideal f\u00fcr k\u00f6stliche Vorspeisen und Vorspeisen, besonders in Kombination mit hervorragendem frischem und gereiftem K\u00e4se sowie Wurstwaren.<\/strong><\/p>\n<p>Unsere <strong>Extra Chili-Marmelade<\/strong> ist eine k\u00f6stliche Kombination aus S\u00fc\u00dfe und Sch\u00e4rfe und passt perfekt zu vielen Kombinationen: zu K\u00e4se, Fleisch, Brot oder als Zutat f\u00fcr eine besondere Note in verschiedenen Gerichten.<\/p>\n<p>PEKTINFREI<\/p>\n<p><strong>Zutaten<\/strong>: Scharfe Chilischoten 34 %, Paprika, Zucker, Weinessig.<\/p>\n<p><strong>Gr\u00f6\u00dfe<\/strong>: 150 g<\/p>\n<p><strong>Herkunft der Chilischoten<\/strong>: ITALIEN (Kalabrien)<\/p>\n<p><strong>Aufbewahrungshinweise<\/strong>: K\u00fchl und trocken lagern, vor Sonnenlicht und Hitze sch\u00fctzen. Nach dem \u00d6ffnen im K\u00fchlschrank aufbewahren und innerhalb weniger Tage verbrauchen.<\/p>\n<p>Ohne Konservierungsstoffe<\/p>\n<p>Agro Pic Extra Chili-Marmelade wird aus einer Auswahl feinster kalabrischer Chilischoten hergestellt, die mit Leidenschaft auf unserem Land angebaut werden. Die perfekte Balance aus S\u00fc\u00dfe und Sch\u00e4rfe macht sie unwiderstehlich! Ideal f\u00fcr kreative Vorspeisen, Gourmet-Starter, frischen und gereiften K\u00e4se sowie hochwertige Wurstwaren.Diese Marmelade \u00fcberrascht mit ihrem kr\u00e4ftigen Geschmack und verfeinert Fleisch, Brot und k\u00f6stliche Gerichte. Eine einzigartige Note f\u00fcr jedes Rezept!<\/p>\n<p>Agro Pic Chili Extra Marmelade verwandelt ein einfaches Gericht in ein unvergessliches Erlebnis und verleiht jedem Tisch Charakter. Mit ihrem umh\u00fcllenden Geschmack ist sie die ideale Zutat f\u00fcr unerwartete Kombinationen, sowohl s\u00fc\u00df als auch herzhaft. Ob auf warmen Crostini, zu einer k\u00f6stlichen K\u00e4seplatte oder als Topping zum Grillen \u2013 sie verleiht jedem Gericht einen Hauch von Originalit\u00e4t und Frische. Ein wahrer Schatz kalabrischer Tradition, den Sie zu jeder Gelegenheit entdecken und genie\u00dfen k\u00f6nnen!<\/p>\n<p><strong>Chili wird seit der Antike verwendet und verleiht Gerichten nicht nur eine pikante Note, sondern bietet auch zahlreiche gesundheitliche Vorteile.<\/strong><\/p>\n<p><strong>Hier sind die Eigenschaften von Chili:<\/strong><\/p>\n<ul>\n<li><strong>Er ist reich an Vitamin A, C und E.<\/strong><\/li>\n<li><strong>Er wirkt antibakteriell, antihistaminisch und antioxidativ.<\/strong><\/li>\n<li><strong>Er ist ein bekanntes Aphrodisiakum.<\/strong><\/li>\n<li><strong>Er wirkt schmerzlindernd auf Muskeln und Knochen.<\/strong><\/li>\n<li><strong>Er aktiviert den Stoffwechsel und hilft bei der Gewichtskontrolle.<\/strong><\/li>\n<li><strong>Er senkt den Cholesterin-, Glukose- und Triglyceridspiegel.<\/strong><\/li>\n<li><strong>Er verbessert die Durchblutung und beugt Herz-Kreislauf-Erkrankungen wie Schlaganf\u00e4llen und Herzinfarkten vor.<\/strong><\/li>\n<li><strong>Er hat eine antitumorale Wirkung.<\/strong><\/li>\n<\/ul>\n<p><strong>Als Familienbetrieb w\u00e4hlen wir die besten Rohstoffe aus<\/strong>, die auf unserem fruchtbaren Land angebaut und nach alter Tradition verarbeitet werden.<\/p>\n<p>Neben unserer extra scharfen Chili-Marmelade bieten wir eine breite Produktpalette an, alle frisch nach handwerklichen Methoden hergestellt und mit unverwechselbarem Geschmack, darunter Fruchts\u00e4fte, saisonale Fruchtmarmeladen und -konfit\u00fcren, Tomatenp\u00fcrees, Cremes, Honig und \u00d6lkonserven.<\/p>\n<p><strong>Unser oberstes Ziel ist es, die Aromen und Fr\u00fcchte Kalabriens hervorzuheben, insbesondere die besonderen und weniger bekannten<\/strong>, wie zum Beispiel die Bergamotte, eine Frucht mit zahlreichen wohltuenden Eigenschaften, einzigartig und herb wie die gesamte Region Kalabrien.<\/p>\n<p>Wir bringen hochwertige, authentische Produkte auf Ihren Tisch, die aus einer sorgf\u00e4ltigen und kontrollierten Auswahl an Rohstoffen stammen, von denen viele direkt von uns angebaut und ohne den Einsatz von Chemikalien gewonnen werden.<\/p>\n<p>Natur, Tradition und hohe Qualit\u00e4t sind die Zutaten f\u00fcr den Erfolg von Agro Pic.<\/p>\n<p>Folgen Sie uns auf Instagram, um alle Neuigkeiten von Agro Pic zu erfahren.<\/p>\n<p>https:\/\/www.instagram.com\/agropic\/<\/p>\n<p><strong>F\u00fcr weitere Informationen zu unseren Produkten kontaktieren Sie uns bitte:<\/strong><\/p>\n<p>Mobil: +39 3495651669<\/p>\n<p>E-Mail: info@agropic.it<\/p>\n<p>Tel.: +39 0964 1955229<\/p>\n","protected":false},"excerpt":{"rendered":"<p>Agro Pic Extra Chili-Marmelade wird aus den besten kalabrischen Chilisorten hergestellt, die auf unseren Feldern angebaut und geerntet werden. Die Kombination aus Sch\u00e4rfe und S\u00fc\u00dfe macht unsere Marmelade einzigartig! Ideal f\u00fcr k\u00f6stliche Vorspeisen und Vorspeisen, besonders zu exzellentem frischem und gereiftem K\u00e4se sowie Wurstwaren.<\/p>\n<p><strong>Zutaten<\/strong>: Scharfe Chilischoten 34 %, Paprika, Zucker, Weinessig.<\/p>\n<p><strong>Gr\u00f6\u00dfe<\/strong>: 150 g<\/p>\n<p><strong>Herkunft der Chilischoten<\/strong>: ITALIEN (Kalabrien)<\/p>\n<p>Lesen Sie die vollst\u00e4ndige Produktbeschreibung unten!<\/p>\n<p><strong>Jetzt kaufen und innerhalb von 4\/5 Tagen nach Hause geliefert bekommen.<\/strong>&hellip; <a class=\"kt-excerpt-readmore more-link\" href=\"https:\/\/agropic.it\/de\/produkt\/extra-chili-konfiture-150-g\/\" aria-label=\"Extra Chili-Marmelade 150g\">Read More<\/a><\/p>\n","protected":false},"featured_media":12330,"comment_status":"closed","ping_status":"closed","template":"","meta":{"kt_blocks_editor_width":"","_kad_blocks_custom_css":"","_kad_blocks_head_custom_js":"","_kad_blocks_body_custom_js":"","_kad_blocks_footer_custom_js":""},"product_brand":[],"product_cat":[306],"product_tag":[],"class_list":{"0":"post-3568","1":"product","2":"type-product","3":"status-publish","4":"has-post-thumbnail","6":"product_cat-gewurze-aus-kalabrien-de","8":"first","9":"instock","10":"shipping-taxable","11":"purchasable","12":"product-type-simple"},"taxonomy_info":{"product_cat":[{"value":306,"label":"Gew\u00fcrze aus Kalabrien"}]},"featured_image_src_large":["https:\/\/agropic.it\/wp-content\/uploads\/2024\/01\/composta-di-peperoncino-220-g-960x960.png",960,960,true],"author_info":[],"comment_info":0,"_links":{"self":[{"href":"https:\/\/agropic.it\/de\/wp-json\/wp\/v2\/product\/3568","targetHints":{"allow":["GET"]}}],"collection":[{"href":"https:\/\/agropic.it\/de\/wp-json\/wp\/v2\/product"}],"about":[{"href":"https:\/\/agropic.it\/de\/wp-json\/wp\/v2\/types\/product"}],"replies":[{"embeddable":true,"href":"https:\/\/agropic.it\/de\/wp-json\/wp\/v2\/comments?post=3568"}],"wp:featuredmedia":[{"embeddable":true,"href":"https:\/\/agropic.it\/de\/wp-json\/wp\/v2\/media\/12330"}],"wp:attachment":[{"href":"https:\/\/agropic.it\/de\/wp-json\/wp\/v2\/media?parent=3568"}],"wp:term":[{"taxonomy":"product_brand","embeddable":true,"href":"https:\/\/agropic.it\/de\/wp-json\/wp\/v2\/product_brand?post=3568"},{"taxonomy":"product_cat","embeddable":true,"href":"https:\/\/agropic.it\/de\/wp-json\/wp\/v2\/product_cat?post=3568"},{"taxonomy":"product_tag","embeddable":true,"href":"https:\/\/agropic.it\/de\/wp-json\/wp\/v2\/product_tag?post=3568"}],"curies":[{"name":"wp","href":"https:\/\/api.w.org\/{rel}","templated":true}]}}