{"id":3556,"date":"2024-01-24T17:25:34","date_gmt":"2024-01-24T17:25:34","guid":{"rendered":"https:\/\/agropic.it\/prodotto\/chili-pfeffer-honig-250-g\/"},"modified":"2025-07-10T08:40:10","modified_gmt":"2025-07-10T08:40:10","slug":"chili-pfeffer-honig-250-g","status":"publish","type":"product","link":"https:\/\/agropic.it\/de\/produkt\/chili-pfeffer-honig-250-g\/","title":{"rendered":"Chili-Pfeffer-Honig 250 g &#8211; MIELPIC"},"content":{"rendered":"<h6>Chili-Pfeffer-Honig &#8211; MIELPIC<\/h6>\n<p><strong>Chilihonig: Die einzigartige Exzellenz von Agro Pic. Ein umh\u00fcllender Geschmack, der jeden Gaumen verw\u00f6hnt. Einzigartig und authentisch, verleiht er Aperitifs und Vorspeisen eine besondere Note, besonders in Kombination mit frischem und gereiftem K\u00e4se. Auch einfach auf einer Scheibe Brot schmeckt er k\u00f6stlich.<\/strong><\/p>\n<p><strong>Zutaten<\/strong>: 99 % Honig, 1 % Chili<\/p>\n<p>Ohne Konservierungsstoffe.<\/p>\n<p><strong>Gr\u00f6\u00dfe<\/strong>: 250 g<\/p>\n<p><strong>Honigherkunft<\/strong>: Italien (Kalabrien)<\/p>\n<p><strong>Aufbewahrungshinweise<\/strong>: K\u00fchl und trocken lagern, vor direkter Lichteinstrahlung und Hitze sch\u00fctzen.<\/p>\n<p>Jede Verfestigung des Honigs garantiert die Echtheit des Produkts \u2013 ein nat\u00fcrlicher Prozess.<br \/>\nWildbl\u00fctenhonig ist ein wahrer Schatz der Natur, der in jeder Phase des Produktionsprozesses mit Sorgfalt und Leidenschaft hergestellt wird \u2013 von der Ernte \u00fcber die Honiggewinnung bis hin zur Verpackung. Jeder Schritt wird von Hand ausgef\u00fchrt, um ein unverf\u00e4lschtes, hochwertiges Produkt zu gew\u00e4hrleisten, das alle Eigenschaften aufweist, die es einzigartig und wertvoll machen.<br \/>\n100 % handwerklich hergestellt, aus Einzelbl\u00fcten und nicht pasteurisiert. Sie erhalten ein nat\u00fcrliches und authentisches Produkt direkt nach Hause geliefert, das aus Anbaugebieten stammt, die frei von Pestiziden und bienensch\u00e4dlichen Substanzen sind.<\/p>\n<p><strong>Seit der Antike wird Honig als nat\u00fcrliches Heilmittel f\u00fcr fast jedes gesundheitliche Problem verwendet. Verschiedene Studien haben gezeigt, dass Honig:<\/strong><\/p>\n<ul>\n<li>abschwellend und hustenstillend wirkt.<\/li>\n<li>Er bietet zahlreiche Vorteile f\u00fcr Blut und Herz und senkt Cholesterin, Blutzucker und Triglyceride.<\/li>\n<li>Er ist ein starkes nat\u00fcrliches Antibiotikum und Antimykotikum.<\/li>\n<li>Er reguliert den Stoffwechsel und hilft bei der Gewichtskontrolle.<\/li>\n<li>Er bietet zahlreiche Vorteile f\u00fcr Magen und Darm und behandelt Entz\u00fcndungen und Infektionen des Magen-Darm-Trakts.<\/li>\n<li>Er ist reich an Vitaminen, Mineralstoffen und Antioxidantien.<\/li>\n<li>Er hat eine harntreibende Wirkung.<\/li>\n<li>Er ist wohltuend f\u00fcr die Haut, insbesondere bei Akne.<\/li>\n<\/ul>\n<p>Chili ist ein Gew\u00fcrz, das nicht nur Gerichten Sch\u00e4rfe verleiht, sondern auch eine Reihe gesundheitlicher Vorteile bietet.<\/p>\n<p>Tats\u00e4chlich, Chilischoten:<\/p>\n<ul>\n<li>Chili ist reich an Vitamin A, C und E.<\/li>\n<li>Wirkt antibakteriell, antihistaminisch und antioxidativ.<\/li>\n<li>Ist ein bekanntes Aphrodisiakum.<\/li>\n<li>Wirkt schmerzlindernd auf Muskeln und Knochen.<\/li>\n<li>Aktiviert den Stoffwechsel und hilft bei der Gewichtskontrolle.<\/li>\n<li>Senkt den Cholesterin-, Glukose- und Triglyceridspiegel.<\/li>\n<li>Verbessert die Durchblutung und beugt Herz-Kreislauf-Erkrankungen wie Schlaganf\u00e4llen und Herzinfarkten vor.<\/li>\n<li>Wirkt antitumoral.<\/li>\n<\/ul>\n<p><strong>Als Familienbetrieb w\u00e4hlen wir die besten Rohstoffe aus<\/strong>, die auf unserem fruchtbaren Land angebaut und nach alter Tradition verarbeitet werden.<\/p>\n<p>Neben Chilihonig bieten wir eine breite Produktpalette an, alle frisch nach handwerklichen Methoden hergestellt und mit unverwechselbarem Geschmack, wie Fruchts\u00e4fte, saisonale Fruchtmarmeladen und -konfit\u00fcren, Tomatenp\u00fcrees, Cremes, Honig und \u00d6lkonserven.<\/p>\n<p><strong>Unser oberstes Ziel ist es, die Aromen und Fr\u00fcchte Kalabriens zu f\u00f6rdern, insbesondere die besonderen und weniger bekannten<\/strong>, wie zum Beispiel die Bergamotte, eine Frucht mit vielen wohltuenden Eigenschaften, einzigartig und herb wie die gesamte Region Kalabrien.<\/p>\n<p>Wir bringen hochwertige, authentische Produkte auf Ihren Tisch, die aus einer sorgf\u00e4ltigen und kontrollierten Auswahl an Rohstoffen stammen, von denen viele direkt von uns angebaut und ohne den Einsatz von Chemikalien gewonnen werden.<\/p>\n<p>Natur, Tradition und hohe Qualit\u00e4t sind die Zutaten f\u00fcr den Erfolg von Agro Pic.<\/p>\n<p>Folgen Sie uns auf Instagram, um alle Neuigkeiten von Agro Pic zu erfahren.<\/p>\n<p>https:\/\/www.instagram.com\/agropic\/<\/p>\n<p><strong>F\u00fcr weitere Informationen zu unseren Produkten kontaktieren Sie uns bitte:<\/strong><\/p>\n<p>Mobil: +39 3495651669<\/p>\n<p>E-Mail: info@agropic.it<\/p>\n<p>Tel.: +39 0964 1955229<\/p>\n","protected":false},"excerpt":{"rendered":"<p><strong>Chilihonig: Die Exzellenz von Agro Pic. Ein umh\u00fcllender Geschmack, der den Gaumen verw\u00f6hnt. Einzigartig und authentisch verleiht er Aperitifs und Vorspeisen eine besondere Note, besonders in Kombination mit frischem und gereiftem K\u00e4se. Auch einfach auf einer Scheibe Brot schmeckt er k\u00f6stlich.<\/strong><\/p>\n<p><strong>Zutaten<\/strong>: 99 % Honig und 1 % Chili<\/p>\n<p>Ohne Konservierungsstoffe.<\/p>\n<p><strong>Gr\u00f6\u00dfe<\/strong>: 250 g<\/p>\n<p><strong>Honigherkunft<\/strong>: Italien (Kalabrien)<\/p>\n<p>Lesen Sie die vollst\u00e4ndige Beschreibung unten.<\/p>\n<p><strong>Jetzt kaufen und innerhalb von 4\u20135 Tagen direkt nach Hause geliefert bekommen.<\/strong>&hellip; <a class=\"kt-excerpt-readmore more-link\" href=\"https:\/\/agropic.it\/de\/produkt\/chili-pfeffer-honig-250-g\/\" aria-label=\"Chili-Pfeffer-Honig 250 g &#8211; MIELPIC\">Read More<\/a><\/p>\n","protected":false},"featured_media":8170,"comment_status":"closed","ping_status":"closed","template":"","meta":{"kt_blocks_editor_width":"","_kad_blocks_custom_css":"","_kad_blocks_head_custom_js":"","_kad_blocks_body_custom_js":"","_kad_blocks_footer_custom_js":""},"product_brand":[],"product_cat":[256],"product_tag":[616],"class_list":{"0":"post-3556","1":"product","2":"type-product","3":"status-publish","4":"has-post-thumbnail","6":"product_cat-honig","7":"product_tag-chili-honig","9":"first","10":"instock","11":"shipping-taxable","12":"purchasable","13":"product-type-simple"},"taxonomy_info":{"product_cat":[{"value":256,"label":"Honig"}],"product_tag":[{"value":616,"label":"Chili Honig"}]},"featured_image_src_large":["https:\/\/agropic.it\/wp-content\/uploads\/2024\/01\/Miele-Al-peperoncino-1-1-960x960.jpg",960,960,true],"author_info":[],"comment_info":0,"_links":{"self":[{"href":"https:\/\/agropic.it\/de\/wp-json\/wp\/v2\/product\/3556","targetHints":{"allow":["GET"]}}],"collection":[{"href":"https:\/\/agropic.it\/de\/wp-json\/wp\/v2\/product"}],"about":[{"href":"https:\/\/agropic.it\/de\/wp-json\/wp\/v2\/types\/product"}],"replies":[{"embeddable":true,"href":"https:\/\/agropic.it\/de\/wp-json\/wp\/v2\/comments?post=3556"}],"wp:featuredmedia":[{"embeddable":true,"href":"https:\/\/agropic.it\/de\/wp-json\/wp\/v2\/media\/8170"}],"wp:attachment":[{"href":"https:\/\/agropic.it\/de\/wp-json\/wp\/v2\/media?parent=3556"}],"wp:term":[{"taxonomy":"product_brand","embeddable":true,"href":"https:\/\/agropic.it\/de\/wp-json\/wp\/v2\/product_brand?post=3556"},{"taxonomy":"product_cat","embeddable":true,"href":"https:\/\/agropic.it\/de\/wp-json\/wp\/v2\/product_cat?post=3556"},{"taxonomy":"product_tag","embeddable":true,"href":"https:\/\/agropic.it\/de\/wp-json\/wp\/v2\/product_tag?post=3556"}],"curies":[{"name":"wp","href":"https:\/\/api.w.org\/{rel}","templated":true}]}}