{"id":3543,"date":"2024-01-25T17:36:47","date_gmt":"2024-01-25T17:36:47","guid":{"rendered":"https:\/\/agropic.it\/prodotto\/auberginenfilets-in-ol-280-g\/"},"modified":"2025-07-10T07:23:10","modified_gmt":"2025-07-10T07:23:10","slug":"auberginenfilets-in-ol-280-g","status":"publish","type":"product","link":"https:\/\/agropic.it\/de\/produkt\/auberginenfilets-in-ol-280-g\/","title":{"rendered":"Auberginenfilets in \u00d6l 280 g"},"content":{"rendered":"<h5>Auberginenfilets in \u00d6l<\/h5>\n<p><strong>Auberginenfilets in \u00d6l sind eine traditionelle s\u00fcditalienische Vorspeise. Sie werden aus Auberginen hergestellt, die auf den unber\u00fchrten Feldern unseres Hofes angebaut werden. Sie werden von Hand gepfl\u00fcckt, in Scheiben geschnitten und mit Chili, Knoblauch und Oregano gew\u00fcrzt. Sie verfeinern Vorspeisen, schmecken aber auch hervorragend in Salaten und Sandwiches.<\/strong><\/p>\n<p><strong>Zutaten<\/strong>: 80 % Aubergine, Sonnenblumen\u00f6l, natives Oliven\u00f6l extra, Wei\u00dfweinessig, Knoblauch, Oregano, Minze.<\/p>\n<p><strong>Gr\u00f6\u00dfe<\/strong>: 280 g<\/p>\n<p>Ohne Konservierungsstoffe<\/p>\n<p><strong>Herkunft der Aubergine<\/strong>: Italien (Kalabrien)<\/p>\n<p><strong>Aufbewahrung<\/strong>: K\u00fchl und trocken lagern, vor Hitze und Sonnenlicht sch\u00fctzen. Nach dem \u00d6ffnen mit \u00d6l bedecken, im K\u00fchlschrank aufbewahren und innerhalb weniger Tage verbrauchen.<\/p>\n<p><strong>Verschiedene Studien haben gezeigt, dass Auberginen:<\/strong><\/p>\n<ul>\n<li>Zur Kontrolle von Diabetes und K\u00f6rpergewicht beitragen.<\/li>\n<li>Herz-Kreislauf-Erkrankungen vorbeugen.<\/li>\n<li>Reich an Antioxidantien sind, die der Hautalterung entgegenwirken.<\/li>\n<li>Die Entgiftung des K\u00f6rpers, insbesondere der Leber, unterst\u00fctzen.<\/li>\n<li>Bei Verstopfung helfen.<\/li>\n<\/ul>\n<p><strong>Das Familienunternehmen w\u00e4hlt die besten Rohstoffe aus<\/strong>, die auf dem fruchtbaren Boden des Hofes angebaut und nach alter Tradition verarbeitet werden.<\/p>\n<p>Neben Auberginenfilets in \u00d6l bieten wir eine breite Produktpalette an, die alle frisch nach handwerklichen Methoden zubereitet werden und einen unverwechselbaren Geschmack haben. Dazu geh\u00f6ren Fruchts\u00e4fte, saisonale Fruchtmarmeladen und -konfit\u00fcren, Tomatenp\u00fcrees, Cremes, Honig und Konfit\u00fcren auf \u00d6lbasis.<\/p>\n<p><strong>Unser oberstes Ziel ist es, die Aromen und Fr\u00fcchte Kalabriens bekannt zu machen, insbesondere die besonderen und weniger bekannten Sorten<\/strong> wie die Bergamotte, eine Frucht mit vielen wohltuenden Eigenschaften, einzigartig und herb, wie ganz Kalabrien.<\/p>\n<p>Wir bringen hochwertige, authentische Produkte auf Ihren Tisch. Wir stammen aus einer sorgf\u00e4ltigen und kontrollierten Auswahl an Rohstoffen, die gr\u00f6\u00dftenteils direkt von uns angebaut und ohne den Einsatz von Chemikalien gewonnen werden.<\/p>\n<p>Natur, Tradition und hohe Qualit\u00e4t sind die Zutaten f\u00fcr den Erfolg von Agro Pic.<\/p>\n<p>Folgen Sie uns auf INSTAGRAM, um alle Neuigkeiten von Agro Pic zu erfahren.<\/p>\n<p>https:\/\/www.instagram.com\/agropic\/<\/p>\n<p><strong>F\u00fcr weitere Informationen zu unseren Produkten kontaktieren Sie uns bitte:<\/strong><\/p>\n<p>Mobil: +39 3495651669<\/p>\n<p>E-Mail: info@agropic.it<\/p>\n<p>Tel.: +39 0964 1955229<\/p>\n","protected":false},"excerpt":{"rendered":"<p>Auberginenfilets in \u00d6l sind eine traditionelle s\u00fcditalienische Vorspeise. Sie werden aus Auberginen hergestellt, die auf den unber\u00fchrten Feldern unseres Hofes angebaut werden. Sie werden handverlesen, in Scheiben geschnitten und mit Chili, Knoblauch und Oregano gew\u00fcrzt. Sie verfeinern Vorspeisen, schmecken aber auch hervorragend in Salaten und Sandwiches.<\/p>\n<p><strong>Zutaten<\/strong>: 80 % Aubergine, Sonnenblumen\u00f6l, natives Oliven\u00f6l extra, Wei\u00dfweinessig, Knoblauch, Oregano, Minze, S\u00e4ureregulator: Zitronens\u00e4ure.<\/p>\n<p><strong>Gr\u00f6\u00dfe<\/strong>: 280 g. Herkunft der Aubergine: Italien (Kalabrien).<\/p>\n<p>Lesen Sie die vollst\u00e4ndige Produktbeschreibung unten!<\/p>\n<p><strong>Jetzt kaufen und innerhalb von 4\u20135 Werktagen direkt nach Hause geliefert bekommen.<\/strong>&hellip; <a class=\"kt-excerpt-readmore more-link\" href=\"https:\/\/agropic.it\/de\/produkt\/auberginenfilets-in-ol-280-g\/\" aria-label=\"Auberginenfilets in \u00d6l 280 g\">Read More<\/a><\/p>\n","protected":false},"featured_media":7060,"comment_status":"closed","ping_status":"closed","template":"","meta":{"kt_blocks_editor_width":"","_kad_blocks_custom_css":"","_kad_blocks_head_custom_js":"","_kad_blocks_body_custom_js":"","_kad_blocks_footer_custom_js":""},"product_brand":[],"product_cat":[267],"product_tag":[],"class_list":{"0":"post-3543","1":"product","2":"type-product","3":"status-publish","4":"has-post-thumbnail","6":"product_cat-konserven-in-ol-und-sus-sauer","8":"first","9":"instock","10":"shipping-taxable","11":"purchasable","12":"product-type-simple"},"taxonomy_info":{"product_cat":[{"value":267,"label":"Konserven in \u00d6l und s\u00fc\u00df-sauer"}]},"featured_image_src_large":["https:\/\/agropic.it\/wp-content\/uploads\/2023\/03\/Melanzane-a-filetti-sottolio-960x960.webp",960,960,true],"author_info":[],"comment_info":0,"_links":{"self":[{"href":"https:\/\/agropic.it\/de\/wp-json\/wp\/v2\/product\/3543","targetHints":{"allow":["GET"]}}],"collection":[{"href":"https:\/\/agropic.it\/de\/wp-json\/wp\/v2\/product"}],"about":[{"href":"https:\/\/agropic.it\/de\/wp-json\/wp\/v2\/types\/product"}],"replies":[{"embeddable":true,"href":"https:\/\/agropic.it\/de\/wp-json\/wp\/v2\/comments?post=3543"}],"wp:featuredmedia":[{"embeddable":true,"href":"https:\/\/agropic.it\/de\/wp-json\/wp\/v2\/media\/7060"}],"wp:attachment":[{"href":"https:\/\/agropic.it\/de\/wp-json\/wp\/v2\/media?parent=3543"}],"wp:term":[{"taxonomy":"product_brand","embeddable":true,"href":"https:\/\/agropic.it\/de\/wp-json\/wp\/v2\/product_brand?post=3543"},{"taxonomy":"product_cat","embeddable":true,"href":"https:\/\/agropic.it\/de\/wp-json\/wp\/v2\/product_cat?post=3543"},{"taxonomy":"product_tag","embeddable":true,"href":"https:\/\/agropic.it\/de\/wp-json\/wp\/v2\/product_tag?post=3543"}],"curies":[{"name":"wp","href":"https:\/\/api.w.org\/{rel}","templated":true}]}}