{"id":3539,"date":"2024-01-27T17:38:14","date_gmt":"2017-10-16T17:38:14","guid":{"rendered":"https:\/\/agropic.it\/prodotto\/getrocknete-tomaten-in-ol-180-g\/"},"modified":"2025-06-12T08:49:41","modified_gmt":"2025-06-12T08:49:41","slug":"getrocknete-tomaten-in-ol-180-g","status":"publish","type":"product","link":"https:\/\/agropic.it\/de\/produkt\/getrocknete-tomaten-in-ol-180-g\/","title":{"rendered":"Getrocknete Tomaten in \u00d6l 180g"},"content":{"rendered":"<h5>Getrocknete Tomaten in \u00d6l sind eine wahre Delikatesse der mediterranen K\u00fcche. Um diese k\u00f6stliche Konfit\u00fcre in \u00d6l zu erhalten, werden die besten Tomaten ausgew\u00e4hlt, die auf dem offenen Feld auf unserem Bauernhof angebaut werden, um dann manuell geerntet, in der Sonne getrocknet und von Hand verarbeitet zu werden, wobei sie mit Knoblauch, Oregano, Minze und Chili gew\u00fcrzt werden.<\/h5>\n<p>Ideal pur oder auf einer Scheibe Brot, als Aperitif oder als rustikale Vorspeise, verleihen sie Gerichten einen authentischen und kr\u00e4ftigen Geschmack, auch als Beilage zu Sandwiches und Salaten.<\/p>\n<p><strong>Zutaten<\/strong>: Getrocknete Tomaten, natives Oliven\u00f6l extra, Sonnenblumenkern\u00f6l, Wei\u00dfweinessig, Knoblauch, Chilischote, Oregano, Minze, Lorbeerblatt und Salz.<\/p>\n<p><strong>Format<\/strong>: 180g<\/p>\n<p><strong>Lagerungsmethode<\/strong>: An einem k\u00fchlen, trockenen Ort, fern von Sonnenlicht und W\u00e4rmequellen lagern. Nach dem \u00d6ffnen in den K\u00fchlschrank stellen, das Produkt mit etwas \u00d6l bedecken und innerhalb weniger Tage verbrauchen.<\/p>\n<p>Frei von Konservierungsstoffen!<\/p>\n<p><strong>Die Tomate ist der unbestrittene K\u00f6nig der Mittelmeerdi\u00e4t. Sie eignet sich hervorragend zur Aufrechterhaltung einer guten k\u00f6rperlichen Verfassung, da sie wenig Kalorien enth\u00e4lt, und verf\u00fcgt dar\u00fcber hinaus \u00fcber zahlreiche wohltuende Eigenschaften:<\/strong><\/p>\n<ul>\n<li><strong>Verhindert Herz-Kreislauf-Erkrankungen wie Schlaganfall und Herzinfarkt.<\/strong><\/li>\n<li><strong>Reich an Vitamin C.<\/strong><\/li>\n<li><strong>Verhindert Darm- und Prostatakrebs.<\/strong><\/li>\n<li><strong>Verhindert Osteoporose.<\/strong><\/li>\n<li><strong>Es senkt das schlechte LDL-Cholesterin und erh\u00f6ht das gute HDL-Cholesterin.<\/strong><\/li>\n<li><strong>Sch\u00fctzt Ihr Sehverm\u00f6gen.<\/strong><\/li>\n<li><strong>Es hat harntreibende und verdauungsf\u00f6rdernde Eigenschaften.<\/strong><\/li>\n<\/ul>\n<p><strong>Familienbetrieb und Auswahl der besten Rohstoffe, <\/strong>die auf den fruchtbaren B\u00f6den des Unternehmens angebaut und unter Ber\u00fccksichtigung der alten Tradition verarbeitet werden. Dies ist der Personalausweis von Agro Pic, einem Unternehmen, das auf die Herstellung von Marmeladen, S\u00e4ften, So\u00dfen und Gurken spezialisiert ist.<\/p>\n<p><strong>Das Hauptziel der Aktivit\u00e4t ist die Aufwertung der Aromen und Fr\u00fcchte Kalabriens, insbesondere der besonderen und meist weniger bekannten,<\/strong> wie Bergamotte, eine Frucht mit zahlreichen wohltuenden Eigenschaften, einzigartig und s\u00e4uerlich wie das gesamte kalabrische Gebiet.<\/p>\n<p>Natur, Tradition und hohe Qualit\u00e4t sind die Zutaten f\u00fcr den Erfolg von Agro Pic.<\/p>\n<p><strong>F\u00fcr weitere Informationen zu unseren Produkten z\u00f6gern Sie nicht, uns zu kontaktieren:<\/strong><\/p>\n<p>Zelle. 3495651669<\/p>\n<p>Tel. 0964 1955229<\/p>\n<p>info@agropic.it<\/p>\n","protected":false},"excerpt":{"rendered":"<p>Getrocknete Tomaten sind eine wahre Delikatesse der mediterranen K\u00fcche. Um diese k\u00f6stliche Konfit\u00fcre in \u00d6l zu erhalten, werden die besten Tomaten ausgew\u00e4hlt, die auf dem offenen Feld auf unserem Bauernhof angebaut werden, um dann manuell geerntet, in der Sonne getrocknet und von Hand verarbeitet zu werden, wobei sie mit Knoblauch, Oregano, Minze und Chili gew\u00fcrzt werden.<\/p>\n<p>Ideal pur oder auf einer Scheibe Brot, als Aperitif oder als rustikale Vorspeise, verleihen sie Gerichten einen authentischen und kr\u00e4ftigen Geschmack, auch als Beilage zu Sandwiches und Salaten.<\/p>\n<p><strong>Zutaten<\/strong>: Getrocknete Tomaten, natives Oliven\u00f6l extra, Sonnenblumenkern\u00f6l, Wei\u00dfweinessig, Knoblauch, Chilischote, Oregano, Minze, Lorbeerblatt und Salz.<\/p>\n<p><strong>Format<\/strong>: 180g<\/p>\n<p>Lesen Sie unten die vollst\u00e4ndige Produktbeschreibung<\/p>\n<p><strong>Kaufen Sie es jetzt und erhalten Sie es innerhalb von 4-5 Werktagen bei Ihnen zu Hause.<\/strong>&hellip; <a class=\"kt-excerpt-readmore more-link\" href=\"https:\/\/agropic.it\/de\/produkt\/getrocknete-tomaten-in-ol-180-g\/\" aria-label=\"Getrocknete Tomaten in \u00d6l 180g\">Read More<\/a><\/p>\n","protected":false},"featured_media":7195,"comment_status":"closed","ping_status":"closed","template":"","meta":{"kt_blocks_editor_width":"","_kad_blocks_custom_css":"","_kad_blocks_head_custom_js":"","_kad_blocks_body_custom_js":"","_kad_blocks_footer_custom_js":""},"product_brand":[],"product_cat":[267],"product_tag":[576],"class_list":{"0":"post-3539","1":"product","2":"type-product","3":"status-publish","4":"has-post-thumbnail","6":"product_cat-konserven-in-ol-und-sus-sauer","7":"product_tag-getrocknete-tomaten-in-ol","9":"first","10":"instock","11":"shipping-taxable","12":"purchasable","13":"product-type-simple"},"taxonomy_info":{"product_cat":[{"value":267,"label":"Konserven in \u00d6l und s\u00fc\u00df-sauer"}],"product_tag":[{"value":576,"label":"Getrocknete Tomaten in \u00d6l"}]},"featured_image_src_large":["https:\/\/agropic.it\/wp-content\/uploads\/2023\/03\/Pomodori-secchi-sottolio-960x960.webp",960,960,true],"author_info":[],"comment_info":0,"_links":{"self":[{"href":"https:\/\/agropic.it\/de\/wp-json\/wp\/v2\/product\/3539","targetHints":{"allow":["GET"]}}],"collection":[{"href":"https:\/\/agropic.it\/de\/wp-json\/wp\/v2\/product"}],"about":[{"href":"https:\/\/agropic.it\/de\/wp-json\/wp\/v2\/types\/product"}],"replies":[{"embeddable":true,"href":"https:\/\/agropic.it\/de\/wp-json\/wp\/v2\/comments?post=3539"}],"wp:featuredmedia":[{"embeddable":true,"href":"https:\/\/agropic.it\/de\/wp-json\/wp\/v2\/media\/7195"}],"wp:attachment":[{"href":"https:\/\/agropic.it\/de\/wp-json\/wp\/v2\/media?parent=3539"}],"wp:term":[{"taxonomy":"product_brand","embeddable":true,"href":"https:\/\/agropic.it\/de\/wp-json\/wp\/v2\/product_brand?post=3539"},{"taxonomy":"product_cat","embeddable":true,"href":"https:\/\/agropic.it\/de\/wp-json\/wp\/v2\/product_cat?post=3539"},{"taxonomy":"product_tag","embeddable":true,"href":"https:\/\/agropic.it\/de\/wp-json\/wp\/v2\/product_tag?post=3539"}],"curies":[{"name":"wp","href":"https:\/\/api.w.org\/{rel}","templated":true}]}}