{"id":3535,"date":"2024-01-28T17:38:50","date_gmt":"2017-10-16T17:38:50","guid":{"rendered":"https:\/\/agropic.it\/prodotto\/handzerkleinerte-grune-oliven-in-ol-180-g\/"},"modified":"2025-06-12T08:14:37","modified_gmt":"2025-06-12T08:14:37","slug":"handzerkleinerte-grune-oliven-in-ol-180-g","status":"publish","type":"product","link":"https:\/\/agropic.it\/de\/produkt\/handzerkleinerte-grune-oliven-in-ol-180-g\/","title":{"rendered":"Von Hand zerkleinerte gr\u00fcne Oliven in \u00d6l 180g"},"content":{"rendered":"<h5>Von Hand zerkleinerte gr\u00fcne Oliven in \u00d6l sind eine klassische kalabrische Konfit\u00fcre und ein typisches Lebensmittel der mediterranen Ern\u00e4hrung.<\/h5>\n<p>Um zerkleinerte gr\u00fcne Oliven in Agro Pic-\u00d6l herzustellen, werden die besten 100 % kalabrischen Oliven ausgew\u00e4hlt, frisch vom Land des Bauernhofs geerntet und nach der sorgf\u00e4ltigen und alten Zubereitungsart verarbeitet. Die Oliven mit mittlerer Reife werden ausgew\u00e4hlt und anschlie\u00dfend zerkleinert und entkernt; Um sie noch spezieller zu machen, werden sie mit Chili, Oregano und Knoblauch gew\u00fcrzt.<\/p>\n<p>Sie werden so direkt gegessen, k\u00f6nnen aber auch mit Brot genossen werden. Sie sind eine leckere und schnelle Vorspeise, ideal f\u00fcr Aperitifs und Vorspeisen, besonders in Kombination mit einer Platte mit gemischten K\u00e4sesorten und Wurstwaren. Auch hervorragend zum W\u00fcrzen zahlreicher Rezepte, als Beilage, auf Pizza, in Sandwiches und in Salaten. Sie passen sehr gut zu einem guten Glas Rotwein.<\/p>\n<p>Zutaten: Oliven, natives Oliven\u00f6l extra, Sonnenblumenkern\u00f6l, Oregano, Chilischote, Knoblauch, S\u00e4ureregulator: Zitronens\u00e4ure, Antioxidationsmittel: Ascorbins\u00e4ure.<\/p>\n<p>Lagerungsmethode: An einem k\u00fchlen, trockenen Ort aufbewahren, fern von Sonnenlicht oder W\u00e4rmequellen.<\/p>\n<p>180 g-Format<\/p>\n<p>Von Hand eintauchen!<\/p>\n<p>Frei von Konservierungsstoffen! 100 % kalabresisches Produkt!<\/p>\n<p><strong>Oliven stellen eines der wichtigsten Lebensmittel der typischen mediterranen Ern\u00e4hrung dar und haben zahlreiche positive Eigenschaften, darunter:<\/strong><\/p>\n<ul>\n<li><strong>Sie senken den Spiegel des schlechten LDL-Cholesterins und erh\u00f6hen die Produktion des guten HDL-Cholesterins, da sie reich an einfach unges\u00e4ttigten Fetten sind und daher sehr wirksam zur Vorbeugung von Herz-Kreislauf-Erkrankungen wie Schlaganfall und Herzinfarkt sind.<\/strong><\/li>\n<li><strong>Reich an Vitaminen, insbesondere Vitamin E.<\/strong><\/li>\n<li><strong>Reich an Mineralsalzen wie Kalzium, Magnesium und Natrium.<\/strong><\/li>\n<li><strong>Sie haben eine starke antioxidative und entz\u00fcndungshemmende Wirkung.<\/strong><\/li>\n<li><strong>Sie haben einen guten Gehalt an Kupfer und Eisen. Diese Substanzen verbessern tats\u00e4chlich die Produktion roter Blutk\u00f6rperchen und verbessern somit die Durchblutung.<\/strong><\/li>\n<li><strong>Sie werden h\u00e4ufig zur Aufrechterhaltung einer guten k\u00f6rperlichen Verfassung, in der mediterranen Ern\u00e4hrung und zur Linderung von Verdauungsproblemen empfohlen.<\/strong><\/li>\n<\/ul>\n<p><strong>Familienbetrieb und Auswahl der besten Rohstoffe<\/strong>, die auf den fruchtbaren B\u00f6den des Unternehmens angebaut und unter Ber\u00fccksichtigung der alten Tradition verarbeitet werden. Dies ist der Personalausweis von Agro Pic, einem Unternehmen, das auf die Herstellung von Marmeladen, S\u00e4ften, So\u00dfen und Gurken spezialisiert ist.<\/p>\n<p><strong>Das Hauptziel der Aktivit\u00e4t besteht darin, die Aromen und Fr\u00fcchte Kalabriens hervorzuheben, insbesondere die besonderen und meist weniger bekannten<\/strong>, wie Bergamotte, eine Frucht mit zahlreichen wohltuenden Eigenschaften, einzigartig und s\u00e4uerlich wie das gesamte kalabrische Gebiet.<\/p>\n<p>Natur, Tradition und hohe Qualit\u00e4t sind die Zutaten f\u00fcr den Erfolg von Agro Pic.<\/p>\n<p><strong>F\u00fcr weitere Informationen zu unseren Produkten z\u00f6gern Sie nicht, uns zu kontaktieren:<\/strong><\/p>\n<p>Zelle. 3495651669<\/p>\n<p>Tel. 0964 1955229<\/p>\n<p>E-Mail-Adresse: info@agropic.it<\/p>\n<p>Startseite: www.agropic.it<\/p>\n","protected":false},"excerpt":{"rendered":"<p>Zerkleinerte gr\u00fcne Oliven in \u00d6l sind eine klassische kalabrische Konfit\u00fcre und ein typisches Lebensmittel der mediterranen Ern\u00e4hrung.<\/p>\n<p>Um zerkleinerte gr\u00fcne Oliven in Agro Pic-\u00d6l herzustellen, werden die besten 100 % kalabrischen Oliven ausgew\u00e4hlt, frisch vom Land des Bauernhofs geerntet und nach der sorgf\u00e4ltigen und alten Zubereitungsart verarbeitet. Die Oliven mit mittlerer Reife werden ausgew\u00e4hlt und anschlie\u00dfend von Hand zerkleinert und entkernt Um sie noch spezieller zu machen, sind sie mit Chili, Oregano und Knoblauch gew\u00fcrzt.<\/p>\n<p>180 g-Format<\/p>\n<p>Sie k\u00f6nnen unsere Produkte \u00fcber diese Website oder per E-Mail an info@agropic.it oder telefonisch unter 349 56 51 669 kaufen. Sobald die Zahlung erfolgt ist, wird Ihnen Ihre Bestellung innerhalb von 4-5 Tagen zugestellt.<\/p>\n<p>Lesen Sie die vollst\u00e4ndige Produktbeschreibung unten!&hellip; <a class=\"kt-excerpt-readmore more-link\" href=\"https:\/\/agropic.it\/de\/produkt\/handzerkleinerte-grune-oliven-in-ol-180-g\/\" aria-label=\"Von Hand zerkleinerte gr\u00fcne Oliven in \u00d6l 180g\">Read More<\/a><\/p>\n","protected":false},"featured_media":7125,"comment_status":"closed","ping_status":"closed","template":"","meta":{"kt_blocks_editor_width":"","_kad_blocks_custom_css":"","_kad_blocks_head_custom_js":"","_kad_blocks_body_custom_js":"","_kad_blocks_footer_custom_js":""},"product_brand":[],"product_cat":[267],"product_tag":[],"class_list":{"0":"post-3535","1":"product","2":"type-product","3":"status-publish","4":"has-post-thumbnail","6":"product_cat-konserven-in-ol-und-sus-sauer","8":"first","9":"instock","10":"shipping-taxable","11":"purchasable","12":"product-type-simple"},"taxonomy_info":{"product_cat":[{"value":267,"label":"Konserven in \u00d6l und s\u00fc\u00df-sauer"}]},"featured_image_src_large":["https:\/\/agropic.it\/wp-content\/uploads\/2023\/03\/Olive-schiacciate-sottolio-960x960.webp",960,960,true],"author_info":[],"comment_info":0,"_links":{"self":[{"href":"https:\/\/agropic.it\/de\/wp-json\/wp\/v2\/product\/3535","targetHints":{"allow":["GET"]}}],"collection":[{"href":"https:\/\/agropic.it\/de\/wp-json\/wp\/v2\/product"}],"about":[{"href":"https:\/\/agropic.it\/de\/wp-json\/wp\/v2\/types\/product"}],"replies":[{"embeddable":true,"href":"https:\/\/agropic.it\/de\/wp-json\/wp\/v2\/comments?post=3535"}],"wp:featuredmedia":[{"embeddable":true,"href":"https:\/\/agropic.it\/de\/wp-json\/wp\/v2\/media\/7125"}],"wp:attachment":[{"href":"https:\/\/agropic.it\/de\/wp-json\/wp\/v2\/media?parent=3535"}],"wp:term":[{"taxonomy":"product_brand","embeddable":true,"href":"https:\/\/agropic.it\/de\/wp-json\/wp\/v2\/product_brand?post=3535"},{"taxonomy":"product_cat","embeddable":true,"href":"https:\/\/agropic.it\/de\/wp-json\/wp\/v2\/product_cat?post=3535"},{"taxonomy":"product_tag","embeddable":true,"href":"https:\/\/agropic.it\/de\/wp-json\/wp\/v2\/product_tag?post=3535"}],"curies":[{"name":"wp","href":"https:\/\/api.w.org\/{rel}","templated":true}]}}