{"id":3531,"date":"2024-01-24T17:39:35","date_gmt":"2024-01-24T17:39:35","guid":{"rendered":"https:\/\/agropic.it\/prodotto\/grune-oliven-in-salzlake-natur-550-g\/"},"modified":"2025-07-10T08:30:21","modified_gmt":"2025-07-10T08:30:21","slug":"grune-oliven-in-salzlake-natur-550-g","status":"publish","type":"product","link":"https:\/\/agropic.it\/de\/produkt\/grune-oliven-in-salzlake-natur-550-g\/","title":{"rendered":"Gr\u00fcne Oliven in Naturlake 280g"},"content":{"rendered":"<h6>Gr\u00fcne Oliven in Naturlake<\/h6>\n<p><strong>Gr\u00fcne Oliven in Salzlake sind ein Klassiker der kalabrischen Konfit\u00fcre. Wir w\u00e4hlen die besten Oliven aus 100 % kalabrischer Herkunft aus, frisch gepfl\u00fcckt auf unserem eigenen Land, und verarbeiten sie nach dem sorgf\u00e4ltigen, traditionellen Verfahren mit Wasser und Salz. Sie werden pur gegessen, k\u00f6nnen aber auch mit etwas Oliven\u00f6l, Chili und Oregano verfeinert werden. Sie sind eine schnelle und leckere Vorspeise, ideal als Aperitif und Vorspeise, besonders zu K\u00e4se und Wurst. Sie eignen sich auch hervorragend zum Verfeinern einer Vielzahl von Rezepten.<\/strong><\/p>\n<p><strong>Zutaten<\/strong>: Oliven (66 %), Wasser, Salz, S\u00e4ureregulator: Zitronens\u00e4ure.<\/p>\n<p><strong>Gr\u00f6\u00dfe<\/strong>: 280 g<\/p>\n<p>Keine Konservierungsstoffe<\/p>\n<p><strong>Aufbewahrungshinweise<\/strong>: K\u00fchl und trocken lagern, vor Sonnenlicht und Hitze sch\u00fctzen. Nach dem \u00d6ffnen im K\u00fchlschrank aufbewahren und innerhalb weniger Tage verbrauchen.<\/p>\n<p><strong>Oliven z\u00e4hlen zu den wichtigsten Lebensmitteln der mediterranen K\u00fcche. Sie haben zahlreiche positive Eigenschaften, darunter:<\/strong><\/p>\n<ul>\n<li>Sie senken den LDL-Cholesterinspiegel und f\u00f6rdern die Produktion des guten HDL-Cholesterins. Ihr hoher Gehalt an einfach unges\u00e4ttigten<\/li>\n<li>Fetts\u00e4uren macht sie sehr wirksam bei der Vorbeugung von Herz-Kreislauf-Erkrankungen wie Schlaganf\u00e4llen und Herzinfarkten.<\/li>\n<li>Sie sind reich an Vitaminen, insbesondere Vitamin E.<\/li>\n<li>Sie sind reich an Mineralstoffen wie Kalzium, Magnesium und Natrium.<\/li>\n<li>Sie wirken stark antioxidativ und entz\u00fcndungshemmend.<\/li>\n<li>Sie enthalten viel Kupfer und Eisen, die die Produktion roter Blutk\u00f6rperchen f\u00f6rdern und so die Durchblutung verbessern.<\/li>\n<li>Sie werden oft zur Erhaltung der k\u00f6rperlichen Fitness, in der mediterranen Ern\u00e4hrung und bei Verdauungsproblemen empfohlen.<\/li>\n<\/ul>\n<p><strong>Als Familienbetrieb w\u00e4hlen wir die besten Zutaten aus<\/strong>, die auf unserem fruchtbaren Land angebaut und nach alter Tradition verarbeitet werden.<\/p>\n<p>Neben gr\u00fcnen Oliven in nat\u00fcrlicher Salzlake bieten wir eine breite Palette an Produkten an, alle frisch nach handwerklichen Methoden hergestellt und mit unverwechselbarem Geschmack, wie Fruchts\u00e4fte, saisonale Fruchtmarmeladen und -konfit\u00fcren, Tomatenp\u00fcrees, Cremes, Honig und \u00d6lkonserven.<\/p>\n<p><strong>Unser oberstes Ziel ist es, die Aromen und Fr\u00fcchte Kalabriens zu f\u00f6rdern, insbesondere die besonderen und weniger bekannten<\/strong>, wie zum Beispiel die Bergamotte, eine Frucht mit vielen wohltuenden Eigenschaften, einzigartig und herb, wie ganz Kalabrien.<\/p>\n<p>Wir bringen hochwertige, authentische Produkte auf Ihren Tisch, die aus einer sorgf\u00e4ltigen und kontrollierten Auswahl an Rohstoffen stammen, von denen viele direkt von uns angebaut und ohne den Einsatz von Chemikalien gewonnen werden.<\/p>\n<p>Natur, Tradition und hohe Qualit\u00e4t sind die Zutaten f\u00fcr den Erfolg von Agro Pic.<\/p>\n<p>Folgen Sie uns auf Instagram, um alle Neuigkeiten von Agro Pic zu erfahren.<\/p>\n<p>https:\/\/www.instagram.com\/agropic\/<\/p>\n<p><strong>F\u00fcr weitere Informationen zu unseren Produkten kontaktieren Sie uns bitte:<\/strong><\/p>\n<p>Mobil: +39 3495651669<\/p>\n<p>E-Mail: info@agropic.it<\/p>\n<p>Tel.: +39 0964 1955229<\/p>\n","protected":false},"excerpt":{"rendered":"<p>Gr\u00fcne Oliven in Salzlake sind ein Klassiker der kalabrischen Konfit\u00fcre. Wir w\u00e4hlen die besten Oliven aus 100 % kalabrischer Herkunft aus, frisch gepfl\u00fcckt auf unserem eigenen Land, und verarbeiten sie nach dem sorgf\u00e4ltigen, traditionellen Verfahren mit Wasser und Salz. Sie werden pur gegessen, k\u00f6nnen aber auch mit etwas Oliven\u00f6l, Chili und Oregano genossen werden. Sie sind eine schnelle und leckere Vorspeise, ideal als Aperitif und Vorspeise, besonders in Kombination mit K\u00e4se und Wurst. Sie eignen sich auch hervorragend zum Verfeinern einer Vielzahl von Rezepten.<\/p>\n<p><strong>Zutaten<\/strong>: Oliven (66 %), Wasser, Salz, S\u00e4ureregulator: Zitronens\u00e4ure.<\/p>\n<p><strong>Gr\u00f6\u00dfe<\/strong>: 280 g<\/p>\n<p>Lesen Sie die vollst\u00e4ndige Produktbeschreibung unten.<\/p>\n<p><strong>Jetzt kaufen und innerhalb von 4\u20135 Werktagen direkt nach Hause geliefert bekommen.<\/strong>&hellip; <a class=\"kt-excerpt-readmore more-link\" href=\"https:\/\/agropic.it\/de\/produkt\/grune-oliven-in-salzlake-natur-550-g\/\" aria-label=\"Gr\u00fcne Oliven in Naturlake 280g\">Read More<\/a><\/p>\n","protected":false},"featured_media":8157,"comment_status":"closed","ping_status":"closed","template":"","meta":{"kt_blocks_editor_width":"","_kad_blocks_custom_css":"","_kad_blocks_head_custom_js":"","_kad_blocks_body_custom_js":"","_kad_blocks_footer_custom_js":""},"product_brand":[],"product_cat":[267],"product_tag":[543],"class_list":{"0":"post-3531","1":"product","2":"type-product","3":"status-publish","4":"has-post-thumbnail","6":"product_cat-konserven-in-ol-und-sus-sauer","7":"product_tag-eingelegte-oliven","9":"first","10":"instock","11":"shipping-taxable","12":"purchasable","13":"product-type-simple"},"taxonomy_info":{"product_cat":[{"value":267,"label":"Konserven in \u00d6l und s\u00fc\u00df-sauer"}],"product_tag":[{"value":543,"label":"eingelegte Oliven"}]},"featured_image_src_large":["https:\/\/agropic.it\/wp-content\/uploads\/2024\/01\/Olive-verdi-al-naturale-1-960x960.jpg",960,960,true],"author_info":[],"comment_info":0,"_links":{"self":[{"href":"https:\/\/agropic.it\/de\/wp-json\/wp\/v2\/product\/3531","targetHints":{"allow":["GET"]}}],"collection":[{"href":"https:\/\/agropic.it\/de\/wp-json\/wp\/v2\/product"}],"about":[{"href":"https:\/\/agropic.it\/de\/wp-json\/wp\/v2\/types\/product"}],"replies":[{"embeddable":true,"href":"https:\/\/agropic.it\/de\/wp-json\/wp\/v2\/comments?post=3531"}],"wp:featuredmedia":[{"embeddable":true,"href":"https:\/\/agropic.it\/de\/wp-json\/wp\/v2\/media\/8157"}],"wp:attachment":[{"href":"https:\/\/agropic.it\/de\/wp-json\/wp\/v2\/media?parent=3531"}],"wp:term":[{"taxonomy":"product_brand","embeddable":true,"href":"https:\/\/agropic.it\/de\/wp-json\/wp\/v2\/product_brand?post=3531"},{"taxonomy":"product_cat","embeddable":true,"href":"https:\/\/agropic.it\/de\/wp-json\/wp\/v2\/product_cat?post=3531"},{"taxonomy":"product_tag","embeddable":true,"href":"https:\/\/agropic.it\/de\/wp-json\/wp\/v2\/product_tag?post=3531"}],"curies":[{"name":"wp","href":"https:\/\/api.w.org\/{rel}","templated":true}]}}