{"id":3521,"date":"2017-11-07T11:43:30","date_gmt":"2017-11-07T11:43:30","guid":{"rendered":"https:\/\/agropic.it\/prodotto\/gewurzzubereitung-fur-spaghettata-alla-calabrese-100-g\/"},"modified":"2025-07-16T09:26:38","modified_gmt":"2025-07-16T09:26:38","slug":"gewurzzubereitung-fur-spaghettata-alla-calabrese-100-g","status":"publish","type":"product","link":"https:\/\/agropic.it\/de\/produkt\/gewurzzubereitung-fur-spaghettata-alla-calabrese-100-g\/","title":{"rendered":"Gew\u00fcrzmischung f\u00fcr Calabrese Spaghetti 100g"},"content":{"rendered":"<h6><strong>Gew\u00fcrzmischung f\u00fcr Calabrese Spaghetti\u00a0<\/strong><\/h6>\n<p><strong>Calabrese Spaghetti sind eine Gew\u00fcrzmischung aus Petersilie, Knoblauch und Chili. Perfekt f\u00fcr die Zubereitung hausgemachter Pasta mit Knoblauch, \u00d6l und Chili mit den Calabrese Spaghetti von Agro Pic.<\/strong><\/p>\n<p><strong>Zubereitung<\/strong>: Zwei Teel\u00f6ffel Agro Pic Calabrese Spaghetti in eine Tasse natives Oliven\u00f6l extra geben und die abgetropften Spaghetti damit w\u00fcrzen.<\/p>\n<p><strong>Zutaten<\/strong>: Getrocknete Gew\u00fcrze in verschiedenen Anteilen (Chili, Knoblauch und Petersilie), Salz<\/p>\n<p><strong>Inhalt<\/strong>: 100 g<\/p>\n<p>Ohne Konservierungsstoffe.<\/p>\n<p>Chili wird seit der Antike zum W\u00fcrzen von Gerichten verwendet, ist aber seit jeher wegen seiner zahlreichen gesundheitlichen Vorteile bekannt.<\/p>\n<p>K\u00fchl, trocken und vor direkter Hitze und Licht gesch\u00fctzt lagern.<\/p>\n<p><strong>Chili:<\/strong><\/p>\n<ul>\n<li><strong>ist reich an Vitamin A, C und E.<\/strong><\/li>\n<li><strong>hat antibakterielle, antihistaminische und antioxidative Eigenschaften.<\/strong><\/li>\n<li><strong>ist ein bekanntes Aphrodisiakum.<\/strong><\/li>\n<li><strong>hat eine schmerzlindernde Wirkung auf Muskeln und Knochen.<\/strong><\/li>\n<li><strong>aktiviert den Stoffwechsel und hilft bei der Gewichtskontrolle.<\/strong><\/li>\n<li><strong>senkt den Cholesterin-, Glukose- und Triglyceridspiegel.<\/strong><\/li>\n<li><strong>verbessert die Durchblutung und beugt Herz-Kreislauf-Erkrankungen wie Schlaganf\u00e4llen und Herzinfarkten vor.<\/strong><\/li>\n<li><strong>hat eine Antitumorwirkung.<\/strong><\/li>\n<\/ul>\n<p><strong>Als Familienbetrieb w\u00e4hlen wir die besten Zutaten aus<\/strong>, die auf unserem fruchtbaren Land angebaut und nach alter Tradition verarbeitet werden.<\/p>\n<p>Neben unserer kalabrischen Spaghetti-Gew\u00fcrzmischung bieten wir eine breite Produktpalette an, alle frisch nach handwerklichen Methoden zubereitet und mit unverwechselbarem Geschmack, darunter Fruchts\u00e4fte, saisonale Fruchtmarmeladen und -konfit\u00fcren, Tomatenp\u00fcrees, Cremes, Honig und \u00d6lkonserven.<\/p>\n<p><strong>Unser oberstes Ziel ist es, die Aromen und Fr\u00fcchte Kalabriens hervorzuheben, insbesondere die besonderen und weniger bekannten,<\/strong> wie zum Beispiel die Bergamotte, eine Frucht mit zahlreichen wohltuenden Eigenschaften, einzigartig und herb, wie ganz Kalabrien.<\/p>\n<p>Wir bringen hochwertige, authentische Produkte auf Ihren Tisch, die aus einer sorgf\u00e4ltigen und kontrollierten Auswahl an Rohstoffen stammen, von denen viele direkt von uns angebaut und ohne den Einsatz von Chemikalien gewonnen werden.<\/p>\n<p>Natur, Tradition und hohe Qualit\u00e4t sind die Zutaten f\u00fcr den Erfolg von Agro Pic.<\/p>\n<p>Folgen Sie uns auf Instagram, um alle Neuigkeiten von Agro Pic zu erfahren.<\/p>\n<p>https:\/\/www.instagram.com\/agropic\/<\/p>\n<p><strong>F\u00fcr weitere Informationen zu unseren Produkten kontaktieren Sie uns bitte:<\/strong><\/p>\n<p>Mobil: +39 3495651669<\/p>\n<p>E-Mail: info@agropic.it<\/p>\n<p>Tel.: +39 0964 1955229<\/p>\n","protected":false},"excerpt":{"rendered":"<p>Calabrese Spaghetti sind eine Gew\u00fcrzmischung aus Petersilie, Knoblauch und Chili. Perfekt f\u00fcr die Zubereitung hausgemachter Pasta mit Knoblauch, \u00d6l und Chili mit Agro Pic&#8217;s Calabrese Spaghetti.<\/p>\n<p><strong>Zubereitung<\/strong>: Zwei Teel\u00f6ffel Agro Pic&#8217;s Calabrese Spaghetti in eine Tasse natives Oliven\u00f6l extra geben und die abgetropften Spaghetti damit w\u00fcrzen.<\/p>\n<p><strong>Zutaten<\/strong>: Getrocknete Gew\u00fcrze in verschiedenen Anteilen (Chili, Knoblauch und Petersilie), Salz.<\/p>\n<p><strong>Gr\u00f6\u00dfe<\/strong>: 100 g<\/p>\n<p>Lesen Sie die vollst\u00e4ndige Produktbeschreibung unten!<\/p>\n<p><strong>Jetzt kaufen und innerhalb von 4\u20135 Werktagen direkt nach Hause geliefert bekommen.<\/strong>&hellip; <a class=\"kt-excerpt-readmore more-link\" href=\"https:\/\/agropic.it\/de\/produkt\/gewurzzubereitung-fur-spaghettata-alla-calabrese-100-g\/\" aria-label=\"Gew\u00fcrzmischung f\u00fcr Calabrese Spaghetti 100g\">Read More<\/a><\/p>\n","protected":false},"featured_media":7205,"comment_status":"closed","ping_status":"closed","template":"","meta":{"kt_blocks_editor_width":"","_kad_blocks_custom_css":"","_kad_blocks_head_custom_js":"","_kad_blocks_body_custom_js":"","_kad_blocks_footer_custom_js":""},"product_brand":[],"product_cat":[260,306],"product_tag":[502,295,414,506,297,501,504,503,500,505],"class_list":{"0":"post-3521","1":"product","2":"type-product","3":"status-publish","4":"has-post-thumbnail","6":"product_cat-gewurze-aus-kalabrien","7":"product_cat-gewurze-aus-kalabrien-de","8":"product_tag-ol","9":"product_tag-chili-pfeffer","10":"product_tag-gewurze","11":"product_tag-italienische-spaghetti","12":"product_tag-kalabrien","13":"product_tag-knoblauch","14":"product_tag-knoblauch-ol-und-scharfer-pfeffer","15":"product_tag-petersilie","16":"product_tag-spaghetti-de","17":"product_tag-spaghetti-de-2","19":"first","20":"instock","21":"shipping-taxable","22":"purchasable","23":"product-type-simple"},"taxonomy_info":{"product_cat":[{"value":260,"label":"Gew\u00fcrze aus Kalabrien"},{"value":306,"label":"Gew\u00fcrze aus Kalabrien"}],"product_tag":[{"value":502,"label":"\u00d6l"},{"value":295,"label":"Chili-Pfeffer"},{"value":414,"label":"Gew\u00fcrze"},{"value":506,"label":"Italienische Spaghetti"},{"value":297,"label":"Kalabrien"},{"value":501,"label":"Knoblauch"},{"value":504,"label":"Knoblauch, \u00d6l und scharfer Pfeffer"},{"value":503,"label":"Petersilie"},{"value":500,"label":"Spaghetti"},{"value":505,"label":"Spaghetti"}]},"featured_image_src_large":["https:\/\/agropic.it\/wp-content\/uploads\/2023\/03\/Spaghettata-calabrese-960x960.webp",960,960,true],"author_info":[],"comment_info":0,"_links":{"self":[{"href":"https:\/\/agropic.it\/de\/wp-json\/wp\/v2\/product\/3521","targetHints":{"allow":["GET"]}}],"collection":[{"href":"https:\/\/agropic.it\/de\/wp-json\/wp\/v2\/product"}],"about":[{"href":"https:\/\/agropic.it\/de\/wp-json\/wp\/v2\/types\/product"}],"replies":[{"embeddable":true,"href":"https:\/\/agropic.it\/de\/wp-json\/wp\/v2\/comments?post=3521"}],"wp:featuredmedia":[{"embeddable":true,"href":"https:\/\/agropic.it\/de\/wp-json\/wp\/v2\/media\/7205"}],"wp:attachment":[{"href":"https:\/\/agropic.it\/de\/wp-json\/wp\/v2\/media?parent=3521"}],"wp:term":[{"taxonomy":"product_brand","embeddable":true,"href":"https:\/\/agropic.it\/de\/wp-json\/wp\/v2\/product_brand?post=3521"},{"taxonomy":"product_cat","embeddable":true,"href":"https:\/\/agropic.it\/de\/wp-json\/wp\/v2\/product_cat?post=3521"},{"taxonomy":"product_tag","embeddable":true,"href":"https:\/\/agropic.it\/de\/wp-json\/wp\/v2\/product_tag?post=3521"}],"curies":[{"name":"wp","href":"https:\/\/api.w.org\/{rel}","templated":true}]}}