{"id":3516,"date":"2024-01-25T17:55:04","date_gmt":"2024-01-25T17:55:04","guid":{"rendered":"https:\/\/agropic.it\/prodotto\/bergamotte-honig-250-g\/"},"modified":"2025-07-09T08:58:30","modified_gmt":"2025-07-09T08:58:30","slug":"bergamotte-honig-250-g","status":"publish","type":"product","link":"https:\/\/agropic.it\/de\/produkt\/bergamotte-honig-250-g\/","title":{"rendered":"Bergamottehonig 250g &#8211; AGROMIEL"},"content":{"rendered":"<h5>Bergamottehonig 250g &#8211; AGROMIEL<\/h5>\n<h6>Bergamottenhonig ist eine k\u00f6stliche Spezialit\u00e4t aus Sulla-Honig mit Bergamotte-Aroma. Die nat\u00fcrliche Zartheit des Sulla-Honigs trifft auf das frische, zitronige Aroma der Bergamotte.<\/p>\n<p>AGROMIEL Bergamottenhonig wird aus Sulla-Honig hergestellt und in jeder Phase des Produktionsprozesses mit Sorgfalt und Leidenschaft verarbeitet \u2013 von der Ernte \u00fcber die Honiggewinnung, die sorgf\u00e4ltig erfolgt, um alle nat\u00fcrlichen Eigenschaften zu bewahren, bis hin zur Verpackung. Jeder Schritt wird von Hand ausgef\u00fchrt, um ein unverf\u00e4lschtes, hochwertiges Produkt zu gew\u00e4hrleisten, das alle Eigenschaften aufweist, die es einzigartig und erlesen machen.<br \/>\nUnser Bergamottenhonig ist nicht pasteurisiert. Sie erhalten ein nat\u00fcrliches und authentisches Produkt direkt nach Hause geliefert, das aus pestizid- und bienensch\u00e4dlichen Anbaugebieten stammt.<\/h6>\n<p>Dieser duftende und begehrte Honig ist vielseitig einsetzbar. Er wird haupts\u00e4chlich zum S\u00fc\u00dfen, F\u00fcllen und W\u00fcrzen von Desserts und Gerichten verwendet, passt aber auch hervorragend zu Wurstwaren und K\u00e4se.<\/p>\n<p>Dieses fantastische Produkt ist dank seiner zahlreichen wohltuenden Eigenschaften auch ein hervorragender Verb\u00fcndeter f\u00fcr Ihre Gesundheit.<\/p>\n<p><strong>Zutaten<\/strong>: Sulla-Honig, Bergamotte.<\/p>\n<p><strong>Gr\u00f6\u00dfe<\/strong>: 250 g<\/p>\n<p><strong>Herkunft von Honig und Bergamotte<\/strong>: Italien (Kalabrien)<\/p>\n<p><strong>Aufbewahrung<\/strong>: K\u00fchl und trocken lagern, vor Licht und W\u00e4rme sch\u00fctzen.<\/p>\n<p>Jede Verfestigung garantiert die Echtheit des Produkts, da es sich um einen nat\u00fcrlichen Prozess handelt. Mit der Zeit wird die Konsistenz k\u00f6rniger. Dieser Prozess ver\u00e4ndert jedoch nicht die Qualit\u00e4t des Produkts und kann durch leichtes Erhitzen des Glases r\u00fcckg\u00e4ngig gemacht werden.<\/p>\n<p><strong>Der Geschmack von Sulla-Honig (eine f\u00fcr den Mittelmeerraum typische krautige Pflanze) ist zart, ebenso wie sein Aroma \u2013 ein angenehmer Duft von Wildkr\u00e4utern mit einer Zitrusnote.<\/strong><\/p>\n<p><strong>Besonders wichtig ist sein Gehalt an Vitamin A, B und C sowie seine s\u00fc\u00dfende Wirkung trotz des geringen Einfachzuckergehalts.<\/strong><\/p>\n<p><strong>Er eignet sich hervorragend zur Linderung von Halsschmerzen und Husten.<\/strong><\/p>\n<p><strong>Dieser Honig wirkt au\u00dferdem harntreibend und abf\u00fchrend und tr\u00e4gt zur Regulierung der Darmt\u00e4tigkeit bei. Er entgiftet die Leber und ist ein hervorragendes nat\u00fcrliches St\u00e4rkungsmittel. Er enth\u00e4lt kein Cholesterin, keine Ballaststoffe, keine Laktose, kein Gluten und kein Histamin.<\/strong><\/p>\n<p><strong>Sulla-Honig wird haupts\u00e4chlich als nat\u00fcrliches S\u00fc\u00dfungsmittel verwendet, um alkoholfreie Getr\u00e4nke wie Kamille, Tee und andere Aufg\u00fcsse zu s\u00fc\u00dfen, und eignet sich auch hervorragend als Brotaufstrich und K\u00e4se.<\/strong><\/p>\n<p><strong>Als Familienbetrieb w\u00e4hlen wir die besten Rohstoffe aus<\/strong>, die auf dem fruchtbaren Boden des Hofes angebaut und nach alter Tradition verarbeitet werden.<\/p>\n<p>Neben Bergamotte-Sulla-Honig bieten wir eine breite Produktpalette an, alle frisch nach handwerklichen Methoden hergestellt und mit unverwechselbarem Geschmack, darunter Fruchts\u00e4fte, saisonale Fruchtmarmeladen und -konfit\u00fcren, Tomatenp\u00fcrees, Cremes, Honig und \u00d6lkonserven.<\/p>\n<p><strong>Unser oberstes Ziel ist es, die Aromen und Fr\u00fcchte Kalabriens zu f\u00f6rdern, insbesondere die besonderen und weniger bekannten<\/strong>, wie zum Beispiel die Bergamotte, eine Frucht mit vielen wohltuenden Eigenschaften, einzigartig und herb wie die gesamte Region Kalabrien.<\/p>\n<p>Wir bringen hochwertige, authentische Produkte auf Ihren Tisch, die aus einer sorgf\u00e4ltigen und kontrollierten Auswahl an Rohstoffen stammen, von denen viele direkt von uns angebaut und ohne den Einsatz von Chemikalien gewonnen werden.<\/p>\n<p>Natur, Tradition und hohe Qualit\u00e4t sind die Zutaten f\u00fcr den Erfolg von Agro Pic.<\/p>\n<p>Folgen Sie uns auf Instagram, um alle Neuigkeiten von Agro Pic zu erfahren.<\/p>\n<p>https:\/\/www.instagram.com\/agropic\/<\/p>\n<p><strong>F\u00fcr weitere Informationen zu unseren Produkten kontaktieren Sie uns bitte:<\/strong><\/p>\n<p>Mobil: +39 349 5651669<\/p>\n<p>E-Mail: info@agropic.it<\/p>\n<p>Tel.: +39 0964 1955229<\/p>\n","protected":false},"excerpt":{"rendered":"<p><strong>Bergamottenhonig<\/strong><\/p>\n<p>Bergamottenhonig \u2013 AGROMIEL von Agro Pic ist eine k\u00f6stliche Spezialit\u00e4t aus Sulla-Honig mit Bergamotte-Aroma. Die nat\u00fcrliche Zartheit des Sulla-Honigs trifft auf das frische, zitronige Aroma der Bergamotte.<\/p>\n<p>Dieser duftende und begehrte Honig ist vielseitig einsetzbar: Er wird haupts\u00e4chlich zum S\u00fc\u00dfen, F\u00fcllen und Verfeinern von Desserts und Gerichten verwendet, passt aber auch hervorragend zu Wurstwaren und K\u00e4se.<\/p>\n<p>Bergamottenhonig ist dank seiner zahlreichen wohltuenden Eigenschaften auch ein hervorragender Verb\u00fcndeter f\u00fcr Ihre Gesundheit.<\/p>\n<p><strong>Zutaten<\/strong>: Sulla-Honig, Bergamotte. <strong>Inhalt<\/strong>: 250 g<\/p>\n<p><strong>Herkunft von Honig und Bergamotte<\/strong>: Italien (Kalabrien)<\/p>\n<p>Lesen Sie die vollst\u00e4ndige Produktbeschreibung unten.<\/p>\n<p><strong>Jetzt kaufen und innerhalb von 4\u20135 Tagen nach Hause geliefert bekommen.<\/strong>&hellip; <a class=\"kt-excerpt-readmore more-link\" href=\"https:\/\/agropic.it\/de\/produkt\/bergamotte-honig-250-g\/\" aria-label=\"Bergamottehonig 250g &#8211; AGROMIEL\">Read More<\/a><\/p>\n","protected":false},"featured_media":7605,"comment_status":"closed","ping_status":"closed","template":"","meta":{"kt_blocks_editor_width":"","_kad_blocks_custom_css":"","_kad_blocks_head_custom_js":"","_kad_blocks_body_custom_js":"","_kad_blocks_footer_custom_js":""},"product_brand":[],"product_cat":[256],"product_tag":[487],"class_list":{"0":"post-3516","1":"product","2":"type-product","3":"status-publish","4":"has-post-thumbnail","6":"product_cat-honig","7":"product_tag-bergamotte-honig","9":"first","10":"instock","11":"shipping-taxable","12":"purchasable","13":"product-type-simple"},"taxonomy_info":{"product_cat":[{"value":256,"label":"Honig"}],"product_tag":[{"value":487,"label":"Bergamotte Honig"}]},"featured_image_src_large":["https:\/\/agropic.it\/wp-content\/uploads\/2022\/12\/MIELE-DI-SULLA-E-BERGAMOTTO-AGROMIEL-1-960x960.jpg",960,960,true],"author_info":[],"comment_info":0,"_links":{"self":[{"href":"https:\/\/agropic.it\/de\/wp-json\/wp\/v2\/product\/3516","targetHints":{"allow":["GET"]}}],"collection":[{"href":"https:\/\/agropic.it\/de\/wp-json\/wp\/v2\/product"}],"about":[{"href":"https:\/\/agropic.it\/de\/wp-json\/wp\/v2\/types\/product"}],"replies":[{"embeddable":true,"href":"https:\/\/agropic.it\/de\/wp-json\/wp\/v2\/comments?post=3516"}],"wp:featuredmedia":[{"embeddable":true,"href":"https:\/\/agropic.it\/de\/wp-json\/wp\/v2\/media\/7605"}],"wp:attachment":[{"href":"https:\/\/agropic.it\/de\/wp-json\/wp\/v2\/media?parent=3516"}],"wp:term":[{"taxonomy":"product_brand","embeddable":true,"href":"https:\/\/agropic.it\/de\/wp-json\/wp\/v2\/product_brand?post=3516"},{"taxonomy":"product_cat","embeddable":true,"href":"https:\/\/agropic.it\/de\/wp-json\/wp\/v2\/product_cat?post=3516"},{"taxonomy":"product_tag","embeddable":true,"href":"https:\/\/agropic.it\/de\/wp-json\/wp\/v2\/product_tag?post=3516"}],"curies":[{"name":"wp","href":"https:\/\/api.w.org\/{rel}","templated":true}]}}