{"id":3512,"date":"2024-01-23T11:30:30","date_gmt":"2024-01-23T11:30:30","guid":{"rendered":"https:\/\/agropic.it\/prodotto\/lakritz-honig-250-g\/"},"modified":"2025-07-15T07:48:03","modified_gmt":"2025-07-15T07:48:03","slug":"lakritz-honig-250-g","status":"publish","type":"product","link":"https:\/\/agropic.it\/de\/produkt\/lakritz-honig-250-g\/","title":{"rendered":"Lakritzhonig 250g &#8211; LIQMIEL"},"content":{"rendered":"<h6>Lakritzhonig<\/h6>\n<p><strong>LIQMIEL Lakritzhonig ist ein hochwertiges, umh\u00fcllendes Produkt mit authentischem Geschmack!<\/strong><\/p>\n<p><strong>Dieser duftende und begehrte Honig ist vielseitig einsetzbar. Er wird haupts\u00e4chlich zum S\u00fc\u00dfen, F\u00fcllen und W\u00fcrzen von Desserts und Gerichten verwendet, passt aber auch hervorragend zu Wurstwaren sowie frischem und gereiftem K\u00e4se.<\/strong><\/p>\n<p>Hier sind einige Anwendungsm\u00f6glichkeiten:<\/p>\n<ol>\n<li><strong>Auf Brot oder Toast gestrichen<\/strong>: Perfekt f\u00fcr ein besonderes Fr\u00fchst\u00fcck oder einen Snack. Die S\u00fc\u00dfe des Honigs und der leicht bittere Geschmack des Lakritzes harmonieren perfekt und ergeben eine leckere Kombination.<\/li>\n<li><strong>Zu K\u00e4se<\/strong>: Lakritzhonig passt hervorragend zu gereiftem oder w\u00fcrzigem K\u00e4se wie Pecorino, Gorgonzola oder Parmesan. Die S\u00fc\u00dfe des Honigs gleicht die Salzigkeit und Komplexit\u00e4t der K\u00e4sesorten aus.<\/li>\n<li><strong>Zum S\u00fc\u00dfen von Getr\u00e4nken<\/strong>: Geben Sie einen Teel\u00f6ffel Lakritzhonig in Tee, Kaffee oder andere Hei\u00dfgetr\u00e4nke und verleihen Sie ihnen eine s\u00fc\u00dfe und aromatische Note. Besonders interessant ist er in schwarzem oder gr\u00fcnem Tee, aber auch in gew\u00fcrzten Kr\u00e4utertees.<\/li>\n<li><strong>In der K\u00fcche, als So\u00dfe oder Gew\u00fcrz:<\/strong> Verfeinern Sie damit herzhafte Gerichte wie Braten, Grillfleisch oder sogar Gem\u00fcse und kreieren Sie einen interessanten Kontrast zwischen s\u00fc\u00df und herzhaft. Er eignet sich auch ideal zum Marinieren von Schweine- oder H\u00e4hnchenfleisch.<\/li>\n<li><strong>In S\u00fc\u00dfspeisen und Desserts<\/strong>: Geben Sie ihn in Kuchen, Kekse, Eiscreme oder Panna Cotta und verleihen Sie Ihren Desserts das gewisse Etwas. Der Lakritzgeschmack verleiht ihnen eine unerwartete und raffinierte Note.<\/li>\n<li><strong>Als Topping f\u00fcr Joghurt oder Eiscreme<\/strong>: Ein L\u00f6ffel Lakritzhonig \u00fcber griechischem Joghurt oder Vanilleeis ergibt eine unwiderstehliche Kombination.<\/li>\n<\/ol>\n<p>Mit diesem Honig lassen sich originelle und \u00fcberraschende Gerichte kreieren, die mit dem Kontrast zwischen der S\u00fc\u00dfe des Honigs und dem unverwechselbaren Aroma der Lakritze spielen.<\/p>\n<p>Wildbl\u00fctenhonig ist ein wahrer Schatz der Natur, der in jeder Phase des Produktionsprozesses mit Sorgfalt und Leidenschaft hergestellt wird \u2013 von der Ernte \u00fcber die Honiggewinnung, die sorgf\u00e4ltig durchgef\u00fchrt wird, um alle nat\u00fcrlichen Eigenschaften zu bewahren, bis hin zur Verpackung. Jeder Schritt wird von Hand ausgef\u00fchrt, um ein unverf\u00e4lschtes, hochwertiges Produkt zu gew\u00e4hrleisten, das alle Eigenschaften aufweist, die es einzigartig und erlesen machen.<br \/>\n100 % handwerklich hergestellt, aus Einzelbl\u00fcten und nicht pasteurisiert. Sie erhalten ein nat\u00fcrliches und authentisches Produkt direkt nach Hause geliefert, das aus Anbaugebieten stammt, die frei von Pestiziden und bienensch\u00e4dlichen Substanzen sind.<\/p>\n<p><strong>Zutaten<\/strong>: Wildbl\u00fctenhonig 99 %, Lakritzpulver 1 %<\/p>\n<p><strong>Gr\u00f6\u00dfe<\/strong>: 250 g<\/p>\n<p><strong>Honigherkunft<\/strong>: Italien (Kalabrien)<\/p>\n<p><strong>Aufbewahrung<\/strong>: K\u00fchl, trocken und lichtgesch\u00fctzt lagern.<\/p>\n<p>Jede nat\u00fcrliche Verfestigung des Honigs garantiert die Echtheit des Produkts.<\/p>\n<p>Der kalabrische Sulla-Honig von Agro Pic ist ein feiner und delikater Honig mit vielen wohltuenden und heilenden Eigenschaften.<\/p>\n<p><strong>Seit der Antike wird Honig als nat\u00fcrliches Heilmittel f\u00fcr fast jedes gesundheitliche Problem verwendet. Verschiedene Studien belegen, dass Honig auch heute noch:<\/strong><\/p>\n<ul>\n<li><strong>Eine abschwellende und hustenstillende Wirkung hat.<br \/>\n<\/strong><\/li>\n<li><strong>Er bietet zahlreiche Vorteile f\u00fcr Blut und Herz und senkt Cholesterin, Blutzucker und Triglyceride.\n<p><\/strong><\/li>\n<li><strong>Er ist ein starkes nat\u00fcrliches Antibiotikum und Antimykotikum.\n<p><\/strong><\/li>\n<li><strong>Er reguliert den Stoffwechsel und hilft bei der Gewichtskontrolle.\n<p><\/strong><\/li>\n<li><strong>Er bietet zahlreiche Vorteile f\u00fcr Magen und Darm und behandelt Entz\u00fcndungen und Infektionen des Magen-Darm-Trakts.\n<p><\/strong><\/li>\n<li><strong>Er ist reich an Vitaminen, Mineralstoffen und Antioxidantien.\n<p><\/strong><\/li>\n<li><strong>Er hat eine harntreibende Wirkung.\n<p><\/strong><\/li>\n<li><strong>Er ist wohltuend f\u00fcr die Haut, insbesondere bei Akne.<\/strong><\/li>\n<\/ul>\n<p><strong>Als Familienbetrieb w\u00e4hlen wir die besten Rohstoffe aus<\/strong>, die auf unserem fruchtbaren Land angebaut und nach alter Tradition verarbeitet werden.<\/p>\n<p>Neben Lakritzhonig bieten wir eine breite Produktpalette an, alle frisch nach handwerklichen Methoden hergestellt und mit unverwechselbarem Geschmack, darunter Fruchts\u00e4fte, saisonale Fruchtmarmeladen und -konfit\u00fcren, Tomatenp\u00fcrees, Cremes, Honig und \u00d6lkonserven.<\/p>\n<p><strong>Unser oberstes Ziel ist es, die Aromen und Fr\u00fcchte Kalabriens hervorzuheben, insbesondere die besonderen und weniger bekannten<\/strong>, wie zum Beispiel die Bergamotte, eine Frucht mit zahlreichen wohltuenden Eigenschaften, einzigartig und herb, wie ganz Kalabrien.<\/p>\n<p>Wir bringen hochwertige, authentische Produkte auf Ihren Tisch, die aus einer sorgf\u00e4ltigen und kontrollierten Auswahl an Rohstoffen stammen, von denen viele direkt von uns angebaut und ohne den Einsatz von Chemikalien gewonnen werden.<\/p>\n<p>Natur, Tradition und hohe Qualit\u00e4t sind die Zutaten f\u00fcr den Erfolg von Agro Pic.<\/p>\n<p>Folgen Sie uns auf Instagram, um alle Neuigkeiten von Agro Pic zu erfahren.<\/p>\n<p>https:\/\/www.instagram.com\/agropic\/<\/p>\n<p><strong>F\u00fcr weitere Informationen zu unseren Produkten kontaktieren Sie uns bitte:<\/strong><\/p>\n<p>Mobil: +39 3495651669<\/p>\n<p>E-Mail: info@agropic.it<\/p>\n<p>Tel.: +39 0964 1955229<\/p>\n","protected":false},"excerpt":{"rendered":"<p>LIQMIEL Lakritzhonig ist ein hochwertiges, umh\u00fcllendes Produkt mit authentischem Geschmack!<br \/>\nDieser duftende und begehrte Honig ist vielseitig einsetzbar: Er wird haupts\u00e4chlich zum S\u00fc\u00dfen, F\u00fcllen und Verfeinern von Desserts und Gerichten verwendet, passt aber auch hervorragend zu Wurstwaren sowie frischem und gereiftem K\u00e4se.<\/p>\n<p><strong>Zutaten<\/strong>: Wildbl\u00fctenhonig 99 %, Lakritzpulver 1 %. <strong>Inhalt<\/strong>: 250 g<\/p>\n<p><strong>Herkunft des Honigs<\/strong>: Italien (Kalabrien)<\/p>\n<p>Lesen Sie die vollst\u00e4ndige Produktbeschreibung unten!<\/p>\n<p><strong>Kaufen Sie ihn und lassen Sie ihn sich innerhalb von 4\/5 Werktagen nach Hause liefern.<\/strong>&hellip; <a class=\"kt-excerpt-readmore more-link\" href=\"https:\/\/agropic.it\/de\/produkt\/lakritz-honig-250-g\/\" aria-label=\"Lakritzhonig 250g &#8211; LIQMIEL\">Read More<\/a><\/p>\n","protected":false},"featured_media":7610,"comment_status":"closed","ping_status":"closed","template":"","meta":{"kt_blocks_editor_width":"","_kad_blocks_custom_css":"","_kad_blocks_head_custom_js":"","_kad_blocks_body_custom_js":"","_kad_blocks_footer_custom_js":""},"product_brand":[],"product_cat":[256],"product_tag":[],"class_list":{"0":"post-3512","1":"product","2":"type-product","3":"status-publish","4":"has-post-thumbnail","6":"product_cat-honig","8":"first","9":"instock","10":"shipping-taxable","11":"purchasable","12":"product-type-simple"},"taxonomy_info":{"product_cat":[{"value":256,"label":"Honig"}]},"featured_image_src_large":["https:\/\/agropic.it\/wp-content\/uploads\/2022\/12\/MIELE-E-LIQUIRIZIA-LIQMIEL-1-960x960.jpg",960,960,true],"author_info":[],"comment_info":0,"_links":{"self":[{"href":"https:\/\/agropic.it\/de\/wp-json\/wp\/v2\/product\/3512","targetHints":{"allow":["GET"]}}],"collection":[{"href":"https:\/\/agropic.it\/de\/wp-json\/wp\/v2\/product"}],"about":[{"href":"https:\/\/agropic.it\/de\/wp-json\/wp\/v2\/types\/product"}],"replies":[{"embeddable":true,"href":"https:\/\/agropic.it\/de\/wp-json\/wp\/v2\/comments?post=3512"}],"wp:featuredmedia":[{"embeddable":true,"href":"https:\/\/agropic.it\/de\/wp-json\/wp\/v2\/media\/7610"}],"wp:attachment":[{"href":"https:\/\/agropic.it\/de\/wp-json\/wp\/v2\/media?parent=3512"}],"wp:term":[{"taxonomy":"product_brand","embeddable":true,"href":"https:\/\/agropic.it\/de\/wp-json\/wp\/v2\/product_brand?post=3512"},{"taxonomy":"product_cat","embeddable":true,"href":"https:\/\/agropic.it\/de\/wp-json\/wp\/v2\/product_cat?post=3512"},{"taxonomy":"product_tag","embeddable":true,"href":"https:\/\/agropic.it\/de\/wp-json\/wp\/v2\/product_tag?post=3512"}],"curies":[{"name":"wp","href":"https:\/\/api.w.org\/{rel}","templated":true}]}}