{"id":3440,"date":"2018-01-20T17:32:30","date_gmt":"2018-01-20T17:32:30","guid":{"rendered":"https:\/\/agropic.it\/prodotto\/bergamotte-olivenolseife-100-g\/"},"modified":"2018-01-20T17:32:30","modified_gmt":"2018-01-20T17:32:30","slug":"bergamotte-olivenolseife-100-g","status":"publish","type":"product","link":"https:\/\/agropic.it\/de\/produkt\/bergamotte-olivenolseife-100-g\/","title":{"rendered":"Bergamotte Oliven\u00f6lseife 100 g"},"content":{"rendered":"<p>Bergamotte-Seife. Die Bergamotte-Seife von Agro Pic ist eine feste Oliven\u00f6lseife. Bergamotte wird h\u00e4ufig in der Kosmetik verwendet und ist ein Basisprodukt f\u00fcr Parf\u00fcms, da sie in der Lage ist, die Aromen zu fixieren. Es ist reich an Antioxidantien und heilenden Eigenschaften. Es hat auch eine antibakterielle Wirkung, die die Bildung von Mikroorganismen, auch solchen, die gegen Antibiotika resistent sind, hemmen kann. Es wird zur Wiederherstellung des physiologischen pH-Wertes der Haut und zur Bek\u00e4mpfung von Akne und fettiger und unreiner Haut eingesetzt. Format 100 g.<br \/>\nZutaten: Bergamotte-Oliven\u00f6l-Seife.<\/p>\n<p>Familienf\u00fchrung und Auswahl der besten Rohstoffe, die auf den fruchtbaren B\u00f6den des Betriebes angebaut und im Respekt der alten Tradition verarbeitet werden. Das ist der Ausweis von Agro Pic, einem Unternehmen, das sich auf die Herstellung von Bergamotteprodukten, Marmeladen, Fruchts\u00e4ften, Saucen und Pickles spezialisiert hat. Das Hauptziel des Unternehmens ist die Aufwertung der Aromen und Fr\u00fcchte Kalabriens, vor allem die besonderen und in der Regel weniger bekannt, wie Bergamotte, eine Frucht mit vielen positiven Eigenschaften, einzigartig und sauer wie das gesamte Gebiet von Kalabrien. Natur, Tradition und hohe Qualit\u00e4t sind die Zutaten f\u00fcr den Erfolg von Agro Pic. Sie k\u00f6nnen unsere Produkte \u00fcber diese Website oder per E-Mail unter info@agropic.it oder telefonisch unter der Nummer +39 349 56 51 669 kaufen. Sobald Sie die Zahlung vorgenommen haben, wird Ihre Bestellung innerhalb von 2-3 Werktagen geliefert.<\/p>\n","protected":false},"excerpt":{"rendered":"<p>Bergamotte-Seife. Die Bergamotte-Seife von Agro Pic ist eine feste Oliven\u00f6lseife. Bergamotte wird h\u00e4ufig in der Kosmetik verwendet und ist ein Basisprodukt f\u00fcr Parf\u00fcms, da sie in der Lage ist, die Aromen zu fixieren. Es ist reich an Antioxidantien und heilenden Eigenschaften. Es hat auch eine antibakterielle Wirkung, die die Bildung von Mikroorganismen, auch solchen, die gegen Antibiotika resistent sind, hemmen kann. Es wird zur Wiederherstellung des physiologischen pH-Wertes der Haut und zur Bek\u00e4mpfung von Akne und fettiger und unreiner Haut eingesetzt. Format 100 g.<br \/>\nZutaten: Bergamotte-Oliven\u00f6l-Seife.&hellip; <a class=\"kt-excerpt-readmore more-link\" href=\"https:\/\/agropic.it\/de\/produkt\/bergamotte-olivenolseife-100-g\/\" aria-label=\"Bergamotte Oliven\u00f6lseife 100 g\">Read More<\/a><\/p>\n","protected":false},"featured_media":3187,"comment_status":"closed","ping_status":"closed","template":"","meta":{"kt_blocks_editor_width":"","_kad_blocks_custom_css":"","_kad_blocks_head_custom_js":"","_kad_blocks_body_custom_js":"","_kad_blocks_footer_custom_js":""},"product_brand":[],"product_cat":[260],"product_tag":[434,413,433,435,299,297,436],"class_list":{"0":"post-3440","1":"product","2":"type-product","3":"status-publish","4":"has-post-thumbnail","6":"product_cat-gewurze-aus-kalabrien","7":"product_tag-bergamotte-de-2","8":"product_tag-bergamotte-de","9":"product_tag-bergamotte-seife","10":"product_tag-italienische-bergamotte","11":"product_tag-italienisches-produkt","12":"product_tag-kalabrien","13":"product_tag-kalabrisches-produkt","15":"first","16":"outofstock","17":"shipping-taxable","18":"purchasable","19":"product-type-simple"},"taxonomy_info":{"product_cat":[{"value":260,"label":"Gew\u00fcrze aus Kalabrien"}],"product_tag":[{"value":434,"label":"Bergamotte"},{"value":413,"label":"Bergamotte"},{"value":433,"label":"Bergamotte-Seife"},{"value":435,"label":"italienische Bergamotte"},{"value":299,"label":"Italienisches Produkt"},{"value":297,"label":"Kalabrien"},{"value":436,"label":"Kalabrisches Produkt"}]},"featured_image_src_large":["https:\/\/agropic.it\/wp-content\/uploads\/2020\/02\/Agropic-prodotti48-960x960.jpg",960,960,true],"author_info":[],"comment_info":0,"_links":{"self":[{"href":"https:\/\/agropic.it\/de\/wp-json\/wp\/v2\/product\/3440","targetHints":{"allow":["GET"]}}],"collection":[{"href":"https:\/\/agropic.it\/de\/wp-json\/wp\/v2\/product"}],"about":[{"href":"https:\/\/agropic.it\/de\/wp-json\/wp\/v2\/types\/product"}],"replies":[{"embeddable":true,"href":"https:\/\/agropic.it\/de\/wp-json\/wp\/v2\/comments?post=3440"}],"wp:featuredmedia":[{"embeddable":true,"href":"https:\/\/agropic.it\/de\/wp-json\/wp\/v2\/media\/3187"}],"wp:attachment":[{"href":"https:\/\/agropic.it\/de\/wp-json\/wp\/v2\/media?parent=3440"}],"wp:term":[{"taxonomy":"product_brand","embeddable":true,"href":"https:\/\/agropic.it\/de\/wp-json\/wp\/v2\/product_brand?post=3440"},{"taxonomy":"product_cat","embeddable":true,"href":"https:\/\/agropic.it\/de\/wp-json\/wp\/v2\/product_cat?post=3440"},{"taxonomy":"product_tag","embeddable":true,"href":"https:\/\/agropic.it\/de\/wp-json\/wp\/v2\/product_tag?post=3440"}],"curies":[{"name":"wp","href":"https:\/\/api.w.org\/{rel}","templated":true}]}}