{"id":3436,"date":"2024-01-29T15:28:02","date_gmt":"2024-01-29T15:28:02","guid":{"rendered":"https:\/\/agropic.it\/prodotto\/gefullte-paprika-in-ol-mit-thunfisch-und-kapern-180-g\/"},"modified":"2025-06-10T08:45:55","modified_gmt":"2025-06-10T08:45:55","slug":"gefullte-paprika-in-ol-mit-thunfisch-und-kapern-180-g","status":"publish","type":"product","link":"https:\/\/agropic.it\/de\/produkt\/gefullte-paprika-in-ol-mit-thunfisch-und-kapern-180-g\/","title":{"rendered":"Gef\u00fcllte Chilis in \u00d6l \u2013 mit Thunfisch und Kapern 180g"},"content":{"rendered":"<h5>Die Gef\u00fcllte Chilis in \u00d6l-mit Thunfisch und Kapern von Agro Pic werden aus den besten 100 % scharfen Chilis Kalabriens hergestellt, handverlesen auf dem unber\u00fchrten Firmengel\u00e4nde und bei 0 km verarbeitet. Unsere gef\u00fcllten Chilis in \u00d6l sind ohne Konservierungsstoffe.<\/h5>\n<p>Es handelt sich um eine der wichtigsten Konserven der kalabrischen K\u00fcche, sie werden vor allem zur Zubereitung k\u00f6stlicher Vorspeisen verwendet oder k\u00f6nnen mit frischem Brot genossen werden.<\/p>\n<p><strong>Zutaten<\/strong>: Scharfe Chilischoten, natives Oliven\u00f6l extra, Sonnenblumenkern\u00f6l, Thunfisch, Kapern, Oregano, Knoblauch, Wei\u00dfweinessig, Zitronensaft.<\/p>\n<p><strong>Format<\/strong>: 180g<\/p>\n<p><strong>Lagerungsmethode<\/strong>: An einem k\u00fchlen, trockenen Ort aufbewahren, fern von Sonnenlicht oder W\u00e4rmequellen. Nach dem \u00d6ffnen im K\u00fchlschrank aufbewahren, mit \u00d6l bedecken und innerhalb weniger Tage verbrauchen.<\/p>\n<p>Chilischote ist eine Grundzutat der typisch kalabrischen K\u00fcche, sie hat aufgrund der enthaltenen Flavonoide eine gro\u00dfe antioxidative Kraft und ist reich an Vitamin C und Mineralien.<\/p>\n<p><strong>Seit der Antike ist Chilipfeffer ein Gew\u00fcrz, das nicht nur Gerichten Sch\u00e4rfe verleiht, sondern auch eine Reihe positiver Wirkungen auf die menschliche Gesundheit hat.<\/strong><\/p>\n<p><strong>Tats\u00e4chlich, Chilischote:<\/strong><\/p>\n<ul>\n<li>es ist reich an Vitamin A, C und E.<\/li>\n<li>Es hat antibakterielle, antihistaminische und antioxidative Eigenschaften.<\/li>\n<li>Es hat eine bekannte aphrodisierende Wirkung.<\/li>\n<li>Es hat eine schmerzlindernde Wirkung auf Muskeln und Knochen.<\/li>\n<li>aktiviert den Stoffwechsel und hilft, das K\u00f6rpergewicht zu kontrollieren.<\/li>\n<li>Es senkt den Cholesterin-, Glukose- und Triglyceridspiegel.<\/li>\n<li>Verbessert die Durchblutung und beugt Herz-Kreislauf-Erkrankungen vor<\/li>\n<\/ul>\n<p>&nbsp;<\/p>\n<p><strong>Familienbetrieb und Auswahl der besten Rohstoffe<\/strong>, die auf den fruchtbaren B\u00f6den des Unternehmens angebaut und unter Ber\u00fccksichtigung der alten Tradition verarbeitet werden. Dies ist der Personalausweis von Agro Pic, einem Unternehmen, das auf die Herstellung von Marmeladen, S\u00e4ften, So\u00dfen und Gurken spezialisiert ist.<\/p>\n<p><strong>Das Hauptziel von Agro Pic besteht darin, die Aromen und Fr\u00fcchte Kalabriens hervorzuheben, insbesondere die besonderen und meist weniger bekannten<\/strong>, wie Bergamotte, eine Frucht mit zahlreichen wohltuenden Eigenschaften, einzigartig und s\u00e4uerlich wie das gesamte kalabrische Gebiet.<\/p>\n<p>Natur, Tradition und hohe Qualit\u00e4t sind die Zutaten f\u00fcr den Erfolg von Agro Pic.<\/p>\n<p><strong>F\u00fcr weitere Informationen zu unseren Produkten z\u00f6gern Sie nicht, uns zu kontaktieren:<\/strong><\/p>\n<p>Mobil. 349 5651669<\/p>\n<p>Tel. 0964 1955229<\/p>\n<p>info@agropic.it<\/p>\n","protected":false},"excerpt":{"rendered":"<p>Die gef\u00fcllten Chilis in \u00d6l von Agro Pic werden aus den besten 100 % scharfen Chilis Kalabriens hergestellt, handverlesen auf dem unber\u00fchrten Firmengel\u00e4nde und bei 0 km verarbeitet. Unsere gef\u00fcllten Chilis in \u00d6l sind ohne Konservierungsstoffe.<\/p>\n<p>Es handelt sich um eine der wichtigsten Konserven der kalabrischen K\u00fcche, sie werden vor allem zur Zubereitung k\u00f6stlicher Vorspeisen verwendet oder k\u00f6nnen mit frischem Brot genossen werden.<\/p>\n<p><strong>Zutaten<\/strong>: Scharfe Chilischoten, natives Oliven\u00f6l extra, Sonnenblumenkern\u00f6l, Thunfisch, Kapern, Oregano, Knoblauch, Wei\u00dfweinessig, <strong>Zitronensaft<\/strong>. <strong>Format<\/strong>: 180g<\/p>\n<p>Lesen Sie die vollst\u00e4ndige Beschreibung unten.<\/p>\n<p><strong>Kaufen Sie es jetzt und erhalten Sie es innerhalb von 4-5 Werktagen bei Ihnen zu Hause.<\/strong>&hellip; <a class=\"kt-excerpt-readmore more-link\" href=\"https:\/\/agropic.it\/de\/produkt\/gefullte-paprika-in-ol-mit-thunfisch-und-kapern-180-g\/\" aria-label=\"Gef\u00fcllte Chilis in \u00d6l \u2013 mit Thunfisch und Kapern 180g\">Read More<\/a><\/p>\n","protected":false},"featured_media":7175,"comment_status":"closed","ping_status":"closed","template":"","meta":{"kt_blocks_editor_width":"","_kad_blocks_custom_css":"","_kad_blocks_head_custom_js":"","_kad_blocks_body_custom_js":"","_kad_blocks_footer_custom_js":""},"product_brand":[],"product_cat":[267],"product_tag":[],"class_list":{"0":"post-3436","1":"product","2":"type-product","3":"status-publish","4":"has-post-thumbnail","6":"product_cat-konserven-in-ol-und-sus-sauer","8":"first","9":"outofstock","10":"shipping-taxable","11":"purchasable","12":"product-type-simple"},"taxonomy_info":{"product_cat":[{"value":267,"label":"Konserven in \u00d6l und s\u00fc\u00df-sauer"}]},"featured_image_src_large":["https:\/\/agropic.it\/wp-content\/uploads\/2023\/03\/Peperoncini-ripieni-con-tonno-e-capperi-960x960.webp",960,960,true],"author_info":[],"comment_info":0,"_links":{"self":[{"href":"https:\/\/agropic.it\/de\/wp-json\/wp\/v2\/product\/3436","targetHints":{"allow":["GET"]}}],"collection":[{"href":"https:\/\/agropic.it\/de\/wp-json\/wp\/v2\/product"}],"about":[{"href":"https:\/\/agropic.it\/de\/wp-json\/wp\/v2\/types\/product"}],"replies":[{"embeddable":true,"href":"https:\/\/agropic.it\/de\/wp-json\/wp\/v2\/comments?post=3436"}],"wp:featuredmedia":[{"embeddable":true,"href":"https:\/\/agropic.it\/de\/wp-json\/wp\/v2\/media\/7175"}],"wp:attachment":[{"href":"https:\/\/agropic.it\/de\/wp-json\/wp\/v2\/media?parent=3436"}],"wp:term":[{"taxonomy":"product_brand","embeddable":true,"href":"https:\/\/agropic.it\/de\/wp-json\/wp\/v2\/product_brand?post=3436"},{"taxonomy":"product_cat","embeddable":true,"href":"https:\/\/agropic.it\/de\/wp-json\/wp\/v2\/product_cat?post=3436"},{"taxonomy":"product_tag","embeddable":true,"href":"https:\/\/agropic.it\/de\/wp-json\/wp\/v2\/product_tag?post=3436"}],"curies":[{"name":"wp","href":"https:\/\/api.w.org\/{rel}","templated":true}]}}