{"id":3432,"date":"2024-01-23T10:55:06","date_gmt":"2024-01-23T10:55:06","guid":{"rendered":"https:\/\/agropic.it\/prodotto\/gemischte-champignons-mit-steinpilzen-in-ol-280-g\/"},"modified":"2025-07-15T08:09:00","modified_gmt":"2025-07-15T08:09:00","slug":"gemischte-champignons-mit-steinpilzen-in-ol-280-g","status":"publish","type":"product","link":"https:\/\/agropic.it\/de\/produkt\/gemischte-champignons-mit-steinpilzen-in-ol-280-g\/","title":{"rendered":"Gemischte Pilze mit Steinpilzen in \u00d6l 280g"},"content":{"rendered":"<h6>Gemischte Pilze mit Steinpilzen in \u00d6l<\/h6>\n<p><strong>Die gemischten Pilze mit Steinpilzen in \u00d6l von Agro Pic sind ein Klassiker der Aspromonte-K\u00fcche und werden ohne Zusatz von Konservierungsstoffen hergestellt.<\/strong><\/p>\n<p><strong>Gemischte Pilze mit Steinpilzen<\/strong> sind ein schmackhaftes Gericht, das die Vorz\u00fcge frischer Pilze mit denen wertvoller Steinpilze, einer der beliebtesten Zutaten der italienischen K\u00fcche, vereint. Dieses Gericht l\u00e4sst sich auf vielf\u00e4ltige Weise zubereiten, von einer einfachen Sauce (gebratene Pilze) bis hin zu komplexeren Gerichten wie Risotto oder Pasta.<\/p>\n<p><strong>Zutaten<\/strong>: Pilze in unterschiedlichen Anteilen (Pleurotus Ostreatus, Shiitake, Stropharia Rugosa Annulata, Pholiota Nameko, Boletus Edulis), Sonnenblumen\u00f6l, Paprika, Salz, Essig, Knoblauch, S\u00e4ureregulator: Zitronens\u00e4ure.<\/p>\n<p><strong>Gr\u00f6\u00dfe<\/strong>: 280 g<\/p>\n<p><strong>Aufbewahrungshinweise<\/strong>: K\u00fchl und trocken lagern, vor Sonnenlicht und Hitze sch\u00fctzen. Nach dem \u00d6ffnen mit \u00d6l bedeckt im K\u00fchlschrank aufbewahren und innerhalb weniger Tage verbrauchen.<\/p>\n<p><strong>N\u00e4hrwerte pro 100 g:<\/strong><\/p>\n<ul>\n<li>Energie 459 kJ 111 kcal<\/li>\n<li>Eiwei\u00df 2,07 g<\/li>\n<li>Fett 8,9 g<\/li>\n<li>davon ges\u00e4ttigte Fetts\u00e4uren 0,9 g<\/li>\n<li>Kohlenhydrate 4,7 g<\/li>\n<li>davon Zucker 1,2 g<\/li>\n<li>Salz 1,1 g<\/li>\n<\/ul>\n<p><strong>Familienbetrieb mit einer Auswahl feinster Rohstoffe<\/strong>, die auf dem fruchtbaren Boden des Hofes angebaut und nach alter Tradition verarbeitet werden.<\/p>\n<p>Neben gemischten Pilzen und Steinpilzen in \u00d6l bieten wir eine breite Produktpalette an, die alle frisch und handwerklich zubereitet werden und einen unverwechselbaren Geschmack haben. Dazu geh\u00f6ren Fruchts\u00e4fte, saisonale Fruchtmarmeladen und -konfit\u00fcren, Tomatenmark, Cremes, Honig und \u00d6lkonfit\u00fcren.<\/p>\n<p><strong>Unser oberstes Ziel ist es, die Aromen und Fr\u00fcchte Kalabriens bekannt zu machen, insbesondere die besonderen und weniger bekannten Sorten<\/strong> wie die Bergamotte, eine Frucht mit vielen wohltuenden Eigenschaften, einzigartig und herb, wie ganz Kalabrien.<\/p>\n<p>Wir bringen hochwertige, authentische Produkte auf Ihren Tisch. Wir stammen aus einer sorgf\u00e4ltigen und kontrollierten Auswahl an Rohstoffen, die gr\u00f6\u00dftenteils direkt von uns angebaut und ohne den Einsatz von Chemikalien gewonnen werden.<\/p>\n<p>Natur, Tradition und hohe Qualit\u00e4t sind die Zutaten f\u00fcr den Erfolg von Agro Pic.<\/p>\n<p>Folgen Sie uns auf Instagram, um alle Neuigkeiten von Agro Pic zu erfahren.<\/p>\n<p>https:\/\/www.instagram.com\/agropic\/<\/p>\n<p><strong>F\u00fcr weitere Informationen zu unseren Produkten kontaktieren Sie uns bitte:<\/strong><\/p>\n<p>Mobil: +39 3495651669<\/p>\n<p>E-Mail: info@agropic.it<\/p>\n<p>Tel.: +39 0964 1955229<\/p>\n","protected":false},"excerpt":{"rendered":"<p>Die gemischten Pilze mit Steinpilzen in \u00d6l von Agro Pic sind ein Klassiker der Aspromonte-K\u00fcche und werden ohne Zusatz von Konservierungsstoffen hergestellt.<\/p>\n<p><strong>Zutaten<\/strong>: Pilze in unterschiedlichen Anteilen (Pleurotus Ostreatus, Shiitake, Stropharia Rugosa Annulata, Pholiota Nameko, Boletus Edulis), Sonnenblumen\u00f6l, Paprika, Salz, Essig, Knoblauch, S\u00e4ureregulator: Zitronens\u00e4ure.<\/p>\n<p><strong>Gr\u00f6\u00dfe<\/strong>: 280 g<\/p>\n<p>Lesen Sie die vollst\u00e4ndige Beschreibung unten.<\/p>\n<p>Jetzt kaufen und innerhalb von 4\/5 Tagen nach Hause geliefert bekommen.&hellip; <a class=\"kt-excerpt-readmore more-link\" href=\"https:\/\/agropic.it\/de\/produkt\/gemischte-champignons-mit-steinpilzen-in-ol-280-g\/\" aria-label=\"Gemischte Pilze mit Steinpilzen in \u00d6l 280g\">Read More<\/a><\/p>\n","protected":false},"featured_media":8175,"comment_status":"closed","ping_status":"closed","template":"","meta":{"kt_blocks_editor_width":"","_kad_blocks_custom_css":"","_kad_blocks_head_custom_js":"","_kad_blocks_body_custom_js":"","_kad_blocks_footer_custom_js":""},"product_brand":[],"product_cat":[267],"product_tag":[],"class_list":{"0":"post-3432","1":"product","2":"type-product","3":"status-publish","4":"has-post-thumbnail","6":"product_cat-konserven-in-ol-und-sus-sauer","8":"first","9":"instock","10":"shipping-taxable","11":"purchasable","12":"product-type-simple"},"taxonomy_info":{"product_cat":[{"value":267,"label":"Konserven in \u00d6l und s\u00fc\u00df-sauer"}]},"featured_image_src_large":["https:\/\/agropic.it\/wp-content\/uploads\/2024\/01\/Funghi-Misti-con-porcini-sottolio-960x960.jpg",960,960,true],"author_info":[],"comment_info":0,"_links":{"self":[{"href":"https:\/\/agropic.it\/de\/wp-json\/wp\/v2\/product\/3432","targetHints":{"allow":["GET"]}}],"collection":[{"href":"https:\/\/agropic.it\/de\/wp-json\/wp\/v2\/product"}],"about":[{"href":"https:\/\/agropic.it\/de\/wp-json\/wp\/v2\/types\/product"}],"replies":[{"embeddable":true,"href":"https:\/\/agropic.it\/de\/wp-json\/wp\/v2\/comments?post=3432"}],"wp:featuredmedia":[{"embeddable":true,"href":"https:\/\/agropic.it\/de\/wp-json\/wp\/v2\/media\/8175"}],"wp:attachment":[{"href":"https:\/\/agropic.it\/de\/wp-json\/wp\/v2\/media?parent=3432"}],"wp:term":[{"taxonomy":"product_brand","embeddable":true,"href":"https:\/\/agropic.it\/de\/wp-json\/wp\/v2\/product_brand?post=3432"},{"taxonomy":"product_cat","embeddable":true,"href":"https:\/\/agropic.it\/de\/wp-json\/wp\/v2\/product_cat?post=3432"},{"taxonomy":"product_tag","embeddable":true,"href":"https:\/\/agropic.it\/de\/wp-json\/wp\/v2\/product_tag?post=3432"}],"curies":[{"name":"wp","href":"https:\/\/api.w.org\/{rel}","templated":true}]}}