{"id":3428,"date":"2018-04-27T16:21:42","date_gmt":"2018-04-27T16:21:42","guid":{"rendered":"https:\/\/agropic.it\/prodotto\/bergood-prickelndes-bergamotte-getrank-250-ml\/"},"modified":"2025-07-16T09:15:31","modified_gmt":"2025-07-16T09:15:31","slug":"bergood-prickelndes-bergamotte-getrank-250-ml","status":"publish","type":"product","link":"https:\/\/agropic.it\/de\/produkt\/bergood-prickelndes-bergamotte-getrank-250-ml\/","title":{"rendered":"Bergood &#8211; Bergamotte Sprudelgetr\u00e4nk 200 ml"},"content":{"rendered":"<h6>Bergood &#8211; Bergamotte Sprudelgetr\u00e4nk<\/h6>\n<p><strong>Bergood \u2013 Bergamotte-Erfrischungsgetr\u00e4nk ist ein alkoholfreies, prickelndes Getr\u00e4nk aus Bergamotte, einer Frucht mit vielen wohltuenden Eigenschaften, die in der Region Ionisches Meer und Regina in Kalabrien angebaut wird.<\/strong><\/p>\n<p>Bergood ist ein durstl\u00f6schendes und verdauungsf\u00f6rderndes Getr\u00e4nk, ideal f\u00fcr alle, die den raffinierten Geschmack der Bergamotte lieben und einen besonderen Moment wie einen Aperitif mit Freunden genie\u00dfen m\u00f6chten.<\/p>\n<p>Zutaten: Wasser, Zucker, Bergamottensaft 12 %, Kohlendioxid, Aromen. S\u00e4uerungsmittel: Zitronens\u00e4ure.<\/p>\n<p>Keine Konservierungsstoffe.<\/p>\n<p>200-ml-Flasche<\/p>\n<p>Bergamotte wird in der Region Ionisches Meer und Regina in Kalabrien angebaut; das Mikroklima dieser kleinen Region ist besonders g\u00fcnstig f\u00fcr den Anbau dieser Zitrusfrucht. Sie gilt als Gesundheitsfrucht, da ihr neuere wissenschaftliche Studien zahlreiche positive Wirkungen zuschreiben.<\/p>\n<p>Sie tr\u00e4gt zur Bek\u00e4mpfung des LDL-Cholesterins (schlechtes Cholesterin) bei und beugt so Herz-Kreislauf-Erkrankungen vor. Au\u00dferdem normalisiert sie Transaminasen, CPK und den Blutzuckerspiegel.<br \/>\nEs ist reich an Mineralien und Vitaminen, die Knochenerkrankungen vorbeugen und das Immunsystem st\u00e4rken k\u00f6nnen, sowie an Antioxidantien, die die Alterung verlangsamen.<br \/>\nEs ist au\u00dferdem wirksam bei Verdauungsproblemen, bek\u00e4mpft Mundgeruch und verbessert dank seiner antibakteriellen Eigenschaften die Atemwege.<\/p>\n<p>Alle unsere Produkte werden zu 100 % in Kalabrien hergestellt und auf unserem familiengef\u00fchrten Bauernhof angebaut. Wir respektieren Tradition und Natur, mit dem einzigen Ziel, unseren Endkunden ein Produkt von h\u00f6chster Qualit\u00e4t zu bieten. Unser Ziel war es schon immer, die Aromen und Fr\u00fcchte Kalabriens hervorzuheben, insbesondere besondere Sorten wie Bergamotte, die zwar weniger bekannt sind, aber einzigartige und seltene Eigenschaften besitzen.<\/p>\n<p><strong>Als Familienbetrieb w\u00e4hlen wir die besten Rohstoffe aus<\/strong>, die auf dem fruchtbaren Boden des Bauernhofs angebaut und nach alter Tradition verarbeitet werden.<\/p>\n<p>Neben Bergamotte bieten wir eine breite Palette an Produkten an, die alle frisch nach handwerklichen Methoden hergestellt werden und einen unverwechselbaren Geschmack haben, wie zum Beispiel Fruchts\u00e4fte, saisonale Fruchtmarmeladen und -konfit\u00fcren, Tomatenp\u00fcrees, Cremes, Honig und \u00d6lkonserven.<\/p>\n<p><strong>Das Hauptziel unseres Unternehmens ist es, die Aromen und Fr\u00fcchte Kalabriens zu f\u00f6rdern, insbesondere die besonderen und weniger bekannten Sorten<\/strong> wie die Bergamotte, eine Frucht mit vielen wohltuenden Eigenschaften, einzigartig und herb, wie die gesamte Region Kalabrien.<\/p>\n<p>Wir bringen hochwertige, authentische Produkte auf Ihren Tisch, die aus einer sorgf\u00e4ltigen und kontrollierten Auswahl an Rohstoffen stammen. Viele davon werden direkt von uns angebaut und ohne den Einsatz von Chemikalien gewonnen.<\/p>\n<p>Natur, Tradition und hohe Qualit\u00e4t sind die Zutaten f\u00fcr den Erfolg von Agro Pic.<\/p>\n<p>Folgen Sie uns auf Instagram und erfahren Sie alle Neuigkeiten von Agro Pic.<\/p>\n<p>https:\/\/www.instagram.com\/agropic\/<\/p>\n<p><strong>F\u00fcr weitere Informationen zu unseren Produkten kontaktieren Sie uns bitte:<\/strong><\/p>\n<p>Mobil: +39 3495651669<\/p>\n<p>E-Mail: info@agropic.it<\/p>\n<p>Tel.: +39 0964 1955229<\/p>\n","protected":false},"excerpt":{"rendered":"<p>Bergood \u2013 Bergamotte-Erfrischungsgetr\u00e4nk ist ein alkoholfreies, prickelndes Getr\u00e4nk mit Bergamotte, einer Frucht mit vielen wohltuenden Eigenschaften, die in der Region Ionisches Meer und Reggio Calabria angebaut wird.<\/p>\n<p>Ein durstl\u00f6schendes und verdauungsf\u00f6rderndes Getr\u00e4nk, ideal f\u00fcr alle, die den raffinierten Geschmack der Bergamotte lieben und einen besonderen Moment wie einen Aperitif mit Freunden teilen m\u00f6chten.<\/p>\n<p>Ohne Konservierungsstoffe.<\/p>\n<p>F\u00fcllmenge: 200 ml<\/p>\n<p>Sie k\u00f6nnen unsere Produkte \u00fcber diese Website, per E-Mail an info@agropic.it oder telefonisch unter 349 56 51 669 bestellen. Nach Zahlungseingang wird Ihre Bestellung innerhalb von 4\u20135 Werktagen geliefert.<\/p>\n<p>Lesen Sie die vollst\u00e4ndige Beschreibung unten!&hellip; <a class=\"kt-excerpt-readmore more-link\" href=\"https:\/\/agropic.it\/de\/produkt\/bergood-prickelndes-bergamotte-getrank-250-ml\/\" aria-label=\"Bergood &#8211; Bergamotte Sprudelgetr\u00e4nk 200 ml\">Read More<\/a><\/p>\n","protected":false},"featured_media":8884,"comment_status":"closed","ping_status":"closed","template":"","meta":{"kt_blocks_editor_width":"","_kad_blocks_custom_css":"","_kad_blocks_head_custom_js":"","_kad_blocks_body_custom_js":"","_kad_blocks_footer_custom_js":""},"product_brand":[],"product_cat":[319],"product_tag":[366],"class_list":{"0":"post-3428","1":"product","2":"type-product","3":"status-publish","4":"has-post-thumbnail","6":"product_cat-bergamotte-saft","7":"product_tag-bergamotte-getrank","9":"first","10":"instock","11":"sale","12":"shipping-taxable","13":"purchasable","14":"product-type-simple"},"taxonomy_info":{"product_cat":[{"value":319,"label":"Bergamotte-Saft"}],"product_tag":[{"value":366,"label":"Bergamotte-Getr\u00e4nk"}]},"featured_image_src_large":["https:\/\/agropic.it\/wp-content\/uploads\/2018\/04\/bergood-200-ml-piccola-risoluzione-sito-960x960.jpg",960,960,true],"author_info":[],"comment_info":0,"_links":{"self":[{"href":"https:\/\/agropic.it\/de\/wp-json\/wp\/v2\/product\/3428","targetHints":{"allow":["GET"]}}],"collection":[{"href":"https:\/\/agropic.it\/de\/wp-json\/wp\/v2\/product"}],"about":[{"href":"https:\/\/agropic.it\/de\/wp-json\/wp\/v2\/types\/product"}],"replies":[{"embeddable":true,"href":"https:\/\/agropic.it\/de\/wp-json\/wp\/v2\/comments?post=3428"}],"wp:featuredmedia":[{"embeddable":true,"href":"https:\/\/agropic.it\/de\/wp-json\/wp\/v2\/media\/8884"}],"wp:attachment":[{"href":"https:\/\/agropic.it\/de\/wp-json\/wp\/v2\/media?parent=3428"}],"wp:term":[{"taxonomy":"product_brand","embeddable":true,"href":"https:\/\/agropic.it\/de\/wp-json\/wp\/v2\/product_brand?post=3428"},{"taxonomy":"product_cat","embeddable":true,"href":"https:\/\/agropic.it\/de\/wp-json\/wp\/v2\/product_cat?post=3428"},{"taxonomy":"product_tag","embeddable":true,"href":"https:\/\/agropic.it\/de\/wp-json\/wp\/v2\/product_tag?post=3428"}],"curies":[{"name":"wp","href":"https:\/\/api.w.org\/{rel}","templated":true}]}}