{"id":3414,"date":"2024-01-30T09:32:37","date_gmt":"2024-01-30T09:32:37","guid":{"rendered":"https:\/\/agropic.it\/prodotto\/12-stuck-serbino-tomatensauce-340-g\/"},"modified":"2025-05-27T08:58:07","modified_gmt":"2025-05-27T08:58:07","slug":"12-stuck-serbino-tomatensauce-340-g","status":"publish","type":"product","link":"https:\/\/agropic.it\/de\/produkt\/12-stuck-serbino-tomatensauce-340-g\/","title":{"rendered":"12 Flaschen &#8211; SERBINO Kirschtomatenp\u00fcree 340g"},"content":{"rendered":"<h5><strong>Das SERBINO Kirschtomatenp\u00fcree wird exklusiv von Agro Pic aus den besten Kirschtomaten von Serbo (heimische Sorte Kalabrien) hergestellt, die auf unserem Bauernhof auf offenen Feldern und unter der Sonne angebaut werden. Vollmundig, ohne Konservierungsstoffe und in wenigen Minuten fertig.<\/strong><\/h5>\n<p>Die Tomaten werden ohne den Einsatz von Chemikalien angebaut, von Hand geerntet und nach alter kalabrischer Tradition verarbeitet.<\/p>\n<p><strong>Zutaten<\/strong>: Tomate, Salz.<\/p>\n<p>Frei von Konservierungsstoffen<\/p>\n<p><strong>Format<\/strong>: 340g<\/p>\n<p><strong>Tomatenherkunft<\/strong>: ITALIEN (Kalabrien)<\/p>\n<p><strong>Anwendung<\/strong>: Eine 340g-Flasche enth\u00e4lt 3-4 Portionen, ideal f\u00fcr italienische Spaghetti, auf Pizza und f\u00fcr zahlreiche Rezepte.<\/p>\n<p><strong>Lagerung<\/strong>: An einem k\u00fchlen, trockenen Ort, fern von Sonnenlicht und W\u00e4rmequellen lagern. Nach dem \u00d6ffnen im K\u00fchlschrank aufbewahren und innerhalb von 5 Tagen verbrauchen.<\/p>\n<p><strong>Hier sind die wohltuenden Eigenschaften von Tomaten:<\/strong><\/p>\n<ul>\n<li><strong>Verhindert Herz-Kreislauf-Erkrankungen<\/strong><\/li>\n<li><strong>Reich an Vitamin C<\/strong><\/li>\n<li><strong>Verhindert Darm- und Prostatakrebs<\/strong><\/li>\n<li><strong>Verhindert Osteoporose<\/strong><\/li>\n<li><strong>Es senkt das schlechte LDL-Cholesterin und erh\u00f6ht das gute HDL-Cholesterin<\/strong><\/li>\n<li><strong>Sch\u00fctzt Ihr Sehverm\u00f6gen<\/strong><\/li>\n<li><strong>Es hat harntreibende und verdauungsf\u00f6rdernde Eigenschaften<\/strong><\/li>\n<\/ul>\n<p>Der t\u00e4gliche Verzehr von Tomaten und Tomatenderivaten tr\u00e4gt dazu bei, das Risiko von Krebserkrankungen des Magen-Darm-Trakts, der Atemwege, des Magens und der Lunge zu verringern.<\/p>\n<p><strong>Familienbetrieb und Auswahl der besten Rohstoffe<\/strong>, die auf den fruchtbaren B\u00f6den des Unternehmens angebaut und unter Ber\u00fccksichtigung der alten Tradition verarbeitet werden. Dies ist der Personalausweis von Agro Pic, einem Unternehmen, das auf die Herstellung von Marmeladen, S\u00e4ften, So\u00dfen und Gurken spezialisiert ist.<\/p>\n<p>Natur, Tradition und hohe Qualit\u00e4t sind die Zutaten f\u00fcr den Erfolg von Agro Pic.<\/p>\n<p><strong>F\u00fcr weitere Informationen zu unseren Produkten z\u00f6gern Sie nicht, uns zu kontaktieren:<\/strong><\/p>\n<p>Zelle. 3495651669<\/p>\n<p>Tel. 0964 1955229<\/p>\n<p>info@agropic.it<\/p>\n","protected":false},"excerpt":{"rendered":"<p>Das Serbino-Kirschtomatenp\u00fcree wird exklusiv von Agro Pic aus den besten Kirschtomaten von Serbo (heimische Sorte Kalabrien) hergestellt, die auf unserem Bauernhof auf offenen Feldern und unter der Sonne angebaut werden. Vollmundig, ohne Konservierungsstoffe und in wenigen Minuten fertig.<\/p>\n<p>Die Tomaten werden ohne den Einsatz von Chemikalien angebaut, von Hand geerntet und nach alter kalabrischer Tradition verarbeitet.<\/p>\n<p><strong>Zutaten<\/strong>: Tomate, Salz. <strong>Format<\/strong>: 340g<\/p>\n<p>Frei von Konservierungsstoffen<\/p>\n<p><strong>Tomatenherkunft<\/strong>: ITALIEN (Kalabrien)<\/p>\n<p>Lesen Sie die vollst\u00e4ndige Beschreibung unten.<\/p>\n<p><strong>Kaufen Sie jetzt und erhalten Sie es innerhalb von 4-5 Werktagen bei Ihnen zu Hause.<\/strong>&hellip; <a class=\"kt-excerpt-readmore more-link\" href=\"https:\/\/agropic.it\/de\/produkt\/12-stuck-serbino-tomatensauce-340-g\/\" aria-label=\"12 Flaschen &#8211; SERBINO Kirschtomatenp\u00fcree 340g\">Read More<\/a><\/p>\n","protected":false},"featured_media":7140,"comment_status":"closed","ping_status":"closed","template":"","meta":{"kt_blocks_editor_width":"","_kad_blocks_custom_css":"","_kad_blocks_head_custom_js":"","_kad_blocks_body_custom_js":"","_kad_blocks_footer_custom_js":""},"product_brand":[],"product_cat":[244],"product_tag":[],"class_list":{"0":"post-3414","1":"product","2":"type-product","3":"status-publish","4":"has-post-thumbnail","6":"product_cat-tomatenpurees-und-saucen","8":"first","9":"instock","10":"shipping-taxable","11":"purchasable","12":"product-type-simple"},"taxonomy_info":{"product_cat":[{"value":244,"label":"Tomatenp\u00fcrees und -saucen"}]},"featured_image_src_large":["https:\/\/agropic.it\/wp-content\/uploads\/2023\/03\/passata-di-pomodoro-ciliegino-960x960.webp",960,960,true],"author_info":[],"comment_info":0,"_links":{"self":[{"href":"https:\/\/agropic.it\/de\/wp-json\/wp\/v2\/product\/3414","targetHints":{"allow":["GET"]}}],"collection":[{"href":"https:\/\/agropic.it\/de\/wp-json\/wp\/v2\/product"}],"about":[{"href":"https:\/\/agropic.it\/de\/wp-json\/wp\/v2\/types\/product"}],"replies":[{"embeddable":true,"href":"https:\/\/agropic.it\/de\/wp-json\/wp\/v2\/comments?post=3414"}],"wp:featuredmedia":[{"embeddable":true,"href":"https:\/\/agropic.it\/de\/wp-json\/wp\/v2\/media\/7140"}],"wp:attachment":[{"href":"https:\/\/agropic.it\/de\/wp-json\/wp\/v2\/media?parent=3414"}],"wp:term":[{"taxonomy":"product_brand","embeddable":true,"href":"https:\/\/agropic.it\/de\/wp-json\/wp\/v2\/product_brand?post=3414"},{"taxonomy":"product_cat","embeddable":true,"href":"https:\/\/agropic.it\/de\/wp-json\/wp\/v2\/product_cat?post=3414"},{"taxonomy":"product_tag","embeddable":true,"href":"https:\/\/agropic.it\/de\/wp-json\/wp\/v2\/product_tag?post=3414"}],"curies":[{"name":"wp","href":"https:\/\/api.w.org\/{rel}","templated":true}]}}