{"id":3392,"date":"2024-01-30T14:15:18","date_gmt":"2019-02-04T14:15:18","guid":{"rendered":"https:\/\/agropic.it\/prodotto\/clementine-extra-konfiture-220-g\/"},"modified":"2025-05-14T07:11:24","modified_gmt":"2025-05-14T07:11:24","slug":"clementine-extra-konfiture-220-g","status":"publish","type":"product","link":"https:\/\/agropic.it\/de\/produkt\/clementine-extra-konfiture-220-g\/","title":{"rendered":"Clementinenmarmelade 220g"},"content":{"rendered":"<h5>Clementinenmarmelade ist ideal f\u00fcr Fr\u00fchst\u00fccke und leckere Snacks.<\/h5>\n<p><strong>Zutaten<\/strong>: Clementine 70 %, Zucker, Verdickungsmittel: nat\u00fcrliches Pektin.<\/p>\n<p>Frei von Konservierungsstoffen<\/p>\n<p><strong>Format<\/strong>: 220g<\/p>\n<p><strong>Herkunft der Clementine:<\/strong> Italien (Kalabrien)<\/p>\n<p><strong>Lagerungsmethode<\/strong>: An einem trockenen und k\u00fchlen Ort aufbewahren, fern von Licht- oder W\u00e4rmequellen. Nach dem \u00d6ffnen innerhalb weniger Tage verbrauchen.<\/p>\n<p>Verwendet wurden: 70g Obst pro 100g Fertigprodukt.<\/p>\n<p>N\u00e4hrwerte pro 100 g Fertigprodukt:<\/p>\n<ul>\n<li>Energie: 1175 kcal 276 Kj<\/li>\n<li>Protein: 0,7 g<\/li>\n<li>Lipide 0,3 g<\/li>\n<li>davon ges\u00e4ttigt 0,07 g<\/li>\n<li>Kohlenhydrate 63 g<\/li>\n<li>davon Zucker 62 g<\/li>\n<li>Natrium 0,1 g<\/li>\n<\/ul>\n<p><strong>Familienbetrieb und Auswahl der besten Rohstoffe<\/strong>, die auf den fruchtbaren B\u00f6den des Unternehmens angebaut und unter Ber\u00fccksichtigung der alten Tradition verarbeitet werden. Dies ist der Personalausweis von Agro Pic, einem Unternehmen, das auf die Herstellung von Marmeladen, S\u00e4ften, So\u00dfen und Gurken spezialisiert ist.<\/p>\n<p><strong>Das Hauptziel der Aktivit\u00e4t besteht darin, die Aromen und Fr\u00fcchte Kalabriens hervorzuheben, insbesondere die besonderen und meist weniger bekannten<\/strong>, wie Bergamotte, eine Frucht mit zahlreichen wohltuenden Eigenschaften, einzigartig und s\u00e4uerlich wie das gesamte kalabrische Gebiet.<\/p>\n<p>Natur, Tradition und hohe Qualit\u00e4t sind die Zutaten f\u00fcr den Erfolg von Agro Pic.<\/p>\n<p><strong>F\u00fcr weitere Informationen zu unseren Produkten z\u00f6gern Sie nicht, uns zu kontaktieren:<\/strong><\/p>\n<p>Mobil. 349 5651669<\/p>\n<p>Tel. 0964 1955229<\/p>\n<p>info@agropic.it<\/p>\n","protected":false},"excerpt":{"rendered":"<p>Clementinenmarmelade ist ideal f\u00fcr Fr\u00fchst\u00fccke und leckere Snacks.<\/p>\n<p><strong>Zutaten<\/strong>: Clementine 70 %, Zucker, Verdickungsmittel: nat\u00fcrliches Pektin.<\/p>\n<p>Frei von Konservierungsstoffen<\/p>\n<p><strong>Format<\/strong>: 220g Clementine <strong>Herkunft<\/strong>: Italien (Kalabrien)<\/p>\n<p>Lesen Sie die vollst\u00e4ndige Beschreibung f\u00fcr weitere Informationen!<\/p>\n<p><strong>Kaufen Sie es jetzt und erhalten Sie es innerhalb von 4-5 Werktagen bei Ihnen zu Hause.<\/strong>&hellip; <a class=\"kt-excerpt-readmore more-link\" href=\"https:\/\/agropic.it\/de\/produkt\/clementine-extra-konfiture-220-g\/\" aria-label=\"Clementinenmarmelade 220g\">Read More<\/a><\/p>\n","protected":false},"featured_media":7045,"comment_status":"closed","ping_status":"closed","template":"","meta":{"kt_blocks_editor_width":"","_kad_blocks_custom_css":"","_kad_blocks_head_custom_js":"","_kad_blocks_body_custom_js":"","_kad_blocks_footer_custom_js":""},"product_brand":[],"product_cat":[264],"product_tag":[],"class_list":{"0":"post-3392","1":"product","2":"type-product","3":"status-publish","4":"has-post-thumbnail","6":"product_cat-konfituren-und-marmeladen","8":"first","9":"instock","10":"shipping-taxable","11":"purchasable","12":"product-type-simple"},"taxonomy_info":{"product_cat":[{"value":264,"label":"Konfit\u00fcren und Marmeladen"}]},"featured_image_src_large":["https:\/\/agropic.it\/wp-content\/uploads\/2023\/03\/Marmellata-di-Clementine-960x960.webp",960,960,true],"author_info":[],"comment_info":0,"_links":{"self":[{"href":"https:\/\/agropic.it\/de\/wp-json\/wp\/v2\/product\/3392","targetHints":{"allow":["GET"]}}],"collection":[{"href":"https:\/\/agropic.it\/de\/wp-json\/wp\/v2\/product"}],"about":[{"href":"https:\/\/agropic.it\/de\/wp-json\/wp\/v2\/types\/product"}],"replies":[{"embeddable":true,"href":"https:\/\/agropic.it\/de\/wp-json\/wp\/v2\/comments?post=3392"}],"wp:featuredmedia":[{"embeddable":true,"href":"https:\/\/agropic.it\/de\/wp-json\/wp\/v2\/media\/7045"}],"wp:attachment":[{"href":"https:\/\/agropic.it\/de\/wp-json\/wp\/v2\/media?parent=3392"}],"wp:term":[{"taxonomy":"product_brand","embeddable":true,"href":"https:\/\/agropic.it\/de\/wp-json\/wp\/v2\/product_brand?post=3392"},{"taxonomy":"product_cat","embeddable":true,"href":"https:\/\/agropic.it\/de\/wp-json\/wp\/v2\/product_cat?post=3392"},{"taxonomy":"product_tag","embeddable":true,"href":"https:\/\/agropic.it\/de\/wp-json\/wp\/v2\/product_tag?post=3392"}],"curies":[{"name":"wp","href":"https:\/\/api.w.org\/{rel}","templated":true}]}}