{"id":3388,"date":"2024-01-25T14:17:59","date_gmt":"2024-01-25T14:17:59","guid":{"rendered":"https:\/\/agropic.it\/prodotto\/granatapfel-apfel-konfiture-220-g\/"},"modified":"2025-07-10T07:33:55","modified_gmt":"2025-07-10T07:33:55","slug":"granatapfel-apfel-konfiture-220-g","status":"publish","type":"product","link":"https:\/\/agropic.it\/de\/produkt\/granatapfel-apfel-konfiture-220-g\/","title":{"rendered":"Granatapfel-Apfel-Marmelade 220g"},"content":{"rendered":"<h5>Granatapfel-Apfel-Marmelade<\/h5>\n<p><strong>Granatapfel-Apfel-Marmelade ist ideal f\u00fcr leckere Fr\u00fchst\u00fccke und Snacks.<br \/>\n<\/strong>Granatapfel-Apfel-Marmelade ist eine frische und vielseitige Kombination, die sich vielseitig verwenden l\u00e4sst, sowohl in der K\u00fcche als auch als Beilage zu s\u00fc\u00dfen und herzhaften Gerichten.<\/p>\n<p><strong>Zutaten<\/strong>: Granat\u00e4pfel 35 %, \u00c4pfel 31 %, Zucker, Verdickungsmittel: nat\u00fcrliches Pektin<\/p>\n<p><strong>Verwendet<\/strong>: 70 g Fr\u00fcchte pro 100 g Fertigprodukt<\/p>\n<p><strong>Gr\u00f6\u00dfe<\/strong>: 220 g<\/p>\n<p><strong>Herkunft des Granatapfels<\/strong>: Italien (Kalabrien)<\/p>\n<p><strong>Aufbewahrungshinweise<\/strong>: K\u00fchl, trocken, licht- und w\u00e4rmegesch\u00fctzt lagern. Nach dem \u00d6ffnen innerhalb weniger Tage verbrauchen.<\/p>\n<p><strong>N\u00e4hrwerte<\/strong>:<\/p>\n<ul>\n<li>Energie: 1175 kcal 276 kJ<\/li>\n<li>Eiwei\u00df: 0,7 g<\/li>\n<li>Fett: 0,3 g<\/li>\n<li>davon ges\u00e4ttigte Fetts\u00e4uren: 0,07 g<\/li>\n<li>Kohlenhydrate: 63 g<\/li>\n<li>davon Zucker: 62 g<\/li>\n<li>Natrium: 0,1 g<\/li>\n<\/ul>\n<p><strong>Als Familienbetrieb w\u00e4hlen wir die besten Zutaten aus<\/strong>, die auf unserem fruchtbaren Land angebaut und nach alter Tradition verarbeitet werden.<\/p>\n<p>Neben Granatapfel- und Apfelmarmelade bieten wir eine breite Produktpalette an, alle frisch nach handwerklichen Methoden hergestellt und mit unverwechselbarem Geschmack, darunter Fruchts\u00e4fte, saisonale Fruchtmarmeladen und -konfit\u00fcren, Tomatenp\u00fcrees, Cremes, Honig und \u00d6lkonserven.<\/p>\n<p><strong>Unser oberstes Ziel ist es, die Aromen und Fr\u00fcchte Kalabriens hervorzuheben, insbesondere die besonderen und weniger bekannten<\/strong>, wie zum Beispiel die Bergamotte, eine Frucht mit zahlreichen wohltuenden Eigenschaften, einzigartig und herb wie die gesamte Region Kalabrien.<\/p>\n<p>Wir bringen hochwertige, authentische Produkte auf Ihren Tisch, die aus einer sorgf\u00e4ltigen und kontrollierten Auswahl an Rohstoffen stammen, von denen viele direkt von uns angebaut und ohne den Einsatz von Chemikalien gewonnen werden.<\/p>\n<p>Natur, Tradition und hohe Qualit\u00e4t sind die Zutaten f\u00fcr den Erfolg von Agro Pic.<\/p>\n<p>Folgen Sie uns auf Instagram, um alle Neuigkeiten von Agro Pic zu erfahren.<\/p>\n<p>https:\/\/www.instagram.com\/agropic\/<\/p>\n<p><strong>F\u00fcr weitere Informationen zu unseren Produkten kontaktieren Sie uns bitte:<\/strong><\/p>\n<p>Mobil: +39 3495651669<\/p>\n<p>E-Mail: info@agropic.it<\/p>\n<p>Tel.: +39 0964 1955229<\/p>\n","protected":false},"excerpt":{"rendered":"<p>Granatapfel-Apfel-Marmelade ist ideal zum Fr\u00fchst\u00fcck und als leckerer Snack.<\/p>\n<p><strong>Zutaten<\/strong>: Granat\u00e4pfel 35 %, \u00c4pfel 31 %, Zucker, Verdickungsmittel: nat\u00fcrliches Pektin<\/p>\n<p><strong>Verbrauch<\/strong>: 70 g Fr\u00fcchte pro 100 g Fertigprodukt<\/p>\n<p><strong>Gr\u00f6\u00dfe<\/strong>: 220 g Granatapfel. Herkunft: Italien (Kalabrien).<\/p>\n<p>Weitere Informationen finden Sie in der vollst\u00e4ndigen Produktbeschreibung!<\/p>\n<p><strong>Jetzt kaufen und innerhalb von 4\u20135 Werktagen nach Hause geliefert bekommen.<\/strong>&hellip; <a class=\"kt-excerpt-readmore more-link\" href=\"https:\/\/agropic.it\/de\/produkt\/granatapfel-apfel-konfiture-220-g\/\" aria-label=\"Granatapfel-Apfel-Marmelade 220g\">Read More<\/a><\/p>\n","protected":false},"featured_media":6995,"comment_status":"closed","ping_status":"closed","template":"","meta":{"kt_blocks_editor_width":"","_kad_blocks_custom_css":"","_kad_blocks_head_custom_js":"","_kad_blocks_body_custom_js":"","_kad_blocks_footer_custom_js":""},"product_brand":[],"product_cat":[264],"product_tag":[],"class_list":{"0":"post-3388","1":"product","2":"type-product","3":"status-publish","4":"has-post-thumbnail","6":"product_cat-konfituren-und-marmeladen","8":"first","9":"instock","10":"shipping-taxable","11":"purchasable","12":"product-type-simple"},"taxonomy_info":{"product_cat":[{"value":264,"label":"Konfit\u00fcren und Marmeladen"}]},"featured_image_src_large":["https:\/\/agropic.it\/wp-content\/uploads\/2023\/03\/Confettura-mela-e-melograno-960x960.webp",960,960,true],"author_info":[],"comment_info":0,"_links":{"self":[{"href":"https:\/\/agropic.it\/de\/wp-json\/wp\/v2\/product\/3388","targetHints":{"allow":["GET"]}}],"collection":[{"href":"https:\/\/agropic.it\/de\/wp-json\/wp\/v2\/product"}],"about":[{"href":"https:\/\/agropic.it\/de\/wp-json\/wp\/v2\/types\/product"}],"replies":[{"embeddable":true,"href":"https:\/\/agropic.it\/de\/wp-json\/wp\/v2\/comments?post=3388"}],"wp:featuredmedia":[{"embeddable":true,"href":"https:\/\/agropic.it\/de\/wp-json\/wp\/v2\/media\/6995"}],"wp:attachment":[{"href":"https:\/\/agropic.it\/de\/wp-json\/wp\/v2\/media?parent=3388"}],"wp:term":[{"taxonomy":"product_brand","embeddable":true,"href":"https:\/\/agropic.it\/de\/wp-json\/wp\/v2\/product_brand?post=3388"},{"taxonomy":"product_cat","embeddable":true,"href":"https:\/\/agropic.it\/de\/wp-json\/wp\/v2\/product_cat?post=3388"},{"taxonomy":"product_tag","embeddable":true,"href":"https:\/\/agropic.it\/de\/wp-json\/wp\/v2\/product_tag?post=3388"}],"curies":[{"name":"wp","href":"https:\/\/api.w.org\/{rel}","templated":true}]}}