{"id":3384,"date":"2024-01-21T14:24:17","date_gmt":"2024-01-21T14:24:17","guid":{"rendered":"https:\/\/agropic.it\/prodotto\/kiwi-extra-konfiture-220-g\/"},"modified":"2025-07-15T08:43:08","modified_gmt":"2025-07-15T08:43:08","slug":"kiwi-extra-konfiture-220-g","status":"publish","type":"product","link":"https:\/\/agropic.it\/de\/produkt\/kiwi-extra-konfiture-220-g\/","title":{"rendered":"Extra gelbe Kiwi-Zitronen-Marmelade 220 g"},"content":{"rendered":"<h6>Extra gelbe Kiwi-Zitronen-Marmelade<\/h6>\n<p><strong>Diese gelbe Kiwi-Zitronen-Marmelade extra ist eine k\u00f6stliche kulinarische Kreation, die S\u00fc\u00dfe und S\u00e4ure harmonisch vereint. Der Geschmack ist eine perfekte Balance zwischen der S\u00fc\u00dfe der gelben Kiwi und der lebendigen S\u00e4ure der Zitrone. Die S\u00fc\u00dfe der Kiwi harmoniert wunderbar mit der frischen Zitrusnote der Zitrone und schafft eine Harmonie der Aromen, die den Gaumen verw\u00f6hnt.<\/strong><\/p>\n<p>Diese Marmelade ist vielseitig einsetzbar und kann auf Toast gestrichen, als F\u00fcllung f\u00fcr Kuchen oder Croissants verwendet oder zu Frischk\u00e4se hinzugef\u00fcgt werden, um eine einzigartige Geschmackskombination zu kreieren.<\/p>\n<p><strong>Zutaten<\/strong>: Gelbe Kiwi 61 %, Zitrone 9 %, Zucker, Verdickungsmittel: nat\u00fcrliches Pektin.<\/p>\n<p>70 g Fr\u00fcchte werden pro 100 g Fertigprodukt verwendet.<\/p>\n<p><strong>Gr\u00f6\u00dfe<\/strong>: 220 g<\/p>\n<p><strong>Herkunft der Kiwi und Zitrone<\/strong>: Italien (Kalabrien)<\/p>\n<p><strong>Aufbewahrungshinweise<\/strong>: K\u00fchl, trocken, licht- und w\u00e4rmegesch\u00fctzt lagern. Nach dem \u00d6ffnen im K\u00fchlschrank aufbewahren und innerhalb weniger Tage verbrauchen.<\/p>\n<p><strong>N\u00e4hrwerte<\/strong>:<\/p>\n<ul>\n<li><strong>Energie: 145,4 kcal 608,3 kJ<\/strong><\/li>\n<li><strong>Eiwei\u00df: 0,8 g<\/strong><\/li>\n<li><strong>Fett: 0,4 g<\/strong><\/li>\n<li><strong>davon ges\u00e4ttigte Fetts\u00e4uren: 0,02 g<\/strong><\/li>\n<li><strong>Kohlenhydrate: 37 g<\/strong><\/li>\n<li><strong>davon Zucker: 37 g<\/strong><\/li>\n<li><strong>Salz: 0,01 g<\/strong><\/li>\n<\/ul>\n<p><strong>Als Familienbetrieb w\u00e4hlen wir ausschlie\u00dflich die besten Rohstoffe aus<\/strong>, die auf unseren fruchtbaren B\u00f6den angebaut und nach alter Tradition verarbeitet werden.<\/p>\n<p>Neben unserer gelben Kiwi- und Zitronen-Extra-Marmelade bieten wir eine breite Produktpalette an, die alle frisch und handwerklich hergestellt werden und einen unverwechselbaren Geschmack haben. Dazu geh\u00f6ren Fruchts\u00e4fte, saisonale Fruchtmarmeladen und -konfit\u00fcren, Tomatenp\u00fcrees, Cremes, Honig und \u00d6lkonfit\u00fcren.<\/p>\n<p><strong>Das Hauptziel unseres Unternehmens ist es, die Aromen und Fr\u00fcchte Kalabriens zu f\u00f6rdern, insbesondere die besonderen und weniger bekannten Sorten<\/strong> wie die Bergamotte, eine Frucht mit vielen wohltuenden Eigenschaften, einzigartig und herb, wie die gesamte Region Kalabrien.<\/p>\n<p>Wir bringen hochwertige, authentische Produkte auf Ihren Tisch, die aus einer sorgf\u00e4ltigen und kontrollierten Auswahl an Rohstoffen stammen, von denen viele direkt von uns angebaut und ohne den Einsatz von Chemikalien hergestellt werden.<\/p>\n<p>Natur, Tradition und hohe Qualit\u00e4t sind die Zutaten f\u00fcr den Erfolg von Agro Pic.<\/p>\n<p>Folgen Sie uns auf INSTAGRAM, um alle Neuigkeiten von Agro Pic zu erfahren.<\/p>\n<p>https:\/\/www.instagram.com\/agropic\/<\/p>\n<p><strong>F\u00fcr weitere Informationen zu unseren Produkten kontaktieren Sie uns bitte:<\/strong><\/p>\n<p>Mobil: +39 3495651669<\/p>\n<p>E-Mail: info@agropic.it<\/p>\n<p>Tel.: +39 0964 1955229<\/p>\n","protected":false},"excerpt":{"rendered":"<p>Diese extra gelbe Kiwi-Zitronen-Marmelade ist eine k\u00f6stliche kulinarische Kreation, die S\u00fc\u00dfe und S\u00e4ure harmonisch vereint. Der Geschmack ist eine perfekte Balance zwischen der S\u00fc\u00dfe der gelben Kiwi und der lebendigen S\u00e4ure der Zitrone. Die S\u00fc\u00dfe der Kiwi harmoniert wunderbar mit der frischen Zitrusnote der Zitrone und schafft eine Harmonie der Aromen, die den Gaumen verw\u00f6hnt.<\/p>\n<p>Diese Marmelade ist vielseitig einsetzbar und eignet sich zum Streichen auf Toast, als F\u00fcllung f\u00fcr Kuchen oder Croissants oder als Zutat f\u00fcr Frischk\u00e4se, um eine einzigartige Geschmackskombination zu kreieren.<\/p>\n<p><strong>Zutaten<\/strong>: Gelbe Kiwi 61 %, Zitrone 9 %, Zucker, Verdickungsmittel: nat\u00fcrliches Pektin. <strong>Inhalt<\/strong>: 220 g<\/p>\n<p><strong>Herkunft der Kiwi und Zitrone<\/strong>: Italien (Kalabrien)<\/p>\n<p>Lesen Sie die vollst\u00e4ndige Beschreibung f\u00fcr weitere Informationen!<\/p>\n<p><strong>Jetzt kaufen und in 4-5 Tagen direkt nach Hause geliefert bekommen.<\/strong>&hellip; <a class=\"kt-excerpt-readmore more-link\" href=\"https:\/\/agropic.it\/de\/produkt\/kiwi-extra-konfiture-220-g\/\" aria-label=\"Extra gelbe Kiwi-Zitronen-Marmelade 220 g\">Read More<\/a><\/p>\n","protected":false},"featured_media":8196,"comment_status":"closed","ping_status":"closed","template":"","meta":{"kt_blocks_editor_width":"","_kad_blocks_custom_css":"","_kad_blocks_head_custom_js":"","_kad_blocks_body_custom_js":"","_kad_blocks_footer_custom_js":""},"product_brand":[],"product_cat":[264],"product_tag":[],"class_list":{"0":"post-3384","1":"product","2":"type-product","3":"status-publish","4":"has-post-thumbnail","6":"product_cat-konfituren-und-marmeladen","8":"first","9":"instock","10":"shipping-taxable","11":"purchasable","12":"product-type-simple"},"taxonomy_info":{"product_cat":[{"value":264,"label":"Konfit\u00fcren und Marmeladen"}]},"featured_image_src_large":["https:\/\/agropic.it\/wp-content\/uploads\/2024\/01\/Confettura-kiwi-giallo-e-limone-960x960.jpg",960,960,true],"author_info":[],"comment_info":0,"_links":{"self":[{"href":"https:\/\/agropic.it\/de\/wp-json\/wp\/v2\/product\/3384","targetHints":{"allow":["GET"]}}],"collection":[{"href":"https:\/\/agropic.it\/de\/wp-json\/wp\/v2\/product"}],"about":[{"href":"https:\/\/agropic.it\/de\/wp-json\/wp\/v2\/types\/product"}],"replies":[{"embeddable":true,"href":"https:\/\/agropic.it\/de\/wp-json\/wp\/v2\/comments?post=3384"}],"wp:featuredmedia":[{"embeddable":true,"href":"https:\/\/agropic.it\/de\/wp-json\/wp\/v2\/media\/8196"}],"wp:attachment":[{"href":"https:\/\/agropic.it\/de\/wp-json\/wp\/v2\/media?parent=3384"}],"wp:term":[{"taxonomy":"product_brand","embeddable":true,"href":"https:\/\/agropic.it\/de\/wp-json\/wp\/v2\/product_brand?post=3384"},{"taxonomy":"product_cat","embeddable":true,"href":"https:\/\/agropic.it\/de\/wp-json\/wp\/v2\/product_cat?post=3384"},{"taxonomy":"product_tag","embeddable":true,"href":"https:\/\/agropic.it\/de\/wp-json\/wp\/v2\/product_tag?post=3384"}],"curies":[{"name":"wp","href":"https:\/\/api.w.org\/{rel}","templated":true}]}}