{"id":3380,"date":"2024-01-26T14:34:52","date_gmt":"2024-01-26T14:34:52","guid":{"rendered":"https:\/\/agropic.it\/prodotto\/giardiniera-in-ol-gemischtes-gemuse-280-g\/"},"modified":"2025-07-09T08:26:06","modified_gmt":"2025-07-09T08:26:06","slug":"giardiniera-in-ol-gemischtes-gemuse-280-g","status":"publish","type":"product","link":"https:\/\/agropic.it\/de\/produkt\/giardiniera-in-ol-gemischtes-gemuse-280-g\/","title":{"rendered":"Giardiniera in \u00d6l &#8211; gemischtes Gem\u00fcse 280g"},"content":{"rendered":"<h6>Giardiniera in \u00d6l &#8211; gemischtes Gem\u00fcse 280g<\/h6>\n<p><strong>Kreieren Sie fantastische Vorspeisen zu Hause mit Agro Pics Giardiniera in \u00d6l. Diese k\u00f6stliche \u00d6lkonserve wird aus saisonalem Gem\u00fcse hergestellt, das direkt auf dem eigenen Land angebaut und lokal verarbeitet wird.<\/strong><\/p>\n<p><strong>Giardiniera in \u00d6l<\/strong> ist eine typisch italienische Vorspeise. Es handelt sich um eine Gem\u00fcsemischung, meist Auberginen, Karotten, Paprika und Sellerie, eingelegt in nativem Oliven\u00f6l extra.<\/p>\n<p>Giardiniera eignet sich perfekt als Vorspeise, Beilage oder auch als Zutat f\u00fcr Sandwiches und Salate.<\/p>\n<p><strong>Verwendung von Giardiniera in \u00d6l:<\/strong><\/p>\n<p>Giardiniera in \u00d6l ist eine vielseitige Vorspeise, die zu vielen Gerichten passt:<\/p>\n<ol>\n<li><strong>Vorspeise<\/strong>: Servieren Sie sie mit frischem Brot oder Crostini.<\/li>\n<li><strong>Beilage<\/strong>: Passt hervorragend zu gegrilltem Fleisch, Braten oder Fischgerichten.<\/li>\n<li><strong>Sandwichf\u00fcllung<\/strong>: Kann zum F\u00fcllen von Sandwiches, Focaccia oder Piadina verwendet werden.<\/li>\n<li><strong>K\u00e4se<\/strong>: Giardiniera passt auch gut zu gereiftem K\u00e4se und Wurstwaren.<\/li>\n<li><strong> Als Salatzutat<\/strong>: Es eignet sich hervorragend als Zutat f\u00fcr gemischteSalate und bereichert das Gericht mit seinem s\u00fc\u00df-sauren Geschmack.<\/li>\n<\/ol>\n<p><strong>Zutaten<\/strong>: Auberginen, Paprika, Karotten, Sellerie, natives Oliven\u00f6l extra, Sonnenblumen\u00f6l, Minze, Oregano, Knoblauch und Salz.<\/p>\n<p>Ohne Konservierungsstoffe<\/p>\n<p><strong>Inhalt<\/strong>: 280 g<\/p>\n<p><strong>Herkunft<\/strong>: Italien (Kalabrien)<\/p>\n<p><strong>Aufbewahrung<\/strong>: K\u00fchl und trocken lagern, vor Sonnenlicht und direkter Hitze sch\u00fctzen. Nach dem \u00d6ffnen mit etwas \u00d6l bestreichen und im K\u00fchlschrank aufbewahren. Innerhalb weniger Tage verbrauchen.<\/p>\n<p><strong>N\u00e4hrwerte pro 100 g Produkt:<\/strong><\/p>\n<ul>\n<li>Energie: 106 kcal \u2013 444 kJ<\/li>\n<li>Eiwei\u00df: 0,76 g<\/li>\n<li>Fett: 8,47 g<\/li>\n<li>davon ges\u00e4ttigte Fetts\u00e4uren: 1,2 g<\/li>\n<li>Kohlenhydrate: 8 g<\/li>\n<li>davon Zucker: 2,94 g<\/li>\n<li>Natrium: 0,002 g<\/li>\n<\/ul>\n<p><strong>Das Hauptziel des Unternehmens ist die F\u00f6rderung der Aromen und Fr\u00fcchte Kalabriens, insbesondere der besonderen und weniger bekannten Sorten wie Bergamotte, einer Frucht mit vielen wohltuenden Eigenschaften, einzigartig und herb wie die gesamte Region Kalabrien.<\/strong><\/p>\n<p><strong>Als Familienbetrieb w\u00e4hlen wir die besten Zutaten aus<\/strong>, die auf unserem fruchtbaren Land angebaut und nach alter Tradition verarbeitet werden.<\/p>\n<p>Neben eingelegtem Gem\u00fcse in \u00d6l bieten wir eine breite Produktpalette an, alle frisch nach handwerklichen Methoden zubereitet und mit unverwechselbarem Geschmack, darunter Fruchts\u00e4fte, saisonale Fruchtmarmeladen und -konfit\u00fcren, Tomatenp\u00fcrees, Cremes, Honig und \u00d6lkonfit\u00fcren.<\/p>\n<p><strong>Unser oberstes Ziel ist es, die Aromen und Fr\u00fcchte Kalabriens hervorzuheben, insbesondere die besonderen und weniger bekannten,<\/strong> wie zum Beispiel die Bergamotte, eine Frucht mit zahlreichen wohltuenden Eigenschaften, einzigartig und herb, wie ganz Kalabrien.<\/p>\n<p>Wir bringen hochwertige, authentische Produkte auf Ihren Tisch, die aus einer sorgf\u00e4ltigen und kontrollierten Auswahl an Rohstoffen stammen, von denen viele direkt von uns angebaut und ohne den Einsatz von Chemikalien gewonnen werden.<\/p>\n<p>Natur, Tradition und hohe Qualit\u00e4t sind die Zutaten f\u00fcr den Erfolg von Agro Pic.<\/p>\n<p>Folgen Sie uns auf Instagram, um alle Neuigkeiten von Agro Pic zu erfahren.<\/p>\n<p>https:\/\/www.instagram.com\/agropic\/<\/p>\n<p><strong>F\u00fcr weitere Informationen zu unseren Produkten kontaktieren Sie uns bitte:<\/strong><\/p>\n<p>Mobil: +39 3495651669<\/p>\n<p>E-Mail: info@agropic.it<\/p>\n<p>Tel.: +39 0964 1955229<\/p>\n","protected":false},"excerpt":{"rendered":"<p>Zaubern Sie fantastische Vorspeisen zu Hause mit Agro Pics eingelegtem Gem\u00fcse in \u00d6l. Diese k\u00f6stliche \u00d6lkonserve wird aus saisonalem Gem\u00fcse hergestellt, das direkt auf dem eigenen Land angebaut und lokal verarbeitet wird.<\/p>\n<p><strong>Zutaten<\/strong>: Auberginen, Paprika, Karotten, Sellerie, natives Oliven\u00f6l extra, Sonnenblumen\u00f6l, Minze, Oregano, Knoblauch und Salz. Ohne Konservierungsstoffe.<\/p>\n<p><strong>Herkunft<\/strong>: Italien (Kalabrien).<\/p>\n<p><strong>Inhalt<\/strong>: 280 g.<\/p>\n<p>Weitere Informationen finden Sie in der vollst\u00e4ndigen Produktbeschreibung.<\/p>\n<p><strong>Jetzt kaufen und innerhalb von 4\u20135 Werktagen nach Hause geliefert bekommen.<\/strong>&hellip; <a class=\"kt-excerpt-readmore more-link\" href=\"https:\/\/agropic.it\/de\/produkt\/giardiniera-in-ol-gemischtes-gemuse-280-g\/\" aria-label=\"Giardiniera in \u00d6l &#8211; gemischtes Gem\u00fcse 280g\">Read More<\/a><\/p>\n","protected":false},"featured_media":7030,"comment_status":"closed","ping_status":"closed","template":"","meta":{"kt_blocks_editor_width":"","_kad_blocks_custom_css":"","_kad_blocks_head_custom_js":"","_kad_blocks_body_custom_js":"","_kad_blocks_footer_custom_js":""},"product_brand":[],"product_cat":[267],"product_tag":[],"class_list":{"0":"post-3380","1":"product","2":"type-product","3":"status-publish","4":"has-post-thumbnail","6":"product_cat-konserven-in-ol-und-sus-sauer","8":"first","9":"instock","10":"shipping-taxable","11":"purchasable","12":"product-type-simple"},"taxonomy_info":{"product_cat":[{"value":267,"label":"Konserven in \u00d6l und s\u00fc\u00df-sauer"}]},"featured_image_src_large":["https:\/\/agropic.it\/wp-content\/uploads\/2023\/03\/Giardiniera-sottolio-960x960.webp",960,960,true],"author_info":[],"comment_info":0,"_links":{"self":[{"href":"https:\/\/agropic.it\/de\/wp-json\/wp\/v2\/product\/3380","targetHints":{"allow":["GET"]}}],"collection":[{"href":"https:\/\/agropic.it\/de\/wp-json\/wp\/v2\/product"}],"about":[{"href":"https:\/\/agropic.it\/de\/wp-json\/wp\/v2\/types\/product"}],"replies":[{"embeddable":true,"href":"https:\/\/agropic.it\/de\/wp-json\/wp\/v2\/comments?post=3380"}],"wp:featuredmedia":[{"embeddable":true,"href":"https:\/\/agropic.it\/de\/wp-json\/wp\/v2\/media\/7030"}],"wp:attachment":[{"href":"https:\/\/agropic.it\/de\/wp-json\/wp\/v2\/media?parent=3380"}],"wp:term":[{"taxonomy":"product_brand","embeddable":true,"href":"https:\/\/agropic.it\/de\/wp-json\/wp\/v2\/product_brand?post=3380"},{"taxonomy":"product_cat","embeddable":true,"href":"https:\/\/agropic.it\/de\/wp-json\/wp\/v2\/product_cat?post=3380"},{"taxonomy":"product_tag","embeddable":true,"href":"https:\/\/agropic.it\/de\/wp-json\/wp\/v2\/product_tag?post=3380"}],"curies":[{"name":"wp","href":"https:\/\/api.w.org\/{rel}","templated":true}]}}