{"id":3375,"date":"2024-01-28T14:39:17","date_gmt":"2019-02-04T14:39:17","guid":{"rendered":"https:\/\/agropic.it\/prodotto\/scharfer-pfeffer-extrakt-500-g\/"},"modified":"2025-06-12T08:31:32","modified_gmt":"2025-06-12T08:31:32","slug":"scharfer-pfeffer-extrakt-500-g","status":"publish","type":"product","link":"https:\/\/agropic.it\/de\/produkt\/scharfer-pfeffer-extrakt-500-g\/","title":{"rendered":"Scharfer Chili-Pfeffer-Extrakt 500g"},"content":{"rendered":"<h5>Scharfer Chili-Pfeffer-Extrakt wird haupts\u00e4chlich zum Aromatisieren und W\u00fcrzen kalabrischer W\u00fcrste verwendet, eignet sich aber auch hervorragend f\u00fcr die Zubereitung von Vorspeisen und Bruschetta sowie f\u00fcr die Zubereitung k\u00f6stlicher Gerichte.<\/h5>\n<p><strong>Zutaten<\/strong>: Scharfer Pfeffer, Salz.<\/p>\n<p><strong>Herkunft der Chilischote<\/strong>: ITALIEN (KALABRIEN)<\/p>\n<p><strong>Format<\/strong>: 500g<\/p>\n<p><strong>Lagerungsmethode<\/strong>: An einem trockenen und k\u00fchlen Ort aufbewahren, fern von Sonnenlicht und direkten W\u00e4rmequellen. Nach dem \u00d6ffnen innerhalb weniger Wochen verbrauchen.<\/p>\n<p>Chili ist eine Grundzutat der typisch kalabrischen K\u00fcche und ist heute f\u00fcr seine wohltuenden Eigenschaften bekannt. Aufgrund der enthaltenen Flavonoide verf\u00fcgt er \u00fcber eine gro\u00dfe antioxidative Wirkung, er ist reich an Vitamin C und Mineralien. Andere Studien empfehlen seine Verwendung zur Vorbeugung von Herz-Kreislauf-Erkrankungen Krankheiten, zur Steigerung des Stoffwechsels und zur Gewichtsreduktion, aber auch bei der Bek\u00e4mpfung von Halsschmerzen.<\/p>\n<p>Chilischote wird seit der Antike verwendet und ist ein Gew\u00fcrz, das nicht nur Gerichten Sch\u00e4rfe verleiht, sondern auch eine Reihe positiver Wirkungen auf die menschliche Gesundheit hat. Tats\u00e4chlich, Chilischote:<\/p>\n<ul>\n<li>es ist reich an Vitamin A, C und E.<\/li>\n<li>Es hat antibakterielle, antihistaminische und antioxidative Eigenschaften.<\/li>\n<li>Es hat eine bekannte aphrodisierende Wirkung.<\/li>\n<li>Es hat eine schmerzlindernde Wirkung auf Muskeln und Knochen.<\/li>\n<li>aktiviert den Stoffwechsel und hilft, das K\u00f6rpergewicht zu kontrollieren.<\/li>\n<li>Es senkt den Cholesterin-, Glukose- und Triglyceridspiegel.<\/li>\n<li>Verbessert die Durchblutung und beugt Herz-Kreislauf-Erkrankungen wie Schlaganfall und Herzinfarkt vor.<\/li>\n<li>hat eine Antitumorwirkung.<\/li>\n<\/ul>\n<p><strong>Familienbetrieb und Auswahl der besten Rohstoffe, die auf den fruchtbaren B\u00f6den des Unternehmens angebaut und unter Ber\u00fccksichtigung der alten Tradition verarbeitet werden. Dies ist der Personalausweis von Agro Pic, einem Unternehmen, das auf die Herstellung von Marmeladen, S\u00e4ften, So\u00dfen und Gurken spezialisiert ist.<\/strong><\/p>\n<p><strong>Das Hauptziel der Aktivit\u00e4t ist die Aufwertung der Aromen und Fr\u00fcchte Kalabriens, insbesondere der besonderen und meist weniger bekannten,<\/strong> wie Bergamotte, eine Frucht mit zahlreichen wohltuenden Eigenschaften, einzigartig und s\u00e4uerlich wie das gesamte kalabrische Gebiet.<\/p>\n<p>Natur, Tradition und hohe Qualit\u00e4t sind die Zutaten f\u00fcr den Erfolg von Agro Pic.<\/p>\n<p><strong>F\u00fcr weitere Informationen zu unseren Produkten z\u00f6gern Sie nicht, uns zu kontaktieren:<\/strong><\/p>\n<p>Zelle. 349 5651669<\/p>\n<p>Tel. 0964 1955229<\/p>\n<p>info@agropic.it<\/p>\n","protected":false},"excerpt":{"rendered":"<p>Scharfer Chili-Pfeffer-Extrakt wird haupts\u00e4chlich zum Aromatisieren und W\u00fcrzen kalabrischer W\u00fcrste verwendet, eignet sich aber auch hervorragend f\u00fcr die Zubereitung von Vorspeisen und Bruschetta sowie f\u00fcr die Zubereitung k\u00f6stlicher Gerichte.<\/p>\n<p><strong>Zutaten<\/strong>: Scharfer Pfeffer, Salz. Format: 500g<\/p>\n<p><strong>Herkunft der Chilischote<\/strong>: ITALIEN (KALABRIEN)<\/p>\n<p>Weitere Informationen finden Sie in der vollst\u00e4ndigen Beschreibung<\/p>\n<p><strong>Kaufen Sie es jetzt und erhalten Sie es innerhalb von 4-5 Werktagen bei Ihnen zu Hause<\/strong>&hellip; <a class=\"kt-excerpt-readmore more-link\" href=\"https:\/\/agropic.it\/de\/produkt\/scharfer-pfeffer-extrakt-500-g\/\" aria-label=\"Scharfer Chili-Pfeffer-Extrakt 500g\">Read More<\/a><\/p>\n","protected":false},"featured_media":8147,"comment_status":"closed","ping_status":"closed","template":"","meta":{"kt_blocks_editor_width":"","_kad_blocks_custom_css":"","_kad_blocks_head_custom_js":"","_kad_blocks_body_custom_js":"","_kad_blocks_footer_custom_js":""},"product_brand":[],"product_cat":[306],"product_tag":[],"class_list":{"0":"post-3375","1":"product","2":"type-product","3":"status-publish","4":"has-post-thumbnail","6":"product_cat-gewurze-aus-kalabrien-de","8":"first","9":"instock","10":"shipping-taxable","11":"purchasable","12":"product-type-simple"},"taxonomy_info":{"product_cat":[{"value":306,"label":"Gew\u00fcrze aus Kalabrien"}]},"featured_image_src_large":["https:\/\/agropic.it\/wp-content\/uploads\/2024\/01\/Estratto-di-Peperoncino-1-960x960.jpg",960,960,true],"author_info":[],"comment_info":0,"_links":{"self":[{"href":"https:\/\/agropic.it\/de\/wp-json\/wp\/v2\/product\/3375","targetHints":{"allow":["GET"]}}],"collection":[{"href":"https:\/\/agropic.it\/de\/wp-json\/wp\/v2\/product"}],"about":[{"href":"https:\/\/agropic.it\/de\/wp-json\/wp\/v2\/types\/product"}],"replies":[{"embeddable":true,"href":"https:\/\/agropic.it\/de\/wp-json\/wp\/v2\/comments?post=3375"}],"wp:featuredmedia":[{"embeddable":true,"href":"https:\/\/agropic.it\/de\/wp-json\/wp\/v2\/media\/8147"}],"wp:attachment":[{"href":"https:\/\/agropic.it\/de\/wp-json\/wp\/v2\/media?parent=3375"}],"wp:term":[{"taxonomy":"product_brand","embeddable":true,"href":"https:\/\/agropic.it\/de\/wp-json\/wp\/v2\/product_brand?post=3375"},{"taxonomy":"product_cat","embeddable":true,"href":"https:\/\/agropic.it\/de\/wp-json\/wp\/v2\/product_cat?post=3375"},{"taxonomy":"product_tag","embeddable":true,"href":"https:\/\/agropic.it\/de\/wp-json\/wp\/v2\/product_tag?post=3375"}],"curies":[{"name":"wp","href":"https:\/\/api.w.org\/{rel}","templated":true}]}}