{"id":3371,"date":"2024-03-30T11:00:58","date_gmt":"2024-03-30T11:00:58","guid":{"rendered":"https:\/\/agropic.it\/prodotto\/tomatensauce-700-g\/"},"modified":"2025-04-29T08:54:37","modified_gmt":"2025-04-29T08:54:37","slug":"tomatensauce-700-g","status":"publish","type":"product","link":"https:\/\/agropic.it\/de\/produkt\/tomatensauce-700-g\/","title":{"rendered":"Tomatenp\u00fcree 700g (1 Flasche)"},"content":{"rendered":"<h3>100 % nat\u00fcrliches kalabrisches Tomatenp\u00fcree. Probieren Sie es aus, um den authentischen Geschmack eines guten hausgemachten Tomatenp\u00fcrees wiederzuentdecken. Hergestellt nach traditionellen Rezepten und Methoden.<\/h3>\n<h5>Wie wird Tomatenp\u00fcree zubereitet?<\/h5>\n<p>Unser Tomatenp\u00fcree wird ausschlie\u00dflich aus frischen, im Freiland angebauten, sorgf\u00e4ltig ausgew\u00e4hlten und gewaschenen Tomaten hergestellt. Nach der Ernte werden sie nach einer alten Familienmethode gekocht und p\u00fcriert, wodurch der echte Geschmack der Tomate erhalten bleibt. Die fl\u00fcssige Konsistenz und die intensive rote Farbe machen dieses P\u00fcree perfekt f\u00fcr jede Art der Zubereitung, von Pastasaucen \u00fcber Pizza bis hin zu Suppen und Konfit\u00fcren.<\/p>\n<h4>Eigenschaften von Tomatenp\u00fcree:<\/h4>\n<p>Hauptzutat: Frische Tomaten f\u00fcr die Sauce<br \/>\nKonsistenz: Fl\u00fcssig, glatt und ohne Kerne oder Schale<br \/>\nGeschmack: Frisch, zart und leicht s\u00e4uerlich, mit einem nat\u00fcrlichen Aroma, das sich an viele Zubereitungen anpasst<br \/>\nVerwendung: Ideal als Basis f\u00fcr Saucen, Eint\u00f6pfe, Suppen, Pizza und Pastagerichte<\/p>\n<h5>Ein vielseitiges Produkt in der K\u00fcche<\/h5>\n<p>Tomatenp\u00fcree ist eine grundlegende Zutat in der italienischen und mediterranen K\u00fcche. Seine Vielseitigkeit macht es perfekt f\u00fcr die Zubereitung einfacher oder aufwendiger Gerichte, wie zum Beispiel klassischer Pastasauce, Bolognesesauce oder Pasta alla Norma.<\/p>\n<p><strong>Zutaten<\/strong>: Tomate, Salz<\/p>\n<p><strong>Herkunft der Tomate<\/strong>: ITALIEN (Kalabrien)<\/p>\n<p><strong>Format<\/strong>: 700 g<\/p>\n<p>Ohne Konservierungsstoffe, ohne Farbstoffe und ohne Verdickungsmittel.<\/p>\n<p><strong>Lagerungsmethode<\/strong>: An einem k\u00fchlen, trockenen Ort, fern von Sonnenlicht und W\u00e4rmequellen lagern. Nach dem \u00d6ffnen in den K\u00fchlschrank stellen und innerhalb weniger Tage verzehren.<\/p>\n<p><strong>Durchschnittliche N\u00e4hrwerte pro 100 g Fertigprodukt:<\/strong><\/p>\n<p>Energie: 38 kcal &#8211; 158 kJ<\/p>\n<p>Lipide 0,21 g, davon ges\u00e4ttigt 0,029 g<\/p>\n<p>Kohlenhydrate: 8,98 g, davon Zucker 4,83 g<\/p>\n<p>Eiwei\u00df 1,65 g<\/p>\n<p>Salz 0,40 g<\/p>\n<h5>Erhaltung<\/h5>\n<p>Um die Frische zu gew\u00e4hrleisten, lagern Sie die Passata an einem k\u00fchlen, trockenen Ort und fern von direkter Sonneneinstrahlung und Hitze. Nach dem \u00d6ffnen im K\u00fchlschrank aufbewahren und innerhalb weniger Tage verbrauchen.<\/p>\n<p><strong>Die Tomate ist der unbestrittene K\u00f6nig der Mittelmeerdi\u00e4t. Sie eignet sich hervorragend zur Aufrechterhaltung einer guten k\u00f6rperlichen Verfassung, da sie wenig Kalorien enth\u00e4lt, und verf\u00fcgt dar\u00fcber hinaus \u00fcber zahlreiche wohltuende Eigenschaften:<\/strong><\/p>\n<ul>\n<li><strong>Verhindert Herz-Kreislauf-Erkrankungen wie Schlaganfall und Herzinfarkt.<\/strong><\/li>\n<li><strong>Reich an Vitamin C.<\/strong><\/li>\n<li><strong>Verhindert Darm- und Prostatakrebs.<\/strong><\/li>\n<li><strong>Verhindert Osteoporose.<\/strong><\/li>\n<li><strong>Es senkt das schlechte LDL-Cholesterin und erh\u00f6ht das gute HDL-Cholesterin.<\/strong><\/li>\n<li><strong>Sch\u00fctzt Ihr Sehverm\u00f6gen.<\/strong><\/li>\n<li><strong>Es hat harntreibende und verdauungsf\u00f6rdernde Eigenschaften.<\/strong><\/li>\n<\/ul>\n<h3>Eine Familientradition mit hochwertigen Rohstoffen<\/h3>\n<p>Unser Unternehmen legt Wert auf die Auswahl der besten Rohstoffe, die in den fruchtbaren B\u00f6den Kalabriens angebaut und mit handwerklichen Methoden unter Beachtung der Familientradition verarbeitet werden. Neben Tomatenmark bieten wir eine gro\u00dfe Auswahl an nat\u00fcrlichen und handwerklich hergestellten Produkten wie Fruchts\u00e4fte, Marmeladen, Cremes, Honig und Eingelegtes in \u00d6l an.<\/p>\n<p>Das Hauptziel von Agro Pic besteht darin, die typischen Aromen Kalabriens hervorzuheben, wobei der Schwerpunkt auf besonderen Fr\u00fcchten wie Bergamotte liegt, die reich an wohltuenden Eigenschaften und in ihrer Art einzigartig sind.<\/p>\n<h3>Warum Agro Pic w\u00e4hlen?<\/h3>\n<p>Natur, Tradition und Qualit\u00e4t sind die Hauptzutaten, die unsere Produkte einzigartig machen. Jedes Produkt ist das Ergebnis einer sorgf\u00e4ltigen Auswahl und Verarbeitung von Rohstoffen, von denen viele direkt von uns ohne den Einsatz von Chemikalien angebaut werden.<\/p>\n<p>Folgen Sie uns auf Instagram, um alle Neuigkeiten von Agro Pic zu entdecken:<br \/>\nInstagram-Agro-Bild<\/p>\n<p>F\u00fcr weitere Informationen zu unseren Produkten kontaktieren Sie uns bitte:<\/p>\n<p>Handy: 3495651669<br \/>\nE-Mail: info@agropic.it<br \/>\nTelefon: 0964 1955229<\/p>\n","protected":false},"excerpt":{"rendered":"<p>100 % nat\u00fcrliches kalabrisches Tomatenp\u00fcree. Probieren Sie es aus, um den authentischen Geschmack eines guten hausgemachten Tomatenp\u00fcrees wiederzuentdecken. Hergestellt nach traditionellen Rezepten und Methoden.<\/p>\n<p><strong>Zutaten<\/strong>: 100 % Tomate <strong>Herkunft der Tomate<\/strong>: ITALIEN (Kalabrien)<\/p>\n<p>Ohne Konservierungsstoffe, ohne Farbstoffe und ohne Verdickungsmittel.<\/p>\n<p><strong>Format<\/strong>: 700g<\/p>\n<p>Weitere Informationen finden Sie in der vollst\u00e4ndigen Produktbeschreibung<\/p>\n<p><strong>Kaufen Sie es jetzt und erhalten Sie es innerhalb von 4\/5 Tagen bei Ihnen zu Hause!<\/strong>&hellip; <a class=\"kt-excerpt-readmore more-link\" href=\"https:\/\/agropic.it\/de\/produkt\/tomatensauce-700-g\/\" aria-label=\"Tomatenp\u00fcree 700g (1 Flasche)\">Read More<\/a><\/p>\n","protected":false},"featured_media":3274,"comment_status":"closed","ping_status":"closed","template":"","meta":{"kt_blocks_editor_width":"","_kad_blocks_custom_css":"","_kad_blocks_head_custom_js":"","_kad_blocks_body_custom_js":"","_kad_blocks_footer_custom_js":""},"product_brand":[],"product_cat":[244],"product_tag":[747,746],"class_list":{"0":"post-3371","1":"product","2":"type-product","3":"status-publish","4":"has-post-thumbnail","6":"product_cat-tomatenpurees-und-saucen","7":"product_tag-italienische-tomate","8":"product_tag-tomatensauce","10":"first","11":"instock","12":"shipping-taxable","13":"purchasable","14":"product-type-simple"},"taxonomy_info":{"product_cat":[{"value":244,"label":"Tomatenp\u00fcrees und -saucen"}],"product_tag":[{"value":747,"label":"Italienische Tomate"},{"value":746,"label":"Tomatensauce"}]},"featured_image_src_large":["https:\/\/agropic.it\/wp-content\/uploads\/2020\/11\/Passata-di-pomodoro-700-g-960x960.jpg",960,960,true],"author_info":[],"comment_info":0,"_links":{"self":[{"href":"https:\/\/agropic.it\/de\/wp-json\/wp\/v2\/product\/3371","targetHints":{"allow":["GET"]}}],"collection":[{"href":"https:\/\/agropic.it\/de\/wp-json\/wp\/v2\/product"}],"about":[{"href":"https:\/\/agropic.it\/de\/wp-json\/wp\/v2\/types\/product"}],"replies":[{"embeddable":true,"href":"https:\/\/agropic.it\/de\/wp-json\/wp\/v2\/comments?post=3371"}],"wp:featuredmedia":[{"embeddable":true,"href":"https:\/\/agropic.it\/de\/wp-json\/wp\/v2\/media\/3274"}],"wp:attachment":[{"href":"https:\/\/agropic.it\/de\/wp-json\/wp\/v2\/media?parent=3371"}],"wp:term":[{"taxonomy":"product_brand","embeddable":true,"href":"https:\/\/agropic.it\/de\/wp-json\/wp\/v2\/product_brand?post=3371"},{"taxonomy":"product_cat","embeddable":true,"href":"https:\/\/agropic.it\/de\/wp-json\/wp\/v2\/product_cat?post=3371"},{"taxonomy":"product_tag","embeddable":true,"href":"https:\/\/agropic.it\/de\/wp-json\/wp\/v2\/product_tag?post=3371"}],"curies":[{"name":"wp","href":"https:\/\/api.w.org\/{rel}","templated":true}]}}