{"id":3363,"date":"2019-02-04T15:09:03","date_gmt":"2019-02-04T15:09:03","guid":{"rendered":"https:\/\/agropic.it\/prodotto\/oregano-aus-kalabrien-blatter-15-g\/"},"modified":"2025-07-16T09:09:39","modified_gmt":"2025-07-16T09:09:39","slug":"oregano-aus-kalabrien-blatter-15-g","status":"publish","type":"product","link":"https:\/\/agropic.it\/de\/produkt\/oregano-aus-kalabrien-blatter-15-g\/","title":{"rendered":"Kalabrische Oreganobl\u00e4tter 15 g"},"content":{"rendered":"<h6>Kalabrische Oreganobl\u00e4tter<\/h6>\n<p><strong>Kalabrische Oreganobl\u00e4tter, handgepfl\u00fcckt am Fu\u00dfe des Aspromonte-Gebirges. Sie werden haupts\u00e4chlich zum W\u00fcrzen von Fleisch- und Fischgerichten, aber auch zur Herstellung von Kr\u00e4utertees verwendet.<\/strong><\/p>\n<p>Oregano eignet sich f\u00fcr viele Saucen, insbesondere Tomatensaucen, wie Pastasaucen oder Rag\u00f9. Auch Fleisch- oder Fischsaucen verleihen ihm eine frische, aromatische Note.<\/p>\n<p><strong>Zutaten<\/strong>: 100 % kalabrische Oreganobl\u00e4tter<\/p>\n<p><strong>Inhalt<\/strong>: 15 g<\/p>\n<p>Herkunft: Italien (Kalabrien)<\/p>\n<p>Oregano ist ein vorwiegend in den Bergen wachsendes Kraut mit intensivem Aroma und unverwechselbarem Geschmack.<\/p>\n<p><strong>Die wohltuenden Wirkungen dieser aromatischen Pflanze sind:<\/strong><\/p>\n<ul>\n<li>Er f\u00f6rdert und unterst\u00fctzt die Verdauung<\/li>\n<li>Er verbessert das Wohlbefinden des Nervensystems<\/li>\n<li>Er wirkt antibakteriell und antimykotisch<\/li>\n<li>Er wirkt entz\u00fcndungshemmend, schmerzstillend und beruhigend<\/li>\n<li>Er ist ein starkes Antioxidans und ein nat\u00fcrliches Mittel gegen Cellulite.<\/li>\n<\/ul>\n<p>&nbsp;<\/p>\n<p>N\u00e4hrwerte pro 100 g:<\/p>\n<p>Energie: 265 kcal<br \/>\nEiwei\u00df: 9 g<br \/>\nKohlenhydrate: 68,92 g<br \/>\ndavon Zucker 4,09 g<br \/>\nFett 4,28 g<br \/>\nBallaststoffe 42,5 g<br \/>\nNatrium 25 mg<\/p>\n<p>Entdecken Sie alle anderen Gew\u00fcrze von Agro Pic unter https:\/\/agropic.it\/categoria-prodotto\/spezie-di-calabria\/<\/p>\n<p><strong>Als Familienbetrieb w\u00e4hlen wir die besten Rohstoffe aus<\/strong>, die auf unserem fruchtbaren Land angebaut und nach alter Tradition verarbeitet werden.<\/p>\n<p>Neben wildem Oregano bieten wir eine breite Produktpalette an, alle frisch nach handwerklichen Methoden zubereitet und mit unverwechselbarem Geschmack, darunter Fruchts\u00e4fte, saisonale Fruchtmarmeladen und -konfit\u00fcren, Tomatenp\u00fcrees, Cremes, Honig und \u00d6lkonserven.<\/p>\n<p><strong>Unser oberstes Ziel ist es, die Aromen und Fr\u00fcchte Kalabriens zu f\u00f6rdern, insbesondere die besonderen und weniger bekannten<\/strong>, wie zum Beispiel die Bergamotte, eine Frucht mit vielen wohltuenden Eigenschaften, einzigartig und herb, wie ganz Kalabrien.<\/p>\n<p>Wir bringen hochwertige, authentische Produkte auf Ihren Tisch, die aus einer sorgf\u00e4ltigen und kontrollierten Auswahl an Rohstoffen stammen, von denen viele direkt von uns angebaut und ohne den Einsatz von Chemikalien gewonnen werden.<\/p>\n<p>Natur, Tradition und hohe Qualit\u00e4t sind die Zutaten f\u00fcr den Erfolg von Agro Pic.<\/p>\n<p>Folgen Sie uns auf Instagram, um alle Neuigkeiten von Agro Pic zu erfahren.<\/p>\n<p>https:\/\/www.instagram.com\/agropic\/<\/p>\n<p><strong>F\u00fcr weitere Informationen zu unseren Produkten kontaktieren Sie uns bitte:<\/strong><\/p>\n<p>Mobil: +39 3495651669<\/p>\n<p>E-Mail: info@agropic.it<\/p>\n<p>Tel.: +39 0964 1955229<\/p>\n","protected":false},"excerpt":{"rendered":"<p>Kalabrische Oreganobl\u00e4tter, handgepfl\u00fcckt am Fu\u00dfe des Aspromonte-Gebirges. Sie werden haupts\u00e4chlich zum W\u00fcrzen von Fleisch- und Fischgerichten, aber auch zur Herstellung von Kr\u00e4utertees verwendet.<\/p>\n<p><strong>Zutaten<\/strong>: 100 % kalabrische Oreganobl\u00e4tter<br \/>\n<strong>Inhalt<\/strong>: 15 g<\/p>\n<p>Herkunft des Oreganos: Italien (Kalabrien)<\/p>\n<p>Lesen Sie die vollst\u00e4ndige Beschreibung f\u00fcr weitere Informationen!<\/p>\n<p><strong>Jetzt kaufen und innerhalb von 4\u20135 Werktagen nach Hause geliefert bekommen.<\/strong>&hellip; <a class=\"kt-excerpt-readmore more-link\" href=\"https:\/\/agropic.it\/de\/produkt\/oregano-aus-kalabrien-blatter-15-g\/\" aria-label=\"Kalabrische Oreganobl\u00e4tter 15 g\">Read More<\/a><\/p>\n","protected":false},"featured_media":7130,"comment_status":"closed","ping_status":"closed","template":"","meta":{"kt_blocks_editor_width":"","_kad_blocks_custom_css":"","_kad_blocks_head_custom_js":"","_kad_blocks_body_custom_js":"","_kad_blocks_footer_custom_js":""},"product_brand":[],"product_cat":[260],"product_tag":[],"class_list":{"0":"post-3363","1":"product","2":"type-product","3":"status-publish","4":"has-post-thumbnail","6":"product_cat-gewurze-aus-kalabrien","8":"first","9":"instock","10":"shipping-taxable","11":"purchasable","12":"product-type-simple"},"taxonomy_info":{"product_cat":[{"value":260,"label":"Gew\u00fcrze aus Kalabrien"}]},"featured_image_src_large":["https:\/\/agropic.it\/wp-content\/uploads\/2023\/03\/Origano-selvatico-in-foglie-960x960.webp",960,960,true],"author_info":[],"comment_info":0,"_links":{"self":[{"href":"https:\/\/agropic.it\/de\/wp-json\/wp\/v2\/product\/3363","targetHints":{"allow":["GET"]}}],"collection":[{"href":"https:\/\/agropic.it\/de\/wp-json\/wp\/v2\/product"}],"about":[{"href":"https:\/\/agropic.it\/de\/wp-json\/wp\/v2\/types\/product"}],"replies":[{"embeddable":true,"href":"https:\/\/agropic.it\/de\/wp-json\/wp\/v2\/comments?post=3363"}],"wp:featuredmedia":[{"embeddable":true,"href":"https:\/\/agropic.it\/de\/wp-json\/wp\/v2\/media\/7130"}],"wp:attachment":[{"href":"https:\/\/agropic.it\/de\/wp-json\/wp\/v2\/media?parent=3363"}],"wp:term":[{"taxonomy":"product_brand","embeddable":true,"href":"https:\/\/agropic.it\/de\/wp-json\/wp\/v2\/product_brand?post=3363"},{"taxonomy":"product_cat","embeddable":true,"href":"https:\/\/agropic.it\/de\/wp-json\/wp\/v2\/product_cat?post=3363"},{"taxonomy":"product_tag","embeddable":true,"href":"https:\/\/agropic.it\/de\/wp-json\/wp\/v2\/product_tag?post=3363"}],"curies":[{"name":"wp","href":"https:\/\/api.w.org\/{rel}","templated":true}]}}