{"id":3340,"date":"2024-01-29T07:52:58","date_gmt":"2024-01-29T07:52:58","guid":{"rendered":"https:\/\/agropic.it\/prodotto\/extra-zitronenmarmelade-220-g\/"},"modified":"2025-06-12T07:53:48","modified_gmt":"2025-06-12T07:53:48","slug":"extra-zitronenmarmelade-220-g","status":"publish","type":"product","link":"https:\/\/agropic.it\/de\/produkt\/extra-zitronenmarmelade-220-g\/","title":{"rendered":"Zitronenmarmelade 220g"},"content":{"rendered":"<h5><strong>Die Zitronenmarmelade von Agro Pic wird zu 100 % aus unbehandelten Zitronen aus Kalabrien hergestellt und direkt auf dem Firmenland geerntet.<\/strong><\/h5>\n<p><strong>Zutaten<\/strong>: Zitrone 70 %, Zucker.<\/p>\n<p>Ohne Konservierungsstoffe, ohne Farbstoffe, ohne Verdickungsmittel.<\/p>\n<p>Pro 100 g Fertigprodukt wurden 70 g Zitronen verwendet.<\/p>\n<p><strong>Format<\/strong>: 220g<\/p>\n<p><strong>Lagerungsmethode<\/strong>: An einem k\u00fchlen, trockenen Ort, fern von Sonnenlicht und W\u00e4rmequellen lagern. Nach dem \u00d6ffnen in den K\u00fchlschrank stellen und innerhalb weniger Tage verzehren.<\/p>\n<p>N\u00e4hrwerte pro 100g Produkt:<\/p>\n<ul>\n<li>Energiewert 243 Kcal 1045 Kj<\/li>\n<li>Protein: 0,9<\/li>\n<li>Lipide: 0<\/li>\n<li>davon Fett: 0<\/li>\n<li>Kohlenhydrate: 59<\/li>\n<li>davon Zucker 58<\/li>\n<li>Salz 0,24<\/li>\n<\/ul>\n<p>Zitrone ist eine Zitrusfrucht mit intensiv gelber Farbe und saurem Geschmack und wird aufgrund ihrer wohltuenden Eigenschaften therapeutisch eingesetzt.<\/p>\n<p>Die Vorteile der Zitrone sind vor allem auf die enthaltene Zitronens\u00e4ure und das Vitamin C zur\u00fcckzuf\u00fchren.<\/p>\n<p><strong>Nachfolgend sind die wohltuenden Eigenschaften von Zitrone aufgef\u00fchrt:<\/strong><\/p>\n<ul>\n<li><strong>st\u00e4rkt das Immunsystem<\/strong><\/li>\n<li><strong>bek\u00e4mpft das schlechte LDL-Cholesterin<\/strong><\/li>\n<li><strong>hilft bei der Verbesserung von Arthroseproblemen<\/strong><br \/>\n<strong>senkt den Harns\u00e4urespiegel<\/strong><\/li>\n<li><strong>wirkt der Bildung von Nierensteinen entgegen<\/strong><\/li>\n<li><strong>f\u00f6rdert die Verdauung und entschlackt den K\u00f6rper<\/strong><\/li>\n<li><strong>antibakterielle und antimikrobielle Eigenschaften<\/strong><\/li>\n<li><strong>desinfiziert und pflegt die Haut und bek\u00e4mpft Pickel.<\/strong><\/li>\n<li><strong>wirkt einer Gewichtszunahme entgegen.<\/strong><\/li>\n<\/ul>\n<p><strong>Familienbetrieb und Auswahl der besten Rohstoffe<\/strong>, die auf den fruchtbaren B\u00f6den des Unternehmens angebaut und unter Ber\u00fccksichtigung der alten Tradition verarbeitet werden. Dies ist der Personalausweis von Agro Pic, einem Unternehmen, das auf die Herstellung von Marmeladen, S\u00e4ften, So\u00dfen und Gurken spezialisiert ist.<\/p>\n<p><strong>Das Hauptziel der Aktivit\u00e4t besteht darin, die Aromen und Fr\u00fcchte Kalabriens hervorzuheben, insbesondere die besonderen und meist weniger bekannten,<\/strong> wie Bergamotte, eine Frucht mit zahlreichen wohltuenden Eigenschaften, einzigartig und s\u00e4uerlich wie das gesamte kalabrische Gebiet.<\/p>\n<p>Natur, Tradition und hohe Qualit\u00e4t sind die Zutaten f\u00fcr den Erfolg von Agro Pic.<\/p>\n<p><strong>F\u00fcr weitere Informationen zu unseren Produkten z\u00f6gern Sie nicht, uns zu kontaktieren:<\/strong><\/p>\n<p>Mobil. 349 5651669<\/p>\n<p>Tel. 0964 1955229<\/p>\n<p>info@agropic.it<\/p>\n","protected":false},"excerpt":{"rendered":"<p>Die Zitronenmarmelade von Agro Pic wird zu 100 % aus unbehandelten Zitronen aus Kalabrien hergestellt und direkt auf dem Firmenland geerntet.<\/p>\n<p><strong>Zutaten<\/strong>: Zitrone 70 %, Zucker.<\/p>\n<p>Ohne Konservierungsstoffe, ohne Farbstoffe, ohne Verdickungsmittel.<\/p>\n<p>Pro 100 g Fertigprodukt wurden 70 g Zitronen verwendet.<\/p>\n<p><strong>Format<\/strong>: 220g<\/p>\n<p>Weitere Informationen finden Sie in der vollst\u00e4ndigen Beschreibung.<\/p>\n<p><strong>Kaufen Sie es jetzt und erhalten Sie es in 4-5 Tagen bei Ihnen zu Hause!<\/strong>&hellip; <a class=\"kt-excerpt-readmore more-link\" href=\"https:\/\/agropic.it\/de\/produkt\/extra-zitronenmarmelade-220-g\/\" aria-label=\"Zitronenmarmelade 220g\">Read More<\/a><\/p>\n","protected":false},"featured_media":7050,"comment_status":"closed","ping_status":"closed","template":"","meta":{"kt_blocks_editor_width":"","_kad_blocks_custom_css":"","_kad_blocks_head_custom_js":"","_kad_blocks_body_custom_js":"","_kad_blocks_footer_custom_js":""},"product_brand":[],"product_cat":[264],"product_tag":[],"class_list":{"0":"post-3340","1":"product","2":"type-product","3":"status-publish","4":"has-post-thumbnail","6":"product_cat-konfituren-und-marmeladen","8":"first","9":"instock","10":"shipping-taxable","11":"purchasable","12":"product-type-simple"},"taxonomy_info":{"product_cat":[{"value":264,"label":"Konfit\u00fcren und Marmeladen"}]},"featured_image_src_large":["https:\/\/agropic.it\/wp-content\/uploads\/2023\/03\/Marmellata-di-limoni-960x960.webp",960,960,true],"author_info":[],"comment_info":0,"_links":{"self":[{"href":"https:\/\/agropic.it\/de\/wp-json\/wp\/v2\/product\/3340","targetHints":{"allow":["GET"]}}],"collection":[{"href":"https:\/\/agropic.it\/de\/wp-json\/wp\/v2\/product"}],"about":[{"href":"https:\/\/agropic.it\/de\/wp-json\/wp\/v2\/types\/product"}],"replies":[{"embeddable":true,"href":"https:\/\/agropic.it\/de\/wp-json\/wp\/v2\/comments?post=3340"}],"wp:featuredmedia":[{"embeddable":true,"href":"https:\/\/agropic.it\/de\/wp-json\/wp\/v2\/media\/7050"}],"wp:attachment":[{"href":"https:\/\/agropic.it\/de\/wp-json\/wp\/v2\/media?parent=3340"}],"wp:term":[{"taxonomy":"product_brand","embeddable":true,"href":"https:\/\/agropic.it\/de\/wp-json\/wp\/v2\/product_brand?post=3340"},{"taxonomy":"product_cat","embeddable":true,"href":"https:\/\/agropic.it\/de\/wp-json\/wp\/v2\/product_cat?post=3340"},{"taxonomy":"product_tag","embeddable":true,"href":"https:\/\/agropic.it\/de\/wp-json\/wp\/v2\/product_tag?post=3340"}],"curies":[{"name":"wp","href":"https:\/\/api.w.org\/{rel}","templated":true}]}}