{"id":3327,"date":"2019-04-04T07:55:55","date_gmt":"2019-04-04T07:55:55","guid":{"rendered":"https:\/\/agropic.it\/prodotto\/chiliflocken-50-g\/"},"modified":"2025-07-16T09:01:51","modified_gmt":"2025-07-16T09:01:51","slug":"chiliflocken-50-g","status":"publish","type":"product","link":"https:\/\/agropic.it\/de\/produkt\/chiliflocken-50-g\/","title":{"rendered":"Chiliflocken 50 g"},"content":{"rendered":"<h6>Chiliflocken<\/h6>\n<p>50-g-Format<\/p>\n<p>Agro Pic Chiliflocken werden aus Chilischoten hergestellt, die direkt auf unseren Feldern angebaut und geerntet werden. Sie werden getrocknet, zerkleinert und in Gl\u00e4ser gef\u00fcllt.<\/p>\n<p><strong>Chili ist eine wichtige Zutat der traditionellen kalabrischen K\u00fcche und bekannt f\u00fcr seine wohltuenden Eigenschaften. Dank der enthaltenen Flavonoide wirkt sie stark antioxidativ und ist reich an Vitamin C und Mineralstoffen. Studien empfehlen ihre Verwendung zur Vorbeugung von Herz-Kreislauf-Erkrankungen, zur Anregung des Stoffwechsels und zur Unterst\u00fctzung der Gewichtsabnahme. Sie hilft auch bei Halsschmerzen.<\/strong><\/p>\n<p><strong>Chili, seit der Antike verwendet, ist ein Gew\u00fcrz, das nicht nur Gerichten Sch\u00e4rfe verleiht, sondern auch eine Reihe gesundheitlicher Vorteile bietet.<\/strong><\/p>\n<p><strong>Chili:<\/strong><\/p>\n<ul>\n<li>ist reich an Vitamin A, C und E.<\/li>\n<li>hat antibakterielle, antihistaminische und antioxidative Eigenschaften.<\/li>\n<li>ist ein bekanntes Aphrodisiakum.<\/li>\n<li>hat eine schmerzlindernde Wirkung auf Muskeln und Knochen.<\/li>\n<li>aktiviert den Stoffwechsel und hilft bei der Gewichtskontrolle.<\/li>\n<li>senkt den Cholesterin-, Glukose- und Triglyceridspiegel.<\/li>\n<li>verbessert die Durchblutung und beugt Herz-Kreislauf-Erkrankungen wie Schlaganf\u00e4llen und Herzinfarkten vor.<\/li>\n<li>hat eine antitumorale Wirkung.<\/li>\n<\/ul>\n<p><strong>Als Familienbetrieb w\u00e4hlen wir die besten Rohstoffe aus<\/strong>, die auf unserem fruchtbaren Land angebaut und nach alter Tradition verarbeitet werden.<\/p>\n<p>Neben Chiliflocken bieten wir eine breite Produktpalette an, alle frisch und handwerklich hergestellt, mit unverwechselbarem Geschmack, wie Fruchts\u00e4fte, saisonale Fruchtmarmeladen und -konfit\u00fcren, Tomatenp\u00fcrees, Cremes, Honig und \u00d6lkonserven.<\/p>\n<p><strong>Unser oberstes Ziel ist es, die Aromen und Fr\u00fcchte Kalabriens zu f\u00f6rdern, insbesondere die besonderen und weniger bekannten<\/strong>, wie zum Beispiel die Bergamotte, eine Frucht mit vielen wohltuenden Eigenschaften, einzigartig und herb wie die gesamte Region Kalabrien.<\/p>\n<p>Wir bringen hochwertige, authentische Produkte auf Ihren Tisch, die aus einer sorgf\u00e4ltigen und kontrollierten Auswahl an Rohstoffen stammen, von denen viele direkt von uns angebaut und ohne den Einsatz von Chemikalien gewonnen werden.<\/p>\n<p>Natur, Tradition und hohe Qualit\u00e4t sind die Zutaten f\u00fcr den Erfolg von Agro Pic.<\/p>\n<p>Folgen Sie uns auf Instagram, um alle Neuigkeiten von Agro Pic zu erfahren.<\/p>\n<p>https:\/\/www.instagram.com\/agropic\/<\/p>\n<p><strong>F\u00fcr weitere Informationen zu unseren Produkten kontaktieren Sie uns bitte:<\/strong><\/p>\n<p>Mobil: +39 3495651669<\/p>\n<p>E-Mail: info@agropic.it<\/p>\n<p>Tel.: +39 0964 1955229<\/p>\n","protected":false},"excerpt":{"rendered":"<p>Geschrotete Chilischoten<\/p>\n<p>Ofengetrocknet, 50 g<\/p>\n<p>Agro Pic Chiliflocken werden aus Chilischoten hergestellt, die direkt auf unseren Feldern angebaut und geerntet werden. Sie werden getrocknet, zerkleinert und in Gl\u00e4ser abgef\u00fcllt.<\/p>\n<p>Sie k\u00f6nnen unsere Produkte \u00fcber diese Website, per E-Mail an info@agropic.it oder telefonisch unter 349 56 51 669 bestellen. Nach Zahlungseingang wird Ihre Bestellung innerhalb von 4\u20135 Tagen geliefert.<\/p>\n<p>Lesen Sie die vollst\u00e4ndige Produktbeschreibung unten!&hellip; <a class=\"kt-excerpt-readmore more-link\" href=\"https:\/\/agropic.it\/de\/produkt\/chiliflocken-50-g\/\" aria-label=\"Chiliflocken 50 g\">Read More<\/a><\/p>\n","protected":false},"featured_media":7185,"comment_status":"closed","ping_status":"closed","template":"","meta":{"kt_blocks_editor_width":"","_kad_blocks_custom_css":"","_kad_blocks_head_custom_js":"","_kad_blocks_body_custom_js":"","_kad_blocks_footer_custom_js":""},"product_brand":[],"product_cat":[260],"product_tag":[],"class_list":{"0":"post-3327","1":"product","2":"type-product","3":"status-publish","4":"has-post-thumbnail","6":"product_cat-gewurze-aus-kalabrien","8":"first","9":"instock","10":"shipping-taxable","11":"purchasable","12":"product-type-simple"},"taxonomy_info":{"product_cat":[{"value":260,"label":"Gew\u00fcrze aus Kalabrien"}]},"featured_image_src_large":["https:\/\/agropic.it\/wp-content\/uploads\/2023\/03\/Peperoncino-a-scaglie-960x960.webp",960,960,true],"author_info":[],"comment_info":0,"_links":{"self":[{"href":"https:\/\/agropic.it\/de\/wp-json\/wp\/v2\/product\/3327","targetHints":{"allow":["GET"]}}],"collection":[{"href":"https:\/\/agropic.it\/de\/wp-json\/wp\/v2\/product"}],"about":[{"href":"https:\/\/agropic.it\/de\/wp-json\/wp\/v2\/types\/product"}],"replies":[{"embeddable":true,"href":"https:\/\/agropic.it\/de\/wp-json\/wp\/v2\/comments?post=3327"}],"wp:featuredmedia":[{"embeddable":true,"href":"https:\/\/agropic.it\/de\/wp-json\/wp\/v2\/media\/7185"}],"wp:attachment":[{"href":"https:\/\/agropic.it\/de\/wp-json\/wp\/v2\/media?parent=3327"}],"wp:term":[{"taxonomy":"product_brand","embeddable":true,"href":"https:\/\/agropic.it\/de\/wp-json\/wp\/v2\/product_brand?post=3327"},{"taxonomy":"product_cat","embeddable":true,"href":"https:\/\/agropic.it\/de\/wp-json\/wp\/v2\/product_cat?post=3327"},{"taxonomy":"product_tag","embeddable":true,"href":"https:\/\/agropic.it\/de\/wp-json\/wp\/v2\/product_tag?post=3327"}],"curies":[{"name":"wp","href":"https:\/\/api.w.org\/{rel}","templated":true}]}}