{"id":3277,"date":"2024-01-26T11:40:19","date_gmt":"2024-01-26T11:40:19","guid":{"rendered":"https:\/\/agropic.it\/prodotto\/bergamotte-saft-100-rein-200-ml-12-stuck\/"},"modified":"2025-07-09T08:35:17","modified_gmt":"2025-07-09T08:35:17","slug":"bio-bergamotten-saft-100-rein-200-ml-24-stuck","status":"publish","type":"product","link":"https:\/\/agropic.it\/de\/produkt\/bio-bergamotten-saft-100-rein-200-ml-24-stuck\/","title":{"rendered":"100 % reiner Bio-Bergamottesaft, 200 ml \u2013 (24 Flaschen)"},"content":{"rendered":"<h6>Bio Bergamottensaft 100% reinem (200 ml) &#8211; 24 St\u00fcck<\/h6>\n<p>Ohne Zuckerzusatz und ohne Konservierungsstoffe<\/p>\n<ul>\n<li><strong>Zutaten:<\/strong> 100% Bio Bergamottensaft<\/li>\n<li id=\"tw-target-text\" class=\"tw-data-text tw-text-large tw-ta\" dir=\"ltr\" data-placeholder=\"Traduzione\" data-ved=\"2ahUKEwjS8YeLkI2EAxXlgP0HHSBoBOMQ3ewLegQIBRAQ\"><span class=\"Y2IQFc\" lang=\"de\"><strong>Format:<\/strong> 200ml <\/span><\/li>\n<li class=\"tw-data-text tw-text-large tw-ta\" dir=\"ltr\" data-placeholder=\"Traduzione\" data-ved=\"2ahUKEwjS8YeLkI2EAxXlgP0HHSBoBOMQ3ewLegQIBRAQ\"><span class=\"Y2IQFc\" lang=\"de\"><strong>Herkunft der Bergamotte:<\/strong> Italien (Kalabrien)<\/span><\/li>\n<li><strong>Lagerungsmethode:<\/strong> An einem trockenen und k\u00fchlen Ort, fern von Licht- und W\u00e4rmequellen lagern. Nach dem \u00d6ffnen in den K\u00fchlschrank stellen und innerhalb weniger Tage verzehren.<\/li>\n<li><strong>Anwendung:<\/strong> Vor Gebrauch gut sch\u00fctteln. Trinken Sie es pur oder verd\u00fcnnen Sie es mit Wasser. Eventuelle R\u00fcckst\u00e4nde oder Ausscheidungen beeintr\u00e4chtigen die Qualit\u00e4t des Produktes nicht.<\/li>\n<\/ul>\n<h6>Bergamotte wird in der Region Jonico-Reggina in Kalabrien angebaut, das Mikroklima dieser kleinen Gegend ist besonders g\u00fcnstig f\u00fcr die Produktion dieser Zitrusfrucht. Es gilt als Frucht der Gesundheit, da ihm in einigen k\u00fcrzlich durchgef\u00fchrten wissenschaftlichen Studien zahlreiche positive Wirkungen zugeschrieben werden.<\/h6>\n<p>Tats\u00e4chlich hilft es bei der Bek\u00e4mpfung von Problemen mit schlechtem LDL-Cholesterin, beugt so Herz-Kreislauf-Erkrankungen vor und normalisiert den Transaminase-, CPK- und Blutzuckerspiegel.<br \/>\nEs ist reich an Mineralsalzen und Vitaminen, die Knochenerkrankungen vorbeugen und das Immunsystem st\u00e4rken k\u00f6nnen, sowie an Antioxidantien, die den Alterungsprozess verlangsamen.<br \/>\nAuch wirksam bei Verdauungsproblemen und gegen Mundgeruch.<\/p>\n<p>Tats\u00e4chlich hilft es bei der Bek\u00e4mpfung von Problemen mit schlechtem LDL-Cholesterin, beugt so Herz-Kreislauf-Erkrankungen vor und normalisiert den Transaminase-, CPK- und Blutzuckerspiegel.<br \/>\nEs ist reich an Mineralsalzen und Vitaminen, die Knochenerkrankungen vorbeugen und das Immunsystem st\u00e4rken k\u00f6nnen, sowie an Antioxidantien, die den Alterungsprozess verlangsamen.<br \/>\nAuch wirksam bei Verdauungsproblemen und gegen Mundgeruch.<\/p>\n<p>Die Verwendung von Bergamottensaft sollte keine medikament\u00f6se Therapie ersetzen.<\/p>\n<p><strong>Als Familienbetrieb w\u00e4hlen wir die besten Zutaten aus<\/strong>, die auf unserem fruchtbaren Land angebaut und nach alter Tradition verarbeitet werden.<\/p>\n<p>Neben Bergamottensaft bieten wir eine breite Produktpalette an, alle frisch nach handwerklichen Methoden hergestellt und mit unverwechselbarem Geschmack, darunter Fruchts\u00e4fte, saisonale Fruchtmarmeladen und -konfit\u00fcren, Tomatenp\u00fcrees, Cremes, Honig und \u00d6lkonserven.<\/p>\n<p><strong>Unser oberstes Ziel ist es, die Aromen und Fr\u00fcchte Kalabriens zu f\u00f6rdern, insbesondere die besonderen und weniger bekannten<\/strong>, wie zum Beispiel die Bergamotte, eine Frucht mit vielen wohltuenden Eigenschaften, einzigartig und herb wie die gesamte Region Kalabrien.<\/p>\n<p>Wir bringen hochwertige, authentische Produkte auf Ihren Tisch, die aus einer sorgf\u00e4ltigen und kontrollierten Auswahl an Rohstoffen stammen, von denen viele direkt von uns angebaut und ohne den Einsatz von Chemikalien gewonnen werden.<\/p>\n<p>Natur, Tradition und hohe Qualit\u00e4t sind die Zutaten f\u00fcr den Erfolg von Agro Pic.<\/p>\n<p><strong>Folgen Sie uns auf Instagram, um alle Neuigkeiten von Agro Pic zu erfahren.<\/strong><\/p>\n<p>https:\/\/www.instagram.com\/agropic\/<\/p>\n<p>F\u00fcr weitere Informationen zu unseren Produkten kontaktieren Sie uns bitte:<\/p>\n<p>Mobil: +39 3495651669<\/p>\n<p>E-Mail: info@agropic.it<\/p>\n<p>Tel.: +39 0964 1955229<\/p>\n","protected":false},"excerpt":{"rendered":"<p>reinem Bio Bergamottensaft (200 ml) &#8211; 24 St\u00fcck<\/p>\n<p>Ohne Zuckerzusatz und ohne Konservierungsstoffe<\/p>\n<ul>\n<li><strong>Zutaten:<\/strong> 100% Bio Bergamottensaft<\/li>\n<li id=\"tw-target-text\" class=\"tw-data-text tw-text-large tw-ta\" dir=\"ltr\" data-placeholder=\"Traduzione\" data-ved=\"2ahUKEwjS8YeLkI2EAxXlgP0HHSBoBOMQ3ewLegQIBRAQ\"><span class=\"Y2IQFc\" lang=\"de\"><strong>Format:<\/strong> 200ml <\/span><\/li>\n<li class=\"tw-data-text tw-text-large tw-ta\" dir=\"ltr\" data-placeholder=\"Traduzione\" data-ved=\"2ahUKEwjS8YeLkI2EAxXlgP0HHSBoBOMQ3ewLegQIBRAQ\"><span class=\"Y2IQFc\" lang=\"de\"><strong>Herkunft der Bergamotte:<\/strong> Italien (Kalabrien)<\/span><\/li>\n<\/ul>\n<p>Lesen Sie die vollst\u00e4ndige Beschreibung unten, um alle Anwendungstipps, vorteilhaften Eigenschaften und wissenschaftlichen Studien zu Bergamotte zu entdecken.<\/p>\n<p>&nbsp;<\/p>\n<p><strong>Kaufen Sie es jetzt und erhalten Sie es innerhalb von 5 Tagen bei Ihnen zu Hause.<\/strong>&hellip; <a class=\"kt-excerpt-readmore more-link\" href=\"https:\/\/agropic.it\/de\/produkt\/bio-bergamotten-saft-100-rein-200-ml-24-stuck\/\" aria-label=\"100 % reiner Bio-Bergamottesaft, 200 ml \u2013 (24 Flaschen)\">Read More<\/a><\/p>\n","protected":false},"featured_media":12854,"comment_status":"closed","ping_status":"closed","template":"","meta":{"kt_blocks_editor_width":"","_kad_blocks_custom_css":"","_kad_blocks_head_custom_js":"","_kad_blocks_body_custom_js":"","_kad_blocks_footer_custom_js":""},"product_brand":[],"product_cat":[319],"product_tag":[413,1175,522,766],"class_list":{"0":"post-3277","1":"product","2":"type-product","3":"status-publish","4":"has-post-thumbnail","6":"product_cat-bergamotte-saft","7":"product_tag-bergamotte-de","8":"product_tag-bergamotte-aus-kalabrien","9":"product_tag-bergamottesaft-de","10":"product_tag-kalabrische-bergamotte","12":"first","13":"instock","14":"sale","15":"shipping-taxable","16":"purchasable","17":"product-type-simple"},"taxonomy_info":{"product_cat":[{"value":319,"label":"Bergamotte-Saft"}],"product_tag":[{"value":413,"label":"Bergamotte"},{"value":1175,"label":"Bergamotte aus Kalabrien"},{"value":522,"label":"Bergamottesaft"},{"value":766,"label":"Kalabrische Bergamotte"}]},"featured_image_src_large":["https:\/\/agropic.it\/wp-content\/uploads\/2024\/01\/B0F5BW34ZW.MAIN_-960x960.jpg",960,960,true],"author_info":[],"comment_info":0,"_links":{"self":[{"href":"https:\/\/agropic.it\/de\/wp-json\/wp\/v2\/product\/3277","targetHints":{"allow":["GET"]}}],"collection":[{"href":"https:\/\/agropic.it\/de\/wp-json\/wp\/v2\/product"}],"about":[{"href":"https:\/\/agropic.it\/de\/wp-json\/wp\/v2\/types\/product"}],"replies":[{"embeddable":true,"href":"https:\/\/agropic.it\/de\/wp-json\/wp\/v2\/comments?post=3277"}],"wp:featuredmedia":[{"embeddable":true,"href":"https:\/\/agropic.it\/de\/wp-json\/wp\/v2\/media\/12854"}],"wp:attachment":[{"href":"https:\/\/agropic.it\/de\/wp-json\/wp\/v2\/media?parent=3277"}],"wp:term":[{"taxonomy":"product_brand","embeddable":true,"href":"https:\/\/agropic.it\/de\/wp-json\/wp\/v2\/product_brand?post=3277"},{"taxonomy":"product_cat","embeddable":true,"href":"https:\/\/agropic.it\/de\/wp-json\/wp\/v2\/product_cat?post=3277"},{"taxonomy":"product_tag","embeddable":true,"href":"https:\/\/agropic.it\/de\/wp-json\/wp\/v2\/product_tag?post=3277"}],"curies":[{"name":"wp","href":"https:\/\/api.w.org\/{rel}","templated":true}]}}