{"id":3222,"date":"2024-01-31T10:18:36","date_gmt":"2024-01-31T10:18:36","guid":{"rendered":"https:\/\/agropic.it\/prodotto\/bergamotte-saft-100-rein-200-ml\/"},"modified":"2026-02-27T15:36:18","modified_gmt":"2026-02-27T15:36:18","slug":"100-bio-granatapfelsaft-200-ml","status":"publish","type":"product","link":"https:\/\/agropic.it\/de\/produkt\/100-bio-granatapfelsaft-200-ml\/","title":{"rendered":"100% Granatapfelsaft 200ml \u2013 (1 Flasche)"},"content":{"rendered":"<p>Granatapfelsaft<\/p>\n<p>Granatapfelsaft ist ein starkes nat\u00fcrliches Antioxidans, reich an Vitaminen und Mineralsalzen, st\u00e4rkt die Immunabwehr und wird haupts\u00e4chlich wegen seiner entz\u00fcndungshemmenden, antidegenerativen und entgiftenden Wirkung konsumiert. Es ist auch ein wirksames Hilfsmittel zur Senkung des Cholesterinspiegels im Blut.<\/p>\n<p>Zutaten: 100 % Bio-Granatapfelsaft<\/p>\n<p>Ohne Zuckerzusatz und ohne Konservierungsstoffe<\/p>\n<p>Herkunft des Granatapfels: Italien<\/p>\n<p>Format: 200 ml<\/p>\n<p>Lagerungsmethode: An einem k\u00fchlen, trockenen Ort, fern von Licht- oder W\u00e4rmequellen lagern. Bewahren Sie das Produkt nach dem \u00d6ffnen im K\u00fchlschrank auf und verbrauchen Sie es innerhalb weniger Tage.<\/p>\n<p>Etwaige Sedimente oder Abl\u00f6sungen sind auf die Naturbelassenheit des Produktes zur\u00fcckzuf\u00fchren.<\/p>\n<p>Das Produkt kann nat\u00fcrlich verzehrt oder in Wasser verd\u00fcnnt werden.<\/p>\n<p>N\u00e4hrwerte pro 100g Produkt:<\/p>\n<ul>\n<li>Energie: 213 kj \/ 51 kcal<\/li>\n<li>Eiwei\u00df 0,2g<\/li>\n<li>Kohlenhydrate 13g<\/li>\n<li>davon Zucker 12,7g<\/li>\n<li>Fett 0,2g<\/li>\n<li>davon ges\u00e4ttigt 0,2g<\/li>\n<li>Salz 2,25 mg<\/li>\n<\/ul>\n<h6>Granatapfelsaft ist seit der Antike f\u00fcr seine zahlreichen ern\u00e4hrungsphysiologischen Eigenschaften bekannt.<\/h6>\n<h6>Wohltuende Wirkung von Granatapfelsaft:<br \/>\nstarkes nat\u00fcrliches Antioxidans<br \/>\nentz\u00fcndungshemmende Eigenschaften<br \/>\nantidegenerative Eigenschaften<br \/>\nreinigt den K\u00f6rper<br \/>\nsenkt den Cholesterinspiegel im Blut<br \/>\nreich an Vitaminen und Mineralsalzen<\/h6>\n<h6>Klicken Sie unten, um alle Arten von Eink\u00e4ufen zu entdecken:\u00a0https:\/\/agropic.it\/categoria-dotto\/prodotti-al-melograno\/<\/h6>\n<h6>Familienbetrieb und Auswahl der besten Rohstoffe, die auf den fruchtbaren B\u00f6den des Unternehmens angebaut und unter Ber\u00fccksichtigung der alten Tradition verarbeitet werden. Dies ist der Personalausweis von Agro Pic, einem Unternehmen, das auf die Herstellung von Marmeladen, S\u00e4ften, So\u00dfen und Gurken spezialisiert ist.<\/h6>\n<h6>Natur, Tradition und hohe Qualit\u00e4t sind die Zutaten f\u00fcr den Erfolg von Agro Pic.<\/h6>\n<h6>F\u00fcr weitere Informationen zu unseren Produkten z\u00f6gern Sie nicht, uns zu kontaktieren:<\/h6>\n<h6>Mobil. 349 5651669<\/h6>\n<h6>Tel. 0964 1955229<\/h6>\n<h6>info@agropic.it<\/h6>\n","protected":false},"excerpt":{"rendered":"<p>Granatapfelsaft ist ein starkes nat\u00fcrliches Antioxidans, reich an Vitaminen und Mineralsalzen, st\u00e4rkt die Immunabwehr und wird haupts\u00e4chlich wegen seiner entz\u00fcndungshemmenden, antidegenerativen und entgiftenden Wirkung konsumiert. Es ist auch ein wirksames Hilfsmittel zur Senkung des Cholesterinspiegels im Blut.<\/p>\n<p>&nbsp;<\/p>\n<p>Zutaten: 100 % Bio-Granatapfelsaft<\/p>\n<p>Ohne Zuckerzusatz und ohne Konservierungsstoffe<\/p>\n<p>Herkunft des Granatapfels: Italien<\/p>\n<p>Format: 200 ml<\/p>\n<p>Lesen Sie die vollst\u00e4ndige Beschreibung unten<\/p>\n<p>&nbsp;<\/p>\n<p>Kaufen Sie es jetzt und erhalten Sie es in 5-6 Tagen bei Ihnen zu Hause!&hellip; <a class=\"kt-excerpt-readmore more-link\" href=\"https:\/\/agropic.it\/de\/produkt\/100-bio-granatapfelsaft-200-ml\/\" aria-label=\"100% Granatapfelsaft 200ml \u2013 (1 Flasche)\">Read More<\/a><\/p>\n","protected":false},"featured_media":7215,"comment_status":"closed","ping_status":"closed","template":"","meta":{"kt_blocks_editor_width":"","_kad_blocks_custom_css":"","_kad_blocks_head_custom_js":"","_kad_blocks_body_custom_js":"","_kad_blocks_footer_custom_js":""},"product_brand":[],"product_cat":[322],"product_tag":[1004,1006],"class_list":{"0":"post-3222","1":"product","2":"type-product","3":"status-publish","4":"has-post-thumbnail","6":"product_cat-granatapfelprodukte","7":"product_tag-spremuta-di-melograno-de","8":"product_tag-succo-di-melograno-de","10":"first","11":"instock","12":"shipping-taxable","13":"purchasable","14":"product-type-simple"},"taxonomy_info":{"product_cat":[{"value":322,"label":"Granatapfelprodukte"}],"product_tag":[{"value":1004,"label":"spremuta di melograno"},{"value":1006,"label":"succo di melograno"}]},"featured_image_src_large":["https:\/\/agropic.it\/wp-content\/uploads\/2023\/03\/Succo-di-Melograno-100-200-ml-1-960x960.webp",960,960,true],"author_info":[],"comment_info":0,"_links":{"self":[{"href":"https:\/\/agropic.it\/de\/wp-json\/wp\/v2\/product\/3222","targetHints":{"allow":["GET"]}}],"collection":[{"href":"https:\/\/agropic.it\/de\/wp-json\/wp\/v2\/product"}],"about":[{"href":"https:\/\/agropic.it\/de\/wp-json\/wp\/v2\/types\/product"}],"replies":[{"embeddable":true,"href":"https:\/\/agropic.it\/de\/wp-json\/wp\/v2\/comments?post=3222"}],"wp:featuredmedia":[{"embeddable":true,"href":"https:\/\/agropic.it\/de\/wp-json\/wp\/v2\/media\/7215"}],"wp:attachment":[{"href":"https:\/\/agropic.it\/de\/wp-json\/wp\/v2\/media?parent=3222"}],"wp:term":[{"taxonomy":"product_brand","embeddable":true,"href":"https:\/\/agropic.it\/de\/wp-json\/wp\/v2\/product_brand?post=3222"},{"taxonomy":"product_cat","embeddable":true,"href":"https:\/\/agropic.it\/de\/wp-json\/wp\/v2\/product_cat?post=3222"},{"taxonomy":"product_tag","embeddable":true,"href":"https:\/\/agropic.it\/de\/wp-json\/wp\/v2\/product_tag?post=3222"}],"curies":[{"name":"wp","href":"https:\/\/api.w.org\/{rel}","templated":true}]}}