{"id":3216,"date":"2024-01-27T09:40:49","date_gmt":"2024-01-27T09:40:49","guid":{"rendered":"https:\/\/agropic.it\/prodotto\/bergamotte-saft-100-rein-200-ml-12-stuck\/"},"modified":"2025-06-17T08:28:19","modified_gmt":"2025-06-17T08:28:19","slug":"100-granatapfel-saft-200-ml-12-stuck","status":"publish","type":"product","link":"https:\/\/agropic.it\/de\/produkt\/100-granatapfel-saft-200-ml-12-stuck\/","title":{"rendered":"100% Granatapfelsaft &#038; Bergamottensaft (200 ml)"},"content":{"rendered":"<h6>100% Granatapfelsaft &amp; Bergamottensaft<\/h6>\n<p>100 % Granatapfel-Bergamotte-Saft ist die perfekte Mischung f\u00fcr Ihre Gesundheit. Die Eigenschaften der Bergamotte treffen auf die des Granatapfels \u2013 ein k\u00f6stlicher Saft voller wohltuender Eigenschaften f\u00fcr Ihren K\u00f6rper.<\/p>\n<p>Granatapfel-Bergamotte-Saft ist ein erfrischendes Getr\u00e4nk voller wohltuender Eigenschaften, das die S\u00fc\u00dfe und F\u00fclle des Granatapfels mit dem zitronigen und leicht bitteren Aroma der Bergamotte verbindet. Es ist nicht nur erfrischend, sondern auch reich an Vitaminen, Antioxidantien und gesundheitsf\u00f6rdernden Eigenschaften. Perfekt als Sommergetr\u00e4nk, aber auch als eleganter Aperitif.<\/p>\n<p>Granatapfel-Bergamotte-Saft ist ein frisches und aromatisches Getr\u00e4nk, das vielseitig einsetzbar ist. Sie k\u00f6nnen ihn nicht nur pur trinken, sondern auch in verschiedenen Gerichten und Cocktails verwenden.<\/p>\n<p>Zutaten: 70 % Granatapfelsaft, 30 % Bergamottesaft.<\/p>\n<p>Ohne Zuckerzusatz und Konservierungsstoffe.<\/p>\n<p>Format: 200 ml<\/p>\n<p>Herkunft von Granatapfelsaft und Bergamottensaft: Italien<\/p>\n<p>Aufbewahrung: K\u00fchl, trocken und lichtgesch\u00fctzt lagern. Nach dem \u00d6ffnen im K\u00fchlschrank aufbewahren und innerhalb von 5 Tagen verbrauchen.<\/p>\n<p>M\u00f6gliche Ablagerungen oder Trennungen sind auf die Nat\u00fcrlichkeit des Produkts zur\u00fcckzuf\u00fchren.<\/p>\n<p>Das Produkt kann pur oder mit Wasser verd\u00fcnnt verzehrt werden.<\/p>\n<p>N\u00e4hrwerte pro 100 g:<\/p>\n<ul>\n<li>Energie: 199,6 kJ \/ 47,7 kcal<\/li>\n<li>Proteine: 0,03 g<\/li>\n<li>Kohlenhydrate: 9,6 g<\/li>\n<li>davon Zucker: 9,5 g<\/li>\n<li>Fette: 0,1 g<\/li>\n<li>davon ges\u00e4ttigte Fetts\u00e4uren: 0,1 g<\/li>\n<li>Salz: 3 mg<\/li>\n<\/ul>\n<p>Nachfolgend finden Sie alle wohltuenden Eigenschaften von Granatapfel- und Bergamottensaft.<\/p>\n<p><strong>Granatapfelsaft ist ein starkes nat\u00fcrliches Antioxidans mit entz\u00fcndungshemmenden und antidegenerativen Eigenschaften. Er reinigt den K\u00f6rper und senkt den Cholesterinspiegel im Blut.<\/strong><\/p>\n<p>Bergamottensaft hilft, das schlechte LDL-Cholesterin zu bek\u00e4mpfen, beugt so Herz-Kreislauf-Erkrankungen vor und normalisiert die Transaminasen-, CPK- und Blutzuckerwerte. Er ist reich an Mineralstoffen und Vitaminen, die Knochenerkrankungen vorbeugen und das Immunsystem st\u00e4rken, sowie an Antioxidantien, die die Alterung verlangsamen. Er wirkt auch bei Verdauungsproblemen und Mundgeruch.<\/p>\n<p><strong>Familienbetrieb mit Auswahl der besten Rohstoffe<\/strong>, angebaut auf den fruchtbaren B\u00f6den des Unternehmens und verarbeitet nach alter Tradition.<\/p>\n<p>Neben Granatapfel- und Bergamottensaft bieten wir eine breite Produktpalette an, alle frisch und nach handwerklichen Methoden verarbeitet und mit unverwechselbarem Geschmack, wie Fruchts\u00e4fte, saisonale Fruchtmarmeladen und -konfit\u00fcren, Tomatenp\u00fcrees, Cremes, Honig und \u00d6lkonserven.<\/p>\n<p><strong>Hauptziel unserer T\u00e4tigkeit ist es, die Aromen und Fr\u00fcchte Kalabriens hervorzuheben, insbesondere die besonderen und weniger bekannten, wie die Bergamotte<\/strong>, eine Frucht mit vielf\u00e4ltigen wohltuenden Eigenschaften, einzigartig und s\u00e4uerlich wie das gesamte kalabrische Gebiet.<\/p>\n<p>Wir bringen echte Produkte von hoher Qualit\u00e4t auf den Tisch, die aus einer sorgf\u00e4ltigen und kontrollierten Auswahl der Rohstoffe stammen, von denen viele direkt von uns angebaut und ohne den Einsatz von Chemikalien gewonnen werden.<\/p>\n<p>Natur, Tradition und hohe Qualit\u00e4t sind die Zutaten f\u00fcr den Erfolg von Agro Pic.<\/p>\n<p>Folgen Sie uns auf Instagram und erfahren Sie alle Neuigkeiten von Agro Pic.<\/p>\n<p>https:\/\/www.instagram.com\/agropic\/<\/p>\n<p><strong>F\u00fcr weitere Informationen zu unseren Produkten kontaktieren Sie uns gerne:<\/strong><\/p>\n<p>Mobil: 3495651669<\/p>\n<p>E-Mail: info@agropic.it<\/p>\n<p>Tel.: 0964 1955229<\/p>\n","protected":false},"excerpt":{"rendered":"<p>100 % Granatapfel- und Bergamottensaft ist die perfekte Mischung f\u00fcr Ihre Gesundheit. Die Eigenschaften der Bergamotte treffen auf die des Granatapfels \u2013 ein k\u00f6stlicher Saft voller wohltuender Eigenschaften f\u00fcr Ihren K\u00f6rper.<\/p>\n<p><strong>Zutaten<\/strong>: 70 % Granatapfelsaft, 30 % Bergamottensaft.<\/p>\n<p>Ohne Zuckerzusatz und Konservierungsstoffe.<\/p>\n<p>Herkunft von Granatapfel- und Bergamottensaft: Italien<\/p>\n<p><strong>Format<\/strong>: 200 ml<\/p>\n<p>Lesen Sie unten die vollst\u00e4ndige Beschreibung und alle wohltuenden Eigenschaften!<\/p>\n<p>Jetzt kaufen und innerhalb von 4\u20135 Tagen zu Ihnen nach Hause geliefert bekommen.<\/p>\n<p>!&hellip; <a class=\"kt-excerpt-readmore more-link\" href=\"https:\/\/agropic.it\/de\/produkt\/100-granatapfel-saft-200-ml-12-stuck\/\" aria-label=\"100% Granatapfelsaft &#038; Bergamottensaft (200 ml)\">Read More<\/a><\/p>\n","protected":false},"featured_media":7225,"comment_status":"closed","ping_status":"closed","template":"","meta":{"kt_blocks_editor_width":"","_kad_blocks_custom_css":"","_kad_blocks_head_custom_js":"","_kad_blocks_body_custom_js":"","_kad_blocks_footer_custom_js":""},"product_brand":[],"product_cat":[322],"product_tag":[],"class_list":{"0":"post-3216","1":"product","2":"type-product","3":"status-publish","4":"has-post-thumbnail","6":"product_cat-granatapfelprodukte","8":"first","9":"instock","10":"shipping-taxable","11":"purchasable","12":"product-type-simple"},"taxonomy_info":{"product_cat":[{"value":322,"label":"Granatapfelprodukte"}]},"featured_image_src_large":["https:\/\/agropic.it\/wp-content\/uploads\/2023\/03\/succo-di-melograno-e-bergamotto-200-ml-1-960x960.webp",960,960,true],"author_info":[],"comment_info":0,"_links":{"self":[{"href":"https:\/\/agropic.it\/de\/wp-json\/wp\/v2\/product\/3216","targetHints":{"allow":["GET"]}}],"collection":[{"href":"https:\/\/agropic.it\/de\/wp-json\/wp\/v2\/product"}],"about":[{"href":"https:\/\/agropic.it\/de\/wp-json\/wp\/v2\/types\/product"}],"replies":[{"embeddable":true,"href":"https:\/\/agropic.it\/de\/wp-json\/wp\/v2\/comments?post=3216"}],"wp:featuredmedia":[{"embeddable":true,"href":"https:\/\/agropic.it\/de\/wp-json\/wp\/v2\/media\/7225"}],"wp:attachment":[{"href":"https:\/\/agropic.it\/de\/wp-json\/wp\/v2\/media?parent=3216"}],"wp:term":[{"taxonomy":"product_brand","embeddable":true,"href":"https:\/\/agropic.it\/de\/wp-json\/wp\/v2\/product_brand?post=3216"},{"taxonomy":"product_cat","embeddable":true,"href":"https:\/\/agropic.it\/de\/wp-json\/wp\/v2\/product_cat?post=3216"},{"taxonomy":"product_tag","embeddable":true,"href":"https:\/\/agropic.it\/de\/wp-json\/wp\/v2\/product_tag?post=3216"}],"curies":[{"name":"wp","href":"https:\/\/api.w.org\/{rel}","templated":true}]}}