{"id":3106,"date":"2024-01-31T11:13:39","date_gmt":"2020-06-26T12:13:39","guid":{"rendered":"https:\/\/agropic.it\/prodotto\/honig-von-sulla-500-g\/"},"modified":"2025-04-29T08:59:30","modified_gmt":"2025-04-29T08:59:30","slug":"kalabrischer-sulla-honig-500-g","status":"publish","type":"product","link":"https:\/\/agropic.it\/de\/produkt\/kalabrischer-sulla-honig-500-g\/","title":{"rendered":"Kalabrischer Sulla Honig 500g"},"content":{"rendered":"<h4>100% Kalabrischer Sulla honig 500g<\/h4>\n<p>Der Honig von Agro Pic Kalabrischer Sulla honig ist ein feiner und zarter Honig, der reich an wohltuenden und heilenden Eigenschaften ist. Der Geschmack des Sulla-Honigs (eine typisch kalabrische Kr\u00e4uterpflanze) ist delikat, ebenso wie sein Duft, ein angenehmes Aroma von Wildkr\u00e4utern mit einer Zitrusnote.<\/p>\n<p>Es ist reich an Vitamin A, B und C. Cholesterin, Ballaststoffe, Laktose, Gluten und Histamin fehlen.<\/p>\n<p>Es wird haupts\u00e4chlich als nat\u00fcrlicher S\u00fc\u00dfstoff f\u00fcr Kaffee, Milch, Kamille, Tee und Aufg\u00fcsse verwendet, da es trotz seines geringen Gehalts an Einfachzuckern die Eigenschaft hat, zu s\u00fc\u00dfen. Es eignet sich auch hervorragend als Brot- und K\u00e4seaufstrich.<\/p>\n<p><strong>Zutaten<\/strong>: 100% Kalabrischer Sulla Honig<\/p>\n<p><strong>Honig Herkunft<\/strong>: Italien (Kalabrien)<\/p>\n<p><strong>Format<\/strong>: 500g<\/p>\n<p>Jede Verfestigung garantiert die Authentizit\u00e4t des Produkts, da es sich um einen nat\u00fcrlichen Prozess handelt. Tats\u00e4chlich wird die Konsistenz mit der Zeit k\u00f6rniger, dieser Prozess ver\u00e4ndert jedoch nicht die Qualit\u00e4t des Produkts und kann durch sanftes Erhitzen des Glases umkehrbar sein.<\/p>\n<p>Lagerung: An einem k\u00fchlen, trockenen Ort, fern von Licht- und W\u00e4rmequellen lagern.<\/p>\n<p><strong>Ern\u00e4hrungswerte:<\/strong><\/p>\n<ul>\n<li>Energie: 332 kcal \u2013 1391 kJ<\/li>\n<li>Kohlenhydrate: 82,7 g<\/li>\n<li>davon Zucker: 82,5g<\/li>\n<li>Protein: 0,3 g<\/li>\n<li>Fett: 0,1 g<\/li>\n<li>davon ges\u00e4ttigt: 0,1g<\/li>\n<li>Salz: 9 mg<\/li>\n<\/ul>\n<h6>Familienbetrieb und Auswahl der besten Rohstoffe, die auf den fruchtbaren B\u00f6den des Unternehmens angebaut und unter Ber\u00fccksichtigung der alten Tradition verarbeitet werden. Dies ist der Personalausweis von Agro Pic, einem Unternehmen, das auf die Herstellung von Marmeladen, S\u00e4ften, So\u00dfen und Gurken spezialisiert ist.<\/h6>\n<h6>Das Hauptziel der Aktivit\u00e4t ist die Aufwertung der Aromen und Fr\u00fcchte Kalabriens, insbesondere der besonderen und meist weniger bekannten, wie Bergamotte, eine Frucht mit zahlreichen wohltuenden Eigenschaften, einzigartig und s\u00e4uerlich wie das gesamte kalabrische Gebiet.<\/h6>\n<h6>Natur, Tradition und hohe Qualit\u00e4t sind die Zutaten f\u00fcr den Erfolg von Agro Pic.<\/h6>\n<h6>F\u00fcr weitere Informationen zu unseren Produkten z\u00f6gern Sie nicht, uns zu kontaktieren:<\/h6>\n<h6>Mobil. 349 5651669<\/h6>\n<h6>Tel. 0964 1955229<\/h6>\n<h6>info@agropic.it<\/h6>\n","protected":false},"excerpt":{"rendered":"<p>Kalabrischer Sulla honig ist ein feiner und zarter Honig, der reich an wohltuenden und heilenden Eigenschaften ist. Der Geschmack des Sulla-Honigs (eine typisch kalabrische Kr\u00e4uterpflanze) ist delikat, ebenso wie sein Duft, ein angenehmes Aroma von Wildkr\u00e4utern mit einer Zitrusnote.<\/p>\n<p>Es ist reich an Vitamin A, B und C. Cholesterin, Ballaststoffe, Laktose, Gluten und Histamin fehlen.<\/p>\n<p>&nbsp;<\/p>\n<p>Zutaten: 100 % Honig aus Honig Herkunft: Italien (Kalabrien)<\/p>\n<p>Format: 500g<\/p>\n<p>Lesen Sie die vollst\u00e4ndige Beschreibung unten.<\/p>\n<p>Kaufen Sie es jetzt und erhalten Sie es in 4-5 Tagen bei Ihnen zu Hause.&hellip; <a class=\"kt-excerpt-readmore more-link\" href=\"https:\/\/agropic.it\/de\/produkt\/kalabrischer-sulla-honig-500-g\/\" aria-label=\"Kalabrischer Sulla Honig 500g\">Read More<\/a><\/p>\n","protected":false},"featured_media":7600,"comment_status":"closed","ping_status":"closed","template":"","meta":{"kt_blocks_editor_width":"","_kad_blocks_custom_css":"","_kad_blocks_head_custom_js":"","_kad_blocks_body_custom_js":"","_kad_blocks_footer_custom_js":""},"product_brand":[],"product_cat":[256],"product_tag":[463,464,465],"class_list":{"0":"post-3106","1":"product","2":"type-product","3":"status-publish","4":"has-post-thumbnail","6":"product_cat-honig","7":"product_tag-honig","8":"product_tag-honig-aus-kalabrien","9":"product_tag-honig-von-sulla","11":"first","12":"instock","13":"shipping-taxable","14":"purchasable","15":"product-type-simple"},"taxonomy_info":{"product_cat":[{"value":256,"label":"Honig"}],"product_tag":[{"value":463,"label":"Honig"},{"value":464,"label":"Honig aus Kalabrien"},{"value":465,"label":"Honig von Sulla"}]},"featured_image_src_large":["https:\/\/agropic.it\/wp-content\/uploads\/2022\/12\/MIELE-DI-SULLA-500-g-1-960x960.jpg",960,960,true],"author_info":[],"comment_info":0,"_links":{"self":[{"href":"https:\/\/agropic.it\/de\/wp-json\/wp\/v2\/product\/3106","targetHints":{"allow":["GET"]}}],"collection":[{"href":"https:\/\/agropic.it\/de\/wp-json\/wp\/v2\/product"}],"about":[{"href":"https:\/\/agropic.it\/de\/wp-json\/wp\/v2\/types\/product"}],"replies":[{"embeddable":true,"href":"https:\/\/agropic.it\/de\/wp-json\/wp\/v2\/comments?post=3106"}],"wp:featuredmedia":[{"embeddable":true,"href":"https:\/\/agropic.it\/de\/wp-json\/wp\/v2\/media\/7600"}],"wp:attachment":[{"href":"https:\/\/agropic.it\/de\/wp-json\/wp\/v2\/media?parent=3106"}],"wp:term":[{"taxonomy":"product_brand","embeddable":true,"href":"https:\/\/agropic.it\/de\/wp-json\/wp\/v2\/product_brand?post=3106"},{"taxonomy":"product_cat","embeddable":true,"href":"https:\/\/agropic.it\/de\/wp-json\/wp\/v2\/product_cat?post=3106"},{"taxonomy":"product_tag","embeddable":true,"href":"https:\/\/agropic.it\/de\/wp-json\/wp\/v2\/product_tag?post=3106"}],"curies":[{"name":"wp","href":"https:\/\/api.w.org\/{rel}","templated":true}]}}