{"id":3098,"date":"2024-01-28T12:20:38","date_gmt":"2020-06-26T12:20:38","guid":{"rendered":"https:\/\/agropic.it\/prodotto\/pastete-aus-getrockneten-tomaten-200-g\/"},"modified":"2025-06-12T08:40:05","modified_gmt":"2025-06-12T08:40:05","slug":"pastete-aus-getrockneten-tomaten-200-g","status":"publish","type":"product","link":"https:\/\/agropic.it\/de\/produkt\/pastete-aus-getrockneten-tomaten-200-g\/","title":{"rendered":"Getrocknete Tomatenpaste 200g"},"content":{"rendered":"<h5>Um die k\u00f6stliche getrocknete Tomatenpaste zu erhalten, w\u00e4hlen wir die besten Tomaten aus dem Freilandanbau auf unserem Bauernhof aus, um sie dann manuell zu ernten, in der Sonne zu trocknen und von Hand zu verarbeiten und mit aromatischen Kr\u00e4utern zu w\u00fcrzen. Idealer Aufstrich auf einer Brotscheibe, in Aperitifs und rustikalen Vorspeisen, auch hervorragend zum F\u00fcllen von Sandwiches.<\/h5>\n<p><strong>Zutaten<\/strong>: Getrocknete Tomaten, natives Oliven\u00f6l extra, Sonnenblumen\u00f6l, Oregano, Knoblauch, Minze, Chilischote, Wei\u00dfweinessig, <strong>S\u00e4ureregulator<\/strong>: Zitronens\u00e4ure.<\/p>\n<p>Frei von Konservierungsstoffen<\/p>\n<p><strong>Format<\/strong>: 200g<\/p>\n<p><strong>Lagerungsmethode<\/strong>: An einem k\u00fchlen, trockenen Ort, fern von Sonnenlicht und W\u00e4rmequellen lagern. Nach dem \u00d6ffnen in den K\u00fchlschrank stellen, den Inhalt des Glases mit etwas \u00d6l bedecken und innerhalb weniger Tage verzehren.<\/p>\n<p><strong>Die Tomate ist der unbestrittene K\u00f6nig der Mittelmeerdi\u00e4t. Sie eignet sich hervorragend zur Aufrechterhaltung einer guten k\u00f6rperlichen Verfassung, da sie wenig Kalorien enth\u00e4lt, und verf\u00fcgt dar\u00fcber hinaus \u00fcber zahlreiche wohltuende Eigenschaften:<\/strong><br \/>\n<strong>Verhindert Herz-Kreislauf-Erkrankungen wie Schlaganfall und Herzinfarkt.<\/strong><br \/>\n<strong>Reich an Vitamin C.<\/strong><br \/>\n<strong>Verhindert Darm- und Prostatakrebs.<\/strong><br \/>\n<strong>Verhindert Osteoporose und sch\u00fctzt das Sehverm\u00f6gen.<\/strong><br \/>\n<strong>Es senkt das schlechte LDL-Cholesterin und erh\u00f6ht das gute HDL-Cholesterin.<\/strong><br \/>\n<strong>Es hat harntreibende und verdauungsf\u00f6rdernde Eigenschaften.<\/strong><\/p>\n<p><strong>Familienbetrieb und Auswahl der besten Rohstoffe<\/strong>, die auf den fruchtbaren B\u00f6den des Unternehmens angebaut und unter Ber\u00fccksichtigung der alten Tradition verarbeitet werden. Dies ist der Personalausweis von Agro Pic, einem Unternehmen, das auf die Herstellung von Marmeladen, S\u00e4ften, So\u00dfen und Gurken spezialisiert ist.<\/p>\n<p><strong>Das Hauptziel der Aktivit\u00e4t ist die Aufwertung der Aromen und Fr\u00fcchte Kalabriens, insbesondere der besonderen und meist weniger bekannten,<\/strong> wie Bergamotte, eine Frucht mit zahlreichen wohltuenden Eigenschaften, einzigartig und s\u00e4uerlich wie das gesamte kalabrische Gebiet.<\/p>\n<p>Natur, Tradition und hohe Qualit\u00e4t sind die Zutaten f\u00fcr den Erfolg von Agro Pic.<\/p>\n<p><strong>F\u00fcr weitere Informationen zu unseren Produkten z\u00f6gern Sie nicht, uns zu kontaktieren:<\/strong><\/p>\n<p>Mobil. 349 5651669<\/p>\n<p>Tel. 0964 1955229<\/p>\n<p>info@agropic.it<\/p>\n","protected":false},"excerpt":{"rendered":"<p>Um die k\u00f6stliche getrocknete Tomatenpaste zu erhalten, w\u00e4hlen wir die besten Tomaten aus dem Freilandanbau auf unserem Bauernhof aus, um sie dann manuell zu ernten, in der Sonne zu trocknen und von Hand zu verarbeiten und mit aromatischen Kr\u00e4utern zu w\u00fcrzen. Idealer Aufstrich auf einer Brotscheibe, in Aperitifs und rustikalen Vorspeisen, auch hervorragend zum F\u00fcllen von Sandwiches.<\/p>\n<p><strong>Zutaten<\/strong>: Getrocknete Tomaten, natives Oliven\u00f6l extra, Sonnenblumen\u00f6l, Oregano, Knoblauch, Minze, Chilischote, Wei\u00dfweinessig, S\u00e4ureregulator: Zitronens\u00e4ure.<\/p>\n<p>Frei von Konservierungsstoffen<\/p>\n<p><strong>Format<\/strong>: 200g<\/p>\n<p>Lesen Sie die vollst\u00e4ndige Beschreibung unten, um alle vorteilhaften Eigenschaften, wissenschaftlichen Studien und Anwendungshinweise zu entdecken!<\/p>\n<p><strong>Kaufen Sie es jetzt und erhalten Sie es in 4-5 Tagen bei Ihnen zu Hause!<\/strong>&hellip; <a class=\"kt-excerpt-readmore more-link\" href=\"https:\/\/agropic.it\/de\/produkt\/pastete-aus-getrockneten-tomaten-200-g\/\" aria-label=\"Getrocknete Tomatenpaste 200g\">Read More<\/a><\/p>\n","protected":false},"featured_media":7165,"comment_status":"closed","ping_status":"closed","template":"","meta":{"kt_blocks_editor_width":"","_kad_blocks_custom_css":"","_kad_blocks_head_custom_js":"","_kad_blocks_body_custom_js":"","_kad_blocks_footer_custom_js":""},"product_brand":[],"product_cat":[248],"product_tag":[],"class_list":{"0":"post-3098","1":"product","2":"type-product","3":"status-publish","4":"has-post-thumbnail","6":"product_cat-pasteten-und-brotaufstriche","8":"first","9":"instock","10":"shipping-taxable","11":"purchasable","12":"product-type-simple"},"taxonomy_info":{"product_cat":[{"value":248,"label":"Pasteten und Brotaufstriche"}]},"featured_image_src_large":["https:\/\/agropic.it\/wp-content\/uploads\/2023\/03\/Pate-di-pomodori-secchi-960x960.webp",960,960,true],"author_info":[],"comment_info":0,"_links":{"self":[{"href":"https:\/\/agropic.it\/de\/wp-json\/wp\/v2\/product\/3098","targetHints":{"allow":["GET"]}}],"collection":[{"href":"https:\/\/agropic.it\/de\/wp-json\/wp\/v2\/product"}],"about":[{"href":"https:\/\/agropic.it\/de\/wp-json\/wp\/v2\/types\/product"}],"replies":[{"embeddable":true,"href":"https:\/\/agropic.it\/de\/wp-json\/wp\/v2\/comments?post=3098"}],"wp:featuredmedia":[{"embeddable":true,"href":"https:\/\/agropic.it\/de\/wp-json\/wp\/v2\/media\/7165"}],"wp:attachment":[{"href":"https:\/\/agropic.it\/de\/wp-json\/wp\/v2\/media?parent=3098"}],"wp:term":[{"taxonomy":"product_brand","embeddable":true,"href":"https:\/\/agropic.it\/de\/wp-json\/wp\/v2\/product_brand?post=3098"},{"taxonomy":"product_cat","embeddable":true,"href":"https:\/\/agropic.it\/de\/wp-json\/wp\/v2\/product_cat?post=3098"},{"taxonomy":"product_tag","embeddable":true,"href":"https:\/\/agropic.it\/de\/wp-json\/wp\/v2\/product_tag?post=3098"}],"curies":[{"name":"wp","href":"https:\/\/api.w.org\/{rel}","templated":true}]}}