{"id":3092,"date":"2024-01-29T11:08:47","date_gmt":"2024-01-29T11:08:47","guid":{"rendered":"https:\/\/agropic.it\/prodotto\/bergamotte-saft-100-rein-720-ml-6-stuck\/"},"modified":"2025-06-10T09:04:13","modified_gmt":"2025-06-10T09:04:13","slug":"bergamottensaft-100-rein-720-ml-12-stuck","status":"publish","type":"product","link":"https:\/\/agropic.it\/de\/produkt\/bergamottensaft-100-rein-720-ml-12-stuck\/","title":{"rendered":"100 % reiner Bio-Bergamottesaft 720 ml (12 Flaschen)"},"content":{"rendered":"<h5 id=\"tw-target-text\" class=\"tw-data-text tw-text-large tw-ta\" dir=\"ltr\" data-placeholder=\"Traduzione\" data-ved=\"2ahUKEwjS8YeLkI2EAxXlgP0HHSBoBOMQ3ewLegQIBRAQ\"><span class=\"Y2IQFc\" lang=\"de\">Packung mit 12 Flaschen mit 100 % reiner Bio-Bergamottesaft 720 ml <\/span><\/h5>\n<p>Ohne Zuckerzusatz und ohne Konservierungsstoffe<\/p>\n<p><strong>Zutaten<\/strong>: 100 % Bio-Bergamottesaft<\/p>\n<p><strong>Format<\/strong>: 720 ml<\/p>\n<p><strong>Herkunft der Bergamotte<\/strong>: Italien (Kalabrien)<\/p>\n<p><strong>Lagerungsmethode<\/strong>: An einem trockenen und k\u00fchlen Ort, fern von Licht- und W\u00e4rmequellen lagern. Nach dem \u00d6ffnen in den K\u00fchlschrank stellen und innerhalb weniger Tage verzehren.<\/p>\n<p><strong>Anwendung<\/strong>: Vor Gebrauch gut sch\u00fctteln.\u00a0Trinken Sie es pur oder verd\u00fcnnen Sie es mit Wasser. Eventuelle R\u00fcckst\u00e4nde oder Ausscheidungen beeintr\u00e4chtigen die Qualit\u00e4t des Produktes nicht.<\/p>\n<h5><strong>Bergamotte wird in der Region Jonico-Reggina in Kalabrien angebaut, das Mikroklima dieser kleinen Gegend ist besonders g\u00fcnstig f\u00fcr die Produktion dieser Zitrusfrucht. Es gilt als Frucht der Gesundheit, da ihm in einigen k\u00fcrzlich durchgef\u00fchrten wissenschaftlichen Studien zahlreiche positive Wirkungen zugeschrieben werden<\/strong>.<\/h5>\n<p>Tats\u00e4chlich hilft es bei der Bek\u00e4mpfung von Problemen mit schlechtem LDL-Cholesterin, beugt so Herz-Kreislauf-Erkrankungen vor und normalisiert den Transaminase-, CPK- und Blutzuckerspiegel.<br \/>\nEs ist reich an Mineralsalzen und Vitaminen, die Knochenerkrankungen vorbeugen und das Immunsystem st\u00e4rken k\u00f6nnen, sowie an Antioxidantien, die den Alterungsprozess verlangsamen.<br \/>\nAuch wirksam bei Verdauungsproblemen und gegen Mundgeruch.<\/p>\n<p>Die Verwendung von Bergamottensaft sollte keine medikament\u00f6se Therapie ersetzen. &lt;\/h3<\/p>\n<p><strong>Wissenschaftliche Studien zu Bergamottensaft:<\/strong><\/p>\n<ul>\n<li><strong>Die entz\u00fcndungshemmenden und antioxidativen Wirkungen von Bergamottensaftextrakt IBJeJ in einem experimentellen Modell entz\u00fcndlicher Darmerkrankungen. Impezzineri D1, Di Paola G1, Ahmad A1, Campolo M1, Cuzzocrea 52, Esposito E1, Navarra M3.<\/strong><\/li>\n<li><strong>Die Polyphenolfraktion der Bergamotte verst\u00e4rkt die durch Rosuvastatin induzierte Wirkung auf die LDL-Cholesterin-LOX-1-Expression und die Proteinkinase-B-Phosphorylierung bei Patienten mit Hyperlipid\u00e4mie. Int J Cardiol. 10. Dezember 2013; 170(2): 140-5. doi: 10.1016\/j.ijcard.2013.08.125. Epub 2013 8. September. Gliozzi M(1), Walker R, Muscoli S, Vitale C, Gratteri S, Carresi C, Musolino V, Russo V, Janda E, Ragusa S, Aloe A, Palma E, Muscoli C, Romeo F, Mollace V.<\/strong><\/li>\n<li><strong>Hypolipid\u00e4mische und hypoglyk\u00e4mische Aktivit\u00e4t von Bergamotte-Polyphenolen: von Tiermodellen bis hin zu Studien am Menschen. Phytotherapie. 2011 Apr;82(3):309-16. doi: 10.1016\/j.fitote.2010.10.014 Epub 2010 4. November. MoLtace V[1], Sacco I, Janda E, Malara C, Ventrice D, Colica C, Visalli V, Muscoli S, Ragusa S, Muscoli C, Rotiroti D, Romeo F.<\/strong><\/li>\n<li><strong>Hypocholesterin\u00e4mische Aktivit\u00e4t einer mit 3-Hydroxy-3-methylglutarylflavonen angereicherten Fraktion aus Bergamottenfr\u00fcchten (Citrus bergamial: \u201eIn vivo\u201c-Studien von Functional Foods, Band 7, M\u00e4rz 2014, Seiten 558\u2013568, Di Donna L, Iacopetta D, Cappello A.R, Gattucci G, Martello E, Fioriti M, Dolce V, Sinciona G.<\/strong><\/li>\n<li><strong>Hypolipid\u00e4mische Wirkung von Zitrus-Bergamia-Risso- und Poiteau-Saft bei Ratten, denen eine hypercholesterin\u00e4mische Di\u00e4t verabreicht wurde. J Agrarlebensmittelchemie. 26. Dezember 2007 55(26): 10671-7. Epub 27. November 2007. Miceli N1, Mondello M.R, Monteforte M.T, Sdrafkakis V, Dugo P, Crupi M.L, Taviano M.F, De Pasquale R, Trovato A.<\/strong><\/li>\n<\/ul>\n<p><strong>Familienbetrieb und Auswahl der besten Rohstoffe, die auf den fruchtbaren B\u00f6den des Unternehmens angebaut und unter Ber\u00fccksichtigung der alten Tradition verarbeitet werden. Dies ist der Personalausweis von Agro Pic, einem Unternehmen, das auf die Herstellung von Marmeladen, S\u00e4ften, So\u00dfen und Gurken spezialisiert ist.<\/strong><\/p>\n<p><strong>Das Hauptziel der Aktivit\u00e4t besteht darin, die Aromen und Fr\u00fcchte Kalabriens hervorzuheben, insbesondere die besonderen und meist weniger bekannten<\/strong>, wie Bergamotte, eine Frucht mit zahlreichen wohltuenden Eigenschaften, einzigartig und s\u00e4uerlich wie das gesamte kalabrische Gebiet.<\/p>\n<p>Natur, Tradition und hohe Qualit\u00e4t sind die Zutaten f\u00fcr den Erfolg von Agro Pic.<\/p>\n<p><strong>F\u00fcr weitere Informationen zu unseren Produkten z\u00f6gern Sie nicht, uns zu kontaktieren:<\/strong><\/p>\n<p>Mobil. 349 5651669<\/p>\n<p>Tel. 0964 1955229<\/p>\n<p>info@agropic.it<\/p>\n","protected":false},"excerpt":{"rendered":"<p><strong>Packung mit 12 Flaschen mit 720 ml 100 % reinem Bio-Bergamottesaft<\/strong><\/p>\n<p>Ohne Zuckerzusatz und ohne Konservierungsstoffe<\/p>\n<p><strong>Zutaten<\/strong>: 100 % Bio-Bergamottesaft. Format: 720 ml<\/p>\n<p><strong>Herkunft der Bergamotte<\/strong>: Italien (Kalabrien)<\/p>\n<p>Lesen Sie die vollst\u00e4ndige Beschreibung unten, um alle Anwendungstipps, vorteilhaften Eigenschaften und wissenschaftlichen Studien zu Bergamotte zu entdecken.<\/p>\n<p><strong>Kaufen Sie es jetzt und erhalten Sie es innerhalb von 4-5 Tagen bei Ihnen zu Hause.<\/strong>&hellip; <a class=\"kt-excerpt-readmore more-link\" href=\"https:\/\/agropic.it\/de\/produkt\/bergamottensaft-100-rein-720-ml-12-stuck\/\" aria-label=\"100 % reiner Bio-Bergamottesaft 720 ml (12 Flaschen)\">Read More<\/a><\/p>\n","protected":false},"featured_media":12836,"comment_status":"closed","ping_status":"closed","template":"","meta":{"kt_blocks_editor_width":"","_kad_blocks_custom_css":"","_kad_blocks_head_custom_js":"","_kad_blocks_body_custom_js":"","_kad_blocks_footer_custom_js":""},"product_brand":[],"product_cat":[319],"product_tag":[1174,1175,1172,1173],"class_list":{"0":"post-3092","1":"product","2":"type-product","3":"status-publish","4":"has-post-thumbnail","6":"product_cat-bergamotte-saft","7":"product_tag-100-bergamottesaft","8":"product_tag-bergamotte-aus-kalabrien","9":"product_tag-bergamottensaft","10":"product_tag-reiner-bergamottensaft","12":"first","13":"instock","14":"sale","15":"shipping-taxable","16":"purchasable","17":"product-type-simple"},"taxonomy_info":{"product_cat":[{"value":319,"label":"Bergamotte-Saft"}],"product_tag":[{"value":1174,"label":"100% Bergamottesaft"},{"value":1175,"label":"Bergamotte aus Kalabrien"},{"value":1172,"label":"Bergamottensaft"},{"value":1173,"label":"reiner Bergamottensaft"}]},"featured_image_src_large":["https:\/\/agropic.it\/wp-content\/uploads\/2024\/01\/B0F5BSQ89X.MAIN_-960x960.jpg",960,960,true],"author_info":[],"comment_info":0,"_links":{"self":[{"href":"https:\/\/agropic.it\/de\/wp-json\/wp\/v2\/product\/3092","targetHints":{"allow":["GET"]}}],"collection":[{"href":"https:\/\/agropic.it\/de\/wp-json\/wp\/v2\/product"}],"about":[{"href":"https:\/\/agropic.it\/de\/wp-json\/wp\/v2\/types\/product"}],"replies":[{"embeddable":true,"href":"https:\/\/agropic.it\/de\/wp-json\/wp\/v2\/comments?post=3092"}],"wp:featuredmedia":[{"embeddable":true,"href":"https:\/\/agropic.it\/de\/wp-json\/wp\/v2\/media\/12836"}],"wp:attachment":[{"href":"https:\/\/agropic.it\/de\/wp-json\/wp\/v2\/media?parent=3092"}],"wp:term":[{"taxonomy":"product_brand","embeddable":true,"href":"https:\/\/agropic.it\/de\/wp-json\/wp\/v2\/product_brand?post=3092"},{"taxonomy":"product_cat","embeddable":true,"href":"https:\/\/agropic.it\/de\/wp-json\/wp\/v2\/product_cat?post=3092"},{"taxonomy":"product_tag","embeddable":true,"href":"https:\/\/agropic.it\/de\/wp-json\/wp\/v2\/product_tag?post=3092"}],"curies":[{"name":"wp","href":"https:\/\/api.w.org\/{rel}","templated":true}]}}