{"id":3069,"date":"2024-01-30T15:38:53","date_gmt":"2020-07-13T15:38:53","guid":{"rendered":"https:\/\/agropic.it\/prodotto\/chili-scheiben-in-ol-180-g\/"},"modified":"2025-05-14T07:08:19","modified_gmt":"2025-05-14T07:08:19","slug":"chili-scheiben-in-ol-180-g","status":"publish","type":"product","link":"https:\/\/agropic.it\/de\/produkt\/chili-scheiben-in-ol-180-g\/","title":{"rendered":"Geschnittene Chilischote in \u00d6l 180g"},"content":{"rendered":"<h5>Geschnittene Chilischote in \u00d6l sind eine Konserve, die in kalabrischen Haushalten nie fehlen darf. Sie werden aus den besten 100 % kalabresischen Peperoni in voller Reife hergestellt, die direkt auf dem unber\u00fchrten Firmenland gesammelt und direkt von Agro Pic nach altem Vorbild verarbeitet werden Kalabrische Methoden. Es wird vor allem als Gew\u00fcrz f\u00fcr Nudeln verwendet, eignet sich aber auch hervorragend f\u00fcr Brot oder Bruschetta, um k\u00f6stlichen Vorspeisen Lebendigkeit zu verleihen und erste und zweite G\u00e4nge zu w\u00fcrzen.<\/h5>\n<p><strong>Zutaten<\/strong>: Chilischote, natives Oliven\u00f6l extra, Sonnenblumenkern\u00f6l, Oregano, Knoblauch, Salz.<\/p>\n<p><strong>Gr\u00f6\u00dfe<\/strong>: 180g<\/p>\n<p><strong>Herkunft der Chilischote<\/strong>: Italien (Kalabrien)<\/p>\n<p>Aufbewahrungsbedingungen: In frischen, warmen Speisen, immer auf der Sohle und an W\u00e4rmequellen aufbewahren. Stellen Sie das Produkt gleichzeitig mit einem Schuss \u00d6l wieder in den K\u00fchlschrank und verzehren Sie es in kleinen Mengen.<\/p>\n<p>Chilischote ist eine Grundzutat der typisch kalabrischen K\u00fcche, aber sie ist f\u00fcr ihre wohltuenden Eigenschaften bekannt, sie hat aufgrund der enthaltenen Flavonoide eine gro\u00dfe antioxidative Kraft, sie ist reich an Vitamin C und Mineralien und wird auch f\u00fcr ihre Verwendung empfohlen Eigenschaften: Verhindert Herz-Kreislauf-Erkrankungen, steigert den Stoffwechsel und verringert das Gewicht, auch n\u00fctzlich, um dem Gewichtsverlust entgegenzuwirken.<\/p>\n<p>Chili-Pfeffer, der Ende der Antike verwendet wurde, ist ein Gew\u00fcrz, das nicht nur allen Gerichten Sch\u00e4rfe verleiht, sondern auch eine Reihe positiver Wirkungen auf die menschliche Gesundheit hat.<br \/>\nTats\u00e4chlich, Chilischote:<\/p>\n<ul>\n<li>enth\u00e4lt Vitamin A, C und E.<\/li>\n<li>Es hat antibakterielle, antihistaminische und antioxidative Eigenschaften.<\/li>\n<li>Es hat eine aphrodisierende Wirkung.<\/li>\n<li>Es hat eine schmerzlindernde Wirkung auf Muskeln und Knochen.<\/li>\n<li>Sie regen den Stoffwechsel an und helfen, das K\u00f6rpergewicht zu kontrollieren.<\/li>\n<li>Reduzieren Sie den Cholesterin-, Glukose- und Triglyceridspiegel.<\/li>\n<li>Sie reduzieren die Durchblutung und beugen Herz-Kreislauf-Erkrankungen wie Schlaganfall und Herzinfarkt vor.<\/li>\n<li>hat eine Antitumorwirkung.<\/li>\n<\/ul>\n<p><strong>Familienbetrieb und Auswahl der besten Rohstoffe, die auf den fruchtbaren B\u00f6den des Unternehmens angebaut und nach alter Tradition verarbeitet werden. Dies ist der Personalausweis von Agro Pic, spezialisiert auf die Herstellung von Dragees, S\u00e4ften, Saucen und Pickles.<\/strong><\/p>\n<p><strong>Nach dem Prinzip der Aktivit\u00e4t und Aufwertung der Aromen und Fr\u00fcchte Kalabriens, insbesondere von Spezialit\u00e4ten und Standards von geringer Bedeutung<\/strong>, wie Bergamotte, die Frucht mit zahlreichen wohltuenden Eigenschaften, einzigartig und s\u00e4uerlich wie das gesamte kalabrische Gebiet.<\/p>\n<p>Natur, Tradition und hohe Qualit\u00e4t sind die Zutaten f\u00fcr den Erfolg von Agro Pic.<\/p>\n<p><strong>F\u00fcr weitere Informationen zu unseren Produkten k\u00f6nnen Sie uns nicht kontaktieren:<\/strong><\/p>\n<p>Zelle. 3495651669<\/p>\n<p>Als. 0964 1955229<\/p>\n<p>info@agropic.it<\/p>\n","protected":false},"excerpt":{"rendered":"<p>Die geschnittenen Chilischoten in \u00d6l sind eine Konserve, die in kalabrischen Haushalten nie fehlen darf. Sie werden aus den besten 100 % kalabresischen Peperoni in voller Reife hergestellt, die direkt auf dem unber\u00fchrten Firmenland gesammelt und direkt von Agro Pic nach altem Vorbild verarbeitet werden Kalabrische Methoden. Es wird vor allem als Gew\u00fcrz f\u00fcr Nudeln verwendet, eignet sich aber auch hervorragend f\u00fcr Brot oder Bruschetta, um k\u00f6stlichen Vorspeisen Lebendigkeit zu verleihen und erste und zweite G\u00e4nge zu w\u00fcrzen.<\/p>\n<p><strong>Zutaten<\/strong>: Chilischote, natives Oliven\u00f6l extra, Sonnenblumenkern\u00f6l, Oregano, Knoblauch, Salz.<\/p>\n<p><strong>Format<\/strong>: 180g<\/p>\n<p><strong>Chilischote Herkunft<\/strong>: Italien (Kalabrien)<\/p>\n<p>Sie k\u00f6nnen unsere Produkte \u00fcber diese Website oder per E-Mail an info@agropic.it oder telefonisch unter der Nummer 349 56 51 669 kaufen. Sobald die Zahlung erfolgt ist, wird Ihnen Ihre Bestellung innerhalb von 4 bis 5 Tagen zugestellt Tage.<br \/>\nLesen Sie die vollst\u00e4ndige Produktbeschreibung unten!&hellip; <a class=\"kt-excerpt-readmore more-link\" href=\"https:\/\/agropic.it\/de\/produkt\/chili-scheiben-in-ol-180-g\/\" aria-label=\"Geschnittene Chilischote in \u00d6l 180g\">Read More<\/a><\/p>\n","protected":false},"featured_media":4787,"comment_status":"closed","ping_status":"closed","template":"","meta":{"kt_blocks_editor_width":"","_kad_blocks_custom_css":"","_kad_blocks_head_custom_js":"","_kad_blocks_body_custom_js":"","_kad_blocks_footer_custom_js":""},"product_brand":[],"product_cat":[267,306],"product_tag":[298],"class_list":{"0":"post-3069","1":"product","2":"type-product","3":"status-publish","4":"has-post-thumbnail","6":"product_cat-konserven-in-ol-und-sus-sauer","7":"product_cat-gewurze-aus-kalabrien-de","8":"product_tag-kalabrische-chili","10":"first","11":"instock","12":"shipping-taxable","13":"purchasable","14":"product-type-simple"},"taxonomy_info":{"product_cat":[{"value":267,"label":"Konserven in \u00d6l und s\u00fc\u00df-sauer"},{"value":306,"label":"Gew\u00fcrze aus Kalabrien"}],"product_tag":[{"value":298,"label":"kalabrische Chili"}]},"featured_image_src_large":["https:\/\/agropic.it\/wp-content\/uploads\/2021\/06\/Peperoncino-a-rondelle-sottolio-960x960.jpg",960,960,true],"author_info":[],"comment_info":0,"_links":{"self":[{"href":"https:\/\/agropic.it\/de\/wp-json\/wp\/v2\/product\/3069","targetHints":{"allow":["GET"]}}],"collection":[{"href":"https:\/\/agropic.it\/de\/wp-json\/wp\/v2\/product"}],"about":[{"href":"https:\/\/agropic.it\/de\/wp-json\/wp\/v2\/types\/product"}],"replies":[{"embeddable":true,"href":"https:\/\/agropic.it\/de\/wp-json\/wp\/v2\/comments?post=3069"}],"wp:featuredmedia":[{"embeddable":true,"href":"https:\/\/agropic.it\/de\/wp-json\/wp\/v2\/media\/4787"}],"wp:attachment":[{"href":"https:\/\/agropic.it\/de\/wp-json\/wp\/v2\/media?parent=3069"}],"wp:term":[{"taxonomy":"product_brand","embeddable":true,"href":"https:\/\/agropic.it\/de\/wp-json\/wp\/v2\/product_brand?post=3069"},{"taxonomy":"product_cat","embeddable":true,"href":"https:\/\/agropic.it\/de\/wp-json\/wp\/v2\/product_cat?post=3069"},{"taxonomy":"product_tag","embeddable":true,"href":"https:\/\/agropic.it\/de\/wp-json\/wp\/v2\/product_tag?post=3069"}],"curies":[{"name":"wp","href":"https:\/\/api.w.org\/{rel}","templated":true}]}}