{"id":3058,"date":"2024-01-29T16:22:11","date_gmt":"2020-08-18T16:22:11","guid":{"rendered":"https:\/\/agropic.it\/prodotto\/artischockenpastete-200-g\/"},"modified":"2025-05-27T09:04:37","modified_gmt":"2025-05-27T09:04:37","slug":"artischockenpastete-200-g","status":"publish","type":"product","link":"https:\/\/agropic.it\/de\/produkt\/artischockenpastete-200-g\/","title":{"rendered":"Artischockenpastete 200g"},"content":{"rendered":"<h5>Die Artischockenpastete von Agro Pic eignet sich mit ihrem unverwechselbaren und aromatischen Geschmack ideal zum F\u00fcllen von Sandwiches oder wird auf Canap\u00e9s f\u00fcr leckere Aperitifs serviert. Es kann auch als Gew\u00fcrz f\u00fcr Nudel- oder Fleischgerichte verwendet werden.<\/h5>\n<p><strong>Format<\/strong>: 200g<\/p>\n<p><strong>Zutaten<\/strong>: Artischocken 81 %, natives Oliven\u00f6l extra, Sonnenblumenkern\u00f6l, Salz, Oregano, Knoblauch, Chilischote, Weinessig, S\u00e4ureregulator: Zitronens\u00e4ure.<\/p>\n<p><strong>N\u00e4hrwerte pro 100 g Produkt:<\/strong><\/p>\n<ul>\n<li>Energie 312 Kcal \/ 1305 kJ<\/li>\n<li>Protein 1,6 g<\/li>\n<li>Lipide 31,6 g<\/li>\n<li>davon ges\u00e4ttigt 10g<\/li>\n<li>Kohlenhydrate 3,3 g<\/li>\n<li>davon Zucker 2,4g<\/li>\n<li>Salz 1,3 g<\/li>\n<\/ul>\n<h6><strong>Familienbetrieb und Auswahl der besten Rohstoffe, die auf den fruchtbaren B\u00f6den des Unternehmens angebaut und unter Ber\u00fccksichtigung der alten Tradition verarbeitet werden. Dies ist der Personalausweis von Agro Pic, einem Unternehmen, das auf die Herstellung von Marmeladen, S\u00e4ften, So\u00dfen und Gurken spezialisiert ist.<\/strong><br \/>\n<strong>Das Hauptziel der Aktivit\u00e4t ist die Aufwertung der Aromen und Fr\u00fcchte Kalabriens, insbesondere der besonderen und meist weniger bekannten, wie Bergamotte, eine Frucht mit zahlreichen wohltuenden Eigenschaften, einzigartig und s\u00e4uerlich wie das gesamte kalabrische Gebiet.<\/strong><br \/>\n<strong>Natur, Tradition und hohe Qualit\u00e4t sind die Zutaten f\u00fcr den Erfolg von Agro Pic.<\/strong><br \/>\n<strong>F\u00fcr weitere Informationen zu unseren Produkten z\u00f6gern Sie nicht, uns zu kontaktieren:<\/strong><br \/>\n<strong>Mobil. 349 5651669<\/strong><br \/>\n<strong>Tel. 0964 1955229<\/strong><br \/>\n<strong>info@agropic.it<\/strong><\/h6>\n<p>&nbsp;<\/p>\n<h6><strong>Sie k\u00f6nnen unsere Produkte \u00fcber diese Website oder per E-Mail an info@agropic.it oder telefonisch unter der Nummer 349 56 51 669 kaufen. Sobald die Zahlung erfolgt ist, wird Ihre Bestellung innerhalb von 4-5 Tagen an Sie geliefert.<\/strong><\/h6>\n","protected":false},"excerpt":{"rendered":"<p><strong>Die Artischockenpastete von Agro Pic eignet sich mit ihrem unverwechselbaren und aromatischen Geschmack ideal zum F\u00fcllen von Sandwiches oder wird auf Canap\u00e9s f\u00fcr leckere Aperitifs serviert. Es kann auch als Gew\u00fcrz f\u00fcr Nudel- oder Fleischgerichte verwendet werden.<\/strong><\/p>\n<p><strong>Format<\/strong>: 200g<\/p>\n<p><strong>Zutaten<\/strong>: Artischocken 81 %, natives Oliven\u00f6l extra, Sonnenblumenkern\u00f6l, Salz, Oregano, Knoblauch, Chilischote, Weinessig, S\u00e4ureregulator: Zitronens\u00e4ure.&hellip; <a class=\"kt-excerpt-readmore more-link\" href=\"https:\/\/agropic.it\/de\/produkt\/artischockenpastete-200-g\/\" aria-label=\"Artischockenpastete 200g\">Read More<\/a><\/p>\n","protected":false},"featured_media":7145,"comment_status":"closed","ping_status":"closed","template":"","meta":{"kt_blocks_editor_width":"","_kad_blocks_custom_css":"","_kad_blocks_head_custom_js":"","_kad_blocks_body_custom_js":"","_kad_blocks_footer_custom_js":""},"product_brand":[],"product_cat":[248],"product_tag":[],"class_list":{"0":"post-3058","1":"product","2":"type-product","3":"status-publish","4":"has-post-thumbnail","6":"product_cat-pasteten-und-brotaufstriche","8":"first","9":"instock","10":"shipping-taxable","11":"purchasable","12":"product-type-simple"},"taxonomy_info":{"product_cat":[{"value":248,"label":"Pasteten und Brotaufstriche"}]},"featured_image_src_large":["https:\/\/agropic.it\/wp-content\/uploads\/2023\/03\/Pate-di-carciofi-960x960.webp",960,960,true],"author_info":[],"comment_info":0,"_links":{"self":[{"href":"https:\/\/agropic.it\/de\/wp-json\/wp\/v2\/product\/3058","targetHints":{"allow":["GET"]}}],"collection":[{"href":"https:\/\/agropic.it\/de\/wp-json\/wp\/v2\/product"}],"about":[{"href":"https:\/\/agropic.it\/de\/wp-json\/wp\/v2\/types\/product"}],"replies":[{"embeddable":true,"href":"https:\/\/agropic.it\/de\/wp-json\/wp\/v2\/comments?post=3058"}],"wp:featuredmedia":[{"embeddable":true,"href":"https:\/\/agropic.it\/de\/wp-json\/wp\/v2\/media\/7145"}],"wp:attachment":[{"href":"https:\/\/agropic.it\/de\/wp-json\/wp\/v2\/media?parent=3058"}],"wp:term":[{"taxonomy":"product_brand","embeddable":true,"href":"https:\/\/agropic.it\/de\/wp-json\/wp\/v2\/product_brand?post=3058"},{"taxonomy":"product_cat","embeddable":true,"href":"https:\/\/agropic.it\/de\/wp-json\/wp\/v2\/product_cat?post=3058"},{"taxonomy":"product_tag","embeddable":true,"href":"https:\/\/agropic.it\/de\/wp-json\/wp\/v2\/product_tag?post=3058"}],"curies":[{"name":"wp","href":"https:\/\/api.w.org\/{rel}","templated":true}]}}