{"id":3056,"date":"2024-01-24T16:24:53","date_gmt":"2024-01-24T16:24:53","guid":{"rendered":"https:\/\/agropic.it\/prodotto\/mandelcreme-165-g\/"},"modified":"2025-07-15T07:32:12","modified_gmt":"2025-07-15T07:32:12","slug":"mandelcreme-165-g","status":"publish","type":"product","link":"https:\/\/agropic.it\/de\/produkt\/mandelcreme-165-g\/","title":{"rendered":"Mandelcreme 200g"},"content":{"rendered":"<h6>Mandelcreme<\/h6>\n<p><strong>Agro Pic Mandelcreme ist eine s\u00fc\u00dfe Streichcreme, ideal f\u00fcr leckere Fr\u00fchst\u00fccke und Snacks, hervorragend als Aufstrich auf Brot und Keksen.<br \/>\n<\/strong><\/p>\n<p>Mandeln versorgen unseren K\u00f6rper au\u00dferdem mit ausreichend Eiwei\u00df und unges\u00e4ttigten Fetts\u00e4uren.<\/p>\n<p><strong>Zutaten<\/strong>: <strong>Mandeln<\/strong>* (mindestens 35 %), Zucker, pflanzliche \u00d6le und Fette (Sonnenblumen), <strong>Magermilchpulver<\/strong>*, <strong>Molkenpulver<\/strong>*, Emulgator (E322: Sojalecithin*)<\/p>\n<p>Kann Spuren von Schalenfr\u00fcchten (Pistazien, Haseln\u00fcsse und Erdn\u00fcsse) enthalten. <strong>Allergene<\/strong>: Produkte mit *<\/p>\n<p><strong>Gr\u00f6\u00dfe<\/strong>: 200 g<\/p>\n<p><strong>Aufbewahrung<\/strong>: K\u00fchl, trocken, licht- und w\u00e4rmegesch\u00fctzt lagern. F\u00fcr eine optimale Haltbarkeit dieses Produkt bei einer Temperatur von ca. 14\u201318 \u00b0C lagern.<\/p>\n<p><strong>N\u00e4hrwerte<\/strong>:<\/p>\n<ul>\n<li>Energie: 593 kcal \/ 2467 kJ<\/li>\n<li>Eiwei\u00df: 10,6 g<\/li>\n<li>Fett: 40,7 g<\/li>\n<li>davon ges\u00e4ttigte Fetts\u00e4uren: 6,9 g<\/li>\n<li>Kohlenhydrate: 44,3 g<\/li>\n<li>davon Zucker: 40 g<\/li>\n<li>Salz: 0,13 g<\/li>\n<\/ul>\n<p><strong>Als Familienbetrieb w\u00e4hlen wir die besten Zutaten aus<\/strong>, die auf unserem fruchtbaren Land angebaut und nach alter Tradition verarbeitet werden.<\/p>\n<p>Neben Mandelcreme bieten wir eine breite Produktpalette an, alle frisch nach handwerklichen Methoden hergestellt und mit unverwechselbarem Geschmack, wie Fruchts\u00e4fte, saisonale Fruchtmarmeladen und -konfit\u00fcren, Tomatenp\u00fcrees, Cremes, Honig und \u00d6lkonserven.<\/p>\n<p><strong>Unser oberstes Ziel ist es, die Aromen und Fr\u00fcchte Kalabriens hervorzuheben, insbesondere die besonderen und weniger bekannten<\/strong>, wie zum Beispiel die Bergamotte, eine Frucht mit zahlreichen wohltuenden Eigenschaften, einzigartig und herb, wie ganz Kalabrien.<\/p>\n<p>Wir bringen hochwertige, authentische Produkte auf Ihren Tisch, die aus einer sorgf\u00e4ltigen und kontrollierten Auswahl an Rohstoffen stammen, von denen viele direkt von uns angebaut und ohne den Einsatz von Chemikalien gewonnen werden.<\/p>\n<p>Natur, Tradition und hohe Qualit\u00e4t sind die Zutaten f\u00fcr den Erfolg von Agro Pic.<\/p>\n<p>Folgen Sie uns auf Instagram, um alle Neuigkeiten von Agro Pic zu erfahren.<\/p>\n<p>https:\/\/www.instagram.com\/agropic\/<\/p>\n<p><strong>F\u00fcr weitere Informationen zu unseren Produkten kontaktieren Sie uns bitte:<\/strong><\/p>\n<p>Mobil: +39 3495651669<\/p>\n<p>E-Mail: info@agropic.it<\/p>\n<p>Tel.: +39 0964 1955229<\/p>\n<p><strong>\u00a0<\/strong><\/p>\n","protected":false},"excerpt":{"rendered":"<p><strong>Agro Pic Mandelcreme ist eine s\u00fc\u00dfe Streichcreme, ideal f\u00fcr leckere Fr\u00fchst\u00fccke und Snacks, hervorragend als Aufstrich auf Brot und Keksen.<br \/>\n<\/strong><\/p>\n<p>Mandeln versorgen unseren K\u00f6rper au\u00dferdem mit ausreichend Eiwei\u00df und unges\u00e4ttigten Fetts\u00e4uren.<\/p>\n<p><strong>Zutaten<\/strong>: <strong>Mandeln<\/strong>* (mindestens 35 %), Zucker, pflanzliche \u00d6le und Fette (Sonnenblumen), <strong>Magermilchpulver<\/strong>*, <strong>Molkenpulver<\/strong>*, Emulgator (E322: Sojalecithin*)<\/p>\n<p>Kann Spuren von Schalenfr\u00fcchten (Pistazien, Haseln\u00fcsse und Erdn\u00fcsse) enthalten. <strong>Allergene<\/strong>: Produkte mit *<\/p>\n<p><strong>Gr\u00f6\u00dfe<\/strong>: 200 g<\/p>\n<p>Sie k\u00f6nnen unsere Produkte \u00fcber diese Website, per E-Mail an info@agropic.it oder telefonisch unter 349 56 51 669 erwerben. Nach Zahlungseingang wird Ihre Bestellung innerhalb von 4\u20135 Tagen geliefert.<\/p>\n<p>Lesen Sie die vollst\u00e4ndige Produktbeschreibung unten!&hellip; <a class=\"kt-excerpt-readmore more-link\" href=\"https:\/\/agropic.it\/de\/produkt\/mandelcreme-165-g\/\" aria-label=\"Mandelcreme 200g\">Read More<\/a><\/p>\n","protected":false},"featured_media":7005,"comment_status":"closed","ping_status":"closed","template":"","meta":{"kt_blocks_editor_width":"","_kad_blocks_custom_css":"","_kad_blocks_head_custom_js":"","_kad_blocks_body_custom_js":"","_kad_blocks_footer_custom_js":""},"product_brand":[],"product_cat":[248],"product_tag":[],"class_list":{"0":"post-3056","1":"product","2":"type-product","3":"status-publish","4":"has-post-thumbnail","6":"product_cat-pasteten-und-brotaufstriche","8":"first","9":"instock","10":"shipping-taxable","11":"purchasable","12":"product-type-simple"},"taxonomy_info":{"product_cat":[{"value":248,"label":"Pasteten und Brotaufstriche"}]},"featured_image_src_large":["https:\/\/agropic.it\/wp-content\/uploads\/2023\/03\/crema-di-mandorle.webp",300,300,false],"author_info":[],"comment_info":0,"_links":{"self":[{"href":"https:\/\/agropic.it\/de\/wp-json\/wp\/v2\/product\/3056","targetHints":{"allow":["GET"]}}],"collection":[{"href":"https:\/\/agropic.it\/de\/wp-json\/wp\/v2\/product"}],"about":[{"href":"https:\/\/agropic.it\/de\/wp-json\/wp\/v2\/types\/product"}],"replies":[{"embeddable":true,"href":"https:\/\/agropic.it\/de\/wp-json\/wp\/v2\/comments?post=3056"}],"wp:featuredmedia":[{"embeddable":true,"href":"https:\/\/agropic.it\/de\/wp-json\/wp\/v2\/media\/7005"}],"wp:attachment":[{"href":"https:\/\/agropic.it\/de\/wp-json\/wp\/v2\/media?parent=3056"}],"wp:term":[{"taxonomy":"product_brand","embeddable":true,"href":"https:\/\/agropic.it\/de\/wp-json\/wp\/v2\/product_brand?post=3056"},{"taxonomy":"product_cat","embeddable":true,"href":"https:\/\/agropic.it\/de\/wp-json\/wp\/v2\/product_cat?post=3056"},{"taxonomy":"product_tag","embeddable":true,"href":"https:\/\/agropic.it\/de\/wp-json\/wp\/v2\/product_tag?post=3056"}],"curies":[{"name":"wp","href":"https:\/\/api.w.org\/{rel}","templated":true}]}}