{"id":3018,"date":"2024-01-23T10:33:56","date_gmt":"2024-01-23T10:33:56","guid":{"rendered":"https:\/\/agropic.it\/prodotto\/extra-feigenkonfiture-150-g\/"},"modified":"2025-07-15T08:20:20","modified_gmt":"2025-07-15T08:20:20","slug":"extra-feigenkonfiture-150-g","status":"publish","type":"product","link":"https:\/\/agropic.it\/de\/produkt\/extra-feigenkonfiture-150-g\/","title":{"rendered":"Extra Feigenmarmelade 220g"},"content":{"rendered":"<h6>Extra Feigenmarmelade<\/h6>\n<p>Diese s\u00fc\u00dfe, zartschmelzende und aromatische K\u00f6stlichkeit wird aus handgepfl\u00fcckten und gesch\u00e4lten kalabrischen Feigen hergestellt. Die nat\u00fcrliche S\u00fc\u00dfe der Feigen verleiht dieser Konfit\u00fcre ihren unverwechselbaren Charakter und ihren umh\u00fcllenden Geschmack. Diese extrafeige Konfit\u00fcre kann direkt auf eine Brotscheibe gestrichen, als F\u00fcllung f\u00fcr Desserts verwendet oder zu frischem oder gereiftem K\u00e4se genossen werden.<\/p>\n<p><strong>Gr\u00f6\u00dfe<\/strong>: 220 g<\/p>\n<p><strong>Zutaten<\/strong>: 70 % Feigen, Zucker, Bergamottensaft, Verdickungsmittel: nat\u00fcrliches Pektin.<\/p>\n<p><strong>Herkunft der Feige<\/strong>: Kalabrien (Italien)<\/p>\n<p><strong>Aufbewahrung<\/strong>: K\u00fchl und trocken lagern, vor direkter Lichteinstrahlung und Hitze sch\u00fctzen. Nach dem \u00d6ffnen im K\u00fchlschrank aufbewahren und innerhalb weniger Tage verbrauchen.<\/p>\n<p>Feigen sind aufgrund ihrer nat\u00fcrlichen S\u00fc\u00dfe besonders beliebt auf italienischen Tischen.<\/p>\n<p>Diese k\u00f6stliche Frucht ist reich an:<\/p>\n<ul>\n<li>Mineralien<\/li>\n<li>Vitaminen, insbesondere B-Vitaminen<\/li>\n<li>Polyphenolen<\/li>\n<\/ul>\n<p>Sie ist au\u00dferdem bekannt f\u00fcr ihre abf\u00fchrende Wirkung, ihre hautpflegende Wirkung und die Bek\u00e4mpfung von Abszessen und Entz\u00fcndungen.<\/p>\n<p>Feigen werden h\u00e4ufig zur Linderung von Sodbrennen, zur Verbesserung des Transaminase- und Cholesterinspiegels eingesetzt. Aktuelle Forschungen belegen zudem, dass Feigen zahlreiche antibakterielle und krebshemmende Eigenschaften besitzen.<\/p>\n<p><strong>Das familiengef\u00fchrte Unternehmen w\u00e4hlt ausschlie\u00dflich die besten Rohstoffe aus<\/strong>, die auf fruchtbarem Land angebaut und nach alter Tradition verarbeitet werden.<\/p>\n<p><strong>Neben unserer extra Feigenmarmelade bieten wir eine breite Produktpalette an, alle frisch und handwerklich hergestellt und mit unverwechselbarem Geschmack. Dazu geh\u00f6ren Fruchts\u00e4fte, saisonale Fruchtmarmeladen und -konfit\u00fcren, Tomatenp\u00fcrees, Cremes, Honig und \u00d6lkonserven.<\/strong><\/p>\n<p><strong>Unser oberstes Ziel ist es, die Aromen und Fr\u00fcchte Kalabriens bekannt zu machen, insbesondere die besonderen und weniger bekannten Sorten<\/strong> wie die Bergamotte, eine Frucht mit vielen wohltuenden Eigenschaften, einzigartig und herb wie die gesamte Region Kalabrien.<\/p>\n<p>Wir bringen hochwertige, authentische Produkte auf Ihren Tisch. Wir stammen aus einer sorgf\u00e4ltigen und kontrollierten Auswahl an Rohstoffen, die gr\u00f6\u00dftenteils direkt von uns angebaut und ohne den Einsatz von Chemikalien gewonnen werden.<\/p>\n<p>Natur, Tradition und hohe Qualit\u00e4t sind die Zutaten f\u00fcr den Erfolg von Agro Pic.<\/p>\n<p>Folgen Sie uns auf Instagram, um alle Neuigkeiten von Agro Pic zu erfahren.<\/p>\n<p>https:\/\/www.instagram.com\/agropic\/<\/p>\n<p><strong>F\u00fcr weitere Informationen zu unseren Produkten kontaktieren Sie uns bitte:<\/strong><\/p>\n<p>Mobil: +39 3495651669<\/p>\n<p>E-Mail: info@agropic.it<\/p>\n<p>Tel.: +39 0964 1955229<\/p>\n","protected":false},"excerpt":{"rendered":"<p>Diese s\u00fc\u00dfe, zartschmelzende und aromatische K\u00f6stlichkeit wird aus handgepfl\u00fcckten und gesch\u00e4lten kalabrischen Feigen hergestellt. Die nat\u00fcrliche S\u00fc\u00dfe der Feigen verleiht dieser Marmelade ihren unverwechselbaren Charakter und ihren umh\u00fcllenden Geschmack. Diese extrafeige Marmelade kann direkt auf eine Brotscheibe gestrichen, als F\u00fcllung f\u00fcr Desserts verwendet oder zu frischem oder gereiftem K\u00e4se genossen werden.<\/p>\n<p><strong>Gr\u00f6\u00dfe<\/strong>: 220 g<\/p>\n<p><strong>Zutaten<\/strong>: 70 % Feigen, Zucker, Bergamottensaft, Verdickungsmittel: nat\u00fcrliches Pektin.<\/p>\n<p><strong>Herkunft der Feigen<\/strong>: Kalabrien (Italien)<\/p>\n<p><strong>Jetzt kaufen und in 4\u20135 Tagen zu Ihnen nach Hause geliefert bekommen!<\/strong>&hellip; <a class=\"kt-excerpt-readmore more-link\" href=\"https:\/\/agropic.it\/de\/produkt\/extra-feigenkonfiture-150-g\/\" aria-label=\"Extra Feigenmarmelade 220g\">Read More<\/a><\/p>\n","protected":false},"featured_media":8191,"comment_status":"closed","ping_status":"closed","template":"","meta":{"kt_blocks_editor_width":"","_kad_blocks_custom_css":"","_kad_blocks_head_custom_js":"","_kad_blocks_body_custom_js":"","_kad_blocks_footer_custom_js":""},"product_brand":[],"product_cat":[264],"product_tag":[],"class_list":{"0":"post-3018","1":"product","2":"type-product","3":"status-publish","4":"has-post-thumbnail","6":"product_cat-konfituren-und-marmeladen","8":"first","9":"instock","10":"shipping-taxable","11":"purchasable","12":"product-type-simple"},"taxonomy_info":{"product_cat":[{"value":264,"label":"Konfit\u00fcren und Marmeladen"}]},"featured_image_src_large":["https:\/\/agropic.it\/wp-content\/uploads\/2024\/01\/Confettura-extra-di-fichi-3-960x960.jpg",960,960,true],"author_info":[],"comment_info":0,"_links":{"self":[{"href":"https:\/\/agropic.it\/de\/wp-json\/wp\/v2\/product\/3018","targetHints":{"allow":["GET"]}}],"collection":[{"href":"https:\/\/agropic.it\/de\/wp-json\/wp\/v2\/product"}],"about":[{"href":"https:\/\/agropic.it\/de\/wp-json\/wp\/v2\/types\/product"}],"replies":[{"embeddable":true,"href":"https:\/\/agropic.it\/de\/wp-json\/wp\/v2\/comments?post=3018"}],"wp:featuredmedia":[{"embeddable":true,"href":"https:\/\/agropic.it\/de\/wp-json\/wp\/v2\/media\/8191"}],"wp:attachment":[{"href":"https:\/\/agropic.it\/de\/wp-json\/wp\/v2\/media?parent=3018"}],"wp:term":[{"taxonomy":"product_brand","embeddable":true,"href":"https:\/\/agropic.it\/de\/wp-json\/wp\/v2\/product_brand?post=3018"},{"taxonomy":"product_cat","embeddable":true,"href":"https:\/\/agropic.it\/de\/wp-json\/wp\/v2\/product_cat?post=3018"},{"taxonomy":"product_tag","embeddable":true,"href":"https:\/\/agropic.it\/de\/wp-json\/wp\/v2\/product_tag?post=3018"}],"curies":[{"name":"wp","href":"https:\/\/api.w.org\/{rel}","templated":true}]}}