{"id":3002,"date":"2024-01-31T09:02:46","date_gmt":"2020-11-24T09:02:46","guid":{"rendered":"https:\/\/agropic.it\/prodotto\/sus-saure-rote-zwiebeln-200-g\/"},"modified":"2025-04-29T09:23:38","modified_gmt":"2025-04-29T09:23:38","slug":"sus-saure-rote-zwiebeln-200-g","status":"publish","type":"product","link":"https:\/\/agropic.it\/de\/produkt\/sus-saure-rote-zwiebeln-200-g\/","title":{"rendered":"S\u00fc\u00df-saure Zwiebelfilets 200g"},"content":{"rendered":"<h4>S\u00fc\u00df-saure Zwiebelfilets sind ein typisch kalabrisches Produkt. Sie werden in Filets geschnitten und in einer Mischung aus Zucker und Essig langsam gegart. Ideal f\u00fcr die Zubereitung k\u00f6stlicher Vorspeisen und Aperitifs, auch hervorragend als Beilage zu zweiten G\u00e4ngen und k\u00f6stlich in Salaten, gef\u00fcllten Sandwiches und Burgern.<\/h4>\n<p><strong>Format:<\/strong> 200g<\/p>\n<p><strong>Zutaten:<\/strong> Rote Zwiebeln, Zucker, Weinessig, Balsamico-Essig, Salz, Zitronens\u00e4ure.<\/p>\n<p><strong>Zwiebelherkunft:<\/strong> Italien (Kalabrien)<\/p>\n<p>Lagerung: An einem trockenen und k\u00fchlen Ort aufbewahren, fern von Sonnenlicht oder direkten W\u00e4rmequellen. Nach dem \u00d6ffnen innerhalb weniger Tage verbrauchen.<\/p>\n<p>N\u00e4hrwerte pro 100g Produkt:<\/p>\n<ul>\n<li>Energie: 106 kcal \u2013 444 kj<\/li>\n<li>Protein: 0,76 g<\/li>\n<li>Lipide 8,47 g<\/li>\n<li>davon ges\u00e4ttigt 1,2g<\/li>\n<li>Kohlenhydrate: 8g<\/li>\n<li>davon Zucker 2,94g<\/li>\n<li>Salz 0,2g<\/li>\n<\/ul>\n<h6>Familienbetrieb und Auswahl der besten Rohstoffe, die auf den fruchtbaren B\u00f6den des Unternehmens angebaut und unter Ber\u00fccksichtigung der alten Tradition verarbeitet werden. Dies ist der Personalausweis von Agro Pic, einem Unternehmen, das auf die Herstellung von Marmeladen, S\u00e4ften, So\u00dfen und Gurken spezialisiert ist.<\/h6>\n<h6>Das Hauptziel der Aktivit\u00e4t ist die Aufwertung der Aromen und Fr\u00fcchte Kalabriens, insbesondere der besonderen und meist weniger bekannten, wie Bergamotte, eine Frucht mit zahlreichen wohltuenden Eigenschaften, einzigartig und s\u00e4uerlich wie das gesamte kalabrische Gebiet.<\/h6>\n<h6>Natur, Tradition und hohe Qualit\u00e4t sind die Zutaten f\u00fcr den Erfolg von Agro Pic.<\/h6>\n<h6>F\u00fcr weitere Informationen zu unseren Produkten z\u00f6gern Sie nicht, uns zu kontaktieren:<\/h6>\n<h6>Mobil: +39 349565166<\/h6>\n<h6>Festnetz: +39 09641955229<\/h6>\n<h6>info@agropic.it<\/h6>\n","protected":false},"excerpt":{"rendered":"<p><strong>Zwiebeln s<\/strong>\u00fc\u00df-sauer sind ein typisch kalabrisches Produkt. Sie werden in Filets geschnitten und in einer Mischung aus Zucker und Essig langsam gegart. Ideal f\u00fcr die Zubereitung k\u00f6stlicher Vorspeisen und Aperitifs, auch hervorragend als Beilage zu zweiten G\u00e4ngen und k\u00f6stlich in Salaten, gef\u00fcllten Sandwiches und Burgern.<\/p>\n<p><strong>Format:<\/strong> 200g<\/p>\n<p><strong>Zutaten:<\/strong> Rote Zwiebeln, Zucker, Weinessig, Balsamico-Essig, Salz, Zitronens\u00e4ure.<\/p>\n<p><strong>Zwiebelherkunft:<\/strong> Italien (Kalabrien)<\/p>\n<p>Lesen Sie die vollst\u00e4ndige Beschreibung unten.<\/p>\n<p>&nbsp;<\/p>\n<p>Kaufen Sie jetzt und erhalten Sie es innerhalb von 4-5 Tagen bei Ihnen zu Hause.&hellip; <a class=\"kt-excerpt-readmore more-link\" href=\"https:\/\/agropic.it\/de\/produkt\/sus-saure-rote-zwiebeln-200-g\/\" aria-label=\"S\u00fc\u00df-saure Zwiebelfilets 200g\">Read More<\/a><\/p>\n","protected":false},"featured_media":6960,"comment_status":"closed","ping_status":"closed","template":"","meta":{"kt_blocks_editor_width":"","_kad_blocks_custom_css":"","_kad_blocks_head_custom_js":"","_kad_blocks_body_custom_js":"","_kad_blocks_footer_custom_js":""},"product_brand":[],"product_cat":[267],"product_tag":[],"class_list":{"0":"post-3002","1":"product","2":"type-product","3":"status-publish","4":"has-post-thumbnail","6":"product_cat-konserven-in-ol-und-sus-sauer","8":"first","9":"instock","10":"shipping-taxable","11":"purchasable","12":"product-type-simple"},"taxonomy_info":{"product_cat":[{"value":267,"label":"Konserven in \u00d6l und s\u00fc\u00df-sauer"}]},"featured_image_src_large":["https:\/\/agropic.it\/wp-content\/uploads\/2023\/03\/Cipolle-a-filetti-in-agrodolce-960x960.webp",960,960,true],"author_info":[],"comment_info":0,"_links":{"self":[{"href":"https:\/\/agropic.it\/de\/wp-json\/wp\/v2\/product\/3002","targetHints":{"allow":["GET"]}}],"collection":[{"href":"https:\/\/agropic.it\/de\/wp-json\/wp\/v2\/product"}],"about":[{"href":"https:\/\/agropic.it\/de\/wp-json\/wp\/v2\/types\/product"}],"replies":[{"embeddable":true,"href":"https:\/\/agropic.it\/de\/wp-json\/wp\/v2\/comments?post=3002"}],"wp:featuredmedia":[{"embeddable":true,"href":"https:\/\/agropic.it\/de\/wp-json\/wp\/v2\/media\/6960"}],"wp:attachment":[{"href":"https:\/\/agropic.it\/de\/wp-json\/wp\/v2\/media?parent=3002"}],"wp:term":[{"taxonomy":"product_brand","embeddable":true,"href":"https:\/\/agropic.it\/de\/wp-json\/wp\/v2\/product_brand?post=3002"},{"taxonomy":"product_cat","embeddable":true,"href":"https:\/\/agropic.it\/de\/wp-json\/wp\/v2\/product_cat?post=3002"},{"taxonomy":"product_tag","embeddable":true,"href":"https:\/\/agropic.it\/de\/wp-json\/wp\/v2\/product_tag?post=3002"}],"curies":[{"name":"wp","href":"https:\/\/api.w.org\/{rel}","templated":true}]}}