{"id":2994,"date":"2024-01-28T08:12:37","date_gmt":"2021-01-19T08:12:37","guid":{"rendered":"https:\/\/agropic.it\/prodotto\/extra-orangenmarmelade-220-g\/"},"modified":"2025-06-12T08:44:46","modified_gmt":"2025-06-12T08:44:46","slug":"extra-orangenmarmelade-220-g","status":"publish","type":"product","link":"https:\/\/agropic.it\/de\/produkt\/extra-orangenmarmelade-220-g\/","title":{"rendered":"Orangenmarmelade 220g"},"content":{"rendered":"<h5>Unsere Orangenmarmelade wird ausschlie\u00dflich aus 100 % Orangen aus Kalabrien hergestellt! Wir w\u00e4hlen die besten und reifsten Orangen aus und bereiten bei km 0 unsere langsam gekochte Orangenmarmelade vor, bis sie eine streichf\u00e4hige Konsistenz mit s\u00fc\u00df-saurem Geschmack erh\u00e4lt.<\/h5>\n<p><strong>Format<\/strong>: 220g<\/p>\n<p><strong>Zutaten<\/strong>: Orangen 70 %, Zucker, Verdickungsmittel: Pektin.<\/p>\n<p>Ohne Konservierungsstoffe und ohne Farbstoffe<\/p>\n<p><strong>Orange Herkunft<\/strong>: ITALIEN (KALABRIEN)<\/p>\n<p><strong>Lagerung<\/strong>: An einem k\u00fchlen, trockenen Ort, fern von Sonnenlicht und W\u00e4rmequellen lagern. Nach dem \u00d6ffnen in den K\u00fchlschrank stellen und innerhalb weniger Tage verzehren.<\/p>\n<p><strong>N\u00e4hrwerte pro 100g Produkt:<\/strong><\/p>\n<ul>\n<li>Energiewert 222 Kcal 929 Kj<\/li>\n<li>Protein: 0,5<\/li>\n<li>Lipide: 0,1<\/li>\n<li>davon Fett: 0<\/li>\n<li>Kohlenhydrate: 53<\/li>\n<li>davon Zucker 45<\/li>\n<li>Salz 0,1<\/li>\n<\/ul>\n<p><strong>Orangen sind reich an Vitamin C, das das Immunsystem st\u00e4rkt, indem es Winterkrankheiten vorbeugt, und an Kalium, das ein wertvoller Verb\u00fcndeter f\u00fcr Herz und Kreislauf ist.<\/strong><br \/>\n<strong>Orangen helfen auch bei Verstopfungsproblemen, da sie reich an Ballaststoffen sind.<\/strong><br \/>\n<strong>J\u00fcngste Studien zeigen, dass es krebshemmende und wohltuende Eigenschaften f\u00fcr den Geist hat, da es die kognitiven Funktionen verbessert.<\/strong><\/p>\n<p><strong>Familienbetrieb und Auswahl der besten Rohstoffe<\/strong>, die auf den fruchtbaren B\u00f6den des Unternehmens angebaut und unter Ber\u00fccksichtigung der alten Tradition verarbeitet werden. Dies ist der Personalausweis von Agro Pic, einem Unternehmen, das auf die Herstellung von Marmeladen, S\u00e4ften, So\u00dfen und Gurken spezialisiert ist.<\/p>\n<p><strong>Das Hauptziel der Aktivit\u00e4t ist die Aufwertung der Aromen und Fr\u00fcchte Kalabriens, insbesondere der besonderen und meist weniger bekannten,<\/strong> wie Bergamotte, eine Frucht mit zahlreichen wohltuenden Eigenschaften, einzigartig und s\u00e4uerlich wie das gesamte kalabrische Gebiet.<\/p>\n<p>Natur, Tradition und hohe Qualit\u00e4t sind die Zutaten f\u00fcr den Erfolg von Agro Pic.<\/p>\n<p><strong>F\u00fcr weitere Informationen zu unseren Produkten z\u00f6gern Sie nicht, uns zu kontaktieren:<\/strong><\/p>\n<p>Mobil. 349 5651669<\/p>\n<p>Tel. 0964 1955229<\/p>\n<p>info@agropic.it<\/p>\n","protected":false},"excerpt":{"rendered":"<p>Unsere Orangenmarmelade wird ausschlie\u00dflich aus 100 % Orangen aus Kalabrien hergestellt! Wir w\u00e4hlen die besten und reifsten Orangen aus und bereiten bei km 0 unsere langsam gekochte Orangenmarmelade vor, bis sie eine streichf\u00e4hige Konsistenz mit s\u00fc\u00df-saurem Geschmack erh\u00e4lt.<\/p>\n<p><strong>Format<\/strong>: 220g<\/p>\n<p><strong>Zutaten<\/strong>: Orangen 70 %, Zucker, Verdickungsmittel: Pektin.<\/p>\n<p>Ohne Konservierungsstoffe und ohne Farbstoffe<\/p>\n<p><strong>Orange Herkunft<\/strong>: ITALIEN (KALABRIEN)&hellip; <a class=\"kt-excerpt-readmore more-link\" href=\"https:\/\/agropic.it\/de\/produkt\/extra-orangenmarmelade-220-g\/\" aria-label=\"Orangenmarmelade 220g\">Read More<\/a><\/p>\n","protected":false},"featured_media":7035,"comment_status":"closed","ping_status":"closed","template":"","meta":{"kt_blocks_editor_width":"","_kad_blocks_custom_css":"","_kad_blocks_head_custom_js":"","_kad_blocks_body_custom_js":"","_kad_blocks_footer_custom_js":""},"product_brand":[],"product_cat":[264],"product_tag":[524],"class_list":{"0":"post-2994","1":"product","2":"type-product","3":"status-publish","4":"has-post-thumbnail","6":"product_cat-konfituren-und-marmeladen","7":"product_tag-marmelade","9":"first","10":"instock","11":"shipping-taxable","12":"purchasable","13":"product-type-simple"},"taxonomy_info":{"product_cat":[{"value":264,"label":"Konfit\u00fcren und Marmeladen"}],"product_tag":[{"value":524,"label":"Marmelade"}]},"featured_image_src_large":["https:\/\/agropic.it\/wp-content\/uploads\/2023\/03\/Marmellata-di-arance-960x960.webp",960,960,true],"author_info":[],"comment_info":0,"_links":{"self":[{"href":"https:\/\/agropic.it\/de\/wp-json\/wp\/v2\/product\/2994","targetHints":{"allow":["GET"]}}],"collection":[{"href":"https:\/\/agropic.it\/de\/wp-json\/wp\/v2\/product"}],"about":[{"href":"https:\/\/agropic.it\/de\/wp-json\/wp\/v2\/types\/product"}],"replies":[{"embeddable":true,"href":"https:\/\/agropic.it\/de\/wp-json\/wp\/v2\/comments?post=2994"}],"wp:featuredmedia":[{"embeddable":true,"href":"https:\/\/agropic.it\/de\/wp-json\/wp\/v2\/media\/7035"}],"wp:attachment":[{"href":"https:\/\/agropic.it\/de\/wp-json\/wp\/v2\/media?parent=2994"}],"wp:term":[{"taxonomy":"product_brand","embeddable":true,"href":"https:\/\/agropic.it\/de\/wp-json\/wp\/v2\/product_brand?post=2994"},{"taxonomy":"product_cat","embeddable":true,"href":"https:\/\/agropic.it\/de\/wp-json\/wp\/v2\/product_cat?post=2994"},{"taxonomy":"product_tag","embeddable":true,"href":"https:\/\/agropic.it\/de\/wp-json\/wp\/v2\/product_tag?post=2994"}],"curies":[{"name":"wp","href":"https:\/\/api.w.org\/{rel}","templated":true}]}}