{"id":2986,"date":"2021-01-19T08:37:27","date_gmt":"2021-01-19T08:37:27","guid":{"rendered":"https:\/\/agropic.it\/prodotto\/wilder-fenchel-50-g\/"},"modified":"2025-07-16T08:25:27","modified_gmt":"2025-07-16T08:25:27","slug":"wilder-fenchel-50-g","status":"publish","type":"product","link":"https:\/\/agropic.it\/de\/produkt\/wilder-fenchel-50-g\/","title":{"rendered":"Wilde Fenchelsamen 70g"},"content":{"rendered":"<h6>Wilde Fenchelsamen<\/h6>\n<p><strong>100 % kalabrische Wildfenchelsamen, handgepfl\u00fcckt am Fu\u00dfe des Aspromonte-Gebirges, wo sie wild wachsen.<\/strong><\/p>\n<p><strong>Gr\u00f6\u00dfe<\/strong>: 70 g<\/p>\n<p><strong>Fenchel Herkunft<\/strong>: Italien (Kalabrien)<\/p>\n<p><strong>Eine aromatische Pflanze mit starkem und authentischem Geschmack und vielen wohltuenden Eigenschaften.<\/strong><br \/>\n<strong>Wilder Fenchel w\u00e4chst wild in Kalabrien und wird haupts\u00e4chlich in der K\u00fcche als Gew\u00fcrz zum Verfeinern von Gerichten oder zur Zubereitung von Aufg\u00fcssen und Kr\u00e4utertees verwendet.<\/strong><\/p>\n<p>Wilder Fenchel ist reich an:<\/p>\n<ul>\n<li>entz\u00fcndungshemmenden und antibakteriellen Eigenschaften<\/li>\n<li>Mineralsalzen<\/li>\n<li>Vitamin C<\/li>\n<\/ul>\n<p>In reinem Alkohol mazerierte Wildfenchelsamen eignen sich auch zur Herstellung fantastischer Lik\u00f6re.<\/p>\n<p><strong>Aufbewahrung<\/strong>: K\u00fchl und trocken lagern, vor Sonnenlicht und W\u00e4rmequellen sch\u00fctzen.<\/p>\n<p><strong>Als Familienbetrieb w\u00e4hlen wir die besten Rohstoffe aus<\/strong>, die auf unserem fruchtbaren Land angebaut und nach alter Tradition verarbeitet werden.<\/p>\n<p>Neben wilden Fenchelsamen bieten wir eine breite Produktpalette an, alle frisch nach handwerklichen Methoden zubereitet und mit unverwechselbarem Geschmack, darunter Fruchts\u00e4fte, saisonale Fruchtmarmeladen und -konfit\u00fcren, Tomatenp\u00fcrees, Cremes, Honig und \u00d6lkonserven.<\/p>\n<p><strong>Unser oberstes Ziel ist es, die Aromen und Fr\u00fcchte Kalabriens zu f\u00f6rdern, insbesondere die besonderen und weniger bekannten<\/strong>, wie zum Beispiel die Bergamotte, eine Frucht mit vielen wohltuenden Eigenschaften, einzigartig und herb, wie ganz Kalabrien.<\/p>\n<p>Wir bringen hochwertige, authentische Produkte auf Ihren Tisch, die aus einer sorgf\u00e4ltigen und kontrollierten Auswahl an Rohstoffen stammen, von denen viele direkt von uns angebaut und ohne den Einsatz von Chemikalien gewonnen werden.<\/p>\n<p>Natur, Tradition und hohe Qualit\u00e4t sind die Zutaten f\u00fcr den Erfolg von Agro Pic.<\/p>\n<p>Folgen Sie uns auf Instagram, um alle Neuigkeiten von Agro Pic zu erfahren.<\/p>\n<p>https:\/\/www.instagram.com\/agropic\/<\/p>\n<p><strong>F\u00fcr weitere Informationen zu unseren Produkten kontaktieren Sie uns bitte:<\/strong><\/p>\n<p>Mobil: +39 3495651669<\/p>\n<p>E-Mail: info@agropic.it<\/p>\n<p>Tel.: +39 0964 1955229<\/p>\n","protected":false},"excerpt":{"rendered":"<p><strong>100 % kalabrische Wildfenchelsamen, handgepfl\u00fcckt am Fu\u00dfe des Aspromonte-Gebirges, wo sie wild und \u00fcppig wachsen.<\/strong><\/p>\n<p><strong>Gr\u00f6\u00df<\/strong>e: 70 g<\/p>\n<p><strong>Herkunft<\/strong>: Italien (Kalabrien)<\/p>\n<p>Sie k\u00f6nnen unsere Produkte \u00fcber diese Website, per E-Mail an info@agropic.it oder telefonisch unter 349 56 51 669 bestellen. Nach Zahlungseingang wird Ihre Bestellung innerhalb von 4\u20135 Tagen geliefert.&hellip; <a class=\"kt-excerpt-readmore more-link\" href=\"https:\/\/agropic.it\/de\/produkt\/wilder-fenchel-50-g\/\" aria-label=\"Wilde Fenchelsamen 70g\">Read More<\/a><\/p>\n","protected":false},"featured_media":7200,"comment_status":"closed","ping_status":"closed","template":"","meta":{"kt_blocks_editor_width":"","_kad_blocks_custom_css":"","_kad_blocks_head_custom_js":"","_kad_blocks_body_custom_js":"","_kad_blocks_footer_custom_js":""},"product_brand":[],"product_cat":[260],"product_tag":[],"class_list":{"0":"post-2986","1":"product","2":"type-product","3":"status-publish","4":"has-post-thumbnail","6":"product_cat-gewurze-aus-kalabrien","8":"first","9":"instock","10":"shipping-taxable","11":"purchasable","12":"product-type-simple"},"taxonomy_info":{"product_cat":[{"value":260,"label":"Gew\u00fcrze aus Kalabrien"}]},"featured_image_src_large":["https:\/\/agropic.it\/wp-content\/uploads\/2023\/03\/Semi-di-finocchietto-selvatico-960x960.webp",960,960,true],"author_info":[],"comment_info":0,"_links":{"self":[{"href":"https:\/\/agropic.it\/de\/wp-json\/wp\/v2\/product\/2986","targetHints":{"allow":["GET"]}}],"collection":[{"href":"https:\/\/agropic.it\/de\/wp-json\/wp\/v2\/product"}],"about":[{"href":"https:\/\/agropic.it\/de\/wp-json\/wp\/v2\/types\/product"}],"replies":[{"embeddable":true,"href":"https:\/\/agropic.it\/de\/wp-json\/wp\/v2\/comments?post=2986"}],"wp:featuredmedia":[{"embeddable":true,"href":"https:\/\/agropic.it\/de\/wp-json\/wp\/v2\/media\/7200"}],"wp:attachment":[{"href":"https:\/\/agropic.it\/de\/wp-json\/wp\/v2\/media?parent=2986"}],"wp:term":[{"taxonomy":"product_brand","embeddable":true,"href":"https:\/\/agropic.it\/de\/wp-json\/wp\/v2\/product_brand?post=2986"},{"taxonomy":"product_cat","embeddable":true,"href":"https:\/\/agropic.it\/de\/wp-json\/wp\/v2\/product_cat?post=2986"},{"taxonomy":"product_tag","embeddable":true,"href":"https:\/\/agropic.it\/de\/wp-json\/wp\/v2\/product_tag?post=2986"}],"curies":[{"name":"wp","href":"https:\/\/api.w.org\/{rel}","templated":true}]}}