{"id":2978,"date":"2024-01-27T10:10:41","date_gmt":"2021-01-20T10:10:41","guid":{"rendered":"https:\/\/agropic.it\/prodotto\/millefiori-honig-250-g\/"},"modified":"2025-06-17T08:14:12","modified_gmt":"2025-06-17T08:14:12","slug":"millefiori-honig-250-g","status":"publish","type":"product","link":"https:\/\/agropic.it\/de\/produkt\/millefiori-honig-250-g\/","title":{"rendered":"Millefiori Honig 250 g"},"content":{"rendered":"<h6>Millefiori Honig 250 g<\/h6>\n<p><strong>Millefiori-Honig 250g wird von Bienen produziert, die Nektar von einer Vielzahl von Bl\u00fcten sammeln und so eine vielf\u00e4ltige Mischung aus Aromen und D\u00fcften kreieren. Das Ergebnis ist ein Honig mit ausgewogener S\u00fc\u00dfe, ideal zum nat\u00fcrlichen S\u00fc\u00dfen von Milch, Aufg\u00fcssen und Tee. Er kann auch direkt auf Brot oder frischen und gereiften K\u00e4se gestrichen werden. Er eignet sich auch zum Verfeinern und Verfeinern verschiedener s\u00fc\u00dfer und herzhafter Zubereitungen<\/strong>.<\/p>\n<p>Millefiori-Honig ist ein wahrer Schatz der Natur, der in jeder Phase des Produktionsprozesses mit Sorgfalt und Leidenschaft verarbeitet wird \u2013 von der Ernte \u00fcber die Honiggewinnung, bei der alle nat\u00fcrlichen Eigenschaften erhalten bleiben, bis hin zur Verpackung. Jeder Schritt wird von Hand ausgef\u00fchrt, um ein unverf\u00e4lschtes und hochwertiges Produkt zu garantieren, reich an allen Eigenschaften, die es einzigartig und wertvoll machen.<br \/>\n100 % handwerklich hergestellt, sortenrein und nicht pasteurisiert. Sie erhalten ein nat\u00fcrliches und authentisches Produkt aus Anbaugebieten fernab von Pestiziden und bienensch\u00e4dlichen Substanzen.<\/p>\n<p><strong>Format<\/strong>: 250 g<\/p>\n<p><strong>Zutaten<\/strong>: 100 % kalabrischer Millefiori-Honig<\/p>\n<p>Jede Verfestigung des Honigs garantiert die Echtheit des Produkts, da es sich um einen nat\u00fcrlichen Prozess handelt.<\/p>\n<p><strong>Aufbewahrung<\/strong>: K\u00fchl und trocken lagern, vor direkter Licht- und W\u00e4rmeeinwirkung sch\u00fctzen.<\/p>\n<p><strong>N\u00e4hrwerte pro 100 g:<\/strong><\/p>\n<ul>\n<li>Energie 304 kcal 1270 kj<\/li>\n<li>Eiwei\u00df 0,4 g<\/li>\n<li>Fette 0 g<\/li>\n<li>davon ges\u00e4ttigte Fetts\u00e4uren 0 g<\/li>\n<li>Kohlenhydrate 80,3 g<\/li>\n<li>davon Zucker 80,3 g<\/li>\n<li>Salz 10 g<\/li>\n<\/ul>\n<p>Millefiori-Honig ist reich an N\u00e4hrstoffen und ein nat\u00fcrlicher S\u00fc\u00dfstoff und Energielieferant. Er eignet sich hervorragend zur Linderung von Husten und Erk\u00e4ltungen im Winter sowie zur Bek\u00e4mpfung saisonaler Allergien. Er wird au\u00dferdem zur Reinigung der Leber und zur Verbesserung der Verdauung eingesetzt und ist ein ideales Mittel zur Haar- und Hautpflege.<\/p>\n<p>Agro Pic Millefiori-Honig wird keiner industriellen Verarbeitung unterzogen, um alle heilenden Eigenschaften zu erhalten.<\/p>\n<p>CALABRESE MILLEFIORI-HONIG MIT REICHEN WIRKUNGSVOLLKOMMENHEITEN \u2013 JETZT AUF UNSERER WEBSITE KAUFEN<br \/>\n100 % handwerklich hergestelltes Produkt, sortenrein und nicht pasteurisiert. Sie erhalten ein nat\u00fcrliches und authentisches Produkt aus Anbaugebieten fernab von Pestiziden und bienensch\u00e4dlichen Substanzen.<\/p>\n<p><strong>Familienbetrieb mit Auswahl bester Rohstoffe<\/strong>, angebaut auf den fruchtbaren B\u00f6den des Unternehmens und verarbeitet nach alter Tradition.<\/p>\n<p>Neben Wildbl\u00fctenhonig bieten wir eine breite Produktpalette an, die alle frisch und handwerklich verarbeitet werden und einen unverwechselbaren Geschmack haben, darunter Fruchts\u00e4fte, saisonale Fruchtmarmeladen und -konfit\u00fcren, Tomatenp\u00fcrees, Cremes, Honig und \u00d6lkonfit\u00fcren.<\/p>\n<p><strong>Das Hauptziel unserer T\u00e4tigkeit ist es, die Aromen und Fr\u00fcchte Kalabriens hervorzuheben, insbesondere die besonderen und weniger<\/strong> <strong>bekannten Sorten wie die Bergamotte<\/strong>, eine Frucht mit vielf\u00e4ltigen wohltuenden Eigenschaften, einzigartig und s\u00e4uerlich wie ganz Kalabrien.<\/p>\n<p>Wir bieten unverf\u00e4lschte, hochwertige Produkte aus sorgf\u00e4ltig ausgew\u00e4hlten und kontrollierten Rohstoffen, die gr\u00f6\u00dftenteils direkt von uns angebaut und ohne den Einsatz von Chemikalien gewonnen werden.<\/p>\n<p>Natur, Tradition und hohe Qualit\u00e4t sind die Zutaten f\u00fcr den Erfolg von Agro Pic.<\/p>\n<p>Folgen Sie uns auf Instagram und erfahren Sie alle Neuigkeiten von Agro Pic.<\/p>\n<p>https:\/\/www.instagram.com\/agropic\/<\/p>\n<p><strong>F\u00fcr weitere Informationen zu unseren Produkten kontaktieren Sie uns gerne:<\/strong><\/p>\n<p>Mobil: 3495651669<\/p>\n<p>E-Mail: info@agropic.it<\/p>\n<p>Tel.: 0964 1955229<\/p>\n<h6><\/h6>\n","protected":false},"excerpt":{"rendered":"<h6>Millefiori Honig wird von Bienen produziert, die Nektar von einer Vielzahl von Bl\u00fcten sammeln und so eine vielf\u00e4ltige Mischung aus Aromen und D\u00fcften erzeugen. Das Ergebnis ist ein Honig mit ausgewogener S\u00fc\u00dfe, ideal zum nat\u00fcrlichen S\u00fc\u00dfen von Milch, Aufg\u00fcssen und Tee. Er kann auch direkt auf Brot oder auf frischen und gereiften K\u00e4se gestrichen werden. Er eignet sich auch zum Verfeinern und Verfeinern verschiedener s\u00fc\u00dfer und herzhafter Zubereitungen.<\/h6>\n<p><strong>Format<\/strong>: 250 g<\/p>\n<p><strong>Zutaten<\/strong>: 100 % kalabrischer Millefiori-Honig&hellip; <a class=\"kt-excerpt-readmore more-link\" href=\"https:\/\/agropic.it\/de\/produkt\/millefiori-honig-250-g\/\" aria-label=\"Millefiori Honig 250 g\">Read More<\/a><\/p>\n","protected":false},"featured_media":7620,"comment_status":"closed","ping_status":"closed","template":"","meta":{"kt_blocks_editor_width":"","_kad_blocks_custom_css":"","_kad_blocks_head_custom_js":"","_kad_blocks_body_custom_js":"","_kad_blocks_footer_custom_js":""},"product_brand":[],"product_cat":[256],"product_tag":[463,464],"class_list":{"0":"post-2978","1":"product","2":"type-product","3":"status-publish","4":"has-post-thumbnail","6":"product_cat-honig","7":"product_tag-honig","8":"product_tag-honig-aus-kalabrien","10":"first","11":"instock","12":"shipping-taxable","13":"purchasable","14":"product-type-simple"},"taxonomy_info":{"product_cat":[{"value":256,"label":"Honig"}],"product_tag":[{"value":463,"label":"Honig"},{"value":464,"label":"Honig aus Kalabrien"}]},"featured_image_src_large":["https:\/\/agropic.it\/wp-content\/uploads\/2022\/12\/MIELE-MILLEFIORI-250-G-1-960x960.jpg",960,960,true],"author_info":[],"comment_info":0,"_links":{"self":[{"href":"https:\/\/agropic.it\/de\/wp-json\/wp\/v2\/product\/2978","targetHints":{"allow":["GET"]}}],"collection":[{"href":"https:\/\/agropic.it\/de\/wp-json\/wp\/v2\/product"}],"about":[{"href":"https:\/\/agropic.it\/de\/wp-json\/wp\/v2\/types\/product"}],"replies":[{"embeddable":true,"href":"https:\/\/agropic.it\/de\/wp-json\/wp\/v2\/comments?post=2978"}],"wp:featuredmedia":[{"embeddable":true,"href":"https:\/\/agropic.it\/de\/wp-json\/wp\/v2\/media\/7620"}],"wp:attachment":[{"href":"https:\/\/agropic.it\/de\/wp-json\/wp\/v2\/media?parent=2978"}],"wp:term":[{"taxonomy":"product_brand","embeddable":true,"href":"https:\/\/agropic.it\/de\/wp-json\/wp\/v2\/product_brand?post=2978"},{"taxonomy":"product_cat","embeddable":true,"href":"https:\/\/agropic.it\/de\/wp-json\/wp\/v2\/product_cat?post=2978"},{"taxonomy":"product_tag","embeddable":true,"href":"https:\/\/agropic.it\/de\/wp-json\/wp\/v2\/product_tag?post=2978"}],"curies":[{"name":"wp","href":"https:\/\/api.w.org\/{rel}","templated":true}]}}