{"id":2970,"date":"2024-01-30T10:14:43","date_gmt":"2021-01-20T10:14:43","guid":{"rendered":"https:\/\/agropic.it\/prodotto\/millefiori-honig-500-g\/"},"modified":"2025-05-14T07:22:57","modified_gmt":"2025-05-14T07:22:57","slug":"millefiori-honig-500-g","status":"publish","type":"product","link":"https:\/\/agropic.it\/de\/produkt\/millefiori-honig-500-g\/","title":{"rendered":"Wildblumenhonig 500g"},"content":{"rendered":"<p>Wildblumenhonig 500g<\/p>\n<h5><strong>Wildblumenhonig wird von Bienen produziert, die Nektar aus einer Vielzahl von Bl\u00fcten sammeln und so eine vielf\u00e4ltige Mischung aus Geschmacksrichtungen und Aromen erzeugen. Das Ergebnis ist ein Honig mit ausgewogener S\u00fc\u00dfe, der sich ideal zum nat\u00fcrlichen S\u00fc\u00dfen von Milch, Aufg\u00fcssen und Tee eignet oder direkt auf Brot oder frischen und reifen K\u00e4se gestrichen werden kann. Dar\u00fcber hinaus k\u00f6nnen damit auch verschiedene s\u00fc\u00dfe und herzhafte Zubereitungen angereichert und kreiert werden.<\/strong><\/h5>\n<p><strong>Format<\/strong>: 500g<\/p>\n<p><strong>Zutaten<\/strong>: 100 % Millefiori-Honig aus Kalabrien<\/p>\n<p>Jede Verfestigung des Honigs garantiert die Echtheit des Produkts, da es sich um einen nat\u00fcrlichen Prozess handelt.<\/p>\n<p><strong>Lagerung<\/strong>: An einem k\u00fchlen, trockenen Ort aufbewahren, fern von direktem Licht und W\u00e4rmequellen.<\/p>\n<p><strong>N\u00e4hrwerte pro 100g Produkt:<\/strong><\/p>\n<ul>\n<li>Energie 304 kcal 1270 kj<\/li>\n<li>Eiwei\u00df 0,4 g<\/li>\n<li>Lipide 0 g<\/li>\n<li>davon ges\u00e4ttigt 0 g<\/li>\n<li>Kohlenhydrate 80,3 g<\/li>\n<li>davon Zucker 80,3 g<\/li>\n<li>Salz 10 g<\/li>\n<\/ul>\n<p>Wildblumenhonig ist reich an N\u00e4hrstoffen und ein nat\u00fcrlicher S\u00fc\u00dfstoff und Energiespender. Es eignet sich hervorragend zur Linderung von Husten und Erk\u00e4ltungen im Winter und zur Bek\u00e4mpfung saisonaler Allergien. Es wird auch zur Reinigung der Leber und zur Verbesserung der Funktionalit\u00e4t des Verdauungssystems verwendet und ist au\u00dferdem der perfekte Verb\u00fcndete f\u00fcr die Haar- und Hautpflege.<\/p>\n<p>Agro Pic Wildblumenhonig wird keiner industriellen Verarbeitung unterzogen, um alle seine heilenden Eigenschaften zu bewahren.<\/p>\n<p><strong>Familienbetrieb und Auswahl der besten Rohstoffe<\/strong>, die auf den fruchtbaren B\u00f6den des Unternehmens angebaut und unter Ber\u00fccksichtigung der alten Tradition verarbeitet werden. Dies ist der Personalausweis von Agro Pic, einem Unternehmen, das auf die Herstellung von Marmeladen, S\u00e4ften, So\u00dfen und Gurken spezialisiert ist.<\/p>\n<p><strong>Das Hauptziel der Aktivit\u00e4t besteht darin, die Aromen und Fr\u00fcchte Kalabriens hervorzuheben, insbesondere die besonderen und meist weniger bekannten<\/strong>, wie Bergamotte, eine Frucht mit zahlreichen wohltuenden Eigenschaften, einzigartig und s\u00e4uerlich wie das gesamte kalabrische Gebiet.<\/p>\n<p>Natur, Tradition und hohe Qualit\u00e4t sind die Zutaten f\u00fcr den Erfolg von Agro Pic.<\/p>\n<p><strong>F\u00fcr weitere Informationen zu unseren Produkten z\u00f6gern Sie nicht, uns zu kontaktieren:<\/strong><\/p>\n<p>Sie k\u00f6nnen unsere Produkte \u00fcber diese Website oder per E-Mail an info@agropic.it oder telefonisch unter der Nummer 349 56 51 669 kaufen. Sobald die Zahlung erfolgt ist, wird Ihnen Ihre Bestellung innerhalb von 4 bis 5 Tagen zugestellt Tage.<\/p>\n","protected":false},"excerpt":{"rendered":"<p><strong>Wildblumenhonig wird von Bienen produziert, die Nektar aus einer Vielzahl von Bl\u00fcten sammeln und so eine vielf\u00e4ltige Mischung aus Geschmacksrichtungen und Aromen erzeugen. Das Ergebnis ist ein Honig mit ausgewogener S\u00fc\u00dfe, der sich ideal zum nat\u00fcrlichen S\u00fc\u00dfen von Milch, Aufg\u00fcssen und Tee eignet oder direkt auf Brot oder frischen und reifen K\u00e4se gestrichen werden kann. Dar\u00fcber hinaus k\u00f6nnen damit auch verschiedene s\u00fc\u00dfe und herzhafte Zubereitungen angereichert und kreiert werden.<\/strong><\/p>\n<p><strong>Format<\/strong>: 500g<\/p>\n<p><strong>Zutaten<\/strong>: 100 % Millefiori-Honig aus Kalabrien<\/p>\n<p>Lesen Sie die vollst\u00e4ndige Beschreibung unten<\/p>\n<p><strong>Kaufen Sie jetzt und erhalten Sie es in 4-5 Tagen direkt zu Ihnen nach Hause.<\/strong>&hellip; <a class=\"kt-excerpt-readmore more-link\" href=\"https:\/\/agropic.it\/de\/produkt\/millefiori-honig-500-g\/\" aria-label=\"Wildblumenhonig 500g\">Read More<\/a><\/p>\n","protected":false},"featured_media":7625,"comment_status":"closed","ping_status":"closed","template":"","meta":{"kt_blocks_editor_width":"","_kad_blocks_custom_css":"","_kad_blocks_head_custom_js":"","_kad_blocks_body_custom_js":"","_kad_blocks_footer_custom_js":""},"product_brand":[],"product_cat":[256],"product_tag":[463,464],"class_list":{"0":"post-2970","1":"product","2":"type-product","3":"status-publish","4":"has-post-thumbnail","6":"product_cat-honig","7":"product_tag-honig","8":"product_tag-honig-aus-kalabrien","10":"first","11":"instock","12":"shipping-taxable","13":"purchasable","14":"product-type-simple"},"taxonomy_info":{"product_cat":[{"value":256,"label":"Honig"}],"product_tag":[{"value":463,"label":"Honig"},{"value":464,"label":"Honig aus Kalabrien"}]},"featured_image_src_large":["https:\/\/agropic.it\/wp-content\/uploads\/2022\/12\/MIELE-MILLEFIORI-500-g-1-960x960.jpg",960,960,true],"author_info":[],"comment_info":0,"_links":{"self":[{"href":"https:\/\/agropic.it\/de\/wp-json\/wp\/v2\/product\/2970","targetHints":{"allow":["GET"]}}],"collection":[{"href":"https:\/\/agropic.it\/de\/wp-json\/wp\/v2\/product"}],"about":[{"href":"https:\/\/agropic.it\/de\/wp-json\/wp\/v2\/types\/product"}],"replies":[{"embeddable":true,"href":"https:\/\/agropic.it\/de\/wp-json\/wp\/v2\/comments?post=2970"}],"wp:featuredmedia":[{"embeddable":true,"href":"https:\/\/agropic.it\/de\/wp-json\/wp\/v2\/media\/7625"}],"wp:attachment":[{"href":"https:\/\/agropic.it\/de\/wp-json\/wp\/v2\/media?parent=2970"}],"wp:term":[{"taxonomy":"product_brand","embeddable":true,"href":"https:\/\/agropic.it\/de\/wp-json\/wp\/v2\/product_brand?post=2970"},{"taxonomy":"product_cat","embeddable":true,"href":"https:\/\/agropic.it\/de\/wp-json\/wp\/v2\/product_cat?post=2970"},{"taxonomy":"product_tag","embeddable":true,"href":"https:\/\/agropic.it\/de\/wp-json\/wp\/v2\/product_tag?post=2970"}],"curies":[{"name":"wp","href":"https:\/\/api.w.org\/{rel}","templated":true}]}}