{"id":2962,"date":"2024-01-30T10:18:02","date_gmt":"2021-01-20T10:18:02","guid":{"rendered":"https:\/\/agropic.it\/prodotto\/schwarze-olivenpastete-200-g\/"},"modified":"2025-05-14T07:18:20","modified_gmt":"2025-05-14T07:18:20","slug":"schwarze-olivenpastete-200-g","status":"publish","type":"product","link":"https:\/\/agropic.it\/de\/produkt\/schwarze-olivenpastete-200-g\/","title":{"rendered":"Schwarze Olivenpastete 190g"},"content":{"rendered":"<h5>F\u00fcr die Herstellung der schwarze Olivenpastete von Agro Pic werden die besten 100 % kalabrischen Oliven ausgew\u00e4hlt, auf dem Land des Bauernhofs geerntet und nach der pr\u00e4zisen und alten Zubereitungsmethode verarbeitet. Intensiver und lebendiger Geschmack, ideal f\u00fcr rustikale Gerichte und Aperitifs, auch hervorragend als Brotaufstrich f\u00fcr leckere Snacks. Dar\u00fcber hinaus kann es auch als Twist und zum W\u00fcrzen von Gerichten verwendet werden.<\/h5>\n<p><strong>Format<\/strong>: 190g<\/p>\n<p><strong>Zutaten<\/strong>: Schwarze Oliven, Oliven\u00f6l, Sonnenblumen\u00f6l, Salz, Wei\u00dfweinessig, Fenchel, Orangensaft.<\/p>\n<p>Ohne Konservierungsstoffe und ohne Farbstoffe<\/p>\n<p>Oliven stellen eines der wichtigsten Lebensmittel der typischen mediterranen Ern\u00e4hrung dar und haben zahlreiche positive Eigenschaften, darunter:<\/p>\n<ul>\n<li>Sie senken den Spiegel des schlechten LDL-Cholesterins und erh\u00f6hen die Produktion des guten HDL-Cholesterins, da sie reich an einfach unges\u00e4ttigten Fetten sind und daher sehr wirksam zur Vorbeugung von Herz-Kreislauf-Erkrankungen wie Schlaganfall und Herzinfarkt sind.<\/li>\n<li>Reich an Vitaminen, insbesondere Vitamin E.<\/li>\n<li>Reich an Mineralsalzen wie Kalzium, Magnesium und Natrium.<\/li>\n<li>Sie haben eine starke antioxidative und entz\u00fcndungshemmende Wirkung.<\/li>\n<li>Sie haben einen guten Gehalt an Kupfer und Eisen. Diese Substanzen verbessern tats\u00e4chlich die Produktion roter Blutk\u00f6rperchen und verbessern somit die Durchblutung.<\/li>\n<li>Sie werden h\u00e4ufig zur Aufrechterhaltung einer guten k\u00f6rperlichen Verfassung, in der mediterranen Ern\u00e4hrung und zur Linderung von Verdauungsproblemen empfohlen.<\/li>\n<\/ul>\n<p><strong>Familienbetrieb und Auswahl der besten Rohstoffe<\/strong>, die auf den fruchtbaren B\u00f6den des Unternehmens angebaut und unter Ber\u00fccksichtigung der alten Tradition verarbeitet werden. Dies ist der Personalausweis von Agro Pic, einem Unternehmen, das auf die Herstellung von Marmeladen, S\u00e4ften, So\u00dfen und Gurken spezialisiert ist.<\/p>\n<p><strong>Das Hauptziel der Aktivit\u00e4t besteht darin, die Aromen und Fr\u00fcchte Kalabriens hervorzuheben, insbesondere die besonderen und meist weniger bekannten<\/strong>, wie Bergamotte, eine Frucht mit zahlreichen wohltuenden Eigenschaften, einzigartig und s\u00e4uerlich wie das gesamte kalabrische Gebiet.<\/p>\n<p>Natur, Tradition und hohe Qualit\u00e4t sind die Zutaten f\u00fcr den Erfolg von Agro Pic.<\/p>\n<p><strong>F\u00fcr weitere Informationen zu unseren Produkten z\u00f6gern Sie nicht, uns zu kontaktieren:<\/strong><\/p>\n<p>Zelle. 3495651669<\/p>\n<p>Tel. 0964 1955229<\/p>\n<p>info@agropic.it<\/p>\n","protected":false},"excerpt":{"rendered":"<p><strong>F\u00fcr die Herstellung der schwarzen Olivenpastete Agro Pic werden die besten 100 % kalabrischen Oliven ausgew\u00e4hlt, auf dem Land des Bauernhofs geerntet und nach der genauen und alten Zubereitungsart verarbeitet. Intensiver und lebendiger Geschmack, ideal f\u00fcr rustikale Gerichte und Aperitifs, hervorragend auch als Brotaufstrich f\u00fcr leckere Snacks. Dar\u00fcber hinaus kann es auch als Twist und zum W\u00fcrzen von Gerichten verwendet werden.<\/strong><\/p>\n<p><strong>Format<\/strong>: 190g<\/p>\n<p><strong>Zutaten<\/strong>: Schwarze Oliven, natives Oliven\u00f6l extra, Sonnenblumenkern\u00f6l, Salz, Wei\u00dfweinessig, Fenchel, Orangensaft.<\/p>\n<p>Ohne Konservierungsstoffe und ohne Farbstoffe<\/p>\n<p><strong>Kaufen Sie es jetzt und erhalten Sie es in 4-5 Tagen bei Ihnen zu Hause!<\/strong>&hellip; <a class=\"kt-excerpt-readmore more-link\" href=\"https:\/\/agropic.it\/de\/produkt\/schwarze-olivenpastete-200-g\/\" aria-label=\"Schwarze Olivenpastete 190g\">Read More<\/a><\/p>\n","protected":false},"featured_media":7155,"comment_status":"closed","ping_status":"closed","template":"","meta":{"kt_blocks_editor_width":"","_kad_blocks_custom_css":"","_kad_blocks_head_custom_js":"","_kad_blocks_body_custom_js":"","_kad_blocks_footer_custom_js":""},"product_brand":[],"product_cat":[248],"product_tag":[760,557],"class_list":{"0":"post-2962","1":"product","2":"type-product","3":"status-publish","4":"has-post-thumbnail","6":"product_cat-pasteten-und-brotaufstriche","7":"product_tag-pastete","8":"product_tag-pastete-von-oliven","10":"first","11":"instock","12":"shipping-taxable","13":"purchasable","14":"product-type-simple"},"taxonomy_info":{"product_cat":[{"value":248,"label":"Pasteten und Brotaufstriche"}],"product_tag":[{"value":760,"label":"Pastete"},{"value":557,"label":"Pastete von Oliven"}]},"featured_image_src_large":["https:\/\/agropic.it\/wp-content\/uploads\/2023\/03\/Pate-di-olive-nere-960x960.webp",960,960,true],"author_info":[],"comment_info":0,"_links":{"self":[{"href":"https:\/\/agropic.it\/de\/wp-json\/wp\/v2\/product\/2962","targetHints":{"allow":["GET"]}}],"collection":[{"href":"https:\/\/agropic.it\/de\/wp-json\/wp\/v2\/product"}],"about":[{"href":"https:\/\/agropic.it\/de\/wp-json\/wp\/v2\/types\/product"}],"replies":[{"embeddable":true,"href":"https:\/\/agropic.it\/de\/wp-json\/wp\/v2\/comments?post=2962"}],"wp:featuredmedia":[{"embeddable":true,"href":"https:\/\/agropic.it\/de\/wp-json\/wp\/v2\/media\/7155"}],"wp:attachment":[{"href":"https:\/\/agropic.it\/de\/wp-json\/wp\/v2\/media?parent=2962"}],"wp:term":[{"taxonomy":"product_brand","embeddable":true,"href":"https:\/\/agropic.it\/de\/wp-json\/wp\/v2\/product_brand?post=2962"},{"taxonomy":"product_cat","embeddable":true,"href":"https:\/\/agropic.it\/de\/wp-json\/wp\/v2\/product_cat?post=2962"},{"taxonomy":"product_tag","embeddable":true,"href":"https:\/\/agropic.it\/de\/wp-json\/wp\/v2\/product_tag?post=2962"}],"curies":[{"name":"wp","href":"https:\/\/api.w.org\/{rel}","templated":true}]}}