{"id":2946,"date":"2024-01-25T13:35:23","date_gmt":"2024-01-25T13:35:23","guid":{"rendered":"https:\/\/agropic.it\/prodotto\/bergamotte-creme-165-g\/"},"modified":"2025-07-10T08:21:50","modified_gmt":"2025-07-10T08:21:50","slug":"bergamotte-creme-165-g","status":"publish","type":"product","link":"https:\/\/agropic.it\/de\/produkt\/bergamotte-creme-165-g\/","title":{"rendered":"Bergamottecreme 200g"},"content":{"rendered":"<h5>Bergamottecreme<\/h5>\n<p><strong>Agro Pic Bergamottencreme ist ein handgemachter wei\u00dfer Schokoladenaufstrich mit kalabrischer Bergamotte. Ideal zum F\u00fcllen von Kuchen oder Cr\u00eapes oder als Brotaufstrich f\u00fcr leckere Fr\u00fchst\u00fccke und Snacks.<\/strong><\/p>\n<p><strong>Gr\u00f6\u00dfe<\/strong>: 200 g<\/p>\n<p><strong>Zutaten<\/strong>: Zucker, pflanzliche \u00d6le und Fette (Sonnenblumen), Magermilchpulver*, nat\u00fcrliches Bergamotte-Aroma aus Reggio Calabria, Emulgator: E322: Sojalecithin*. \/ Kann Spuren von Schalenfr\u00fcchten (Pistazien, Haseln\u00fcsse und Erdn\u00fcsse) enthalten.<\/p>\n<p><strong>Allergene<\/strong>: Produkte mit *<\/p>\n<p><strong>Aufbewahrung<\/strong>: K\u00fchl, trocken, licht- und w\u00e4rmegesch\u00fctzt lagern. F\u00fcr beste Ergebnisse bei 14\u201318 \u00b0C lagern. Nach dem \u00d6ffnen gek\u00fchlt aufbewahren und innerhalb weniger Tage verbrauchen.<\/p>\n<p><strong>Durchschnittliche N\u00e4hrwerte pro 100 g:<\/strong><\/p>\n<ul>\n<li>Brennwert 2358 kJ \/ 565 kcal<\/li>\n<li>Eiwei\u00df 6,5 g<\/li>\n<li>Kohlenhydrate 55,9 g<\/li>\n<li>davon Zucker 40 g<\/li>\n<li>Fett 35,1 g<\/li>\n<li>davon ges\u00e4ttigte Fetts\u00e4uren 9,9 g<\/li>\n<li>Salz 0,19 g<\/li>\n<\/ul>\n<p><strong>Bergamotte wird in der Region Ionisches Meer-Reggio Calabria angebaut; das Mikroklima dieser kleinen Region beg\u00fcnstigt den Anbau dieser Zitrusfrucht besonders. Sie gilt als Gesundheitsfrucht, da ihr neuere wissenschaftliche Studien zahlreiche positive Wirkungen zuschreiben.<\/strong><\/p>\n<p>Sie tr\u00e4gt zur Bek\u00e4mpfung von LDL-Cholesterin (schlechtem Cholesterin) bei und beugt so Herz-Kreislauf-Erkrankungen vor. Au\u00dferdem normalisiert sie Transaminasen, CPK und Blutzuckerwerte.<\/p>\n<p>Sie ist reich an Mineralien und Vitaminen, die Knochenerkrankungen vorbeugen und das Immunsystem st\u00e4rken k\u00f6nnen. Zudem enth\u00e4lt sie Antioxidantien, die die Alterung verlangsamen.<\/p>\n<p>Sie wirkt au\u00dferdem bei Verdauungsproblemen und gegen Mundgeruch.<\/p>\n<p><strong>Der familiengef\u00fchrte Betrieb w\u00e4hlt die besten Rohstoffe aus<\/strong>, die auf dem fruchtbaren Boden des Hofes angebaut und nach alter Tradition verarbeitet werden.<\/p>\n<p>Neben unserer Bergamottecreme bieten wir eine breite Produktpalette an, alle frisch und handwerklich hergestellt und mit unverwechselbarem Geschmack. Dazu geh\u00f6ren Fruchts\u00e4fte, saisonale Fruchtmarmeladen und -konfit\u00fcren, Tomatenmark, Cremes, Honig und \u00d6lkonserven.<\/p>\n<p><strong>Unser oberstes Ziel ist es, die Aromen und Fr\u00fcchte Kalabriens bekannt zu machen, insbesondere die besonderen und weniger bekannten<\/strong> wie die Bergamotte, eine Frucht mit vielen wohltuenden Eigenschaften, einzigartig und herb, wie ganz Kalabrien.<\/p>\n<p>Wir bringen hochwertige, authentische Produkte auf Ihren Tisch. Wir stammen aus einer sorgf\u00e4ltigen und kontrollierten Auswahl an Rohstoffen, die gr\u00f6\u00dftenteils direkt von uns angebaut und ohne den Einsatz von Chemikalien gewonnen werden.<\/p>\n<p>Natur, Tradition und hohe Qualit\u00e4t sind die Zutaten f\u00fcr den Erfolg von Agro Pic.<\/p>\n<p>Folgen Sie uns auf Instagram, um alle Neuigkeiten von Agro Pic zu erfahren.<\/p>\n<p>https:\/\/www.instagram.com\/agropic\/<\/p>\n<p><strong>F\u00fcr weitere Informationen zu unseren Produkten kontaktieren Sie uns bitte:<\/strong><\/p>\n<p>Mobil: +39 3495651669<\/p>\n<p>E-Mail: info@agropic.it<\/p>\n<p>Tel.: +39 0964 1955229<\/p>\n","protected":false},"excerpt":{"rendered":"<p>Agro Pic Bergamottencreme ist ein handgemachter wei\u00dfer Schokoladenaufstrich mit kalabrischer Bergamotte. Ideal zum F\u00fcllen von Desserts und Cr\u00eapes oder als Brotaufstrich f\u00fcr leckere Fr\u00fchst\u00fccke und Snacks.<\/p>\n<p><strong>Gr\u00f6\u00dfe<\/strong>: 200 g<\/p>\n<p>Lesen Sie die vollst\u00e4ndige Produktbeschreibung unten.<\/p>\n<p><strong>Jetzt kaufen und innerhalb von 4\u20135 Werktagen nach Hause geliefert bekommen.<\/strong>&hellip; <a class=\"kt-excerpt-readmore more-link\" href=\"https:\/\/agropic.it\/de\/produkt\/bergamotte-creme-165-g\/\" aria-label=\"Bergamottecreme 200g\">Read More<\/a><\/p>\n","protected":false},"featured_media":7000,"comment_status":"closed","ping_status":"closed","template":"","meta":{"kt_blocks_editor_width":"","_kad_blocks_custom_css":"","_kad_blocks_head_custom_js":"","_kad_blocks_body_custom_js":"","_kad_blocks_footer_custom_js":""},"product_brand":[],"product_cat":[248],"product_tag":[],"class_list":{"0":"post-2946","1":"product","2":"type-product","3":"status-publish","4":"has-post-thumbnail","6":"product_cat-pasteten-und-brotaufstriche","8":"first","9":"instock","10":"shipping-taxable","11":"purchasable","12":"product-type-simple"},"taxonomy_info":{"product_cat":[{"value":248,"label":"Pasteten und Brotaufstriche"}]},"featured_image_src_large":["https:\/\/agropic.it\/wp-content\/uploads\/2023\/03\/crema-al-bergamotto.webp",300,300,false],"author_info":[],"comment_info":0,"_links":{"self":[{"href":"https:\/\/agropic.it\/de\/wp-json\/wp\/v2\/product\/2946","targetHints":{"allow":["GET"]}}],"collection":[{"href":"https:\/\/agropic.it\/de\/wp-json\/wp\/v2\/product"}],"about":[{"href":"https:\/\/agropic.it\/de\/wp-json\/wp\/v2\/types\/product"}],"replies":[{"embeddable":true,"href":"https:\/\/agropic.it\/de\/wp-json\/wp\/v2\/comments?post=2946"}],"wp:featuredmedia":[{"embeddable":true,"href":"https:\/\/agropic.it\/de\/wp-json\/wp\/v2\/media\/7000"}],"wp:attachment":[{"href":"https:\/\/agropic.it\/de\/wp-json\/wp\/v2\/media?parent=2946"}],"wp:term":[{"taxonomy":"product_brand","embeddable":true,"href":"https:\/\/agropic.it\/de\/wp-json\/wp\/v2\/product_brand?post=2946"},{"taxonomy":"product_cat","embeddable":true,"href":"https:\/\/agropic.it\/de\/wp-json\/wp\/v2\/product_cat?post=2946"},{"taxonomy":"product_tag","embeddable":true,"href":"https:\/\/agropic.it\/de\/wp-json\/wp\/v2\/product_tag?post=2946"}],"curies":[{"name":"wp","href":"https:\/\/api.w.org\/{rel}","templated":true}]}}