{"id":13647,"date":"2017-06-11T10:39:28","date_gmt":"2017-06-11T10:39:28","guid":{"rendered":"https:\/\/agropic.it\/?post_type=product&#038;p=13647"},"modified":"2026-02-27T18:21:12","modified_gmt":"2026-02-27T18:21:12","slug":"extra-himbeermarmelade-220-g","status":"publish","type":"product","link":"https:\/\/agropic.it\/de\/produkt\/extra-himbeermarmelade-220-g\/","title":{"rendered":"Extra Himbeermarmelade 220 g"},"content":{"rendered":"<h2>Extra Himbeermarmelade 220 g<\/h2>\n<p>&nbsp;<\/p>\n<p>Exzellente Himbeermarmelade aus handverlesenen, lokal verarbeiteten kalabrischen Himbeeren.<\/p>\n<p>Ideal auf Toast zum Fr\u00fchst\u00fcck oder in fettarmem Joghurt als Snack.<\/p>\n<p>Zutaten: Himbeeren (70 %), Zucker, Verdickungsmittel: nat\u00fcrliches Pektin.<\/p>\n<p>Inhalt: 220 g<\/p>\n<p>Unsere Himbeermarmelade enth\u00e4lt keine Konservierungs- oder Farbstoffe.<\/p>\n<p>Aufbewahrungshinweise: K\u00fchl, trocken und vor Sonnenlicht und Hitze gesch\u00fctzt lagern. Nach dem \u00d6ffnen im K\u00fchlschrank aufbewahren und innerhalb weniger Tage verbrauchen.<\/p>\n<p>Diese s\u00fc\u00df-s\u00e4uerliche Frucht ist reich an Mineralstoffen (insbesondere Kalzium), Ballaststoffen und Vitaminen (insbesondere Vitamin C). Aufgrund ihrer hervorragenden gesundheitsf\u00f6rdernden Eigenschaften wird sie auch als entz\u00fcndungshemmendes und harntreibendes Mittel eingesetzt.<\/p>\n<p>Hier sind alle positiven Eigenschaften von Himbeeren:<\/p>\n<p>Reich an Antioxidantien: Sie helfen, freie Radikale zu bek\u00e4mpfen und die Zellen vor oxidativem Stress zu sch\u00fctzen.<\/p>\n<p>St\u00e4rkt das Immunsystem: Dank des enthaltenen Vitamin C st\u00e4rken sie die nat\u00fcrlichen Abwehrkr\u00e4fte des K\u00f6rpers.<br \/>\nEntz\u00fcndungshemmende Eigenschaften: Die Polyphenole in den Fr\u00fcchten tragen zur Reduzierung von Entz\u00fcndungen bei.<br \/>\nBallaststoffreich: Sie f\u00f6rdern die Verdauung und die Darmgesundheit und verbessern die Darmt\u00e4tigkeit.<br \/>\nKalorienarm: Ideal f\u00fcr alle, die ihr Gewicht halten oder reduzieren m\u00f6chten, ohne auf Genuss zu verzichten. Reich an Mineralstoffen: Sie enthalten Eisen, Kalzium, Magnesium und Kalium und tragen so zum allgemeinen Wohlbefinden bei.<br \/>\nReguliert den Blutzuckerspiegel: Dank ihres niedrigen glyk\u00e4mischen Index sind sie ideal f\u00fcr Diabetiker.<br \/>\nKrebshemmende Eigenschaften: Studien deuten darauf hin, dass Himbeeren dank ihrer sekund\u00e4ren Pflanzenstoffe vor bestimmten Krebsarten sch\u00fctzen k\u00f6nnen. Gut f\u00fcr die Haut: Vitamin C f\u00f6rdert die Kollagenproduktion und tr\u00e4gt zu einer gesunden Haut bei.<\/p>\n<p>N\u00e4hrwertangaben pro 100 g:<\/p>\n<p>Brennstoff: 156 kcal 652 kJ<br \/>\nEiwei\u00df: 0,9 g<br \/>\nFett: 0,3 g<br \/>\ndavon Fett: 0,1 g<br \/>\nKohlenhydrate: 38 g<br \/>\ndavon Zucker: 38 g<br \/>\nSalz: 0,1 g<\/p>\n<p>Agro Pic Extra Himbeermarmelade ist ein s\u00fc\u00dfer Genuss aus frischen Himbeeren, die zum optimalen Reifezeitpunkt geerntet werden. Ihre cremige Konsistenz und der intensive, fruchtige Geschmack machen diese Marmelade zu einem wahren Gaumenschmaus. Die perfekte Balance aus S\u00fc\u00dfe und der leichten S\u00e4ure der Himbeeren sorgt mit jedem Teel\u00f6ffel f\u00fcr ein einzigartiges Geschmackserlebnis.<\/p>\n<p>Ideal zum Verfeinern Ihres Fr\u00fchst\u00fccks, als Brotaufstrich auf Toast, Croissants oder Keksen oder zum Verfeinern von Joghurt, Desserts und selbstgebackenen Kuchen. Sie passt auch hervorragend zu frischem und gereiftem K\u00e4se und sorgt f\u00fcr einen raffinierten Geschmackskontrast.<\/p>\n<p>&nbsp;<\/p>\n<p>Lassen Sie sich diese authentische Delikatesse nicht entgehen! Sie bringt die ganze Frische und den vollen Geschmack kalabrischer Himbeeren auf Ihren Tisch. Jetzt kaufen und Ihren Rezepten eine nat\u00fcrliche S\u00fc\u00dfe verleihen!<\/p>\n<p>Familienbetrieb und sorgf\u00e4ltig ausgew\u00e4hlte Zutaten bester Qualit\u00e4t, angebaut auf dem fruchtbaren Boden des Hofes und verarbeitet nach alten Traditionen. Das ist das Markenzeichen von Agro Pic, einem Unternehmen, das sich auf die Herstellung von Marmeladen, S\u00e4ften, Saucen und eingelegtem Gem\u00fcse spezialisiert hat.<\/p>\n<p>Das Hauptziel des Unternehmens ist es, die Aromen und Fr\u00fcchte Kalabriens bekannt zu machen, insbesondere die besonderen und weniger bekannten Sorten wie die Bergamotte \u2013 eine Frucht mit vielen positiven Eigenschaften, einzigartig und herb wie die gesamte Region Kalabrien.<\/p>\n<p>Natur, Tradition und h\u00f6chste Qualit\u00e4t sind die Zutaten f\u00fcr den Erfolg von Agro Pic.<\/p>\n<p>Folgen Sie uns auf Instagram, um die neuesten Nachrichten von Agro Pic zu erhalten.<\/p>\n<p>https:\/\/www.instagram.com\/agropic\/<\/p>\n<p>F\u00fcr weitere Informationen zu unseren Produkten kontaktieren Sie uns bitte:<\/p>\n<p>Mobil: +39 349 5651669<\/p>\n<p>Telefon: +39 0964 1955229<\/p>\n<p>E-Mail: info@agropic.it<\/p>\n<p>&nbsp;<\/p>\n<p>Lassen Sie sich diese authentische Delikatesse nicht entgehen! Sie bringt die ganze Frische und den vollen Geschmack kalabrischer Himbeeren auf Ihren Tisch. Jetzt kaufen und Ihren Rezepten eine nat\u00fcrliche S\u00fc\u00dfe verleihen!<\/p>\n<p>Familienbetrieb und sorgf\u00e4ltig ausgew\u00e4hlte Zutaten bester Qualit\u00e4t, angebaut auf dem fruchtbaren Boden des Hofes und verarbeitet nach alten Traditionen. Das ist das Markenzeichen von Agro Pic, einem Unternehmen, das sich auf die Herstellung von Marmeladen, S\u00e4ften, Saucen und eingelegtem Gem\u00fcse spezialisiert hat.<\/p>\n<p>Das Hauptziel des Unternehmens ist es, die Aromen und Fr\u00fcchte Kalabriens bekannt zu machen, insbesondere die besonderen und weniger bekannten Sorten wie die Bergamotte \u2013 eine Frucht mit vielen positiven Eigenschaften, einzigartig und herb wie die gesamte Region Kalabrien.<\/p>\n<p>Natur, Tradition und h\u00f6chste Qualit\u00e4t sind die Zutaten f\u00fcr den Erfolg von Agro Pic.<\/p>\n<p>Folgen Sie uns auf Instagram, um die neuesten Nachrichten von Agro Pic zu erhalten.<\/p>\n<p>https:\/\/www.instagram.com\/agropic\/<\/p>\n<p>F\u00fcr weitere Informationen zu unseren Produkten kontaktieren Sie uns bitte:<\/p>\n<p>Mobil: +39 349 5651669<\/p>\n<p>Telefon: +39 0964 1955229<\/p>\n<p>E-Mail: info@agropic.it<\/p>\n","protected":false},"excerpt":{"rendered":"<p>extra<\/p>\n<p>Diese k\u00f6stliche Konfit\u00fcre wird aus handverlesenen kalabrischen Himbeeren hergestellt und regional verarbeitet.<\/p>\n<p>Ideal auf Toast zum Fr\u00fchst\u00fcck oder in fettarmem Joghurt als Snack.<\/p>\n<p>220 g<\/p>\n<p>Unsere Himbeer-Extra-Konfit\u00fcre ist frei von Konservierungs- und Farbstoffen.<\/p>\n<p>Lesen Sie die vollst\u00e4ndige Produktbeschreibung unten!&hellip; <a class=\"kt-excerpt-readmore more-link\" href=\"https:\/\/agropic.it\/de\/produkt\/extra-himbeermarmelade-220-g\/\" aria-label=\"Extra Himbeermarmelade 220 g\">Read More<\/a><\/p>\n","protected":false},"featured_media":11935,"comment_status":"closed","ping_status":"closed","template":"","meta":{"kt_blocks_editor_width":"","_kad_blocks_custom_css":"","_kad_blocks_head_custom_js":"","_kad_blocks_body_custom_js":"","_kad_blocks_footer_custom_js":""},"product_brand":[],"product_cat":[264],"product_tag":[],"class_list":{"0":"post-13647","1":"product","2":"type-product","3":"status-publish","4":"has-post-thumbnail","6":"product_cat-konfituren-und-marmeladen","8":"first","9":"instock","10":"shipping-taxable","11":"purchasable","12":"product-type-simple"},"taxonomy_info":{"product_cat":[{"value":264,"label":"Konfit\u00fcren und Marmeladen"}]},"featured_image_src_large":["https:\/\/agropic.it\/wp-content\/uploads\/2017\/06\/crema-di-lamponi-per-sito.webp",460,460,false],"author_info":[],"comment_info":0,"_links":{"self":[{"href":"https:\/\/agropic.it\/de\/wp-json\/wp\/v2\/product\/13647","targetHints":{"allow":["GET"]}}],"collection":[{"href":"https:\/\/agropic.it\/de\/wp-json\/wp\/v2\/product"}],"about":[{"href":"https:\/\/agropic.it\/de\/wp-json\/wp\/v2\/types\/product"}],"replies":[{"embeddable":true,"href":"https:\/\/agropic.it\/de\/wp-json\/wp\/v2\/comments?post=13647"}],"wp:featuredmedia":[{"embeddable":true,"href":"https:\/\/agropic.it\/de\/wp-json\/wp\/v2\/media\/11935"}],"wp:attachment":[{"href":"https:\/\/agropic.it\/de\/wp-json\/wp\/v2\/media?parent=13647"}],"wp:term":[{"taxonomy":"product_brand","embeddable":true,"href":"https:\/\/agropic.it\/de\/wp-json\/wp\/v2\/product_brand?post=13647"},{"taxonomy":"product_cat","embeddable":true,"href":"https:\/\/agropic.it\/de\/wp-json\/wp\/v2\/product_cat?post=13647"},{"taxonomy":"product_tag","embeddable":true,"href":"https:\/\/agropic.it\/de\/wp-json\/wp\/v2\/product_tag?post=13647"}],"curies":[{"name":"wp","href":"https:\/\/api.w.org\/{rel}","templated":true}]}}