{"id":13644,"date":"2018-04-25T09:27:47","date_gmt":"2018-04-25T09:27:47","guid":{"rendered":"https:\/\/agropic.it\/?post_type=product&#038;p=13644"},"modified":"2026-02-27T18:16:38","modified_gmt":"2026-02-27T18:16:38","slug":"100-clementinensaft-720-ml-1-flasche","status":"publish","type":"product","link":"https:\/\/agropic.it\/de\/produkt\/100-clementinensaft-720-ml-1-flasche\/","title":{"rendered":"100% Clementinensaft 720 ml (1 Flasche)"},"content":{"rendered":"<h2>100% Clementinensaft 720 ml (1 Flasche)<\/h2>\n<p>&nbsp;<\/p>\n<p>Ohne Zuckerzusatz und ohne Konservierungsstoffe<\/p>\n<p>Inhalt: 720 ml<\/p>\n<p>Dieser Saft wird ausschlie\u00dflich aus 100 % kalabrischen Clementinen hergestellt. Clementinensaft ist ein Elixier der Frische und S\u00fc\u00dfe. Gewonnen aus saftigen und duftenden Clementinen, bietet er einen einzigartigen Geschmack, dessen Zitrusnote die Sinne belebt. Das Getr\u00e4nk zeichnet sich durch ein harmonisches Gleichgewicht zwischen S\u00fc\u00dfe und leichter S\u00e4ure aus und bietet ein k\u00f6stliches und erfrischendes Geschmackserlebnis. Sie k\u00f6nnen ihn auch zum Fr\u00fchst\u00fcck genie\u00dfen.<\/p>\n<p>Etwaige R\u00fcckst\u00e4nde oder Ablagerungen beeintr\u00e4chtigen die Produktqualit\u00e4t nicht. Vor Gebrauch gut sch\u00fctteln.<\/p>\n<p>Aufbewahrungshinweise: Trocken, k\u00fchl, licht- und w\u00e4rmegesch\u00fctzt lagern. Nach dem \u00d6ffnen im K\u00fchlschrank aufbewahren und innerhalb weniger Tage verbrauchen.<\/p>\n<p>Clementinensaft:<\/p>\n<p>Reich an Vitamin C und st\u00e4rkt das Immunsystem.<\/p>\n<p>F\u00f6rdert die Kollagenproduktion f\u00fcr gesunde Haut.<\/p>\n<p>Reich an Antioxidantien und Mineralstoffen.<\/p>\n<p>Enth\u00e4lt Kalium, das zur Aufrechterhaltung eines gesunden Blutdrucks beitragen kann.<\/p>\n<p>Als Familienbetrieb w\u00e4hlen wir die besten Rohstoffe aus, die auf unseren fruchtbaren B\u00f6den wachsen und nach alten Traditionen verarbeitet werden.<\/p>\n<p>Neben Clementinensaft bieten wir eine breite Palette an Produkten an, die alle frisch und handwerklich hergestellt sind und unverwechselbare Aromen bieten. Dazu geh\u00f6ren Fruchts\u00e4fte, saisonale Fruchtaufstriche und -konfit\u00fcren, Tomatenp\u00fcrees, Cremes, Honig und in \u00d6l eingelegte Konfit\u00fcren.<\/p>\n<p>Unser Hauptziel ist es, die Aromen und Fr\u00fcchte Kalabriens bekannt zu machen, insbesondere die besonderen und weniger bekannten Sorten wie die Bergamotte \u2013 eine Frucht mit vielen positiven Eigenschaften, einzigartig und herb, genau wie die gesamte Region Kalabrien.<\/p>\n<p>Wir bringen Ihnen hochwertige, authentische Produkte auf den Tisch, die aus sorgf\u00e4ltig ausgew\u00e4hlten Rohstoffen stammen. Viele davon bauen wir direkt an und verarbeiten sie ohne den Einsatz von Chemikalien.<\/p>\n<p>Natur, Tradition und h\u00f6chste Qualit\u00e4t sind die Zutaten f\u00fcr den Erfolg von Agro Pic.<\/p>\n<p>Folgen Sie uns auf Instagram, um die neuesten Nachrichten von Agro Pic zu erhalten.<\/p>\n<p>https:\/\/www.instagram.com\/agropic\/<\/p>\n<p>Bei Fragen zu unseren Produkten kontaktieren Sie uns bitte:<\/p>\n<p>Mobil: +39 3495651669<\/p>\n<p>E-Mail: info@agropic.it<\/p>\n<p>Telefon: +39 0964 1955229<\/p>\n","protected":false},"excerpt":{"rendered":"<p>100 % nat\u00fcrlicher Clementinensaft<\/p>\n<p>Ohne Konservierungsstoffe und Zuckerzusatz.<\/p>\n<p>Inhalt: 720 ml<\/p>\n<p>Clementinensaft:<\/p>\n<p>Reich an Vitamin C und st\u00e4rkt das Immunsystem.<br \/>\nReich an Antioxidantien und f\u00f6rdert die Kollagenproduktion f\u00fcr gesunde Haut.<br \/>\nEnth\u00e4lt Kalium, das zur Aufrechterhaltung eines gesunden Blutdrucks beitragen kann.<\/p>\n<p>Ideal f\u00fcr ein gesundes und leckeres Fr\u00fchst\u00fcck.<\/p>\n<p>Lesen Sie die Beschreibung unten f\u00fcr weitere Informationen.<\/p>\n<p>Jetzt bestellen und in 4-5 Werktagen nach Hause geliefert bekommen.&hellip; <a class=\"kt-excerpt-readmore more-link\" href=\"https:\/\/agropic.it\/de\/produkt\/100-clementinensaft-720-ml-1-flasche\/\" aria-label=\"100% Clementinensaft 720 ml (1 Flasche)\">Read More<\/a><\/p>\n","protected":false},"featured_media":8493,"comment_status":"closed","ping_status":"closed","template":"","meta":{"kt_blocks_editor_width":"","_kad_blocks_custom_css":"","_kad_blocks_head_custom_js":"","_kad_blocks_body_custom_js":"","_kad_blocks_footer_custom_js":""},"product_brand":[],"product_cat":[1079],"product_tag":[],"class_list":{"0":"post-13644","1":"product","2":"type-product","3":"status-publish","4":"has-post-thumbnail","6":"product_cat-clementinensaft","8":"first","9":"instock","10":"shipping-taxable","11":"purchasable","12":"product-type-simple"},"taxonomy_info":{"product_cat":[{"value":1079,"label":"Clementinensaft"}]},"featured_image_src_large":["https:\/\/agropic.it\/wp-content\/uploads\/2024\/04\/DEF01276-Photoroom-960x960.webp",960,960,true],"author_info":[],"comment_info":0,"_links":{"self":[{"href":"https:\/\/agropic.it\/de\/wp-json\/wp\/v2\/product\/13644","targetHints":{"allow":["GET"]}}],"collection":[{"href":"https:\/\/agropic.it\/de\/wp-json\/wp\/v2\/product"}],"about":[{"href":"https:\/\/agropic.it\/de\/wp-json\/wp\/v2\/types\/product"}],"replies":[{"embeddable":true,"href":"https:\/\/agropic.it\/de\/wp-json\/wp\/v2\/comments?post=13644"}],"wp:featuredmedia":[{"embeddable":true,"href":"https:\/\/agropic.it\/de\/wp-json\/wp\/v2\/media\/8493"}],"wp:attachment":[{"href":"https:\/\/agropic.it\/de\/wp-json\/wp\/v2\/media?parent=13644"}],"wp:term":[{"taxonomy":"product_brand","embeddable":true,"href":"https:\/\/agropic.it\/de\/wp-json\/wp\/v2\/product_brand?post=13644"},{"taxonomy":"product_cat","embeddable":true,"href":"https:\/\/agropic.it\/de\/wp-json\/wp\/v2\/product_cat?post=13644"},{"taxonomy":"product_tag","embeddable":true,"href":"https:\/\/agropic.it\/de\/wp-json\/wp\/v2\/product_tag?post=13644"}],"curies":[{"name":"wp","href":"https:\/\/api.w.org\/{rel}","templated":true}]}}