{"id":13637,"date":"2024-01-26T14:39:13","date_gmt":"2024-01-26T14:39:13","guid":{"rendered":"https:\/\/agropic.it\/?post_type=product&#038;p=13637"},"modified":"2026-02-27T18:08:14","modified_gmt":"2026-02-27T18:08:14","slug":"zitronencreme-200-g","status":"publish","type":"product","link":"https:\/\/agropic.it\/de\/produkt\/zitronencreme-200-g\/","title":{"rendered":"Zitronencreme 200 g"},"content":{"rendered":"<h2 id=\"tw-target-text\" class=\"tw-data-text tw-text-large tw-ta\" dir=\"ltr\" tabindex=\"-1\" role=\"text\" data-placeholder=\"Traduzione\" data-ved=\"2ahUKEwjZt9ynlvqSAxXC8bsIHVu5H-EQ3ewLegQIBBAW\" aria-label=\"Testo tradotto: Zitronencreme 200 g\"><span class=\"Y2IQFc\" lang=\"de\">Zitronencr<\/span><span class=\"Y2IQFc\" lang=\"de\">eme 200 g<\/span><\/h2>\n<p>&nbsp;<\/p>\n<p>Agro Pic Zitronencreme ist eine handgemachte, streichf\u00e4hige Creme mit Zitronenaroma und wei\u00dfer Schokolade. Ideal zum F\u00fcllen von Kuchen oder Cr\u00eapes oder als Brotaufstrich f\u00fcr ein leckeres Fr\u00fchst\u00fcck oder einen Snack.<\/p>\n<p>Inhalt: 200 g<\/p>\n<p>Zutaten: Zucker, pflanzliche \u00d6le und Fette (Sonnenblumen\u00f6l), Magermilchpulver*, nat\u00fcrliches Zitronenaroma, Emulgator: E322: Sojalecithin*. \/ Kann Spuren von Schalenfr\u00fcchten (Pistazien, Haseln\u00fcsse und Erdn\u00fcsse) enthalten.<\/p>\n<p>Allergene: Produkte mit *<\/p>\n<p>Aufbewahrung: K\u00fchl, trocken, licht- und w\u00e4rmegesch\u00fctzt lagern. F\u00fcr optimale Ergebnisse bei 14\u201318 \u00b0C lagern. Nach dem \u00d6ffnen im K\u00fchlschrank aufbewahren und innerhalb weniger Tage verbrauchen.<\/p>\n<p>Durchschnittliche N\u00e4hrwerte pro 100 g:<\/p>\n<p>Brennstoff: 2358 kJ \/ 565 kcal<br \/>\nEiwei\u00df: 6,5 g<br \/>\nKohlenhydrate: 55,9 g<br \/>\ndavon Zucker: 40 g<br \/>\nFett: 35,1 g<br \/>\ndavon ges\u00e4ttigte Fetts\u00e4uren: 9,9 g<br \/>\nSalz: 0,19 g<\/p>\n<p>Als Familienbetrieb w\u00e4hlen wir die besten Rohstoffe aus, die auf unserem fruchtbaren Boden wachsen und nach alten Traditionen verarbeitet werden.<\/p>\n<p>Neben unserer Bergamotte-Creme bieten wir eine gro\u00dfe Auswahl an Produkten, die alle frisch und handwerklich hergestellt werden und einen unverwechselbaren Geschmack haben. Dazu geh\u00f6ren Fruchts\u00e4fte, saisonale Fruchtaufstriche und -marmeladen, Tomatenp\u00fcrees, Cremes, Honig und Konfit\u00fcren in \u00d6l.<\/p>\n<p>Unser Hauptziel ist es, die Aromen und Fr\u00fcchte Kalabriens bekannt zu machen, insbesondere die besonderen und weniger bekannten Sorten wie Bergamotte \u2013 eine Frucht mit vielen positiven Eigenschaften, einzigartig und herb wie die gesamte Region Kalabrien.<\/p>\n<p>Wir bringen Ihnen hochwertige, authentische Produkte direkt auf den Tisch. Unsere Rohstoffe werden sorgf\u00e4ltig und kontrolliert ausgew\u00e4hlt, viele davon bauen wir selbst an und verarbeiten sie ohne den Einsatz von Chemikalien.<\/p>\n<p>Natur, Tradition und h\u00f6chste Qualit\u00e4t sind die Erfolgsfaktoren von Agro Pic.<\/p>\n<p>Folgen Sie uns auf Instagram, um die neuesten Nachrichten von Agro Pic zu erhalten.<\/p>\n<p>https:\/\/www.instagram.com\/agropic\/<\/p>\n<p>F\u00fcr weitere Informationen zu unseren Produkten kontaktieren Sie uns bitte:<\/p>\n<p>Mobil: +39 3495651669<\/p>\n<p>E-Mail: info@agropic.it<\/p>\n<p>Telefon: +39 964 1955229<\/p>\n","protected":false},"excerpt":{"rendered":"<p>Agro Pic Zitronencreme ist eine handgemachte, streichf\u00e4hige Creme mit wei\u00dfem Schokoladen- und Zitronengeschmack. Ideal zum F\u00fcllen von Kuchen oder Cr\u00eapes oder als Brotaufstrich f\u00fcr ein leckeres Fr\u00fchst\u00fcck oder einen Snack.<\/p>\n<p>Inhalt: 200 g<\/p>\n<p>Zutaten: Zucker, pflanzliche \u00d6le und Fette (Sonnenblumen\u00f6l), Magermilchpulver*, nat\u00fcrliches Zitronenaroma, Emulgator: E322: Sojalecithin*. \/ Kann Spuren von N\u00fcssen (Pistazien, Haseln\u00fcsse und Erdn\u00fcsse) enthalten.<\/p>\n<p>Jetzt bestellen und in 4\u20135 Werktagen geliefert bekommen.&hellip; <a class=\"kt-excerpt-readmore more-link\" href=\"https:\/\/agropic.it\/de\/produkt\/zitronencreme-200-g\/\" aria-label=\"Zitronencreme 200 g\">Read More<\/a><\/p>\n","protected":false},"featured_media":11940,"comment_status":"closed","ping_status":"closed","template":"","meta":{"kt_blocks_editor_width":"","_kad_blocks_custom_css":"","_kad_blocks_head_custom_js":"","_kad_blocks_body_custom_js":"","_kad_blocks_footer_custom_js":""},"product_brand":[],"product_cat":[248],"product_tag":[],"class_list":{"0":"post-13637","1":"product","2":"type-product","3":"status-publish","4":"has-post-thumbnail","6":"product_cat-pasteten-und-brotaufstriche","8":"first","9":"instock","10":"shipping-taxable","11":"purchasable","12":"product-type-simple"},"taxonomy_info":{"product_cat":[{"value":248,"label":"Pasteten und Brotaufstriche"}]},"featured_image_src_large":["https:\/\/agropic.it\/wp-content\/uploads\/2017\/06\/crema-di-limone-per-il-sito-web.webp",460,460,false],"author_info":[],"comment_info":0,"_links":{"self":[{"href":"https:\/\/agropic.it\/de\/wp-json\/wp\/v2\/product\/13637","targetHints":{"allow":["GET"]}}],"collection":[{"href":"https:\/\/agropic.it\/de\/wp-json\/wp\/v2\/product"}],"about":[{"href":"https:\/\/agropic.it\/de\/wp-json\/wp\/v2\/types\/product"}],"replies":[{"embeddable":true,"href":"https:\/\/agropic.it\/de\/wp-json\/wp\/v2\/comments?post=13637"}],"wp:featuredmedia":[{"embeddable":true,"href":"https:\/\/agropic.it\/de\/wp-json\/wp\/v2\/media\/11940"}],"wp:attachment":[{"href":"https:\/\/agropic.it\/de\/wp-json\/wp\/v2\/media?parent=13637"}],"wp:term":[{"taxonomy":"product_brand","embeddable":true,"href":"https:\/\/agropic.it\/de\/wp-json\/wp\/v2\/product_brand?post=13637"},{"taxonomy":"product_cat","embeddable":true,"href":"https:\/\/agropic.it\/de\/wp-json\/wp\/v2\/product_cat?post=13637"},{"taxonomy":"product_tag","embeddable":true,"href":"https:\/\/agropic.it\/de\/wp-json\/wp\/v2\/product_tag?post=13637"}],"curies":[{"name":"wp","href":"https:\/\/api.w.org\/{rel}","templated":true}]}}